{"id":68328977,"date":"2025-06-08T21:03:52","date_gmt":"2025-06-08T19:03:52","guid":{"rendered":"https:\/\/kraftwerk-shop.cc\/?post_type=product&#038;p=68328977"},"modified":"2026-02-15T01:20:43","modified_gmt":"2026-02-15T00:20:43","slug":"klocki-hamulcowe-mopar-68504575ab","status":"publish","type":"product","link":"https:\/\/kraftwerk-shop.cc\/pl\/produkt\/mopar-bremsbelaege-68504575ab\/","title":{"rendered":"Klocki hamulcowe Mopar (68504575AB)"},"content":{"rendered":"<h1>Klocki hamulcowe Mopar (68504575AB) do Chrysler, 300C, Dodge, Challenger i Charger 3.6 i 5.7 (o\u015b przednia) od 2021 do 2023 r.<\/h1>\n<p>&nbsp;<\/p>\n<p><span lang=\"DE\"><strong>Numer cz\u0119\u015bci Mopar:<\/strong>\u00a068504575AB<br \/>\n<strong>Zast\u0105piony: <\/strong><\/span>68504575AA<\/p>\n<p>&nbsp;<\/p>\n<p><strong>Odpowiedni dla:<\/strong><\/p>\n<table width=\"1298\">\n<tbody>\n<tr>\n<td width=\"97\"><strong>Rok<\/strong><\/td>\n<td width=\"130\"><strong>Marka<\/strong><\/td>\n<td width=\"253\"><strong>Model<\/strong><\/td>\n<td width=\"482\"><strong>Wersja<\/strong><\/td>\n<td width=\"179\"><strong>Silnik<\/strong><\/td>\n<td width=\"157\"><strong>Wskaz\u00f3wka<\/strong><\/td>\n<\/tr>\n<tr>\n<td width=\"97\">2023<\/td>\n<td width=\"130\">Chrysler<\/td>\n<td width=\"253\">300<\/td>\n<td width=\"482\">S, Touring, Touring L<\/td>\n<td width=\"179\">3.6L, 5.7L<\/td>\n<td width=\"157\">\u015arednica 345 mm<\/td>\n<\/tr>\n<tr>\n<td width=\"97\">2023<\/td>\n<td width=\"130\">Dodge<\/td>\n<td width=\"253\">Challenger<\/td>\n<td width=\"482\">GT, R\/T, SXT<\/td>\n<td width=\"179\">3.6L, 5.7L<\/td>\n<td width=\"157\">\u015arednica 345 mm<\/td>\n<\/tr>\n<tr>\n<td width=\"97\">2023<\/td>\n<td width=\"130\">Dodge<\/td>\n<td width=\"253\">Charger<\/td>\n<td width=\"482\">GT, R\/T, SXT<\/td>\n<td width=\"179\">3.6L, 5.7L<\/td>\n<td width=\"157\">\u015arednica 345 mm<\/td>\n<\/tr>\n<tr>\n<td width=\"97\">2022<\/td>\n<td width=\"130\">Chrysler<\/td>\n<td width=\"253\">300<\/td>\n<td width=\"482\">S, Touring, Touring L<\/td>\n<td width=\"179\">3.6L, 5.7L<\/td>\n<td width=\"157\">\u015arednica 345 mm<\/td>\n<\/tr>\n<tr>\n<td width=\"97\">2022<\/td>\n<td width=\"130\">Dodge<\/td>\n<td width=\"253\">Challenger<\/td>\n<td width=\"482\">GT, R\/T, SXT<\/td>\n<td width=\"179\">3.6L, 5.7L<\/td>\n<td width=\"157\">\u015arednica 345 mm<\/td>\n<\/tr>\n<tr>\n<td width=\"97\">2022<\/td>\n<td width=\"130\">Dodge<\/td>\n<td width=\"253\">Charger<\/td>\n<td width=\"482\">GT, R\/T, SXT<\/td>\n<td width=\"179\">3.6L, 5.7L<\/td>\n<td width=\"157\">\u015arednica 345 mm<\/td>\n<\/tr>\n<tr>\n<td width=\"97\">2021<\/td>\n<td width=\"130\">Chrysler<\/td>\n<td width=\"253\">300<\/td>\n<td width=\"482\">S, Touring, Touring L<\/td>\n<td width=\"179\">3.6L, 5.7L<\/td>\n<td width=\"157\">\u015arednica 345 mm<\/td>\n<\/tr>\n<tr>\n<td width=\"97\">2021<\/td>\n<td width=\"130\">Dodge<\/td>\n<td width=\"253\">Challenger<\/td>\n<td width=\"482\">GT, R\/T, SXT<\/td>\n<td width=\"179\">3.6L, 5.7L<\/td>\n<td width=\"157\">\u015arednica 345 mm<\/td>\n<\/tr>\n<tr>\n<td width=\"97\">2021<\/td>\n<td width=\"130\">Dodge<\/td>\n<td width=\"253\">Charger<\/td>\n<td width=\"482\">GT, R\/T, SXT<\/td>\n<td width=\"179\">3.6L, 5.7L<\/td>\n<td width=\"157\">\u015arednica 345 mm<\/td>\n<\/tr>\n<\/tbody>\n<\/table>\n<p>&nbsp;<\/p>\n<p><strong>Uwaga:<\/strong><\/p>\n<p>Przed z\u0142o\u017ceniem zam\u00f3wienia nale\u017cy sprawdzi\u0107, czy z przodu pojazdu zamontowane s\u0105 tarcze hamulcowe o \u015brednicy 345 mm czy 320 mm.<br \/>\nDla orientacji mo\u017cna por\u00f3wna\u0107 rozmiar przedniej i tylnej tarczy hamulcowej.<br \/>\nTylne tarcze hamulcowe maj\u0105 zawsze \u015brednic\u0119 320 mm.<\/p>\n<p>&nbsp;<\/p>\n<p>&nbsp;<\/p>\n<h4>Dlaczego oryginalne cz\u0119\u015bci Mopar to najlepszy wyb\u00f3r<\/h4>\n<p><strong>Bezpo\u015brednio od producenta - idealnie dopasowane<\/strong>Jako oryginalny producent, Mopar dostarcza dok\u0142adnie te cz\u0119\u015bci, kt\u00f3re zosta\u0142y ju\u017c fabrycznie zamontowane w Twoim poje\u017adzie. Ka\u017cda cz\u0119\u015b\u0107 jest specjalnie opracowana dla danego modelu i odpowiada specyfikacji technicznej 100 % - dla idealnego dopasowania, optymalnej wydajno\u015bci i maksymalnego bezpiecze\u0144stwa.<\/p>\n<p><strong>Jako\u015b\u0107, kt\u00f3rej mo\u017cna zaufa\u0107:<\/strong> Mopar polega na rygorystycznie testowanych materia\u0142ach i najwy\u017cszych standardach produkcji. Rezultatem s\u0105 trwa\u0142e i niezawodne komponenty, kt\u00f3re sprawdzaj\u0105 si\u0119 nawet w ekstremalnych warunkach - dzi\u0119ki czemu pojazd dzia\u0142a tak, jak powinien przez d\u0142ugi czas.<\/p>\n<p>&nbsp;<\/p>","protected":false},"excerpt":{"rendered":"<p>Oryginalna cz\u0119\u015b\u0107 Mopar<br \/>\nNadaje si\u0119 do tarcz hamulcowych 345 mm<\/p>\n<p>2021\u20132023<\/p>","protected":false},"featured_media":68332308,"comment_status":"open","ping_status":"closed","template":"","meta":{"_acf_changed":false},"product_brand":[16270],"product_cat":[17719,17727,17703,17701,17743,17751],"product_tag":[87,572,88,52,91,17630,838,590,795,839,840,54,53,48,536,49,3853,3854,692,126,36,55,31,7221,842,841],"class_list":{"0":"post-68328977","1":"product","2":"type-product","3":"status-publish","4":"has-post-thumbnail","6":"product_brand-mopar","7":"product_cat-300c-36-bremsbelaege-vorne","8":"product_cat-300c-57-2011-2023-bremsbelaege-vorne","9":"product_cat-challenger-36-bremsbelaege-vorne","10":"product_cat-challenger-57-bremsbelaege-vorne","11":"product_cat-charger-36-bremsbelaege-vorne","12":"product_cat-charger-57-2011-2023-bremsbelaege-vorne","13":"product_tag-2-7","14":"product_tag-3-0-crd","15":"product_tag-3-5","16":"product_tag-300c","17":"product_tag-5-7","18":"product_tag-68504575ab","19":"product_tag-bremsbelag","20":"product_tag-bremsbelaege","21":"product_tag-bremse","22":"product_tag-bremsklotz","23":"product_tag-bremskloetze","24":"product_tag-challenger","25":"product_tag-charger","26":"product_tag-chrysler","27":"product_tag-chrysler-300c","28":"product_tag-dodge","29":"product_tag-dodge-challenger","30":"product_tag-dodge-charger","31":"product_tag-ersatzteil","32":"product_tag-hemi","33":"product_tag-kraftwerk","34":"product_tag-magnum","35":"product_tag-mopar","36":"product_tag-mopar10","37":"product_tag-vorderachse","38":"product_tag-vorne","40":"first","41":"instock","42":"taxable","43":"shipping-taxable","44":"purchasable","45":"product-type-simple"},"bundled_by":[],"bundle_stock_status":"instock","bundle_stock_quantity":1,"bundle_virtual":false,"bundle_layout":"","bundle_add_to_cart_form_location":"","bundle_editable_in_cart":false,"bundle_sold_individually_context":"","bundle_item_grouping":"","bundle_min_size":"","bundle_max_size":"","bundle_price":[],"bundled_items":[],"bundle_sell_ids":[],"exclude_global_add_ons":[],"addons":[],"acf":[],"_links":{"self":[{"href":"https:\/\/kraftwerk-shop.cc\/pl\/wp-json\/wp\/v2\/product\/68328977","targetHints":{"allow":["GET"]}}],"collection":[{"href":"https:\/\/kraftwerk-shop.cc\/pl\/wp-json\/wp\/v2\/product"}],"about":[{"href":"https:\/\/kraftwerk-shop.cc\/pl\/wp-json\/wp\/v2\/types\/product"}],"replies":[{"embeddable":true,"href":"https:\/\/kraftwerk-shop.cc\/pl\/wp-json\/wp\/v2\/comments?post=68328977"}],"version-history":[{"count":0,"href":"https:\/\/kraftwerk-shop.cc\/pl\/wp-json\/wp\/v2\/product\/68328977\/revisions"}],"wp:featuredmedia":[{"embeddable":true,"href":"https:\/\/kraftwerk-shop.cc\/pl\/wp-json\/wp\/v2\/media\/68332308"}],"wp:attachment":[{"href":"https:\/\/kraftwerk-shop.cc\/pl\/wp-json\/wp\/v2\/media?parent=68328977"}],"wp:term":[{"taxonomy":"product_brand","embeddable":true,"href":"https:\/\/kraftwerk-shop.cc\/pl\/wp-json\/wp\/v2\/product_brand?post=68328977"},{"taxonomy":"product_cat","embeddable":true,"href":"https:\/\/kraftwerk-shop.cc\/pl\/wp-json\/wp\/v2\/product_cat?post=68328977"},{"taxonomy":"product_tag","embeddable":true,"href":"https:\/\/kraftwerk-shop.cc\/pl\/wp-json\/wp\/v2\/product_tag?post=68328977"}],"curies":[{"name":"wp","href":"https:\/\/api.w.org\/{rel}","templated":true}]}}