{"id":68329116,"date":"2025-06-09T15:05:41","date_gmt":"2025-06-09T13:05:41","guid":{"rendered":"https:\/\/kraftwerk-shop.cc\/?post_type=product&#038;p=68329116"},"modified":"2026-02-15T01:20:48","modified_gmt":"2026-02-15T00:20:48","slug":"tarcza-hamulcowa-bproauto-1bp00032aa","status":"publish","type":"product","link":"https:\/\/kraftwerk-shop.cc\/pl\/produkt\/bproauto-bremsscheibe-1bp00032aa\/","title":{"rendered":"Tarcza hamulcowa bproauto (1BP00032AA)"},"content":{"rendered":"<h1>tarcza hamulcowa bproauto (<span class=\"d-block\">1BP00032AA<\/span>) dla Chrysler, 300C, Dodge, Challenger, Charger i Magnum 3.5, 3.6 i 5.7 (o\u015b przednia)<\/h1>\n<p>&nbsp;<\/p>\n<p><span lang=\"DE\"><strong>Numer cz\u0119\u015bci:<\/strong> 1BP00032AA<br \/>\n<strong>Liczby por\u00f3wnawcze Mopar: <\/strong>4779197AB, 4779197AD, 4779197AE, 4779197AF, 4779197AG, 5154118AA, 5154118AB, 5154118AC, 5154118AD, 68368065AA<\/span><\/p>\n<p>&nbsp;<\/p>\n<p><strong>Odpowiedni dla:<\/strong><\/p>\n<table width=\"1157\">\n<tbody>\n<tr>\n<td width=\"81\"><strong>Rok<\/strong><\/td>\n<td width=\"117\"><strong>Marka<\/strong><\/td>\n<td width=\"175\"><strong>Model<\/strong><\/td>\n<td width=\"410\"><strong>Wersja<\/strong><\/td>\n<td width=\"184\"><strong>Silnik<\/strong><\/td>\n<td width=\"190\"><strong>Wskaz\u00f3wka<\/strong><\/td>\n<\/tr>\n<tr>\n<td width=\"81\">2023<\/td>\n<td width=\"117\">Chrysler<\/td>\n<td width=\"175\">300<\/td>\n<td width=\"410\">S, Touring, Touring L<\/td>\n<td width=\"184\">3.6L, 5.7L<\/td>\n<td width=\"190\">\u015arednica 345 mm<\/td>\n<\/tr>\n<tr>\n<td width=\"81\">2023<\/td>\n<td width=\"117\">Dodge<\/td>\n<td width=\"175\">Challenger<\/td>\n<td width=\"410\">GT, R\/T, SXT<\/td>\n<td width=\"184\">3.6L, 5.7L<\/td>\n<td width=\"190\">\u015arednica 345 mm<\/td>\n<\/tr>\n<tr>\n<td width=\"81\">2023<\/td>\n<td width=\"117\">Dodge<\/td>\n<td width=\"175\">Charger<\/td>\n<td width=\"410\">GT, R\/T, SXT<\/td>\n<td width=\"184\">3.6L, 5.7L<\/td>\n<td width=\"190\">\u015arednica 345 mm<\/td>\n<\/tr>\n<tr>\n<td width=\"81\">2022<\/td>\n<td width=\"117\">Chrysler<\/td>\n<td width=\"175\">300<\/td>\n<td width=\"410\">S, Touring, Touring L<\/td>\n<td width=\"184\">3.6L, 5.7L<\/td>\n<td width=\"190\">\u015arednica 345 mm<\/td>\n<\/tr>\n<tr>\n<td width=\"81\">2022<\/td>\n<td width=\"117\">Dodge<\/td>\n<td width=\"175\">Challenger<\/td>\n<td width=\"410\">GT, R\/T, SXT<\/td>\n<td width=\"184\">3.6L, 5.7L<\/td>\n<td width=\"190\">\u015arednica 345 mm<\/td>\n<\/tr>\n<tr>\n<td width=\"81\">2022<\/td>\n<td width=\"117\">Dodge<\/td>\n<td width=\"175\">Charger<\/td>\n<td width=\"410\">GT, R\/T, SXT<\/td>\n<td width=\"184\">3.6L, 5.7L<\/td>\n<td width=\"190\">\u015arednica 345 mm<\/td>\n<\/tr>\n<tr>\n<td width=\"81\">2021<\/td>\n<td width=\"117\">Chrysler<\/td>\n<td width=\"175\">300<\/td>\n<td width=\"410\">S, Touring, Touring L<\/td>\n<td width=\"184\">3.6L, 5.7L<\/td>\n<td width=\"190\">\u015arednica 345 mm<\/td>\n<\/tr>\n<tr>\n<td width=\"81\">2021<\/td>\n<td width=\"117\">Dodge<\/td>\n<td width=\"175\">Challenger<\/td>\n<td width=\"410\">GT, R\/T, SXT<\/td>\n<td width=\"184\">3.6L, 5.7L<\/td>\n<td width=\"190\">\u015arednica 345 mm<\/td>\n<\/tr>\n<tr>\n<td width=\"81\">2021<\/td>\n<td width=\"117\">Dodge<\/td>\n<td width=\"175\">Charger<\/td>\n<td width=\"410\">GT, R\/T, SXT<\/td>\n<td width=\"184\">3.6L, 5.7L<\/td>\n<td width=\"190\">\u015arednica 345 mm<\/td>\n<\/tr>\n<tr>\n<td width=\"81\">2020<\/td>\n<td width=\"117\">Chrysler<\/td>\n<td width=\"175\">300<\/td>\n<td width=\"410\">C, Limited, S, Touring, Touring L<\/td>\n<td width=\"184\">3.6L, 5.7L<\/td>\n<td width=\"190\">\u015arednica 345 mm<\/td>\n<\/tr>\n<tr>\n<td width=\"81\">2020<\/td>\n<td width=\"117\">Dodge<\/td>\n<td width=\"175\">Challenger<\/td>\n<td width=\"410\">GT, R\/T, SXT<\/td>\n<td width=\"184\">3.6L, 5.7L<\/td>\n<td width=\"190\">\u015arednica 345 mm<\/td>\n<\/tr>\n<tr>\n<td width=\"81\">2020<\/td>\n<td width=\"117\">Dodge<\/td>\n<td width=\"175\">Charger<\/td>\n<td width=\"410\">GT, R\/T, SXT<\/td>\n<td width=\"184\">3.6L, 5.7L<\/td>\n<td width=\"190\">\u015arednica 345 mm<\/td>\n<\/tr>\n<tr>\n<td width=\"81\">2019<\/td>\n<td width=\"117\">Chrysler<\/td>\n<td width=\"175\">300<\/td>\n<td width=\"410\">C, Limited, S, Touring, Touring L<\/td>\n<td width=\"184\">3.6L, 5.7L<\/td>\n<td width=\"190\">\u015arednica 345 mm<\/td>\n<\/tr>\n<tr>\n<td width=\"81\">2019<\/td>\n<td width=\"117\">Dodge<\/td>\n<td width=\"175\">Challenger<\/td>\n<td width=\"410\">GT, R\/T, SXT<\/td>\n<td width=\"184\">3.6L, 5.7L<\/td>\n<td width=\"190\">\u015arednica 345 mm<\/td>\n<\/tr>\n<tr>\n<td width=\"81\">2019<\/td>\n<td width=\"117\">Dodge<\/td>\n<td width=\"175\">Charger<\/td>\n<td width=\"410\">GT, R\/T, SXT<\/td>\n<td width=\"184\">3.6L, 5.7L<\/td>\n<td width=\"190\">\u015arednica 345 mm<\/td>\n<\/tr>\n<tr>\n<td width=\"81\">2018<\/td>\n<td width=\"117\">Chrysler<\/td>\n<td width=\"175\">300<\/td>\n<td width=\"410\">C, Limited, S, Touring, Touring L<\/td>\n<td width=\"184\">3.6L, 5.7L<\/td>\n<td width=\"190\">\u015arednica 345 mm<\/td>\n<\/tr>\n<tr>\n<td width=\"81\">2018<\/td>\n<td width=\"117\">Dodge<\/td>\n<td width=\"175\">Challenger<\/td>\n<td width=\"410\">GT, R\/T, SXT, SXT Plus, T\/A<\/td>\n<td width=\"184\">3.6L, 5.7L<\/td>\n<td width=\"190\">\u015arednica 345 mm<\/td>\n<\/tr>\n<tr>\n<td width=\"81\">2018<\/td>\n<td width=\"117\">Dodge<\/td>\n<td width=\"175\">Charger<\/td>\n<td width=\"410\">Daytona, GT, GT Plus, R\/T, SXT<\/td>\n<td width=\"184\">3.6L, 5.7L<\/td>\n<td width=\"190\">\u015arednica 345 mm<\/td>\n<\/tr>\n<tr>\n<td width=\"81\">2017<\/td>\n<td width=\"117\">Chrysler<\/td>\n<td width=\"175\">300<\/td>\n<td width=\"410\">C, C Platinum, Limited, S<\/td>\n<td width=\"184\">3.6L, 5.7L<\/td>\n<td width=\"190\">\u015arednica 345 mm<\/td>\n<\/tr>\n<tr>\n<td width=\"81\">2017<\/td>\n<td width=\"117\">Dodge<\/td>\n<td width=\"175\">Challenger<\/td>\n<td width=\"410\">GT, R\/T, SXT, SXT Plus, T\/A<\/td>\n<td width=\"184\">3.6L, 5.7L<\/td>\n<td width=\"190\">\u015arednica 345 mm<\/td>\n<\/tr>\n<tr>\n<td width=\"81\">2017<\/td>\n<td width=\"117\">Dodge<\/td>\n<td width=\"175\">Charger<\/td>\n<td width=\"410\">Daytona, R\/T, SE, SXT<\/td>\n<td width=\"184\">5.7L<\/td>\n<td width=\"190\">\u015arednica 345 mm<\/td>\n<\/tr>\n<tr>\n<td width=\"81\">2016<\/td>\n<td width=\"117\">Chrysler<\/td>\n<td width=\"175\">300<\/td>\n<td width=\"410\">C, C Platinum, Limited, S<\/td>\n<td width=\"184\">3.6L, 5.7L<\/td>\n<td width=\"190\">\u015arednica 345 mm<\/td>\n<\/tr>\n<tr>\n<td width=\"81\">2016<\/td>\n<td width=\"117\">Dodge<\/td>\n<td width=\"175\">Challenger<\/td>\n<td width=\"410\">R\/T, R\/T Plus, R\/T Plus Shaker, R\/T Shaker, SXT, SXT Plus<\/td>\n<td width=\"184\">3.6L, 5.7L<\/td>\n<td width=\"190\">\u015arednica 345 mm<\/td>\n<\/tr>\n<tr>\n<td width=\"81\">2016<\/td>\n<td width=\"117\">Dodge<\/td>\n<td width=\"175\">Charger<\/td>\n<td width=\"410\">R\/T, R\/T Road &amp; Track, SE, SXT<\/td>\n<td width=\"184\">5.7L<\/td>\n<td width=\"190\">\u015arednica 345 mm<\/td>\n<\/tr>\n<tr>\n<td width=\"81\">2015<\/td>\n<td width=\"117\">Chrysler<\/td>\n<td width=\"175\">300<\/td>\n<td width=\"410\">C, C Platinum, Limited, S<\/td>\n<td width=\"184\">3.6L, 5.7L<\/td>\n<td width=\"190\">\u015arednica 345 mm<\/td>\n<\/tr>\n<tr>\n<td width=\"81\">2015<\/td>\n<td width=\"117\">Dodge<\/td>\n<td width=\"175\">Challenger<\/td>\n<td width=\"410\">R\/T, R\/T Plus, SXT, SXT Plus<\/td>\n<td width=\"184\">3.6L, 5.7L<\/td>\n<td width=\"190\">\u015arednica 345 mm<\/td>\n<\/tr>\n<tr>\n<td width=\"81\">2015<\/td>\n<td width=\"117\">Dodge<\/td>\n<td width=\"175\">Charger<\/td>\n<td width=\"410\">R\/T, R\/T Road &amp; Track, SE, SXT<\/td>\n<td width=\"184\">5.7L<\/td>\n<td width=\"190\">\u015arednica 345 mm<\/td>\n<\/tr>\n<tr>\n<td width=\"81\">2014<\/td>\n<td width=\"117\">Chrysler<\/td>\n<td width=\"175\">300<\/td>\n<td width=\"410\">Base, C, C Luxury, S<\/td>\n<td width=\"184\">3.6L, 5.7L<\/td>\n<td width=\"190\">\u015arednica 345 mm<\/td>\n<\/tr>\n<tr>\n<td width=\"81\">2014<\/td>\n<td width=\"117\">Dodge<\/td>\n<td width=\"175\">Challenger<\/td>\n<td width=\"410\">R\/T, Rallye Redline, SXT<\/td>\n<td width=\"184\">3.6L, 5.7L<\/td>\n<td width=\"190\">\u015arednica 345 mm<\/td>\n<\/tr>\n<tr>\n<td width=\"81\">2014<\/td>\n<td width=\"117\">Dodge<\/td>\n<td width=\"175\">Charger<\/td>\n<td width=\"410\">Pursuit, R\/T, SXT<\/td>\n<td width=\"184\">3.6L, 5.7L<\/td>\n<td width=\"190\">\u015arednica 345 mm<\/td>\n<\/tr>\n<tr>\n<td width=\"81\">2013<\/td>\n<td width=\"117\">Chrysler<\/td>\n<td width=\"175\">300<\/td>\n<td width=\"410\">Base, C, C Luxury, S<\/td>\n<td width=\"184\">3.6L, 5.7L<\/td>\n<td width=\"190\">\u015arednica 345 mm<\/td>\n<\/tr>\n<tr>\n<td width=\"81\">2013<\/td>\n<td width=\"117\">Dodge<\/td>\n<td width=\"175\">Challenger<\/td>\n<td width=\"410\">R\/T, SXT<\/td>\n<td width=\"184\">3.6L, 5.7L<\/td>\n<td width=\"190\">\u015arednica 345 mm<\/td>\n<\/tr>\n<tr>\n<td width=\"81\">2013<\/td>\n<td width=\"117\">Dodge<\/td>\n<td width=\"175\">Charger<\/td>\n<td width=\"410\">Pursuit, R\/T, SE, SXT<\/td>\n<td width=\"184\">3.6L, 5.7L<\/td>\n<td width=\"190\">\u015arednica 345 mm<\/td>\n<\/tr>\n<tr>\n<td width=\"81\">2012<\/td>\n<td width=\"117\">Chrysler<\/td>\n<td width=\"175\">300<\/td>\n<td width=\"410\">C, Limited, S<\/td>\n<td width=\"184\">3.6L, 5.7L<\/td>\n<td width=\"190\">\u015arednica 345 mm<\/td>\n<\/tr>\n<tr>\n<td width=\"81\">2012<\/td>\n<td width=\"117\">Dodge<\/td>\n<td width=\"175\">Challenger<\/td>\n<td width=\"410\">R\/T, R\/T Classic, SXT, SXT Plus<\/td>\n<td width=\"184\">3.6L, 5.7L<\/td>\n<td width=\"190\">\u015arednica 345 mm<\/td>\n<\/tr>\n<tr>\n<td width=\"81\">2012<\/td>\n<td width=\"117\">Dodge<\/td>\n<td width=\"175\">Charger<\/td>\n<td width=\"410\">Pursuit, R\/T, SE, SXT, SXT Plus<\/td>\n<td width=\"184\">3.6L, 5.7L<\/td>\n<td width=\"190\">\u015arednica 345 mm<\/td>\n<\/tr>\n<tr>\n<td width=\"81\">2011<\/td>\n<td width=\"117\">Chrysler<\/td>\n<td width=\"175\">300<\/td>\n<td width=\"410\">C<\/td>\n<td width=\"184\">5.7L<\/td>\n<td width=\"190\">\u015arednica 345 mm<\/td>\n<\/tr>\n<tr>\n<td width=\"81\">2011<\/td>\n<td width=\"117\">Dodge<\/td>\n<td width=\"175\">Challenger<\/td>\n<td width=\"410\">R\/T, SE<\/td>\n<td width=\"184\">5.7L<\/td>\n<td width=\"190\">\u015arednica 345 mm<\/td>\n<\/tr>\n<tr>\n<td width=\"81\">2011<\/td>\n<td width=\"117\">Dodge<\/td>\n<td width=\"175\">Charger<\/td>\n<td width=\"410\">Pursuit, R\/T, SE<\/td>\n<td width=\"184\">5.7L<\/td>\n<td width=\"190\">\u015arednica 345 mm<\/td>\n<\/tr>\n<tr>\n<td width=\"81\">2010<\/td>\n<td width=\"117\">Chrysler<\/td>\n<td width=\"175\">300<\/td>\n<td width=\"410\">C, Limited, S, Touring<\/td>\n<td width=\"184\">3.0 CRD, 3.5L, 5.7L<\/td>\n<td width=\"190\">\u015arednica 345 mm<\/td>\n<\/tr>\n<tr>\n<td width=\"81\">2010<\/td>\n<td width=\"117\">Dodge<\/td>\n<td width=\"175\">Challenger<\/td>\n<td width=\"410\">R\/T<\/td>\n<td width=\"184\">5.7L<\/td>\n<td width=\"190\">\u015arednica 345 mm<\/td>\n<\/tr>\n<tr>\n<td width=\"81\">2010<\/td>\n<td width=\"117\">Dodge<\/td>\n<td width=\"175\">Charger<\/td>\n<td width=\"410\">Pursuit, R\/T, SE, SXT<\/td>\n<td width=\"184\">3.5L, 5.7L<\/td>\n<td width=\"190\">\u015arednica 345 mm<\/td>\n<\/tr>\n<tr>\n<td width=\"81\">2009<\/td>\n<td width=\"117\">Chrysler<\/td>\n<td width=\"175\">300<\/td>\n<td width=\"410\">C, Limited, Signature Series, Touring<\/td>\n<td width=\"184\">3.0 CRD, 3.5L, 5.7L<\/td>\n<td width=\"190\">\u015arednica 345 mm<\/td>\n<\/tr>\n<tr>\n<td width=\"81\">2009<\/td>\n<td width=\"117\">Dodge<\/td>\n<td width=\"175\">Challenger<\/td>\n<td width=\"410\">R\/T<\/td>\n<td width=\"184\">5.7L<\/td>\n<td width=\"190\">\u015arednica 345 mm<\/td>\n<\/tr>\n<tr>\n<td width=\"81\">2009<\/td>\n<td width=\"117\">Dodge<\/td>\n<td width=\"175\">Charger<\/td>\n<td width=\"410\">Pursuit, R\/T, SE, SXT<\/td>\n<td width=\"184\">3.5L, 5.7L<\/td>\n<td width=\"190\">\u015arednica 345 mm<\/td>\n<\/tr>\n<tr>\n<td width=\"81\">2008<\/td>\n<td width=\"117\">Chrysler<\/td>\n<td width=\"175\">300<\/td>\n<td width=\"410\">C, Limited, Touring<\/td>\n<td width=\"184\">3.0 CRD, 3.5L, 5.7L<\/td>\n<td width=\"190\">\u015arednica 345 mm<\/td>\n<\/tr>\n<tr>\n<td width=\"81\">2008<\/td>\n<td width=\"117\">Dodge<\/td>\n<td width=\"175\">Charger<\/td>\n<td width=\"410\">Pursuit, R\/T, SE, SXT<\/td>\n<td width=\"184\">3.5L, 5.7L<\/td>\n<td width=\"190\">\u015arednica 345 mm<\/td>\n<\/tr>\n<tr>\n<td width=\"81\">2008<\/td>\n<td width=\"117\">Dodge<\/td>\n<td width=\"175\">Magnum<\/td>\n<td width=\"410\">R\/T, SE, SXT<\/td>\n<td width=\"184\">3.5L, 5.7L<\/td>\n<td width=\"190\">\u015arednica 345 mm<\/td>\n<\/tr>\n<tr>\n<td width=\"81\">2007<\/td>\n<td width=\"117\">Chrysler<\/td>\n<td width=\"175\">300<\/td>\n<td width=\"410\">C, Limited, Touring<\/td>\n<td width=\"184\">3.0 CRD, 3.5L, 5.7L<\/td>\n<td width=\"190\">\u015arednica 345 mm<\/td>\n<\/tr>\n<tr>\n<td width=\"81\">2007<\/td>\n<td width=\"117\">Dodge<\/td>\n<td width=\"175\">Charger<\/td>\n<td width=\"410\">Pursuit, R\/T, SE, SXT<\/td>\n<td width=\"184\">2.7L, 3.5L, 5.7L<\/td>\n<td width=\"190\">\u015arednica 345 mm<\/td>\n<\/tr>\n<tr>\n<td width=\"81\">2007<\/td>\n<td width=\"117\">Dodge<\/td>\n<td width=\"175\">Magnum<\/td>\n<td width=\"410\">R\/T, SE, SXT<\/td>\n<td width=\"184\">3.5L, 5.7L<\/td>\n<td width=\"190\">\u015arednica 345 mm<\/td>\n<\/tr>\n<tr>\n<td width=\"81\">2006<\/td>\n<td width=\"117\">Chrysler<\/td>\n<td width=\"175\">300<\/td>\n<td width=\"410\">C, Limited, Touring<\/td>\n<td width=\"184\">3.0 CRD, 3.5L, 5.7L<\/td>\n<td width=\"190\">\u015arednica 345 mm<\/td>\n<\/tr>\n<tr>\n<td width=\"81\">2006<\/td>\n<td width=\"117\">Dodge<\/td>\n<td width=\"175\">Charger<\/td>\n<td width=\"410\">Daytona R\/T, Pursuit, R\/T<\/td>\n<td width=\"184\">3.5L, 5.7L<\/td>\n<td width=\"190\">\u015arednica 345 mm<\/td>\n<\/tr>\n<tr>\n<td width=\"81\">2006<\/td>\n<td width=\"117\">Dodge<\/td>\n<td width=\"175\">Magnum<\/td>\n<td width=\"410\">R\/T, SXT<\/td>\n<td width=\"184\">3.5L, 5.7L<\/td>\n<td width=\"190\">\u015arednica 345 mm<\/td>\n<\/tr>\n<tr>\n<td width=\"81\">2005<\/td>\n<td width=\"117\">Chrysler<\/td>\n<td width=\"175\">300<\/td>\n<td width=\"410\">C, Limited, Touring<\/td>\n<td width=\"184\">3.0 CRD, 3.5L, 5.7L<\/td>\n<td width=\"190\">\u015arednica 345 mm<\/td>\n<\/tr>\n<tr>\n<td width=\"81\">2005<\/td>\n<td width=\"117\">Dodge<\/td>\n<td width=\"175\">Magnum<\/td>\n<td width=\"410\">R\/T, SXT, SXT Special Edition<\/td>\n<td width=\"184\">3.5L, 5.7L<\/td>\n<td width=\"190\">\u015arednica 345 mm<\/td>\n<\/tr>\n<\/tbody>\n<\/table>\n<p>&nbsp;<\/p>\n<p><strong>Uwaga:<\/strong><\/p>\n<p>Przed z\u0142o\u017ceniem zam\u00f3wienia nale\u017cy sprawdzi\u0107, czy z przodu pojazdu zamontowane s\u0105 tarcze hamulcowe o \u015brednicy 345 mm czy 320 mm.<br \/>\nDla orientacji mo\u017cna por\u00f3wna\u0107 rozmiar przedniej i tylnej tarczy hamulcowej.<br \/>\nTylne tarcze hamulcowe maj\u0105 zawsze \u015brednic\u0119 320 mm.<\/p>\n<p>&nbsp;<\/p>\n<p>&nbsp;<\/p>\n<h4>O bproauto<\/h4>\n<p>bproauto to marka cz\u0119\u015bci zamiennych Stellantis, kt\u00f3ra zosta\u0142a opracowana specjalnie w celu zapewnienia wysokiej jako\u015bci cz\u0119\u015bci zamiennych do pojazd\u00f3w marek Chrysler, Dodge, Jeep i RAM. Cel: zaoferowanie w\u0142a\u015bcicielom pojazd\u00f3w atrakcyjnej cenowo, niezawodnej i wysokiej jako\u015bci alternatywy dla oryginalnych cz\u0119\u015bci zamiennych - bez kompromis\u00f3w w zakresie jako\u015bci, dok\u0142adno\u015bci dopasowania i bezpiecze\u0144stwa.<br \/>\nJako\u015b\u0107 OEM dla rynku wt\u00f3rnego<\/p>\n<p>bproauto oferuje szerok\u0105 gam\u0119 cz\u0119\u015bci zamiennych, kt\u00f3re s\u0105 produkowane i dok\u0142adnie testowane zgodnie z rygorystycznymi standardami oryginalnego wyposa\u017cenia (O.E.). Produkty s\u0105 zaprojektowane tak, aby dok\u0142adnie odpowiada\u0142y specyfikacjom odpowiednich modeli pojazd\u00f3w - zar\u00f3wno pod wzgl\u0119dem wydajno\u015bci, jak i dopasowania.<\/p>","protected":false},"excerpt":{"rendered":"<p>Tarcza hamulcowa 345 mm<\/p>","protected":false},"featured_media":68329119,"comment_status":"open","ping_status":"closed","template":"","meta":{"_acf_changed":false},"product_brand":[16873],"product_cat":[17714,17717,17721,17725,17729,17707,17705,17699,17741,17745,17749,17753,17769,17773],"product_tag":[18200,18202,18203,18204,18205,18206,18207,18208,18209,17632,87,572,88,52,2055,2056,2057,2058,2059,17568,17569,91,2060,17570,17571,17572,17573,16871,795,796,54,53,48,536,49,3853,3854,692,942,2111,126,36,55,31,7221,842,841],"class_list":{"0":"post-68329116","1":"product","2":"type-product","3":"status-publish","4":"has-post-thumbnail","6":"product_brand-bproauto","7":"product_cat-300c-30-diesel-bremsscheiben-vorne","8":"product_cat-300c-35-bremsscheiben-vorne","9":"product_cat-300c-36-bremsscheiben-vorne","10":"product_cat-300c-57-2005-2010-bremsscheiben-vorne","11":"product_cat-300c-57-2011-2023-bremsscheiben-vorne","12":"product_cat-challenger-35-bremsscheiben-vorne","13":"product_cat-challenger-36-bremsscheiben-vorne","14":"product_cat-challenger-57-bremsscheiben-vorne","15":"product_cat-charger-35-bremsscheiben-vorne","16":"product_cat-charger-36-bremsscheiben-vorne","17":"product_cat-charger-57-bremsscheiben-vorne","18":"product_cat-charger-57-2011-2023-bremsscheiben-vorne","19":"product_cat-magnum-35-bremsscheiben-vorne","20":"product_cat-magnum-57-bremsscheiben-vorne","21":"product_tag-04779197ab","22":"product_tag-04779197ad","23":"product_tag-04779197ae","24":"product_tag-04779197af","25":"product_tag-04779197ag","26":"product_tag-05154118aa","27":"product_tag-05154118ab","28":"product_tag-05154118ac","29":"product_tag-05154118ad","30":"product_tag-1bp00032aa","31":"product_tag-2-7","32":"product_tag-3-0-crd","33":"product_tag-3-5","34":"product_tag-300c","35":"product_tag-4779197aa","36":"product_tag-4779197ab","37":"product_tag-4779197ac","38":"product_tag-4779197ad","39":"product_tag-4779197ae","40":"product_tag-4779197af","41":"product_tag-4779197ag","42":"product_tag-5-7","43":"product_tag-5154118aa","44":"product_tag-5154118ab","45":"product_tag-5154118ac","46":"product_tag-5154118ad","47":"product_tag-68368065aa","48":"product_tag-bproauto","49":"product_tag-bremse","50":"product_tag-bremsscheibe","51":"product_tag-challenger","52":"product_tag-charger","53":"product_tag-chrysler","54":"product_tag-chrysler-300c","55":"product_tag-dodge","56":"product_tag-dodge-challenger","57":"product_tag-dodge-charger","58":"product_tag-ersatzteil","59":"product_tag-gelocht","60":"product_tag-genutet","61":"product_tag-hemi","62":"product_tag-kraftwerk","63":"product_tag-magnum","64":"product_tag-mopar","65":"product_tag-mopar10","66":"product_tag-vorderachse","67":"product_tag-vorne","69":"first","70":"instock","71":"taxable","72":"shipping-taxable","73":"purchasable","74":"product-type-simple"},"bundled_by":[],"bundle_stock_status":"instock","bundle_stock_quantity":2,"bundle_virtual":false,"bundle_layout":"","bundle_add_to_cart_form_location":"","bundle_editable_in_cart":false,"bundle_sold_individually_context":"","bundle_item_grouping":"","bundle_min_size":"","bundle_max_size":"","bundle_price":[],"bundled_items":[],"bundle_sell_ids":[],"exclude_global_add_ons":[],"addons":[],"acf":[],"_links":{"self":[{"href":"https:\/\/kraftwerk-shop.cc\/pl\/wp-json\/wp\/v2\/product\/68329116","targetHints":{"allow":["GET"]}}],"collection":[{"href":"https:\/\/kraftwerk-shop.cc\/pl\/wp-json\/wp\/v2\/product"}],"about":[{"href":"https:\/\/kraftwerk-shop.cc\/pl\/wp-json\/wp\/v2\/types\/product"}],"replies":[{"embeddable":true,"href":"https:\/\/kraftwerk-shop.cc\/pl\/wp-json\/wp\/v2\/comments?post=68329116"}],"version-history":[{"count":0,"href":"https:\/\/kraftwerk-shop.cc\/pl\/wp-json\/wp\/v2\/product\/68329116\/revisions"}],"wp:featuredmedia":[{"embeddable":true,"href":"https:\/\/kraftwerk-shop.cc\/pl\/wp-json\/wp\/v2\/media\/68329119"}],"wp:attachment":[{"href":"https:\/\/kraftwerk-shop.cc\/pl\/wp-json\/wp\/v2\/media?parent=68329116"}],"wp:term":[{"taxonomy":"product_brand","embeddable":true,"href":"https:\/\/kraftwerk-shop.cc\/pl\/wp-json\/wp\/v2\/product_brand?post=68329116"},{"taxonomy":"product_cat","embeddable":true,"href":"https:\/\/kraftwerk-shop.cc\/pl\/wp-json\/wp\/v2\/product_cat?post=68329116"},{"taxonomy":"product_tag","embeddable":true,"href":"https:\/\/kraftwerk-shop.cc\/pl\/wp-json\/wp\/v2\/product_tag?post=68329116"}],"curies":[{"name":"wp","href":"https:\/\/api.w.org\/{rel}","templated":true}]}}