{"id":68332442,"date":"2025-06-14T18:05:14","date_gmt":"2025-06-14T16:05:14","guid":{"rendered":"https:\/\/kraftwerk-shop.cc\/?post_type=product&#038;p=68332442"},"modified":"2026-04-02T15:05:38","modified_gmt":"2026-04-02T13:05:38","slug":"pompa-wody-chlodzacej-mopar-68346915aa","status":"publish","type":"product","link":"https:\/\/kraftwerk-shop.cc\/pl\/produkt\/mopar-kuehlwasserpumpe-68346915aa\/","title":{"rendered":"Pompa wody ch\u0142odz\u0105cej Mopar 5.7 i 6.4 (68346915AA)"},"content":{"rendered":"<h1>Oryginalna pompa wody ch\u0142odz\u0105cej Mopar 68346915AA do modeli Chrysler, 300C, Dodge, Challenger, Charger, Durango i Grand Cherokee 5.7 i 6.4 bez ch\u0142odnicy oleju od 2011 do 2025 r.<\/h1>\n<p>&nbsp;<\/p>\n<p><span lang=\"DE\"><strong>Numer cz\u0119\u015bci Mopar:<\/strong>\u00a068346915AA<br \/>\n<strong>Zast\u0105piony: <\/strong>5038668AA, 5038668AB, 5038668AC, 5038668AD, 53022340AF, 53022340AH<\/span><\/p>\n<p>&nbsp;<\/p>\n<p><strong>Odpowiedni dla:<\/strong><\/p>\n<table width=\"950\">\n<tbody>\n<tr>\n<td width=\"81\"><strong>Rok<\/strong><\/td>\n<td width=\"81\"><strong>Marka<\/strong><\/td>\n<td width=\"125\"><strong>Model<\/strong><\/td>\n<td width=\"520\"><strong>Wersja<\/strong><\/td>\n<td width=\"143\"><strong>Silnik<\/strong><\/td>\n<\/tr>\n<tr>\n<td width=\"81\">2025<\/td>\n<td width=\"81\">Dodge<\/td>\n<td width=\"125\">Durango<\/td>\n<td width=\"520\">R\/T, R\/T Plus, R\/T Premium, us\u0142uga specjalna<\/td>\n<td width=\"143\">5.7L<\/td>\n<\/tr>\n<tr>\n<td width=\"81\">2024<\/td>\n<td width=\"81\">Dodge<\/td>\n<td width=\"125\">Durango<\/td>\n<td width=\"520\">Citadel, Pursuit, R\/T, R\/T Plus, R\/T Premium, Special Service<\/td>\n<td width=\"143\">5.7L<\/td>\n<\/tr>\n<tr>\n<td width=\"81\">2024<\/td>\n<td width=\"81\">Jeep<\/td>\n<td width=\"125\">Grand Cherokee L<\/td>\n<td width=\"520\">Overland, Summit, Summit Reserve<\/td>\n<td width=\"143\">5.7L<\/td>\n<\/tr>\n<tr>\n<td width=\"81\">2023<\/td>\n<td width=\"81\">Chrysler<\/td>\n<td width=\"125\">300<\/td>\n<td width=\"520\">S<\/td>\n<td width=\"143\">5.7L<\/td>\n<\/tr>\n<tr>\n<td width=\"81\">2023<\/td>\n<td width=\"81\">Dodge<\/td>\n<td width=\"125\">Challenger<\/td>\n<td width=\"520\">R\/T<\/td>\n<td width=\"143\">5.7L<\/td>\n<\/tr>\n<tr>\n<td width=\"81\">2023<\/td>\n<td width=\"81\">Dodge<\/td>\n<td width=\"125\">Charger<\/td>\n<td width=\"520\">Pursuit, R\/T<\/td>\n<td width=\"143\">5.7L<\/td>\n<\/tr>\n<tr>\n<td width=\"81\">2023<\/td>\n<td width=\"81\">Dodge<\/td>\n<td width=\"125\">Durango<\/td>\n<td width=\"520\">Citadel, R\/T, R\/T Hemi Orange, R\/T Plus, R\/T Premium<\/td>\n<td width=\"143\">5.7L<\/td>\n<\/tr>\n<tr>\n<td width=\"81\">2023<\/td>\n<td width=\"81\">Jeep<\/td>\n<td width=\"125\">Grand Cherokee<\/td>\n<td width=\"520\">Overland, Summit, Summit Reserve<\/td>\n<td width=\"143\">5.7L<\/td>\n<\/tr>\n<tr>\n<td width=\"81\">2023<\/td>\n<td width=\"81\">Jeep<\/td>\n<td width=\"125\">Grand Cherokee L<\/td>\n<td width=\"520\">Overland, Summit, Summit Reserve<\/td>\n<td width=\"143\">5.7L<\/td>\n<\/tr>\n<tr>\n<td width=\"81\">2022<\/td>\n<td width=\"81\">Chrysler<\/td>\n<td width=\"125\">300<\/td>\n<td width=\"520\">S<\/td>\n<td width=\"143\">5.7L<\/td>\n<\/tr>\n<tr>\n<td width=\"81\">2022<\/td>\n<td width=\"81\">Dodge<\/td>\n<td width=\"125\">Challenger<\/td>\n<td width=\"520\">R\/T<\/td>\n<td width=\"143\">5.7L<\/td>\n<\/tr>\n<tr>\n<td width=\"81\">2022<\/td>\n<td width=\"81\">Dodge<\/td>\n<td width=\"125\">Charger<\/td>\n<td width=\"520\">R\/T<\/td>\n<td width=\"143\">5.7L<\/td>\n<\/tr>\n<tr>\n<td width=\"81\">2022<\/td>\n<td width=\"81\">Dodge<\/td>\n<td width=\"125\">Durango<\/td>\n<td width=\"520\">Citadel, R\/T, R\/T Plus<\/td>\n<td width=\"143\">5.7L<\/td>\n<\/tr>\n<tr>\n<td width=\"81\">2022<\/td>\n<td width=\"81\">Jeep<\/td>\n<td width=\"125\">Grand Cherokee<\/td>\n<td width=\"520\">Overland, Summit, Summit Reserve, Trailhawk<\/td>\n<td width=\"143\">5.7L<\/td>\n<\/tr>\n<tr>\n<td width=\"81\">2022<\/td>\n<td width=\"81\">Jeep<\/td>\n<td width=\"125\">Grand Cherokee L<\/td>\n<td width=\"520\">Overland, Summit, Summit Reserve<\/td>\n<td width=\"143\">5.7L<\/td>\n<\/tr>\n<tr>\n<td width=\"81\">2021<\/td>\n<td width=\"81\">Chrysler<\/td>\n<td width=\"125\">300<\/td>\n<td width=\"520\">S<\/td>\n<td width=\"143\">5.7L<\/td>\n<\/tr>\n<tr>\n<td width=\"81\">2021<\/td>\n<td width=\"81\">Dodge<\/td>\n<td width=\"125\">Challenger<\/td>\n<td width=\"520\">R\/T<\/td>\n<td width=\"143\">5.7L<\/td>\n<\/tr>\n<tr>\n<td width=\"81\">2021<\/td>\n<td width=\"81\">Dodge<\/td>\n<td width=\"125\">Charger<\/td>\n<td width=\"520\">R\/T<\/td>\n<td width=\"143\">5.7L<\/td>\n<\/tr>\n<tr>\n<td width=\"81\">2021<\/td>\n<td width=\"81\">Dodge<\/td>\n<td width=\"125\">Durango<\/td>\n<td width=\"520\">Citadel, Pursuit, R\/T, Special Service<\/td>\n<td width=\"143\">5.7L<\/td>\n<\/tr>\n<tr>\n<td width=\"81\">2021<\/td>\n<td width=\"81\">Jeep<\/td>\n<td width=\"125\">Grand Cherokee<\/td>\n<td width=\"520\">Limited, Limited X, Overland, Summit, Trailhawk<\/td>\n<td width=\"143\">5.7L<\/td>\n<\/tr>\n<tr>\n<td width=\"81\">2021<\/td>\n<td width=\"81\">Jeep<\/td>\n<td width=\"125\">Grand Cherokee L<\/td>\n<td width=\"520\">Overland, Summit, Summit Reserve<\/td>\n<td width=\"143\">5.7L<\/td>\n<\/tr>\n<tr>\n<td width=\"81\">2020<\/td>\n<td width=\"81\">Chrysler<\/td>\n<td width=\"125\">300<\/td>\n<td width=\"520\">C, S<\/td>\n<td width=\"143\">5.7L<\/td>\n<\/tr>\n<tr>\n<td width=\"81\">2020<\/td>\n<td width=\"81\">Dodge<\/td>\n<td width=\"125\">Challenger<\/td>\n<td width=\"520\">R\/T<\/td>\n<td width=\"143\">5.7L<\/td>\n<\/tr>\n<tr>\n<td width=\"81\">2020<\/td>\n<td width=\"81\">Dodge<\/td>\n<td width=\"125\">Charger<\/td>\n<td width=\"520\">Pursuit, R\/T<\/td>\n<td width=\"143\">5.7L<\/td>\n<\/tr>\n<tr>\n<td width=\"81\">2020<\/td>\n<td width=\"81\">Dodge<\/td>\n<td width=\"125\">Durango<\/td>\n<td width=\"520\">Citadel, Pursuit, R\/T, Special Service<\/td>\n<td width=\"143\">5.7L<\/td>\n<\/tr>\n<tr>\n<td width=\"81\">2020<\/td>\n<td width=\"81\">Jeep<\/td>\n<td width=\"125\">Grand Cherokee<\/td>\n<td width=\"520\">High Altitude, Limited, Limited X, Overland, Summit, Trailhawk<\/td>\n<td width=\"143\">5.7L<\/td>\n<\/tr>\n<tr>\n<td width=\"81\">2019<\/td>\n<td width=\"81\">Chrysler<\/td>\n<td width=\"125\">300<\/td>\n<td width=\"520\">C, S<\/td>\n<td width=\"143\">5.7L<\/td>\n<\/tr>\n<tr>\n<td width=\"81\">2019<\/td>\n<td width=\"81\">Dodge<\/td>\n<td width=\"125\">Challenger<\/td>\n<td width=\"520\">R\/T<\/td>\n<td width=\"143\">5.7L<\/td>\n<\/tr>\n<tr>\n<td width=\"81\">2019<\/td>\n<td width=\"81\">Dodge<\/td>\n<td width=\"125\">Charger<\/td>\n<td width=\"520\">Pursuit, R\/T<\/td>\n<td width=\"143\">5.7L<\/td>\n<\/tr>\n<tr>\n<td width=\"81\">2019<\/td>\n<td width=\"81\">Dodge<\/td>\n<td width=\"125\">Durango<\/td>\n<td width=\"520\">Citadel, Pursuit, R\/T, Special Service<\/td>\n<td width=\"143\">5.7L<\/td>\n<\/tr>\n<tr>\n<td width=\"81\">2019<\/td>\n<td width=\"81\">Jeep<\/td>\n<td width=\"125\">Grand Cherokee<\/td>\n<td width=\"520\">High Altitude, Limited, Limited X, Overland, Summit, Trailhawk<\/td>\n<td width=\"143\">5.7L<\/td>\n<\/tr>\n<tr>\n<td width=\"81\">2018<\/td>\n<td width=\"81\">Chrysler<\/td>\n<td width=\"125\">300<\/td>\n<td width=\"520\">C, S<\/td>\n<td width=\"143\">5.7L<\/td>\n<\/tr>\n<tr>\n<td width=\"81\">2018<\/td>\n<td width=\"81\">Dodge<\/td>\n<td width=\"125\">Challenger<\/td>\n<td width=\"520\">R\/T, T\/A<\/td>\n<td width=\"143\">5.7L<\/td>\n<\/tr>\n<tr>\n<td width=\"81\">2018<\/td>\n<td width=\"81\">Dodge<\/td>\n<td width=\"125\">Charger<\/td>\n<td width=\"520\">Pursuit, R\/T<\/td>\n<td width=\"143\">5.7L<\/td>\n<\/tr>\n<tr>\n<td width=\"81\">2018<\/td>\n<td width=\"81\">Dodge<\/td>\n<td width=\"125\">Durango<\/td>\n<td width=\"520\">Citadel, GT, R\/T, SXT, Special Service<\/td>\n<td width=\"143\">5.7L<\/td>\n<\/tr>\n<tr>\n<td width=\"81\">2018<\/td>\n<td width=\"81\">Jeep<\/td>\n<td width=\"125\">Grand Cherokee<\/td>\n<td width=\"520\">High Altitude, Limited, Overland, Summit, Trailhawk<\/td>\n<td width=\"143\">5.7L<\/td>\n<\/tr>\n<tr>\n<td width=\"81\">2017<\/td>\n<td width=\"81\">Chrysler<\/td>\n<td width=\"125\">300<\/td>\n<td width=\"520\">C, C Platinum, S<\/td>\n<td width=\"143\">5.7L<\/td>\n<\/tr>\n<tr>\n<td width=\"81\">2017<\/td>\n<td width=\"81\">Dodge<\/td>\n<td width=\"125\">Challenger<\/td>\n<td width=\"520\">R\/T, T\/A<\/td>\n<td width=\"143\">5.7L<\/td>\n<\/tr>\n<tr>\n<td width=\"81\">2017<\/td>\n<td width=\"81\">Dodge<\/td>\n<td width=\"125\">Charger<\/td>\n<td width=\"520\">Pursuit, R\/T<\/td>\n<td width=\"143\">5.7L<\/td>\n<\/tr>\n<tr>\n<td width=\"81\">2017<\/td>\n<td width=\"81\">Dodge<\/td>\n<td width=\"125\">Durango<\/td>\n<td width=\"520\">Citadel, R\/T, Special Service<\/td>\n<td width=\"143\">5.7L<\/td>\n<\/tr>\n<tr>\n<td width=\"81\">2017<\/td>\n<td width=\"81\">Jeep<\/td>\n<td width=\"125\">Grand Cherokee<\/td>\n<td width=\"520\">Limited, Overland, Summit, Trailhawk<\/td>\n<td width=\"143\">5.7L<\/td>\n<\/tr>\n<tr>\n<td width=\"81\">2016<\/td>\n<td width=\"81\">Chrysler<\/td>\n<td width=\"125\">300<\/td>\n<td width=\"520\">C, C Platinum, S<\/td>\n<td width=\"143\">5.7L<\/td>\n<\/tr>\n<tr>\n<td width=\"81\">2016<\/td>\n<td width=\"81\">Dodge<\/td>\n<td width=\"125\">Challenger<\/td>\n<td width=\"520\">R\/T, R\/T Plus, R\/T Plus Shaker, R\/T Shaker<\/td>\n<td width=\"143\">5.7L<\/td>\n<\/tr>\n<tr>\n<td width=\"81\">2016<\/td>\n<td width=\"81\">Dodge<\/td>\n<td width=\"125\">Charger<\/td>\n<td width=\"520\">Pursuit, R\/T, R\/T Road &amp; Track<\/td>\n<td width=\"143\">5.7L<\/td>\n<\/tr>\n<tr>\n<td width=\"81\">2016<\/td>\n<td width=\"81\">Dodge<\/td>\n<td width=\"125\">Durango<\/td>\n<td width=\"520\">Citadel, R\/T, Special Service<\/td>\n<td width=\"143\">5.7L<\/td>\n<\/tr>\n<tr>\n<td width=\"81\">2016<\/td>\n<td width=\"81\">Jeep<\/td>\n<td width=\"125\">Grand Cherokee<\/td>\n<td width=\"520\">Limited, Overland, Summit<\/td>\n<td width=\"143\">5.7L<\/td>\n<\/tr>\n<tr>\n<td width=\"81\">2015<\/td>\n<td width=\"81\">Chrysler<\/td>\n<td width=\"125\">300<\/td>\n<td width=\"520\">C, C Platinum, S<\/td>\n<td width=\"143\">5.7L<\/td>\n<\/tr>\n<tr>\n<td width=\"81\">2015<\/td>\n<td width=\"81\">Dodge<\/td>\n<td width=\"125\">Challenger<\/td>\n<td width=\"520\">R\/T, R\/T Plus<\/td>\n<td width=\"143\">5.7L<\/td>\n<\/tr>\n<tr>\n<td width=\"81\">2015<\/td>\n<td width=\"81\">Dodge<\/td>\n<td width=\"125\">Charger<\/td>\n<td width=\"520\">Pursuit, R\/T, R\/T Road &amp; Track<\/td>\n<td width=\"143\">5.7L<\/td>\n<\/tr>\n<tr>\n<td width=\"81\">2015<\/td>\n<td width=\"81\">Dodge<\/td>\n<td width=\"125\">Durango<\/td>\n<td width=\"520\">Citadel, Limited, R\/T, Special Service<\/td>\n<td width=\"143\">5.7L<\/td>\n<\/tr>\n<tr>\n<td width=\"81\">2015<\/td>\n<td width=\"81\">Jeep<\/td>\n<td width=\"125\">Grand Cherokee<\/td>\n<td width=\"520\">Limited, Overland, Summit<\/td>\n<td width=\"143\">5.7L<\/td>\n<\/tr>\n<tr>\n<td width=\"81\">2014<\/td>\n<td width=\"81\">Chrysler<\/td>\n<td width=\"125\">300<\/td>\n<td width=\"520\">C, C Luxury, S, SRT8<\/td>\n<td width=\"143\">5.7L, 6.4L<\/td>\n<\/tr>\n<tr>\n<td width=\"81\">2014<\/td>\n<td width=\"81\">Dodge<\/td>\n<td width=\"125\">Challenger<\/td>\n<td width=\"520\">R\/T<\/td>\n<td width=\"143\">5.7L<\/td>\n<\/tr>\n<tr>\n<td width=\"81\">2014<\/td>\n<td width=\"81\">Dodge<\/td>\n<td width=\"125\">Charger<\/td>\n<td width=\"520\">Pursuit, R\/T, SRT8<\/td>\n<td width=\"143\">5.7L, 6.4L<\/td>\n<\/tr>\n<tr>\n<td width=\"81\">2014<\/td>\n<td width=\"81\">Dodge<\/td>\n<td width=\"125\">Durango<\/td>\n<td width=\"520\">Citadel, Limited, R\/T, Special Service<\/td>\n<td width=\"143\">5.7L<\/td>\n<\/tr>\n<tr>\n<td width=\"81\">2014<\/td>\n<td width=\"81\">Jeep<\/td>\n<td width=\"125\">Grand Cherokee<\/td>\n<td width=\"520\">Limited, Overland, Summit<\/td>\n<td width=\"143\">5.7L<\/td>\n<\/tr>\n<tr>\n<td width=\"81\">2013<\/td>\n<td width=\"81\">Chrysler<\/td>\n<td width=\"125\">300<\/td>\n<td width=\"520\">C, C Luxury, S, SRT8, SRT8 Core<\/td>\n<td width=\"143\">5.7L, 6.4L<\/td>\n<\/tr>\n<tr>\n<td width=\"81\">2013<\/td>\n<td width=\"81\">Dodge<\/td>\n<td width=\"125\">Challenger<\/td>\n<td width=\"520\">R\/T, SRT8<\/td>\n<td width=\"143\">5.7L, 6.4L<\/td>\n<\/tr>\n<tr>\n<td width=\"81\">2013<\/td>\n<td width=\"81\">Dodge<\/td>\n<td width=\"125\">Charger<\/td>\n<td width=\"520\">Pursuit, R\/T, SE, SRT8<\/td>\n<td width=\"143\">5.7L, 6.4L<\/td>\n<\/tr>\n<tr>\n<td width=\"81\">2013<\/td>\n<td width=\"81\">Dodge<\/td>\n<td width=\"125\">Durango<\/td>\n<td width=\"520\">Citadel, Crew, R\/T, Special Service<\/td>\n<td width=\"143\">5.7L<\/td>\n<\/tr>\n<tr>\n<td width=\"81\">2013<\/td>\n<td width=\"81\">Jeep<\/td>\n<td width=\"125\">Grand Cherokee<\/td>\n<td width=\"520\">Laredo, Limited, Overland<\/td>\n<td width=\"143\">5.7L<\/td>\n<\/tr>\n<tr>\n<td width=\"81\">2012<\/td>\n<td width=\"81\">Chrysler<\/td>\n<td width=\"125\">300<\/td>\n<td width=\"520\">C, C Luxury, S, SRT8<\/td>\n<td width=\"143\">5.7L, 6.4L<\/td>\n<\/tr>\n<tr>\n<td width=\"81\">2012<\/td>\n<td width=\"81\">Dodge<\/td>\n<td width=\"125\">Challenger<\/td>\n<td width=\"520\">R\/T, R\/T Classic, SRT8<\/td>\n<td width=\"143\">5.7L, 6.4L<\/td>\n<\/tr>\n<tr>\n<td width=\"81\">2012<\/td>\n<td width=\"81\">Dodge<\/td>\n<td width=\"125\">Charger<\/td>\n<td width=\"520\">Pursuit, R\/T, SE, SRT8<\/td>\n<td width=\"143\">5.7L, 6.4L<\/td>\n<\/tr>\n<tr>\n<td width=\"81\">2012<\/td>\n<td width=\"81\">Dodge<\/td>\n<td width=\"125\">Durango<\/td>\n<td width=\"520\">Citadel, Crew, R\/T, Special Service<\/td>\n<td width=\"143\">5.7L<\/td>\n<\/tr>\n<tr>\n<td width=\"81\">2012<\/td>\n<td width=\"81\">Jeep<\/td>\n<td width=\"125\">Grand Cherokee<\/td>\n<td width=\"520\">Laredo, Limited, Overland, Overland Summit, SRT8<\/td>\n<td width=\"143\">5.7L, 6.4L<\/td>\n<\/tr>\n<tr>\n<td width=\"81\">2011<\/td>\n<td width=\"81\">Chrysler<\/td>\n<td width=\"125\">300<\/td>\n<td width=\"520\">C<\/td>\n<td width=\"143\">5.7L<\/td>\n<\/tr>\n<tr>\n<td width=\"81\">2011<\/td>\n<td width=\"81\">Dodge<\/td>\n<td width=\"125\">Challenger<\/td>\n<td width=\"520\">R\/T, SRT8<\/td>\n<td width=\"143\">5.7L, 6.4L<\/td>\n<\/tr>\n<tr>\n<td width=\"81\">2011<\/td>\n<td width=\"81\">Dodge<\/td>\n<td width=\"125\">Charger<\/td>\n<td width=\"520\">Pursuit, R\/T, SE<\/td>\n<td width=\"143\">5.7L<\/td>\n<\/tr>\n<tr>\n<td width=\"81\">2011<\/td>\n<td width=\"81\">Dodge<\/td>\n<td width=\"125\">Durango<\/td>\n<td width=\"520\">Citadel, Crew, R\/T<\/td>\n<td width=\"143\">5.7L<\/td>\n<\/tr>\n<tr>\n<td width=\"81\">2011<\/td>\n<td width=\"81\">Jeep<\/td>\n<td width=\"125\">Grand Cherokee<\/td>\n<td width=\"520\">Laredo, Limited, Overland<\/td>\n<td width=\"143\">5.7L<\/td>\n<\/tr>\n<\/tbody>\n<\/table>\n<p>&nbsp;<\/p>\n<p>&nbsp;<\/p>\n<h4>Dlaczego warto wybra\u0107 oryginalne cz\u0119\u015bci zamienne Mopar?<\/h4>\n<p><strong>Idealne dopasowanie i najwy\u017csza jako\u015b\u0107:<\/strong> Oryginalne cz\u0119\u015bci zamienne Mopar s\u0105 produkowane zgodnie ze \u015bcis\u0142ymi specyfikacjami producenta, co oznacza, \u017ce idealnie pasuj\u0105 do Twojego pojazdu. Zapewnia to nie tylko \u0142atw\u0105 instalacj\u0119, ale tak\u017ce optymaln\u0105 funkcjonalno\u015b\u0107 i bezpiecze\u0144stwo.<\/p>\n<p><strong>Niezawodno\u015b\u0107 i trwa\u0142o\u015b\u0107:<\/strong> Dzi\u0119ki zastosowaniu wysokiej jako\u015bci materia\u0142\u00f3w i rygorystycznej kontroli jako\u015bci, cz\u0119\u015bci zamienne Mopar zapewniaj\u0105 niezawodne dzia\u0142anie pojazdu nawet w ekstremalnych warunkach. Zosta\u0142y zaprojektowane z my\u015bl\u0105 o trwa\u0142o\u015bci i maksymalizacji osi\u0105g\u00f3w pojazdu.<\/p>","protected":false},"excerpt":{"rendered":"<p>Oryginalna cz\u0119\u015b\u0107 Mopar<\/p>\n<p>2011\u20132025<\/p>","protected":false},"featured_media":68333988,"comment_status":"open","ping_status":"closed","template":"","meta":{"_acf_changed":false},"product_brand":[16270],"product_cat":[4981,2546,2530,2547,5160,2534,2533,2531,2541,2538],"product_tag":[18398,18399,18400,18401,18406,18833,52,91,5257,5258,5259,5260,5261,5262,5263,5264,5265,93,5266,5267,5256,48,49,3853,95,56,50,5255,31,7221,5254],"class_list":{"0":"post-68332442","1":"product","2":"type-product","3":"status-publish","4":"has-post-thumbnail","6":"product_brand-mopar","7":"product_cat-300c-57-2011-2023-kuehlung","8":"product_cat-300c-64-kuehlung","9":"product_cat-challenger-57-kuehlung","10":"product_cat-challenger-64-kuehlung","11":"product_cat-charger-57-2011-2023-kuehlung","12":"product_cat-charger-64-kuehlung","13":"product_cat-durango-57-kuehlung","14":"product_cat-durango-64-kuehlung","15":"product_cat-grand-cherokee-57-2011-2021-kuehlung","16":"product_cat-grand-cherokee-64-kuehlung","17":"product_tag-05038668aa","18":"product_tag-05038668ab","19":"product_tag-05038668ac","20":"product_tag-05038668ad","21":"product_tag-053022340af","22":"product_tag-053022340ah","23":"product_tag-300c","24":"product_tag-5-7","25":"product_tag-5038668aa","26":"product_tag-5038668ab","27":"product_tag-5038668ac","28":"product_tag-5038668ad","29":"product_tag-5038677aa","30":"product_tag-5038677ab","31":"product_tag-5038677ac","32":"product_tag-5038677ad","33":"product_tag-53022340af","34":"product_tag-6-4","35":"product_tag-68346915aa","36":"product_tag-68346916aa","37":"product_tag-challenger-charger","38":"product_tag-chrysler","39":"product_tag-dodge","40":"product_tag-dodge-challenger","41":"product_tag-durango","42":"product_tag-grand-cherokee","43":"product_tag-jeep","44":"product_tag-kuehlwasserpumpe","45":"product_tag-mopar","46":"product_tag-mopar10","47":"product_tag-wasserpumpe","48":"product_shipping_class-deutschlandohne","50":"first","51":"instock","52":"taxable","53":"shipping-taxable","54":"purchasable","55":"product-type-simple"},"bundled_by":[],"bundle_stock_status":"instock","bundle_stock_quantity":5,"bundle_virtual":false,"bundle_layout":"","bundle_add_to_cart_form_location":"","bundle_editable_in_cart":false,"bundle_sold_individually_context":"","bundle_item_grouping":"","bundle_min_size":"","bundle_max_size":"","bundle_price":[],"bundled_items":[],"bundle_sell_ids":[],"exclude_global_add_ons":[],"addons":[],"acf":[],"_links":{"self":[{"href":"https:\/\/kraftwerk-shop.cc\/pl\/wp-json\/wp\/v2\/product\/68332442","targetHints":{"allow":["GET"]}}],"collection":[{"href":"https:\/\/kraftwerk-shop.cc\/pl\/wp-json\/wp\/v2\/product"}],"about":[{"href":"https:\/\/kraftwerk-shop.cc\/pl\/wp-json\/wp\/v2\/types\/product"}],"replies":[{"embeddable":true,"href":"https:\/\/kraftwerk-shop.cc\/pl\/wp-json\/wp\/v2\/comments?post=68332442"}],"version-history":[{"count":0,"href":"https:\/\/kraftwerk-shop.cc\/pl\/wp-json\/wp\/v2\/product\/68332442\/revisions"}],"wp:featuredmedia":[{"embeddable":true,"href":"https:\/\/kraftwerk-shop.cc\/pl\/wp-json\/wp\/v2\/media\/68333988"}],"wp:attachment":[{"href":"https:\/\/kraftwerk-shop.cc\/pl\/wp-json\/wp\/v2\/media?parent=68332442"}],"wp:term":[{"taxonomy":"product_brand","embeddable":true,"href":"https:\/\/kraftwerk-shop.cc\/pl\/wp-json\/wp\/v2\/product_brand?post=68332442"},{"taxonomy":"product_cat","embeddable":true,"href":"https:\/\/kraftwerk-shop.cc\/pl\/wp-json\/wp\/v2\/product_cat?post=68332442"},{"taxonomy":"product_tag","embeddable":true,"href":"https:\/\/kraftwerk-shop.cc\/pl\/wp-json\/wp\/v2\/product_tag?post=68332442"}],"curies":[{"name":"wp","href":"https:\/\/api.w.org\/{rel}","templated":true}]}}