{"id":68332565,"date":"2025-06-15T23:31:34","date_gmt":"2025-06-15T21:31:34","guid":{"rendered":"https:\/\/kraftwerk-shop.cc\/?post_type=product&#038;p=68332565"},"modified":"2026-02-15T01:20:59","modified_gmt":"2026-02-15T00:20:59","slug":"zestaw-duzych-hamulcow-alcon-ram-trx","status":"publish","type":"product","link":"https:\/\/kraftwerk-shop.cc\/pl\/produkt\/alcon-big-brake-kit-ram-trx\/","title":{"rendered":"Zestaw du\u017cych hamulc\u00f3w Alcon RAM TRX"},"content":{"rendered":"<h1>Zestaw hamulcowy Alcon Big Brake Kit, opracowany specjalnie dla RAM 1500 TRX<\/h1>\n<h2>Modernizacja standardowych hamulc\u00f3w w celu zwi\u0119kszenia bezpiecze\u0144stwa, wydajno\u015bci i niezawodno\u015bci<\/h2>\n<p>&nbsp;<\/p>\n<p><strong>Dlaczego warto ulepszy\u0107 hamulce TRX?<\/strong><\/p>\n<p>Je\u015bli chcesz poprawi\u0107 skuteczno\u015b\u0107 hamowania swojego RAM TRX, Alcon ma w\u0142a\u015bnie co\u015b dla Ciebie dzi\u0119ki wysokowydajnemu ulepszeniu hamulc\u00f3w. RAM TRX to pot\u0119\u017cny pickup, kt\u00f3ry wymaga wysokiej skuteczno\u015bci hamowania, zw\u0142aszcza je\u015bli chcesz go u\u017cywa\u0107 do holowania przyczep lub przyg\u00f3d w terenie. Modernizacja hamulc\u00f3w Alcon zosta\u0142a zaprojektowana w celu zapewnienia lepszej skuteczno\u015bci hamowania i niezawodno\u015bci, dzi\u0119ki czemu mo\u017cna z \u0142atwo\u015bci\u0105 poradzi\u0107 sobie w ka\u017cdym terenie.<\/p>\n<p>Modernizacja hamulc\u00f3w Alcon obejmuje szereg komponent\u00f3w, takich jak zaciski hamulcowe, klocki hamulcowe i tarcze hamulcowe, kt\u00f3re zosta\u0142y specjalnie opracowane w celu poprawy wydajno\u015bci i trwa\u0142o\u015bci. Zaciski hamulcowe s\u0105 wykonane z wysokiej jako\u015bci materia\u0142\u00f3w i zosta\u0142y zaprojektowane tak, aby zapewni\u0107 maksymaln\u0105 si\u0142\u0119 zacisku i optymaln\u0105 skuteczno\u015b\u0107 hamowania. Tarcze hamulcowe s\u0105 r\u00f3wnie\u017c wykonane z wysokiej jako\u015bci materia\u0142\u00f3w, kt\u00f3re zapewniaj\u0105 lepsze odprowadzanie ciep\u0142a i zmniejszaj\u0105 zanikanie hamulc\u00f3w nawet w ekstremalnych warunkach.<\/p>\n<p>Klocki hamulcowe zawarte w aktualizacji hamulc\u00f3w Alcon s\u0105 r\u00f3wnie\u017c specjalnie zaprojektowane pod k\u0105tem sta\u0142ej wydajno\u015bci i doskona\u0142ej modulacji. Pozwala to precyzyjnie kontrolowa\u0107 hamulce i cieszy\u0107 si\u0119 wygodn\u0105 i bezpieczn\u0105 jazd\u0105. Ponadto tarcze hamulcowe zosta\u0142y zaprojektowane tak, aby zapewni\u0107 lepsze ch\u0142odzenie, co zmniejsza ryzyko zaniku hamulc\u00f3w i wyd\u0142u\u017ca \u017cywotno\u015b\u0107 uk\u0142adu hamulcowego.<\/p>\n<p>Modernizacja hamulc\u00f3w od Alcon zosta\u0142a zaprojektowana nie tylko z my\u015bl\u0105 o lepszej wydajno\u015bci, ale tak\u017ce o \u0142atwej instalacji. Zestaw hamulcowy zawiera wszystko, czego potrzebujesz, aby zmodernizowa\u0107 istniej\u0105cy uk\u0142ad hamulcowy. Dzi\u0119ki temu instalacja jest prosta i bezproblemowa.<\/p>\n<p>Modernizacja hamulc\u00f3w Alcon to doskona\u0142y wyb\u00f3r, je\u015bli chcesz poprawi\u0107 skuteczno\u015b\u0107 hamowania swojego RAM TRX. Dzi\u0119ki wysokiej jako\u015bci komponentom i \u0142atwej instalacji skorzystasz z lepszej skuteczno\u015bci hamowania i niezawodno\u015bci, dzi\u0119ki czemu mo\u017cesz pewnie stawi\u0107 czo\u0142a ka\u017cdej przygodzie. Dlaczego wi\u0119c czeka\u0107? Zmodernizuj swoje hamulce RAM TRX z Alcon ju\u017c dzi\u015b.<\/p>\n<p>Wyposa\u017cony w sze\u015bciot\u0142oczkowe zaciski hamulcowe HD z masywnymi tarczami o wymiarach 376 x 42 mm (14,8\u2033 x 1,65\u2033). Pasuje pod standardowe 18-calowe ko\u0142a i wiele k\u00f3\u0142 dost\u0119pnych na rynku wt\u00f3rnym.<\/p>\n<p>&nbsp;<\/p>\n<p><strong>Zalety w por\u00f3wnaniu ze standardowym uk\u0142adem hamulcowym:<\/strong><\/p>\n<ul>\n<li>Do 12% wi\u0119cej dost\u0119pnej masy termicznej<\/li>\n<li>Do 8 % ni\u017csza wydajno\u015b\u0107 klock\u00f3w hamulcowych<\/li>\n<li>Do 7% wy\u017cszy dost\u0119pny moment hamowania<\/li>\n<li>Obudowa zacisku hamulcowego wykonana z \u017celiwa sferoidalnego zapewnia maksymaln\u0105 wytrzyma\u0142o\u015b\u0107 i sztywno\u015b\u0107, a tak\u017ce wysok\u0105 odporno\u015b\u0107 na uderzenia i zm\u0119czenie materia\u0142u.<\/li>\n<li>Farba epoksydowo-akrylowa na wyko\u0144czeniu cynkowym dla maksymalnej ochrony przed korozj\u0105<\/li>\n<li>Klocki hamulcowe o wysokim wsp\u00f3\u0142czynniku tarcia zwi\u0119kszaj\u0105 skuteczno\u015b\u0107 hamowania<\/li>\n<li>Wi\u0119ksze tarcze zwi\u0119kszaj\u0105 moment hamowania i pojemno\u015b\u0107 ciepln\u0105 oraz zmniejszaj\u0105 potencjalne obci\u0105\u017cenie hamulc\u00f3w<\/li>\n<li>Powi\u0119kszona powierzchnia klock\u00f3w zmniejsza temperatur\u0119 i wyd\u0142u\u017ca \u017cywotno\u015b\u0107 klock\u00f3w<\/li>\n<\/ul>\n<p>&nbsp;<\/p>\n<p><strong>Cechy ulepszenia hamulca Alcon RAM TRX:<\/strong><\/p>\n<ul>\n<li>Ulepszenie hamulca Alcon RAM TRX oferuje kilka funkcji, kt\u00f3re sprawiaj\u0105, \u017ce jest to wyj\u0105tkowy wyb\u00f3r dla os\u00f3b poszukuj\u0105cych doskona\u0142ej skuteczno\u015bci hamowania:<\/li>\n<li>Rozpraszanie ciep\u0142a: Zestaw wykorzystuje tarcz\u0119 o wi\u0119kszej \u015brednicy i wi\u0119kszy zacisk hamulcowy, co poprawia rozpraszanie ciep\u0142a i umo\u017cliwia bardziej r\u00f3wnomierne hamowanie pod du\u017cym obci\u0105\u017ceniem.<\/li>\n<li>Zmniejszone zanikanie hamulc\u00f3w: wysokowydajne klocki hamulcowe i wi\u0119ksza powierzchnia tarcz sprawiaj\u0105, \u017ce hamulce nie zanikaj\u0105 tak szybko, co mo\u017ce prowadzi\u0107 do zmniejszenia skuteczno\u015bci hamulc\u00f3w i wi\u0119kszej podatno\u015bci na zu\u017cycie.<\/li>\n<li>Wysokiej jako\u015bci materia\u0142y: Elementy hamulca s\u0105 wykonane z wysokiej jako\u015bci materia\u0142\u00f3w, takich jak aluminium i stal nierdzewna, kt\u00f3re zapewniaj\u0105 d\u0142ug\u0105 \u017cywotno\u015b\u0107 i odporno\u015b\u0107 na korozj\u0119.<\/li>\n<li>Zaawansowana technologia: Hamulce zosta\u0142y opracowane przy u\u017cyciu zaawansowanego oprogramowania CAD i narz\u0119dzi symulacyjnych, aby zapewni\u0107 optymaln\u0105 wydajno\u015b\u0107 i bezpiecze\u0144stwo.<\/li>\n<li>\u0141atwa instalacja: Modernizacja hamulc\u00f3w Alcon RAM TRX zosta\u0142a zaprojektowana jako bezpo\u015bredni zamiennik hamulc\u00f3w fabrycznych, dzi\u0119ki czemu instalacja jest prosta i bezproblemowa.<\/li>\n<li>Og\u00f3lnie rzecz bior\u0105c, ulepszenie hamulc\u00f3w Alcon RAM TRX zapewnia wyj\u0105tkow\u0105 skuteczno\u015b\u0107 hamowania, mniejsze zanikanie hamulc\u00f3w i d\u0142ug\u0105 \u017cywotno\u015b\u0107, co czyni go doskona\u0142ym wyborem dla ka\u017cdego, kto chce ulepszy\u0107 uk\u0142ad hamulcowy w swoim TRX.<\/li>\n<\/ul>\n<p>&nbsp;<\/p>\n<p><strong>Zakres dostawy:<\/strong><\/p>\n<ul>\n<li>Lewy zacisk hamulca<\/li>\n<li>Prawy zacisk hamulca<\/li>\n<li>Klocki hamulcowe<\/li>\n<li>Lewa tarcza hamulcowa<\/li>\n<li>Prawa tarcza hamulcowa<\/li>\n<li>Zestaw wspornik\u00f3w<\/li>\n<\/ul>\n<p>&nbsp;<\/p>","protected":false},"excerpt":{"rendered":"<p>Alcon Big Brake Kit, speziell entwickelt f\u00fcr RAM\u202f1500\u202fTRX Upgrade der Serienbremsen f\u00fcr mehr Sicherheit, Performance und Zuverl\u00e4ssigkeit &nbsp; Warum ein<\/p>","protected":false},"featured_media":68332570,"comment_status":"open","ping_status":"closed","template":"","meta":{"_acf_changed":false},"product_brand":[20092],"product_cat":[4704],"product_tag":[17635,17637,17679,17652,17675,17661,17668,17665,17638,17639,17646,17670,17660,17656,17647,17642,17649,17674,17636,17653,590,795,591,7221,86,17654,4444,17676,17672,17680,17640,17663,17666,2353,17673,17657,17643,17650,17662,17669,17651,17664,17644,17677,17641,17667,17659,17658,17648,17645,17655,17678,17671,216],"class_list":{"0":"post-68332565","1":"product","2":"type-product","3":"status-publish","4":"has-post-thumbnail","6":"product_brand-alcon","7":"product_cat-trx-bremsen-vorne","8":"product_tag-alcon","9":"product_tag-alcon-big-brake","10":"product_tag-alcon-brake-kaufen","11":"product_tag-alcon-brake-kit","12":"product_tag-alcon-brake-ram","13":"product_tag-alcon-brake-system","14":"product_tag-alcon-brake-upgrade","15":"product_tag-alcon-brakes-trx","16":"product_tag-alcon-bremsanlage-trx","17":"product_tag-alcon-bremskit-trx","18":"product_tag-alcon-bremssystem-trx","19":"product_tag-alcon-bremsteile-trx","20":"product_tag-alcon-front-brake","21":"product_tag-alcon-ram-trx","22":"product_tag-alcon-trx-bremsen","23":"product_tag-alcon-trx-kaufen","24":"product_tag-alcon-trx-kit","25":"product_tag-alcon-trx-performance","26":"product_tag-big-brake-kit","27":"product_tag-big-brake-trx","28":"product_tag-bremsbelaege","29":"product_tag-bremse","30":"product_tag-bremsscheiben","31":"product_tag-mopar10","32":"product_tag-ram","33":"product_tag-ram-1500-trx-bremsen","34":"product_tag-ram-trx","35":"product_tag-ram-trx-alcon","36":"product_tag-ram-trx-big-brake","37":"product_tag-ram-trx-brake-kit","38":"product_tag-ram-trx-bremsen","39":"product_tag-ram-trx-bremspaket","40":"product_tag-ram-trx-zubehoer","41":"product_tag-trx","42":"product_tag-trx-alcon-bremsen","43":"product_tag-trx-alcon-kit","44":"product_tag-trx-big-brake","45":"product_tag-trx-brake-kit","46":"product_tag-trx-brake-package","47":"product_tag-trx-brake-parts","48":"product_tag-trx-brake-upgrade","49":"product_tag-trx-bremsanlage-alcon","50":"product_tag-trx-bremsanlage-kaufen","51":"product_tag-trx-bremsen-bestellen","52":"product_tag-trx-bremsen-kaufen","53":"product_tag-trx-bremsen-nachruesten","54":"product_tag-trx-bremsen-set","55":"product_tag-trx-bremsen-shop","56":"product_tag-trx-bremsen-upgrade","57":"product_tag-trx-bremskit-kaufen","58":"product_tag-trx-performance-bremsen","59":"product_tag-trx-sportbremsen-kaufen","60":"product_tag-trx-tuning-bremsen","61":"product_tag-upgrade","62":"product_shipping_class-spedition-1","64":"first","65":"onbackorder","66":"taxable","67":"shipping-taxable","68":"purchasable","69":"product-type-simple"},"bundled_by":[],"bundle_stock_status":"onbackorder","bundle_stock_quantity":0,"bundle_virtual":false,"bundle_layout":"","bundle_add_to_cart_form_location":"","bundle_editable_in_cart":false,"bundle_sold_individually_context":"","bundle_item_grouping":"","bundle_min_size":"","bundle_max_size":"","bundle_price":[],"bundled_items":[],"bundle_sell_ids":[],"exclude_global_add_ons":[],"addons":[],"acf":[],"_links":{"self":[{"href":"https:\/\/kraftwerk-shop.cc\/pl\/wp-json\/wp\/v2\/product\/68332565","targetHints":{"allow":["GET"]}}],"collection":[{"href":"https:\/\/kraftwerk-shop.cc\/pl\/wp-json\/wp\/v2\/product"}],"about":[{"href":"https:\/\/kraftwerk-shop.cc\/pl\/wp-json\/wp\/v2\/types\/product"}],"replies":[{"embeddable":true,"href":"https:\/\/kraftwerk-shop.cc\/pl\/wp-json\/wp\/v2\/comments?post=68332565"}],"version-history":[{"count":0,"href":"https:\/\/kraftwerk-shop.cc\/pl\/wp-json\/wp\/v2\/product\/68332565\/revisions"}],"wp:featuredmedia":[{"embeddable":true,"href":"https:\/\/kraftwerk-shop.cc\/pl\/wp-json\/wp\/v2\/media\/68332570"}],"wp:attachment":[{"href":"https:\/\/kraftwerk-shop.cc\/pl\/wp-json\/wp\/v2\/media?parent=68332565"}],"wp:term":[{"taxonomy":"product_brand","embeddable":true,"href":"https:\/\/kraftwerk-shop.cc\/pl\/wp-json\/wp\/v2\/product_brand?post=68332565"},{"taxonomy":"product_cat","embeddable":true,"href":"https:\/\/kraftwerk-shop.cc\/pl\/wp-json\/wp\/v2\/product_cat?post=68332565"},{"taxonomy":"product_tag","embeddable":true,"href":"https:\/\/kraftwerk-shop.cc\/pl\/wp-json\/wp\/v2\/product_tag?post=68332565"}],"curies":[{"name":"wp","href":"https:\/\/api.w.org\/{rel}","templated":true}]}}