{"id":68334045,"date":"2025-06-19T15:38:33","date_gmt":"2025-06-19T13:38:33","guid":{"rendered":"https:\/\/kraftwerk-shop.cc\/?post_type=product&#038;p=68334045"},"modified":"2026-02-15T01:20:58","modified_gmt":"2026-02-15T00:20:58","slug":"filtr-powietrza-mopar-77070010","status":"publish","type":"product","link":"https:\/\/kraftwerk-shop.cc\/pl\/produkt\/mopar-luftfilter-77070010\/","title":{"rendered":"Filtr powietrza Mopar (77070010)"},"content":{"rendered":"<h1>Oryginalny filtr powietrza Mopar (77070010) - Filtr zamienny do wlot\u00f3w zimnego powietrza Mopar 77060003AC, 77060006AB, 77060010AB, 77060011AB, 77070008, 77070032.<\/h1>\n<p>&nbsp;<\/p>\n<ul>\n<li>Wymienny filtr wlotu zimnego powietrza # 77060003AC, 77060006AB, 77060010AB, 77060011AB, 77070008, 77070032<\/li>\n<li>Zapewnia zwi\u0119kszon\u0105 ochron\u0119, poprawiaj\u0105c osi\u0105gi i oszcz\u0119dno\u015b\u0107 paliwa.<\/li>\n<li>Opracowany w celu zwi\u0119kszenia mocy, momentu obrotowego i przyspieszenia.<\/li>\n<li>Doskona\u0142a filtracja i niezawodna ochrona zapewniaj\u0105 d\u0142ug\u0105 \u017cywotno\u015b\u0107 silnika.<\/li>\n<\/ul>\n<p>&nbsp;<\/p>\n<p><span lang=\"DE\"><strong>Numer cz\u0119\u015bci Mopar:<\/strong> 77070010<br \/>\n<strong>Zast\u0105piony: <\/strong><span class=\"list-value\">\u2014<\/span><\/span><\/p>\n<p>&nbsp;<\/p>\n<p><strong>Odpowiedni dla:<\/strong><\/p>\n<table width=\"483\">\n<tbody>\n<tr>\n<td width=\"128\">Rok<\/td>\n<td width=\"137\">Marka<\/td>\n<td width=\"218\">Model<\/td>\n<\/tr>\n<tr>\n<td width=\"128\">2010<\/td>\n<td width=\"137\">Jeep<\/td>\n<td width=\"218\">Grand Cherokee WK<\/td>\n<\/tr>\n<tr>\n<td width=\"128\">2009<\/td>\n<td width=\"137\">Jeep<\/td>\n<td width=\"218\">Grand Cherokee WK<\/td>\n<\/tr>\n<tr>\n<td width=\"128\">2008<\/td>\n<td width=\"137\">Jeep<\/td>\n<td width=\"218\">Grand Cherokee WK<\/td>\n<\/tr>\n<tr>\n<td width=\"128\">2007<\/td>\n<td width=\"137\">Jeep<\/td>\n<td width=\"218\">Grand Cherokee WK<\/td>\n<\/tr>\n<tr>\n<td width=\"128\">2006<\/td>\n<td width=\"137\">Jeep<\/td>\n<td width=\"218\">Grand Cherokee WK<\/td>\n<\/tr>\n<tr>\n<td width=\"128\">2005<\/td>\n<td width=\"137\">Jeep<\/td>\n<td width=\"218\">Grand Cherokee WK<\/td>\n<\/tr>\n<tr>\n<td width=\"128\">2010<\/td>\n<td width=\"137\">Dodge<\/td>\n<td width=\"218\">Charger<\/td>\n<\/tr>\n<tr>\n<td width=\"128\">2009<\/td>\n<td width=\"137\">Dodge<\/td>\n<td width=\"218\">Charger<\/td>\n<\/tr>\n<tr>\n<td width=\"128\">2008<\/td>\n<td width=\"137\">Dodge<\/td>\n<td width=\"218\">Charger<\/td>\n<\/tr>\n<tr>\n<td width=\"128\">2007<\/td>\n<td width=\"137\">Dodge<\/td>\n<td width=\"218\">Charger<\/td>\n<\/tr>\n<tr>\n<td width=\"128\">2006<\/td>\n<td width=\"137\">Dodge<\/td>\n<td width=\"218\">Charger<\/td>\n<\/tr>\n<tr>\n<td width=\"128\">2016<\/td>\n<td width=\"137\">Dodge<\/td>\n<td width=\"218\">Challenger<\/td>\n<\/tr>\n<tr>\n<td width=\"128\">2015<\/td>\n<td width=\"137\">Dodge<\/td>\n<td width=\"218\">Challenger<\/td>\n<\/tr>\n<tr>\n<td width=\"128\">2014<\/td>\n<td width=\"137\">Dodge<\/td>\n<td width=\"218\">Challenger<\/td>\n<\/tr>\n<tr>\n<td width=\"128\">2013<\/td>\n<td width=\"137\">Dodge<\/td>\n<td width=\"218\">Challenger<\/td>\n<\/tr>\n<tr>\n<td width=\"128\">2012<\/td>\n<td width=\"137\">Dodge<\/td>\n<td width=\"218\">Challenger<\/td>\n<\/tr>\n<tr>\n<td width=\"128\">2011<\/td>\n<td width=\"137\">Dodge<\/td>\n<td width=\"218\">Challenger<\/td>\n<\/tr>\n<tr>\n<td width=\"128\">2010<\/td>\n<td width=\"137\">Dodge<\/td>\n<td width=\"218\">Challenger<\/td>\n<\/tr>\n<tr>\n<td width=\"128\">2009<\/td>\n<td width=\"137\">Dodge<\/td>\n<td width=\"218\">Challenger<\/td>\n<\/tr>\n<tr>\n<td width=\"128\">2008<\/td>\n<td width=\"137\">Dodge<\/td>\n<td width=\"218\">Challenger<\/td>\n<\/tr>\n<tr>\n<td width=\"128\">2010<\/td>\n<td width=\"137\">Chrysler<\/td>\n<td width=\"218\">300<\/td>\n<\/tr>\n<tr>\n<td width=\"128\">2009<\/td>\n<td width=\"137\">Chrysler<\/td>\n<td width=\"218\">300<\/td>\n<\/tr>\n<tr>\n<td width=\"128\">2008<\/td>\n<td width=\"137\">Chrysler<\/td>\n<td width=\"218\">300<\/td>\n<\/tr>\n<tr>\n<td width=\"128\">2007<\/td>\n<td width=\"137\">Chrysler<\/td>\n<td width=\"218\">300<\/td>\n<\/tr>\n<tr>\n<td width=\"128\">2006<\/td>\n<td width=\"137\">Chrysler<\/td>\n<td width=\"218\">300<\/td>\n<\/tr>\n<tr>\n<td width=\"128\">2005<\/td>\n<td width=\"137\">Chrysler<\/td>\n<td width=\"218\">300<\/td>\n<\/tr>\n<\/tbody>\n<\/table>\n<p>&nbsp;<\/p>\n<h4>Dlaczego warto wybra\u0107 oryginalne cz\u0119\u015bci zamienne Mopar?<\/h4>\n<p><strong>Idealne dopasowanie i najwy\u017csza jako\u015b\u0107:<\/strong> Oryginalne cz\u0119\u015bci zamienne Mopar s\u0105 produkowane zgodnie ze \u015bcis\u0142ymi specyfikacjami producenta, co oznacza, \u017ce idealnie pasuj\u0105 do Twojego pojazdu. Zapewnia to nie tylko \u0142atw\u0105 instalacj\u0119, ale tak\u017ce optymaln\u0105 funkcjonalno\u015b\u0107 i bezpiecze\u0144stwo.<\/p>\n<p><strong>Niezawodno\u015b\u0107 i trwa\u0142o\u015b\u0107:<\/strong> Dzi\u0119ki zastosowaniu wysokiej jako\u015bci materia\u0142\u00f3w i rygorystycznej kontroli jako\u015bci, cz\u0119\u015bci zamienne Mopar zapewniaj\u0105 niezawodne dzia\u0142anie pojazdu nawet w ekstremalnych warunkach. Zosta\u0142y zaprojektowane z my\u015bl\u0105 o trwa\u0142o\u015bci i maksymalizacji osi\u0105g\u00f3w pojazdu.<\/p>\n<p>&nbsp;<\/p>\n<p>&nbsp;<\/p>","protected":false},"excerpt":{"rendered":"<p>Oryginalna cz\u0119\u015b\u0107 Mopar<\/p>","protected":false},"featured_media":68334048,"comment_status":"open","ping_status":"closed","template":"","meta":{"_acf_changed":false},"product_brand":[16270],"product_cat":[10262,2728,2506,2507,2729,2501,2514,2512,2589,2502,2504,4798,2499],"product_tag":[17682,3853,31,8813,9424,16271,16273,16275,16272,16274,7221],"class_list":{"0":"post-68334045","1":"product","2":"type-product","3":"status-publish","4":"has-post-thumbnail","6":"product_brand-mopar","7":"product_cat-alle-produkte","8":"product_cat-300c-35-ansaugung","9":"product_cat-300c-57-2005-2010-ansaugung","10":"product_cat-300c-61-ansaugung","11":"product_cat-challenger-35-ansaugung","12":"product_cat-challenger-57-ansaugung","13":"product_cat-challenger-61-ansaugung","14":"product_cat-challenger-64-ansaugung","15":"product_cat-charger-35-ansaugung","16":"product_cat-charger-57-ansaugung","17":"product_cat-charger-61-ansaugung","18":"product_cat-grand-cherokee-57-2005-2010-ansaugung","19":"product_cat-grand-cherokee-61-ansaugung","20":"product_tag-17682","21":"product_tag-dodge-challenger","22":"product_tag-mopar","23":"product_tag-mopar-autoteile","24":"product_tag-mopar-ersatzteile","25":"product_tag-mopar-ersatzteile-kaufen","26":"product_tag-mopar-performance-teile","27":"product_tag-mopar-teile-katalog","28":"product_tag-mopar-teile-online","29":"product_tag-mopar-tuningteile","30":"product_tag-mopar10","31":"product_shipping_class-deutschlandohne","33":"first","34":"instock","35":"taxable","36":"shipping-taxable","37":"purchasable","38":"product-type-simple"},"bundled_by":[],"bundle_stock_status":"instock","bundle_stock_quantity":3,"bundle_virtual":false,"bundle_layout":"","bundle_add_to_cart_form_location":"","bundle_editable_in_cart":false,"bundle_sold_individually_context":"","bundle_item_grouping":"","bundle_min_size":"","bundle_max_size":"","bundle_price":[],"bundled_items":[],"bundle_sell_ids":[],"exclude_global_add_ons":[],"addons":[],"acf":[],"_links":{"self":[{"href":"https:\/\/kraftwerk-shop.cc\/pl\/wp-json\/wp\/v2\/product\/68334045","targetHints":{"allow":["GET"]}}],"collection":[{"href":"https:\/\/kraftwerk-shop.cc\/pl\/wp-json\/wp\/v2\/product"}],"about":[{"href":"https:\/\/kraftwerk-shop.cc\/pl\/wp-json\/wp\/v2\/types\/product"}],"replies":[{"embeddable":true,"href":"https:\/\/kraftwerk-shop.cc\/pl\/wp-json\/wp\/v2\/comments?post=68334045"}],"version-history":[{"count":0,"href":"https:\/\/kraftwerk-shop.cc\/pl\/wp-json\/wp\/v2\/product\/68334045\/revisions"}],"wp:featuredmedia":[{"embeddable":true,"href":"https:\/\/kraftwerk-shop.cc\/pl\/wp-json\/wp\/v2\/media\/68334048"}],"wp:attachment":[{"href":"https:\/\/kraftwerk-shop.cc\/pl\/wp-json\/wp\/v2\/media?parent=68334045"}],"wp:term":[{"taxonomy":"product_brand","embeddable":true,"href":"https:\/\/kraftwerk-shop.cc\/pl\/wp-json\/wp\/v2\/product_brand?post=68334045"},{"taxonomy":"product_cat","embeddable":true,"href":"https:\/\/kraftwerk-shop.cc\/pl\/wp-json\/wp\/v2\/product_cat?post=68334045"},{"taxonomy":"product_tag","embeddable":true,"href":"https:\/\/kraftwerk-shop.cc\/pl\/wp-json\/wp\/v2\/product_tag?post=68334045"}],"curies":[{"name":"wp","href":"https:\/\/api.w.org\/{rel}","templated":true}]}}