{"id":68334308,"date":"2025-06-22T13:56:34","date_gmt":"2025-06-22T11:56:34","guid":{"rendered":"https:\/\/kraftwerk-shop.cc\/?post_type=product&#038;p=68334308"},"modified":"2026-02-15T01:21:18","modified_gmt":"2026-02-15T00:21:18","slug":"klocki-hamulcowe-hawk-hb563z-656-challenger-srt8","status":"publish","type":"product","link":"https:\/\/kraftwerk-shop.cc\/pl\/produkt\/hawk-bremsbelaege-hb563z-656-challenger-srt8\/","title":{"rendered":"Hawk Performance Ceramiczne klocki hamulcowe Challenger 6.1 i 6.4"},"content":{"rendered":"<h1>Wysokowydajne ceramiczne klocki hamulcowe Hawk Performance <span class=\"sku\">HB563Z.656<\/span> dla Dodge Challenger 6.1 i 6.4 (o\u015b przednia)<\/h1>\n<p>&nbsp;<\/p>\n<p>Hawk zdaje sobie spraw\u0119 z potrzeb wsp\u00f3\u0142czesnych u\u017cytkownik\u00f3w ceramicznych klock\u00f3w hamulcowych i specjalnie opracowa\u0142 sw\u00f3j materia\u0142 kompozytowy, aby spe\u0142ni\u0107, a nawet przekroczy\u0107 wymagania dotycz\u0105ce wysokiego poziomu ha\u0142asu i niskiego zapylenia.<br \/>\nKlocki hamulcowe Hawk PC (Performance Ceramic) zosta\u0142y zaprojektowane w celu zmniejszenia NVH (ha\u0142asu, wibracji i szorstko\u015bci) i zapewnienia wyj\u0105tkowej wydajno\u015bci kilometr po kilometrze.<br \/>\nUnikalna mieszanka zapewnia liniowy profil tarcia, kt\u00f3ry pozwala systemowi ABS Jeepa Trackhawk pracowa\u0107 tak efektywnie, jak to tylko mo\u017cliwe, i ma t\u0119 zalet\u0119, \u017ce nie pogarsza osi\u0105g\u00f3w w por\u00f3wnaniu z konwencjonalnymi klockami ceramicznymi.<br \/>\nDzi\u0119ki ceramicznym klockom hamulcowym Performance firmy Hawk mo\u017cna do\u015bwiadczy\u0107 mniejszego zu\u017cycia klock\u00f3w hamulcowych, d\u0142u\u017cszej \u017cywotno\u015bci tarcz hamulcowych i bardzo niskiego poziomu ha\u0142asu.<\/p>\n<p>Hawk Performance Ceramic to \u015bwietna mieszanka, je\u015bli priorytetem jest minimalizacja py\u0142u hamulcowego. Mieszanka ta jest bardzo popularnym zamiennikiem 4-t\u0142oczkowych hamulc\u00f3w OEM Brembo stosowanych w modelach Dodge i Challenger.<br \/>\nJe\u015bli nie chcesz zwi\u0119kszonej skuteczno\u015bci hamowania w por\u00f3wnaniu do standardowego wyposa\u017cenia i chcesz praktycznie wyeliminowa\u0107 py\u0142 hamulcowy, ceramiczne klocki hamulcowe Hawk Performance s\u0105 w\u0142a\u015bnie dla Ciebie.<\/p>\n<p>&nbsp;<\/p>\n<p><strong>W\u0142a\u015bciwo\u015bci:<\/strong><\/p>\n<ul>\n<li>Wyj\u0105tkowo cichy<\/li>\n<li>Wyj\u0105tkowo niski poziom zapylenia<\/li>\n<li>Zwi\u0119kszona si\u0142a hamowania<\/li>\n<li>Delikatny dla tarcz hamulcowych<\/li>\n<li>Stabilna skuteczno\u015b\u0107 hamowania<\/li>\n<li>35-345 \u00b0C Zakres temperatur pracy<\/li>\n<li>35-235 \u00b0C Optymalny zakres temperatur<\/li>\n<\/ul>\n<p>&nbsp;<\/p>\n<p><strong>Liczby por\u00f3wnawcze Mopar:<\/strong> 5174311AA, 5174311AB, 5174311AC, 05174311AA, 05174311AB, 05174311AC, 68144213AA, 68144213AB, 68144213AC<\/p>\n<p>&nbsp;<\/p>\n<p><strong>Odpowiedni dla:<\/strong><\/p>\n<table width=\"568\">\n<tbody>\n<tr>\n<td width=\"83\">Dodge<\/td>\n<td width=\"138\">Challenger<\/td>\n<td width=\"98\">6.1<\/td>\n<td colspan=\"3\" width=\"249\">2008\u20132010<\/td>\n<\/tr>\n<tr>\n<td>Dodge<\/td>\n<td>Challenger<\/td>\n<td>6.4<\/td>\n<td colspan=\"3\">Wszystkie lata modelowe z tarczami hamulcowymi 360 mm<\/td>\n<\/tr>\n<\/tbody>\n<\/table>\n<p>&nbsp;<\/p>\n<p>Cena dotyczy 1 zestawu dla kompletnej osi przedniej.<\/p>","protected":false},"excerpt":{"rendered":"<p>Nadaje si\u0119 do tarcz hamulcowych 360 mm<\/p>","protected":false},"featured_media":68334315,"comment_status":"open","ping_status":"closed","template":"","meta":{"_acf_changed":false},"product_brand":[17621],"product_cat":[17695,17687],"product_tag":[836,837,960,834,835,833,92,4498,17993,17994,17995,590,840,6922,54,49,3853,1070,7614,17685,1166,186,96,164,842,841],"class_list":{"0":"post-68334308","1":"product","2":"type-product","3":"status-publish","4":"has-post-thumbnail","6":"product_brand-hawk-performance","7":"product_cat-challenger-61-bremsbelaege-vorne","8":"product_cat-challenger-64-bremsbelaege-vorne","9":"product_tag-05174311aa","10":"product_tag-05174311ab","11":"product_tag-05174311ac","12":"product_tag-5174311aa","13":"product_tag-5174311ab","14":"product_tag-5174311ac","15":"product_tag-6-1","16":"product_tag-6-1-srt8","17":"product_tag-68144213aa","18":"product_tag-68144213ab","19":"product_tag-68144213ac","20":"product_tag-bremsbelaege","21":"product_tag-bremskloetze","22":"product_tag-ceramic","23":"product_tag-challenger","24":"product_tag-dodge","25":"product_tag-dodge-challenger","26":"product_tag-hawk","27":"product_tag-hawk10","28":"product_tag-hb563z-656","29":"product_tag-keramik","30":"product_tag-performance","31":"product_tag-srt","32":"product_tag-srt8","33":"product_tag-vorderachse","34":"product_tag-vorne","36":"first","37":"instock","38":"taxable","39":"shipping-taxable","40":"purchasable","41":"product-type-simple"},"bundled_by":[],"bundle_stock_status":"instock","bundle_stock_quantity":2,"bundle_virtual":false,"bundle_layout":"","bundle_add_to_cart_form_location":"","bundle_editable_in_cart":false,"bundle_sold_individually_context":"","bundle_item_grouping":"","bundle_min_size":"","bundle_max_size":"","bundle_price":[],"bundled_items":[],"bundle_sell_ids":[],"exclude_global_add_ons":[],"addons":[],"acf":[],"_links":{"self":[{"href":"https:\/\/kraftwerk-shop.cc\/pl\/wp-json\/wp\/v2\/product\/68334308","targetHints":{"allow":["GET"]}}],"collection":[{"href":"https:\/\/kraftwerk-shop.cc\/pl\/wp-json\/wp\/v2\/product"}],"about":[{"href":"https:\/\/kraftwerk-shop.cc\/pl\/wp-json\/wp\/v2\/types\/product"}],"replies":[{"embeddable":true,"href":"https:\/\/kraftwerk-shop.cc\/pl\/wp-json\/wp\/v2\/comments?post=68334308"}],"version-history":[{"count":0,"href":"https:\/\/kraftwerk-shop.cc\/pl\/wp-json\/wp\/v2\/product\/68334308\/revisions"}],"wp:featuredmedia":[{"embeddable":true,"href":"https:\/\/kraftwerk-shop.cc\/pl\/wp-json\/wp\/v2\/media\/68334315"}],"wp:attachment":[{"href":"https:\/\/kraftwerk-shop.cc\/pl\/wp-json\/wp\/v2\/media?parent=68334308"}],"wp:term":[{"taxonomy":"product_brand","embeddable":true,"href":"https:\/\/kraftwerk-shop.cc\/pl\/wp-json\/wp\/v2\/product_brand?post=68334308"},{"taxonomy":"product_cat","embeddable":true,"href":"https:\/\/kraftwerk-shop.cc\/pl\/wp-json\/wp\/v2\/product_cat?post=68334308"},{"taxonomy":"product_tag","embeddable":true,"href":"https:\/\/kraftwerk-shop.cc\/pl\/wp-json\/wp\/v2\/product_tag?post=68334308"}],"curies":[{"name":"wp","href":"https:\/\/api.w.org\/{rel}","templated":true}]}}