{"id":68334355,"date":"2025-06-22T15:34:38","date_gmt":"2025-06-22T13:34:38","guid":{"rendered":"https:\/\/kraftwerk-shop.cc\/?post_type=product&#038;p=68334355"},"modified":"2026-02-15T01:21:17","modified_gmt":"2026-02-15T00:21:17","slug":"ceramiczne-klocki-hamulcowe-hawk-magnum-srt8","status":"publish","type":"product","link":"https:\/\/kraftwerk-shop.cc\/pl\/produkt\/hawk-ceramic-bremsbelaege-magnum-srt8\/","title":{"rendered":"Hawk Performance Ceramiczne klocki hamulcowe Magnum SRT8"},"content":{"rendered":"<h1>Hawk Performance Wysokowydajne ceramiczne klocki hamulcowe HB194Z.570 dla Dodge Magnum SRT8 (tylna o\u015b)<\/h1>\n<p>&nbsp;<\/p>\n<p>Hawk zdaje sobie spraw\u0119 z potrzeb wsp\u00f3\u0142czesnych u\u017cytkownik\u00f3w ceramicznych klock\u00f3w hamulcowych i specjalnie opracowa\u0142 sw\u00f3j materia\u0142 kompozytowy, aby spe\u0142ni\u0107, a nawet przekroczy\u0107 wymagania dotycz\u0105ce wysokiego poziomu ha\u0142asu i niskiego zapylenia.<br \/>\nKlocki hamulcowe Hawk PC (Performance Ceramic) zosta\u0142y zaprojektowane w celu zmniejszenia NVH (ha\u0142asu, wibracji i szorstko\u015bci) i zapewnienia wyj\u0105tkowej wydajno\u015bci kilometr po kilometrze.<br \/>\nUnikalna mieszanka zapewnia liniowy profil tarcia, kt\u00f3ry pozwala systemowi ABS w 300C pracowa\u0107 tak efektywnie, jak to tylko mo\u017cliwe, i ma t\u0119 zalet\u0119, \u017ce nie po\u015bwi\u0119ca wydajno\u015bci w por\u00f3wnaniu z konwencjonalnymi klockami ceramicznymi.<br \/>\nDzi\u0119ki ceramicznym klockom hamulcowym Performance firmy Hawk mo\u017cna do\u015bwiadczy\u0107 mniejszego zu\u017cycia klock\u00f3w hamulcowych, d\u0142u\u017cszej \u017cywotno\u015bci tarcz hamulcowych i bardzo niskiego poziomu ha\u0142asu.<\/p>\n<p>Hawk Performance Ceramic to \u015bwietna mieszanka, je\u015bli priorytetem jest zminimalizowanie py\u0142u hamulcowego. Mieszanka ta jest bardzo popularnym zamiennikiem hamulc\u00f3w OEM Brembo stosowanych w modelach Dodge Magnum.<br \/>\nJe\u015bli nie chcesz zwi\u0119kszonej skuteczno\u015bci hamowania w por\u00f3wnaniu do standardowego wyposa\u017cenia i chcesz praktycznie wyeliminowa\u0107 py\u0142 hamulcowy, ceramiczne klocki hamulcowe Hawk Performance s\u0105 w\u0142a\u015bnie dla Ciebie.<\/p>\n<p>&nbsp;<\/p>\n<p><strong>W\u0142a\u015bciwo\u015bci:<\/strong><\/p>\n<ul>\n<li>Wyj\u0105tkowo cichy<\/li>\n<li>Wyj\u0105tkowo niski poziom zapylenia<\/li>\n<li>Zwi\u0119kszona si\u0142a hamowania<\/li>\n<li>Delikatny dla tarcz hamulcowych<\/li>\n<li>Stabilna skuteczno\u015b\u0107 hamowania<\/li>\n<li>35-345 \u00b0C Zakres temperatur pracy<\/li>\n<li>35-235 \u00b0C Optymalny zakres temperatur<\/li>\n<\/ul>\n<p>&nbsp;<\/p>\n<p>Numer OE (tylko do cel\u00f3w por\u00f3wnawczych):\u00a0<span class=\"list-value sku-display\">5174327AA, 5174327AB, 05174327AA, 05174327AB, 5174327AC<br \/>\n<\/span>Autoryzacja: nie<\/p>\n<p>&nbsp;<\/p>\n<p><strong>Odpowiedni dla:<\/strong><\/p>\n<table width=\"568\">\n<tbody>\n<tr>\n<td width=\"83\">Dodge<\/td>\n<td width=\"138\">Magum<\/td>\n<td width=\"98\">6.1<\/td>\n<td width=\"249\">wszystkie lata budowy<\/td>\n<\/tr>\n<\/tbody>\n<\/table>\n<p>&nbsp;<\/p>\n<p>Cena dotyczy 1 zestawu dla kompletnej osi tylnej.<\/p>","protected":false},"excerpt":{"rendered":"<p>Hawk Performance Hochleistungs-Keramikbremsbel\u00e4ge HB194Z.570 f\u00fcr Dodge Magnum SRT8 (Hinterachse) &nbsp; Hawk kennt die Bed\u00fcrfnisse der heutigen Benutzer von Keramikbremsbel\u00e4gen und<\/p>","protected":false},"featured_media":68340246,"comment_status":"open","ping_status":"closed","template":"","meta":{"_acf_changed":false},"product_brand":[17621],"product_cat":[17776],"product_tag":[52,217,93,928,949,950,933,2754,2436,7035,6371,590,840,6922,48,6923,1070,7614,6945,798,799,1166,186,96],"class_list":{"0":"post-68334355","1":"product","2":"type-product","3":"status-publish","4":"has-post-thumbnail","6":"product_brand-hawk-performance","7":"product_cat-magnum-61-bremsbelaege-hinten","8":"product_tag-300c","9":"product_tag-217","10":"product_tag-6-4","11":"product_tag-68144223aa","12":"product_tag-68144223ab","13":"product_tag-68144223ac","14":"product_tag-68144432aa","15":"product_tag-68399102aa","16":"product_tag-68399102ab","17":"product_tag-68501808ab","18":"product_tag-68526411aa","19":"product_tag-bremsbelaege","20":"product_tag-bremskloetze","21":"product_tag-ceramic","22":"product_tag-chrysler","23":"product_tag-chrysler-300c-srt","24":"product_tag-hawk","25":"product_tag-hawk10","26":"product_tag-hb194z-570","27":"product_tag-hinten","28":"product_tag-hinterachse","29":"product_tag-keramik","30":"product_tag-performance","31":"product_tag-srt","33":"first","34":"instock","35":"taxable","36":"shipping-taxable","37":"purchasable","38":"product-type-simple"},"bundled_by":[],"bundle_stock_status":"instock","bundle_stock_quantity":1,"bundle_virtual":false,"bundle_layout":"","bundle_add_to_cart_form_location":"","bundle_editable_in_cart":false,"bundle_sold_individually_context":"","bundle_item_grouping":"","bundle_min_size":"","bundle_max_size":"","bundle_price":[],"bundled_items":[],"bundle_sell_ids":[],"exclude_global_add_ons":[],"addons":[],"acf":[],"_links":{"self":[{"href":"https:\/\/kraftwerk-shop.cc\/pl\/wp-json\/wp\/v2\/product\/68334355","targetHints":{"allow":["GET"]}}],"collection":[{"href":"https:\/\/kraftwerk-shop.cc\/pl\/wp-json\/wp\/v2\/product"}],"about":[{"href":"https:\/\/kraftwerk-shop.cc\/pl\/wp-json\/wp\/v2\/types\/product"}],"replies":[{"embeddable":true,"href":"https:\/\/kraftwerk-shop.cc\/pl\/wp-json\/wp\/v2\/comments?post=68334355"}],"version-history":[{"count":0,"href":"https:\/\/kraftwerk-shop.cc\/pl\/wp-json\/wp\/v2\/product\/68334355\/revisions"}],"wp:featuredmedia":[{"embeddable":true,"href":"https:\/\/kraftwerk-shop.cc\/pl\/wp-json\/wp\/v2\/media\/68340246"}],"wp:attachment":[{"href":"https:\/\/kraftwerk-shop.cc\/pl\/wp-json\/wp\/v2\/media?parent=68334355"}],"wp:term":[{"taxonomy":"product_brand","embeddable":true,"href":"https:\/\/kraftwerk-shop.cc\/pl\/wp-json\/wp\/v2\/product_brand?post=68334355"},{"taxonomy":"product_cat","embeddable":true,"href":"https:\/\/kraftwerk-shop.cc\/pl\/wp-json\/wp\/v2\/product_cat?post=68334355"},{"taxonomy":"product_tag","embeddable":true,"href":"https:\/\/kraftwerk-shop.cc\/pl\/wp-json\/wp\/v2\/product_tag?post=68334355"}],"curies":[{"name":"wp","href":"https:\/\/api.w.org\/{rel}","templated":true}]}}