{"id":68340077,"date":"2025-07-05T14:58:06","date_gmt":"2025-07-05T12:58:06","guid":{"rendered":"https:\/\/kraftwerk-shop.cc\/?post_type=product&#038;p=68340077"},"modified":"2026-03-16T18:14:57","modified_gmt":"2026-03-16T17:14:57","slug":"tarcze-hamulcowe-paragon-performance-durango-srt","status":"publish","type":"product","link":"https:\/\/kraftwerk-shop.cc\/pl\/produkt\/paragon-performance-bremsscheiben-durango-srt\/","title":{"rendered":"Tarcze hamulcowe Paragon Performance Durango SRT"},"content":{"rendered":"<h1>Tarcze hamulcowe Paragon Performance dla Dodge Durango 6.4 SRT (o\u015b przednia)<\/h1>\n<p>&nbsp;<\/p>\n<p>Ze wzgl\u0119du na du\u017c\u0105 mas\u0119 pojazdu i brak skutecznego ch\u0142odzenia hamulc\u00f3w, przedwczesne p\u0119kni\u0119cia na standardowych tarczach hamulcowych Dodge Durango SRT nie s\u0105 rzadko\u015bci\u0105 po u\u017cyciu na torze wy\u015bcigowym lub przy intensywnym u\u017cytkowaniu.<br \/>\nTarcze hamulcowe Paragon Performance mog\u0105 by\u0107 skutecznym rozwi\u0105zaniem tego problemu, jednocze\u015bnie poprawiaj\u0105c wyczucie peda\u0142u i modulacj\u0119 hamulca.<\/p>\n<p>2-cz\u0119\u015bciowa tarcza hamulcowa od Paragon Performance oferuje doskona\u0142\u0105 skuteczno\u015b\u0107 hamowania i ch\u0142odzenia zoptymalizowan\u0105 do u\u017cytku na torze. Kierunkowa p\u0142etwa wentylacyjna wytwarza zasysanie i turbulencje oraz kieruje ch\u0142odne powietrze przez tarcz\u0119, aby poprawi\u0107 rozpraszanie ciep\u0142a i zwi\u0119kszy\u0107 odporno\u015b\u0107 na p\u0119kanie w trudnych warunkach torowych.<\/p>\n<p>Wirnik jest wykonany z CM-250, specjalnego stopu odlewniczego o wysokiej zawarto\u015bci w\u0119gla, kt\u00f3ry zapewnia optymalne zgryzanie, w\u0142a\u015bciwo\u015bci termiczne, odporno\u015b\u0107 na wysokie temperatury i trwa\u0142o\u015b\u0107.<br \/>\nPier\u015bcienie tarczy hamulcowej s\u0105 poddawane obr\u00f3bce cieplnej w celu zmniejszenia napr\u0119\u017ce\u0144 w tarczy hamulcowej, a tym samym zapobiegania odkszta\u0142ceniom i wibracjom.<br \/>\nS\u0105 one nast\u0119pnie poddawane najnowocze\u015bniejszej obr\u00f3bce powierzchniowej CBN, aby zapewni\u0107 lepsze docieranie z nowymi klockami hamulcowymi.<\/p>\n<p>Wibracje s\u0105 zredukowane, poniewa\u017c bicie boczne tarczy hamulcowej jest utrzymywane w granicach 0,03 mm, a wywa\u017cenie w granicach 2 gram\u00f3w.<br \/>\nWszystkie tarcze hamulcowe zosta\u0142y poddane rygorystycznym kontrolom jako\u015bci i testom, aby zapewni\u0107, \u017ce nadaj\u0105 si\u0119 do okre\u015blonego celu.<br \/>\nDwucz\u0119\u015bciowa konstrukcja umo\u017cliwia termiczne rozszerzanie si\u0119 tarczy hamulcowej, jednocze\u015bnie minimalizuj\u0105c odkszta\u0142cenia i zapewniaj\u0105c, \u017ce tarcza hamulcowa jest wy\u015brodkowana w stosunku do klock\u00f3w hamulcowych.<br \/>\nSzczelinowa tarcza hamulcowa poprawia stabilno\u015b\u0107 hamowania, utrzymuj\u0105c czyst\u0105 powierzchni\u0119 styku i rozpraszaj\u0105c ciep\u0142o i gazy generowane, gdy klocki hamulcowe wchodz\u0105 w kontakt z tarcz\u0105 hamulcow\u0105.<br \/>\nSzczelinowe tarcze hamulcowe maj\u0105 zdecydowan\u0105 przewag\u0119 nad go\u0142ymi tarczami hamulcowymi w mokrych lub deszczowych warunkach, poniewa\u017c zapobiegaj\u0105 tworzeniu si\u0119 filmu wodnego mi\u0119dzy klockiem hamulcowym a tarcz\u0105 hamulcow\u0105.<br \/>\nDwucz\u0119\u015bciowe tarcze hamulcowe Paragon Performance wa\u017c\u0105 mniej ni\u017c wi\u0119kszo\u015b\u0107 tarcz hamulcowych O.E., zachowuj\u0105c swoj\u0105 no\u015bno\u015b\u0107 termiczn\u0105 i poprawiaj\u0105c prowadzenie dzi\u0119ki zmniejszeniu masy nieresorowanej.<\/p>\n<p>Aluminiowe garnki s\u0105 frezowane CNC z lekkiego aluminium lotniczego 6061-T6, a nast\u0119pnie powlekane na twardo \/ anodowane na czarno, aby zapewni\u0107 nieprzewodz\u0105c\u0105 warstw\u0119 ochronn\u0105. Czarne garnki anodowane na twardo s\u0105 najpierw anodowane na twardo, a nast\u0119pnie barwione na czarno. S\u0105 one r\u00f3wnowa\u017cne pod wzgl\u0119dem wydajno\u015bci\/wytrzyma\u0142o\u015bci.<\/p>\n<p>Czarna twarda pow\u0142oka\/twarda anodyzacja zgodna z Mil-Spec (MIL-A-8625 Typ III) nie odbarwia si\u0119 w ekstremalnych temperaturach. Czarna twarda pow\u0142oka\/twarda anodyzowana powierzchnia jest twardsza, grubsza, bardziej odporna na zu\u017cycie i zarysowania.<\/p>\n<p>Czarne wyko\u0144czenie hardcoat\/twarde anodowane zapewnia grub\u0105, tward\u0105 warstw\u0119, kt\u00f3ra oferuje wi\u0119ksz\u0105 odporno\u015b\u0107 na korozj\u0119 i trwa\u0142o\u015b\u0107 przy niskich kosztach utrzymania. Czarna twarda pow\u0142oka\/twarde anodowane wyko\u0144czenie lepiej wytrzymuje ekspozycj\u0119 na \u015bwiat\u0142o ultrafioletowe (UV), co jest jeszcze wa\u017cniejsze, je\u015bli pojazd jest cz\u0119sto parkowany na zewn\u0105trz.<\/p>\n<p>&nbsp;<\/p>\n<p><strong>W\u0142a\u015bciwo\u015bci:<\/strong><\/p>\n<ul>\n<li>Bezpo\u015bredni monta\u017c bez \u017cadnych modyfikacji i zaprojektowany do p\u0142ynnej wsp\u00f3\u0142pracy z OEM ABS i uk\u0142adem hamulcowym Dodge Durango SRT przy jednoczesnym zachowaniu fabrycznego nastawienia hamulc\u00f3w.<\/li>\n<li>Kompatybilny z klockami hamulcowymi OEM lub klockami akcesoryjnymi o tej samej g\u0142\u0119boko\u015bci.<\/li>\n<li>Mo\u017ce by\u0107 r\u00f3wnie\u017c zainstalowany jako ulepszenie w pojazdach bez fabrycznych hamulc\u00f3w.<\/li>\n<li>Kierunkowe \u017cebra wentylacyjne dla optymalnej wydajno\u015bci ch\u0142odzenia, pracuj\u0105 do 30 % ch\u0142odniej ni\u017c tarcze hamulcowe O.E. i zwi\u0119kszaj\u0105 wydajno\u015b\u0107 ch\u0142odzenia nawet o 30%.<\/li>\n<li>W pe\u0142ni p\u0142ywaj\u0105ca 2-cz\u0119\u015bciowa konstrukcja<\/li>\n<li>Waga jednej tarczy hamulcowej: - kg (- kg l\u017cejsza ni\u017c standardowa)<\/li>\n<li>Minimalizuje zanik hamulc\u00f3w i wibracje podczas d\u0142u\u017cszych podr\u00f3\u017cy<\/li>\n<li>System mocowania tarczy hamulcowej i ko\u0142paka: H-Bobbin (12 \u015brub)<\/li>\n<li>Doskona\u0142e ulepszenie w stosunku do bezkierunkowych, wielotarczowych tarcz hamulcowych OEM<\/li>\n<\/ul>\n<p>&nbsp;<\/p>\n<p><strong>Zakres dostawy:<\/strong><\/p>\n<ul>\n<li>Jedna para (2 sztuki) dwucz\u0119\u015bciowych tarcz hamulcowych Paragon Performance 380 mm z anodowanymi na twardo\/czarno aluminiowymi garnkami 6061-T6, szpulkami ze stali nierdzewnej i zaciskami zapobiegaj\u0105cymi grzechotaniu (zmontowane i gotowe do monta\u017cu).<\/li>\n<li>Szczeg\u00f3\u0142owa instrukcja instalacji (j\u0119zyk niemiecki)<\/li>\n<\/ul>\n<p>&nbsp;<\/p>\n<p><strong>Liczby por\u00f3wnawcze Mopar<\/strong>5181513AA, 5181513AB, 5181513AC, 5181513AD, 68256678AA, 68256678AB, 68256679AA, 68256679AB, 68256679AC<\/p>\n<p>&nbsp;<\/p>\n<p><strong>Odpowiedni dla:<\/strong><\/p>\n<table width=\"663\">\n<tbody>\n<tr>\n<td width=\"83\">Dodge<\/td>\n<td width=\"292\">Durango<\/td>\n<td width=\"179\">6.4<\/td>\n<td width=\"109\">2018\u20132024<\/td>\n<\/tr>\n<\/tbody>\n<\/table>\n<p>Cena dotyczy 2 tarcz hamulcowych (jedna para).<\/p>","protected":false},"excerpt":{"rendered":"<p>2-cz\u0119\u015bciowe tarcze hamulcowe (1 para)<\/p>","protected":false},"featured_media":68340082,"comment_status":"open","ping_status":"closed","template":"","meta":{"_acf_changed":false},"product_brand":[17982],"product_cat":[17934],"product_tag":[18235,18173,18174,18175,252,419,420,2066,2373,4526,6297,805,2422,940,795,796,49,4432,95,692,36,31,4627,4628,794,797,96,842,841,673],"class_list":{"0":"post-68340077","1":"product","2":"type-product","3":"status-publish","4":"has-post-thumbnail","6":"product_brand-paragon-performance","7":"product_cat-durango-64-bremsscheiben-vorne","8":"product_tag-05181513aa","9":"product_tag-05181513ab","10":"product_tag-05181513ac","11":"product_tag-05181513ad","12":"product_tag-252","13":"product_tag-419","14":"product_tag-420","15":"product_tag-2066","16":"product_tag-2373","17":"product_tag-4526","18":"product_tag-6297","19":"product_tag-5181513ad","20":"product_tag-68256679ac","21":"product_tag-aftermarket","22":"product_tag-bremse","23":"product_tag-bremsscheibe","24":"product_tag-dodge","25":"product_tag-dodge-durango","26":"product_tag-durango","27":"product_tag-ersatzteil","28":"product_tag-kraftwerk","29":"product_tag-mopar","30":"product_tag-paragon","31":"product_tag-paragon-performance","32":"product_tag-premium","33":"product_tag-sportbremsscheibe","34":"product_tag-srt","35":"product_tag-vorderachse","36":"product_tag-vorne","37":"product_tag-zubehoer","39":"first","40":"instock","41":"taxable","42":"shipping-taxable","43":"purchasable","44":"product-type-variable"},"bundled_by":[],"bundle_stock_status":"instock","bundle_stock_quantity":1,"bundle_virtual":false,"bundle_layout":"","bundle_add_to_cart_form_location":"","bundle_editable_in_cart":false,"bundle_sold_individually_context":"","bundle_item_grouping":"","bundle_min_size":"","bundle_max_size":"","bundle_price":[],"bundled_items":[],"bundle_sell_ids":[],"exclude_global_add_ons":[],"addons":[],"acf":[],"_links":{"self":[{"href":"https:\/\/kraftwerk-shop.cc\/pl\/wp-json\/wp\/v2\/product\/68340077","targetHints":{"allow":["GET"]}}],"collection":[{"href":"https:\/\/kraftwerk-shop.cc\/pl\/wp-json\/wp\/v2\/product"}],"about":[{"href":"https:\/\/kraftwerk-shop.cc\/pl\/wp-json\/wp\/v2\/types\/product"}],"replies":[{"embeddable":true,"href":"https:\/\/kraftwerk-shop.cc\/pl\/wp-json\/wp\/v2\/comments?post=68340077"}],"version-history":[{"count":0,"href":"https:\/\/kraftwerk-shop.cc\/pl\/wp-json\/wp\/v2\/product\/68340077\/revisions"}],"wp:featuredmedia":[{"embeddable":true,"href":"https:\/\/kraftwerk-shop.cc\/pl\/wp-json\/wp\/v2\/media\/68340082"}],"wp:attachment":[{"href":"https:\/\/kraftwerk-shop.cc\/pl\/wp-json\/wp\/v2\/media?parent=68340077"}],"wp:term":[{"taxonomy":"product_brand","embeddable":true,"href":"https:\/\/kraftwerk-shop.cc\/pl\/wp-json\/wp\/v2\/product_brand?post=68340077"},{"taxonomy":"product_cat","embeddable":true,"href":"https:\/\/kraftwerk-shop.cc\/pl\/wp-json\/wp\/v2\/product_cat?post=68340077"},{"taxonomy":"product_tag","embeddable":true,"href":"https:\/\/kraftwerk-shop.cc\/pl\/wp-json\/wp\/v2\/product_tag?post=68340077"}],"curies":[{"name":"wp","href":"https:\/\/api.w.org\/{rel}","templated":true}]}}