{"id":68343113,"date":"2025-07-12T12:40:13","date_gmt":"2025-07-12T10:40:13","guid":{"rendered":"https:\/\/kraftwerk-shop.cc\/?post_type=product&#038;p=68343113"},"modified":"2026-02-15T01:22:06","modified_gmt":"2026-02-15T00:22:06","slug":"mopar-uszczelki-tloka-zacisku-hamulca-5137665ab","status":"publish","type":"product","link":"https:\/\/kraftwerk-shop.cc\/pl\/produkt\/mopar-kolben-dichtungen-bremssattel-5137665ab\/","title":{"rendered":"T\u0142oczki i uszczelki zacisk\u00f3w hamulcowych Mopar (5137665AB)"},"content":{"rendered":"<h1>Oryginalne t\u0142oczki i uszczelki do zacisk\u00f3w hamulcowych Mopar (<span class=\"list-value sku-display\">5137665AB<\/span>) dla Chrysler, 300C, Dodge, Challenger, Charger i Magnum w latach 2005-2023.<\/h1>\n<p>&nbsp;<\/p>\n<p><span lang=\"DE\"><strong>Numer cz\u0119\u015bci Mopar:<\/strong>\u00a0<span class=\"list-value sku-display\">5137665AB<\/span><br \/>\n<strong>Zast\u0105piony: <\/strong>5137665AA<\/span><\/p>\n<p>&nbsp;<\/p>\n<p><strong>Odpowiedni dla:<\/strong><\/p>\n<table width=\"944\">\n<tbody>\n<tr>\n<td width=\"81\"><strong>Rok<\/strong><\/td>\n<td width=\"81\"><strong>Marka<\/strong><\/td>\n<td width=\"125\"><strong>Model<\/strong><\/td>\n<td width=\"326\"><strong>Silnik<\/strong><\/td>\n<td width=\"331\"><strong>Hamulec<\/strong><\/td>\n<\/tr>\n<tr>\n<td width=\"81\">2023<\/td>\n<td width=\"81\">Chrysler<\/td>\n<td width=\"125\">300<\/td>\n<td width=\"326\">3.6L, 5.7L<\/td>\n<td width=\"331\">Tarcze hamulcowe 345 mm<\/td>\n<\/tr>\n<tr>\n<td width=\"81\">2023<\/td>\n<td width=\"81\">Dodge<\/td>\n<td width=\"125\">Challenger<\/td>\n<td width=\"326\">3.6L, 5.7L<\/td>\n<td width=\"331\">Tarcze hamulcowe 345 mm<\/td>\n<\/tr>\n<tr>\n<td width=\"81\">2023<\/td>\n<td width=\"81\">Dodge<\/td>\n<td width=\"125\">Charger<\/td>\n<td width=\"326\">3.6L, 5.7L<\/td>\n<td width=\"331\">Tarcze hamulcowe 345 mm<\/td>\n<\/tr>\n<tr>\n<td width=\"81\">2022<\/td>\n<td width=\"81\">Chrysler<\/td>\n<td width=\"125\">300<\/td>\n<td width=\"326\">3.6L, 5.7L<\/td>\n<td width=\"331\">Tarcze hamulcowe 345 mm<\/td>\n<\/tr>\n<tr>\n<td width=\"81\">2022<\/td>\n<td width=\"81\">Dodge<\/td>\n<td width=\"125\">Challenger<\/td>\n<td width=\"326\">3.6L, 5.7L<\/td>\n<td width=\"331\">Tarcze hamulcowe 345 mm<\/td>\n<\/tr>\n<tr>\n<td width=\"81\">2022<\/td>\n<td width=\"81\">Dodge<\/td>\n<td width=\"125\">Charger<\/td>\n<td width=\"326\">3.6L, 5.7L<\/td>\n<td width=\"331\">Tarcze hamulcowe 345 mm<\/td>\n<\/tr>\n<tr>\n<td width=\"81\">2021<\/td>\n<td width=\"81\">Chrysler<\/td>\n<td width=\"125\">300<\/td>\n<td width=\"326\">3.6L, 5.7L<\/td>\n<td width=\"331\">Tarcze hamulcowe 345 mm<\/td>\n<\/tr>\n<tr>\n<td width=\"81\">2021<\/td>\n<td width=\"81\">Dodge<\/td>\n<td width=\"125\">Challenger<\/td>\n<td width=\"326\">3.6L, 5.7L<\/td>\n<td width=\"331\">Tarcze hamulcowe 345 mm<\/td>\n<\/tr>\n<tr>\n<td width=\"81\">2021<\/td>\n<td width=\"81\">Dodge<\/td>\n<td width=\"125\">Charger<\/td>\n<td width=\"326\">3.6L, 5.7L<\/td>\n<td width=\"331\">Tarcze hamulcowe 345 mm<\/td>\n<\/tr>\n<tr>\n<td width=\"81\">2020<\/td>\n<td width=\"81\">Chrysler<\/td>\n<td width=\"125\">300<\/td>\n<td width=\"326\">3.6L, 5.7L<\/td>\n<td width=\"331\">Tarcze hamulcowe 345 mm<\/td>\n<\/tr>\n<tr>\n<td width=\"81\">2020<\/td>\n<td width=\"81\">Dodge<\/td>\n<td width=\"125\">Challenger<\/td>\n<td width=\"326\">3.6L, 5.7L<\/td>\n<td width=\"331\">Tarcze hamulcowe 345 mm<\/td>\n<\/tr>\n<tr>\n<td width=\"81\">2020<\/td>\n<td width=\"81\">Dodge<\/td>\n<td width=\"125\">Charger<\/td>\n<td width=\"326\">3.6L, 5.7L<\/td>\n<td width=\"331\">Tarcze hamulcowe 345 mm<\/td>\n<\/tr>\n<tr>\n<td width=\"81\">2019<\/td>\n<td width=\"81\">Chrysler<\/td>\n<td width=\"125\">300<\/td>\n<td width=\"326\">3.6L, 5.7L<\/td>\n<td width=\"331\">Tarcze hamulcowe 345 mm<\/td>\n<\/tr>\n<tr>\n<td width=\"81\">2019<\/td>\n<td width=\"81\">Dodge<\/td>\n<td width=\"125\">Challenger<\/td>\n<td width=\"326\">3.6L, 5.7L<\/td>\n<td width=\"331\">Tarcze hamulcowe 345 mm<\/td>\n<\/tr>\n<tr>\n<td width=\"81\">2019<\/td>\n<td width=\"81\">Dodge<\/td>\n<td width=\"125\">Charger<\/td>\n<td width=\"326\">3.6L, 5.7L<\/td>\n<td width=\"331\">Tarcze hamulcowe 345 mm<\/td>\n<\/tr>\n<tr>\n<td width=\"81\">2018<\/td>\n<td width=\"81\">Chrysler<\/td>\n<td width=\"125\">300<\/td>\n<td width=\"326\">3.6L, 5.7L<\/td>\n<td width=\"331\">Tarcze hamulcowe 345 mm<\/td>\n<\/tr>\n<tr>\n<td width=\"81\">2018<\/td>\n<td width=\"81\">Dodge<\/td>\n<td width=\"125\">Challenger<\/td>\n<td width=\"326\">3.6L, 5.7L<\/td>\n<td width=\"331\">Tarcze hamulcowe 345 mm<\/td>\n<\/tr>\n<tr>\n<td width=\"81\">2018<\/td>\n<td width=\"81\">Dodge<\/td>\n<td width=\"125\">Charger<\/td>\n<td width=\"326\">3.6L, 5.7L<\/td>\n<td width=\"331\">Tarcze hamulcowe 345 mm<\/td>\n<\/tr>\n<tr>\n<td width=\"81\">2017<\/td>\n<td width=\"81\">Chrysler<\/td>\n<td width=\"125\">300<\/td>\n<td width=\"326\">3.6L, 5.7L<\/td>\n<td width=\"331\">Tarcze hamulcowe 345 mm<\/td>\n<\/tr>\n<tr>\n<td width=\"81\">2017<\/td>\n<td width=\"81\">Dodge<\/td>\n<td width=\"125\">Challenger<\/td>\n<td width=\"326\">3.6L, 5.7L<\/td>\n<td width=\"331\">Tarcze hamulcowe 345 mm<\/td>\n<\/tr>\n<tr>\n<td width=\"81\">2017<\/td>\n<td width=\"81\">Dodge<\/td>\n<td width=\"125\">Charger<\/td>\n<td width=\"326\">3.6L, 5.7L<\/td>\n<td width=\"331\">Tarcze hamulcowe 345 mm<\/td>\n<\/tr>\n<tr>\n<td width=\"81\">2016<\/td>\n<td width=\"81\">Chrysler<\/td>\n<td width=\"125\">300<\/td>\n<td width=\"326\">3.6L, 5.7L<\/td>\n<td width=\"331\">Tarcze hamulcowe 345 mm<\/td>\n<\/tr>\n<tr>\n<td width=\"81\">2016<\/td>\n<td width=\"81\">Dodge<\/td>\n<td width=\"125\">Challenger<\/td>\n<td width=\"326\">3.6L, 5.7L<\/td>\n<td width=\"331\">Tarcze hamulcowe 345 mm<\/td>\n<\/tr>\n<tr>\n<td width=\"81\">2016<\/td>\n<td width=\"81\">Dodge<\/td>\n<td width=\"125\">Charger<\/td>\n<td width=\"326\">3.6L, 5.7L<\/td>\n<td width=\"331\">Tarcze hamulcowe 345 mm<\/td>\n<\/tr>\n<tr>\n<td width=\"81\">2015<\/td>\n<td width=\"81\">Chrysler<\/td>\n<td width=\"125\">300<\/td>\n<td width=\"326\">3.6L, 5.7L<\/td>\n<td width=\"331\">Tarcze hamulcowe 345 mm<\/td>\n<\/tr>\n<tr>\n<td width=\"81\">2015<\/td>\n<td width=\"81\">Dodge<\/td>\n<td width=\"125\">Challenger<\/td>\n<td width=\"326\">3.6L, 5.7L<\/td>\n<td width=\"331\">Tarcze hamulcowe 345 mm<\/td>\n<\/tr>\n<tr>\n<td width=\"81\">2015<\/td>\n<td width=\"81\">Dodge<\/td>\n<td width=\"125\">Charger<\/td>\n<td width=\"326\">3.6L, 5.7L<\/td>\n<td width=\"331\">Tarcze hamulcowe 345 mm<\/td>\n<\/tr>\n<tr>\n<td width=\"81\">2014<\/td>\n<td width=\"81\">Chrysler<\/td>\n<td width=\"125\">300<\/td>\n<td width=\"326\">3.6L, 5.7L<\/td>\n<td width=\"331\">Tarcze hamulcowe 345 mm<\/td>\n<\/tr>\n<tr>\n<td width=\"81\">2014<\/td>\n<td width=\"81\">Dodge<\/td>\n<td width=\"125\">Challenger<\/td>\n<td width=\"326\">3.6L, 5.7L<\/td>\n<td width=\"331\">Tarcze hamulcowe 345 mm<\/td>\n<\/tr>\n<tr>\n<td width=\"81\">2014<\/td>\n<td width=\"81\">Dodge<\/td>\n<td width=\"125\">Charger<\/td>\n<td width=\"326\">3.6L, 5.7L<\/td>\n<td width=\"331\">Tarcze hamulcowe 345 mm<\/td>\n<\/tr>\n<tr>\n<td width=\"81\">2013<\/td>\n<td width=\"81\">Chrysler<\/td>\n<td width=\"125\">300<\/td>\n<td width=\"326\">3.6L, 5.7L<\/td>\n<td width=\"331\">Tarcze hamulcowe 345 mm<\/td>\n<\/tr>\n<tr>\n<td width=\"81\">2013<\/td>\n<td width=\"81\">Dodge<\/td>\n<td width=\"125\">Challenger<\/td>\n<td width=\"326\">3.6L, 5.7L<\/td>\n<td width=\"331\">Tarcze hamulcowe 345 mm<\/td>\n<\/tr>\n<tr>\n<td width=\"81\">2013<\/td>\n<td width=\"81\">Dodge<\/td>\n<td width=\"125\">Charger<\/td>\n<td width=\"326\">3.6L, 5.7L<\/td>\n<td width=\"331\">Tarcze hamulcowe 345 mm<\/td>\n<\/tr>\n<tr>\n<td width=\"81\">2012<\/td>\n<td width=\"81\">Chrysler<\/td>\n<td width=\"125\">300<\/td>\n<td width=\"326\">3.6L, 5.7L<\/td>\n<td width=\"331\">Tarcze hamulcowe 345 mm<\/td>\n<\/tr>\n<tr>\n<td width=\"81\">2012<\/td>\n<td width=\"81\">Dodge<\/td>\n<td width=\"125\">Challenger<\/td>\n<td width=\"326\">3.6L, 5.7L<\/td>\n<td width=\"331\">Tarcze hamulcowe 345 mm<\/td>\n<\/tr>\n<tr>\n<td width=\"81\">2012<\/td>\n<td width=\"81\">Dodge<\/td>\n<td width=\"125\">Charger<\/td>\n<td width=\"326\">3.6L, 5.7L<\/td>\n<td width=\"331\">Tarcze hamulcowe 345 mm<\/td>\n<\/tr>\n<tr>\n<td width=\"81\">2011<\/td>\n<td width=\"81\">Chrysler<\/td>\n<td width=\"125\">300<\/td>\n<td width=\"326\">3.6L, 5.7L<\/td>\n<td width=\"331\">Tarcze hamulcowe 345 mm<\/td>\n<\/tr>\n<tr>\n<td width=\"81\">2011<\/td>\n<td width=\"81\">Dodge<\/td>\n<td width=\"125\">Challenger<\/td>\n<td width=\"326\">3.6L, 5.7L<\/td>\n<td width=\"331\">Tarcze hamulcowe 345 mm<\/td>\n<\/tr>\n<tr>\n<td width=\"81\">2011<\/td>\n<td width=\"81\">Dodge<\/td>\n<td width=\"125\">Charger<\/td>\n<td width=\"326\">3.6L, 5.7L<\/td>\n<td width=\"331\">Tarcze hamulcowe 345 mm<\/td>\n<\/tr>\n<tr>\n<td width=\"81\">2010<\/td>\n<td width=\"81\">Chrysler<\/td>\n<td width=\"125\">300<\/td>\n<td width=\"326\">2.7L, 3.5L, 5.7L<\/td>\n<td width=\"331\">Tarcze hamulcowe 345 mm<\/td>\n<\/tr>\n<tr>\n<td width=\"81\">2010<\/td>\n<td width=\"81\">Dodge<\/td>\n<td width=\"125\">Challenger<\/td>\n<td width=\"326\">3.5L, 5.7L<\/td>\n<td width=\"331\">Tarcze hamulcowe 345 mm<\/td>\n<\/tr>\n<tr>\n<td width=\"81\">2010<\/td>\n<td width=\"81\">Dodge<\/td>\n<td width=\"125\">Charger<\/td>\n<td width=\"326\">2.7L, 3.5L, 5.7L<\/td>\n<td width=\"331\">Tarcze hamulcowe 345 mm<\/td>\n<\/tr>\n<tr>\n<td width=\"81\">2009<\/td>\n<td width=\"81\">Chrysler<\/td>\n<td width=\"125\">300<\/td>\n<td width=\"326\">3.5L, 5.7L<\/td>\n<td width=\"331\">Tarcze hamulcowe 345 mm<\/td>\n<\/tr>\n<tr>\n<td width=\"81\">2009<\/td>\n<td width=\"81\">Dodge<\/td>\n<td width=\"125\">Challenger<\/td>\n<td width=\"326\">3.5L, 5.7L<\/td>\n<td width=\"331\">Tarcze hamulcowe 345 mm<\/td>\n<\/tr>\n<tr>\n<td width=\"81\">2009<\/td>\n<td width=\"81\">Dodge<\/td>\n<td width=\"125\">Charger<\/td>\n<td width=\"326\">2.7L, 3.5L, 5.7L<\/td>\n<td width=\"331\">Tarcze hamulcowe 345 mm<\/td>\n<\/tr>\n<tr>\n<td width=\"81\">2008<\/td>\n<td width=\"81\">Chrysler<\/td>\n<td width=\"125\">300<\/td>\n<td width=\"326\">2.7L, 3.5L, 5.7L<\/td>\n<td width=\"331\">Tarcze hamulcowe 345 mm<\/td>\n<\/tr>\n<tr>\n<td width=\"81\">2008<\/td>\n<td width=\"81\">Dodge<\/td>\n<td width=\"125\">Charger<\/td>\n<td width=\"326\">2.7L, 3.5L, 5.7L<\/td>\n<td width=\"331\">Tarcze hamulcowe 345 mm<\/td>\n<\/tr>\n<tr>\n<td width=\"81\">2008<\/td>\n<td width=\"81\">Dodge<\/td>\n<td width=\"125\">Magnum<\/td>\n<td width=\"326\">2.7L, 3.5L, 5.7L<\/td>\n<td width=\"331\">Tarcze hamulcowe 345 mm<\/td>\n<\/tr>\n<tr>\n<td width=\"81\">2007<\/td>\n<td width=\"81\">Chrysler<\/td>\n<td width=\"125\">300<\/td>\n<td width=\"326\">2.7L, 3.5L, 5.7L<\/td>\n<td width=\"331\">Tarcze hamulcowe 345 mm<\/td>\n<\/tr>\n<tr>\n<td width=\"81\">2007<\/td>\n<td width=\"81\">Dodge<\/td>\n<td width=\"125\">Charger<\/td>\n<td width=\"326\">2.7L, 3.5L, 5.7L<\/td>\n<td width=\"331\">Tarcze hamulcowe 345 mm<\/td>\n<\/tr>\n<tr>\n<td width=\"81\">2007<\/td>\n<td width=\"81\">Dodge<\/td>\n<td width=\"125\">Magnum<\/td>\n<td width=\"326\">2.7L, 3.5L, 5.7L<\/td>\n<td width=\"331\">Tarcze hamulcowe 345 mm<\/td>\n<\/tr>\n<tr>\n<td width=\"81\">2006<\/td>\n<td width=\"81\">Chrysler<\/td>\n<td width=\"125\">300<\/td>\n<td width=\"326\">2.7L, 3.5L, 5.7L<\/td>\n<td width=\"331\">Tarcze hamulcowe 345 mm<\/td>\n<\/tr>\n<tr>\n<td width=\"81\">2006<\/td>\n<td width=\"81\">Dodge<\/td>\n<td width=\"125\">Charger<\/td>\n<td width=\"326\">3.5L, 5.7L<\/td>\n<td width=\"331\">Tarcze hamulcowe 345 mm<\/td>\n<\/tr>\n<tr>\n<td width=\"81\">2006<\/td>\n<td width=\"81\">Dodge<\/td>\n<td width=\"125\">Magnum<\/td>\n<td width=\"326\">2.7L, 3.5L, 5.7L<\/td>\n<td width=\"331\">Tarcze hamulcowe 345 mm<\/td>\n<\/tr>\n<tr>\n<td width=\"81\">2005<\/td>\n<td width=\"81\">Chrysler<\/td>\n<td width=\"125\">300<\/td>\n<td width=\"326\">2.7L, 3.5L, 5.7L<\/td>\n<td width=\"331\">Tarcze hamulcowe 345 mm<\/td>\n<\/tr>\n<tr>\n<td width=\"81\">2005<\/td>\n<td width=\"81\">Dodge<\/td>\n<td width=\"125\">Magnum<\/td>\n<td width=\"326\">2.7L, 3.5L, 5.7L<\/td>\n<td width=\"331\">Tarcze hamulcowe 345 mm<\/td>\n<\/tr>\n<\/tbody>\n<\/table>\n<p>&nbsp;<\/p>\n<p><strong>Zakres dostawy:<\/strong><\/p>\n<ul>\n<li>1 T\u0142ok<\/li>\n<li>2 uszczelki<\/li>\n<\/ul>\n<p>&nbsp;<\/p>\n<h4>Dlaczego warto wybra\u0107 oryginalne cz\u0119\u015bci zamienne Mopar?<\/h4>\n<p><strong>Idealne dopasowanie i najwy\u017csza jako\u015b\u0107:<\/strong> Oryginalne cz\u0119\u015bci zamienne Mopar s\u0105 produkowane zgodnie ze \u015bcis\u0142ymi specyfikacjami producenta, co oznacza, \u017ce idealnie pasuj\u0105 do Twojego pojazdu. Zapewnia to nie tylko \u0142atw\u0105 instalacj\u0119, ale tak\u017ce optymaln\u0105 funkcjonalno\u015b\u0107 i bezpiecze\u0144stwo.<\/p>\n<p><strong>Niezawodno\u015b\u0107 i trwa\u0142o\u015b\u0107:<\/strong> Dzi\u0119ki zastosowaniu wysokiej jako\u015bci materia\u0142\u00f3w i rygorystycznej kontroli jako\u015bci, cz\u0119\u015bci zamienne Mopar zapewniaj\u0105 niezawodne dzia\u0142anie pojazdu nawet w ekstremalnych warunkach. Zosta\u0142y zaprojektowane z my\u015bl\u0105 o trwa\u0142o\u015bci i maksymalizacji osi\u0105g\u00f3w pojazdu.<\/p>\n<p>&nbsp;<\/p>","protected":false},"excerpt":{"rendered":"<p>Oryginalna cz\u0119\u015b\u0107 Mopar<\/p>\n<p>Nadaje si\u0119 do tarcz hamulcowych 345 mm<\/p>","protected":false},"featured_media":68343698,"comment_status":"open","ping_status":"closed","template":"","meta":{"_acf_changed":false},"product_brand":[16270],"product_cat":[17805,17806,17807,17808,17809,17812,17817,17813,17818,17819,17820,17821,17831,17832],"product_tag":[18860,18859,17906,17907,7567,7565,740,409,31,8813,9424,16271,16273,16275,16272,16274,7221],"class_list":{"0":"post-68343113","1":"product","2":"type-product","3":"status-publish","4":"has-post-thumbnail","6":"product_brand-mopar","7":"product_cat-300c-30-diesel-bremsenteile-zubehoer","8":"product_cat-300c-35-bremsenteile-zubehoer","9":"product_cat-300c-36-bremsenteile-zubehoer","10":"product_cat-300c-57-2005-2010-bremsenteile-zubehoer","11":"product_cat-300c-57-2011-2023-bremsenteile-zubehoer","12":"product_cat-challenger-35-bremsenteile-zubehoer","13":"product_cat-challenger-36-bremsenteile-zubehoer","14":"product_cat-challenger-57-bremsenteile-zubehoer","15":"product_cat-charger-35-bremsenteile-zubehoer","16":"product_cat-charger-36-bremsenteile-zubehoer","17":"product_cat-charger-57-2005-2010-bremsenteile-zubehoer","18":"product_cat-charger-57-2011-2023-bremsenteile-zubehoer","19":"product_cat-magnum-35-bremsenteile-zubehoer","20":"product_cat-magnum-57-bremsenteile-zubehoer","21":"product_tag-05137665aa","22":"product_tag-05137665ab","23":"product_tag-5137665aa","24":"product_tag-5137665ab","25":"product_tag-bremskolben","26":"product_tag-bremssattel","27":"product_tag-dichtungen","28":"product_tag-kolben","29":"product_tag-mopar","30":"product_tag-mopar-autoteile","31":"product_tag-mopar-ersatzteile","32":"product_tag-mopar-ersatzteile-kaufen","33":"product_tag-mopar-performance-teile","34":"product_tag-mopar-teile-katalog","35":"product_tag-mopar-teile-online","36":"product_tag-mopar-tuningteile","37":"product_tag-mopar10","39":"first","40":"instock","41":"taxable","42":"shipping-taxable","43":"purchasable","44":"product-type-simple"},"bundled_by":[],"bundle_stock_status":"instock","bundle_stock_quantity":2,"bundle_virtual":false,"bundle_layout":"","bundle_add_to_cart_form_location":"","bundle_editable_in_cart":false,"bundle_sold_individually_context":"","bundle_item_grouping":"","bundle_min_size":"","bundle_max_size":"","bundle_price":[],"bundled_items":[],"bundle_sell_ids":[],"exclude_global_add_ons":[],"addons":[],"acf":[],"_links":{"self":[{"href":"https:\/\/kraftwerk-shop.cc\/pl\/wp-json\/wp\/v2\/product\/68343113","targetHints":{"allow":["GET"]}}],"collection":[{"href":"https:\/\/kraftwerk-shop.cc\/pl\/wp-json\/wp\/v2\/product"}],"about":[{"href":"https:\/\/kraftwerk-shop.cc\/pl\/wp-json\/wp\/v2\/types\/product"}],"replies":[{"embeddable":true,"href":"https:\/\/kraftwerk-shop.cc\/pl\/wp-json\/wp\/v2\/comments?post=68343113"}],"version-history":[{"count":0,"href":"https:\/\/kraftwerk-shop.cc\/pl\/wp-json\/wp\/v2\/product\/68343113\/revisions"}],"wp:featuredmedia":[{"embeddable":true,"href":"https:\/\/kraftwerk-shop.cc\/pl\/wp-json\/wp\/v2\/media\/68343698"}],"wp:attachment":[{"href":"https:\/\/kraftwerk-shop.cc\/pl\/wp-json\/wp\/v2\/media?parent=68343113"}],"wp:term":[{"taxonomy":"product_brand","embeddable":true,"href":"https:\/\/kraftwerk-shop.cc\/pl\/wp-json\/wp\/v2\/product_brand?post=68343113"},{"taxonomy":"product_cat","embeddable":true,"href":"https:\/\/kraftwerk-shop.cc\/pl\/wp-json\/wp\/v2\/product_cat?post=68343113"},{"taxonomy":"product_tag","embeddable":true,"href":"https:\/\/kraftwerk-shop.cc\/pl\/wp-json\/wp\/v2\/product_tag?post=68343113"}],"curies":[{"name":"wp","href":"https:\/\/api.w.org\/{rel}","templated":true}]}}