{"id":68343141,"date":"2025-07-12T13:04:42","date_gmt":"2025-07-12T11:04:42","guid":{"rendered":"https:\/\/kraftwerk-shop.cc\/?post_type=product&#038;p=68343141"},"modified":"2026-02-15T01:22:17","modified_gmt":"2026-02-15T00:22:17","slug":"sruba-mopar-6510302aa","status":"publish","type":"product","link":"https:\/\/kraftwerk-shop.cc\/pl\/produkt\/mopar-schraube-6510302aa\/","title":{"rendered":"\u015aruba Mopar (6510302AA)"},"content":{"rendered":"<h1>Oryginalna przykr\u0119cana os\u0142ona przeciwpy\u0142owa Mopar (6510302AA) do Chrysler, 300C, Dodge, Challenger i Charger od 2011 do 2023 r.<\/h1>\n<p>&nbsp;<\/p>\n<p><span lang=\"DE\"><strong>Numer cz\u0119\u015bci Mopar:<\/strong>\u00a06510302AA<br \/>\n<strong>Zast\u0105piony: <\/strong><span class=\"list-value\">\u2014<\/span><\/span><\/p>\n<p>&nbsp;<\/p>\n<p><strong>Odpowiedni dla:<\/strong><\/p>\n<table>\n<tbody>\n<tr>\n<td width=\"81\"><strong>Rok<\/strong><\/td>\n<td width=\"81\"><strong>Marka<\/strong><\/td>\n<td width=\"125\"><strong>Model<\/strong><\/td>\n<td width=\"195\"><strong>Silnik<\/strong><\/td>\n<td width=\"331\"><strong>Hamulec<\/strong><\/td>\n<\/tr>\n<tr>\n<td width=\"81\">2023<\/td>\n<td width=\"81\">Chrysler<\/td>\n<td width=\"125\">300<\/td>\n<td width=\"195\">3.6L, 5.7L<\/td>\n<td width=\"331\">Tarcze hamulcowe 345 mm<\/td>\n<\/tr>\n<tr>\n<td width=\"81\">2023<\/td>\n<td width=\"81\">Dodge<\/td>\n<td width=\"125\">Challenger<\/td>\n<td width=\"195\">3.6L, 5.7L<\/td>\n<td width=\"331\">Tarcze hamulcowe 345 mm<\/td>\n<\/tr>\n<tr>\n<td width=\"81\">2023<\/td>\n<td width=\"81\">Dodge<\/td>\n<td width=\"125\">Charger<\/td>\n<td width=\"195\">3.6L, 5.7L<\/td>\n<td width=\"331\">Tarcze hamulcowe 345 mm<\/td>\n<\/tr>\n<tr>\n<td width=\"81\">2022<\/td>\n<td width=\"81\">Chrysler<\/td>\n<td width=\"125\">300<\/td>\n<td width=\"195\">3.6L, 5.7L<\/td>\n<td width=\"331\">Tarcze hamulcowe 345 mm<\/td>\n<\/tr>\n<tr>\n<td width=\"81\">2022<\/td>\n<td width=\"81\">Dodge<\/td>\n<td width=\"125\">Challenger<\/td>\n<td width=\"195\">3.6L, 5.7L<\/td>\n<td width=\"331\">Tarcze hamulcowe 345 mm<\/td>\n<\/tr>\n<tr>\n<td width=\"81\">2022<\/td>\n<td width=\"81\">Dodge<\/td>\n<td width=\"125\">Charger<\/td>\n<td width=\"195\">3.6L, 5.7L<\/td>\n<td width=\"331\">Tarcze hamulcowe 345 mm<\/td>\n<\/tr>\n<tr>\n<td width=\"81\">2021<\/td>\n<td width=\"81\">Chrysler<\/td>\n<td width=\"125\">300<\/td>\n<td width=\"195\">3.6L, 5.7L<\/td>\n<td width=\"331\">Tarcze hamulcowe 345 mm<\/td>\n<\/tr>\n<tr>\n<td width=\"81\">2021<\/td>\n<td width=\"81\">Dodge<\/td>\n<td width=\"125\">Challenger<\/td>\n<td width=\"195\">3.6L, 5.7L<\/td>\n<td width=\"331\">Tarcze hamulcowe 345 mm<\/td>\n<\/tr>\n<tr>\n<td width=\"81\">2021<\/td>\n<td width=\"81\">Dodge<\/td>\n<td width=\"125\">Charger<\/td>\n<td width=\"195\">3.6L, 5.7L<\/td>\n<td width=\"331\">Tarcze hamulcowe 345 mm<\/td>\n<\/tr>\n<tr>\n<td width=\"81\">2020<\/td>\n<td width=\"81\">Chrysler<\/td>\n<td width=\"125\">300<\/td>\n<td width=\"195\">3.6L, 5.7L<\/td>\n<td width=\"331\">Tarcze hamulcowe 345 mm<\/td>\n<\/tr>\n<tr>\n<td width=\"81\">2020<\/td>\n<td width=\"81\">Dodge<\/td>\n<td width=\"125\">Challenger<\/td>\n<td width=\"195\">3.6L, 5.7L<\/td>\n<td width=\"331\">Tarcze hamulcowe 345 mm<\/td>\n<\/tr>\n<tr>\n<td width=\"81\">2020<\/td>\n<td width=\"81\">Dodge<\/td>\n<td width=\"125\">Charger<\/td>\n<td width=\"195\">3.6L, 5.7L<\/td>\n<td width=\"331\">Tarcze hamulcowe 345 mm<\/td>\n<\/tr>\n<tr>\n<td width=\"81\">2019<\/td>\n<td width=\"81\">Chrysler<\/td>\n<td width=\"125\">300<\/td>\n<td width=\"195\">3.6L, 5.7L<\/td>\n<td width=\"331\">Tarcze hamulcowe 345 mm<\/td>\n<\/tr>\n<tr>\n<td width=\"81\">2019<\/td>\n<td width=\"81\">Dodge<\/td>\n<td width=\"125\">Challenger<\/td>\n<td width=\"195\">3.6L, 5.7L<\/td>\n<td width=\"331\">Tarcze hamulcowe 345 mm<\/td>\n<\/tr>\n<tr>\n<td width=\"81\">2019<\/td>\n<td width=\"81\">Dodge<\/td>\n<td width=\"125\">Charger<\/td>\n<td width=\"195\">3.6L, 5.7L<\/td>\n<td width=\"331\">Tarcze hamulcowe 345 mm<\/td>\n<\/tr>\n<tr>\n<td width=\"81\">2018<\/td>\n<td width=\"81\">Chrysler<\/td>\n<td width=\"125\">300<\/td>\n<td width=\"195\">3.6L, 5.7L<\/td>\n<td width=\"331\">Tarcze hamulcowe 345 mm<\/td>\n<\/tr>\n<tr>\n<td width=\"81\">2018<\/td>\n<td width=\"81\">Dodge<\/td>\n<td width=\"125\">Challenger<\/td>\n<td width=\"195\">3.6L, 5.7L<\/td>\n<td width=\"331\">Tarcze hamulcowe 345 mm<\/td>\n<\/tr>\n<tr>\n<td width=\"81\">2018<\/td>\n<td width=\"81\">Dodge<\/td>\n<td width=\"125\">Charger<\/td>\n<td width=\"195\">3.6L, 5.7L<\/td>\n<td width=\"331\">Tarcze hamulcowe 345 mm<\/td>\n<\/tr>\n<tr>\n<td width=\"81\">2017<\/td>\n<td width=\"81\">Chrysler<\/td>\n<td width=\"125\">300<\/td>\n<td width=\"195\">3.6L, 5.7L<\/td>\n<td width=\"331\">Tarcze hamulcowe 345 mm<\/td>\n<\/tr>\n<tr>\n<td width=\"81\">2017<\/td>\n<td width=\"81\">Dodge<\/td>\n<td width=\"125\">Challenger<\/td>\n<td width=\"195\">3.6L, 5.7L<\/td>\n<td width=\"331\">Tarcze hamulcowe 345 mm<\/td>\n<\/tr>\n<tr>\n<td width=\"81\">2017<\/td>\n<td width=\"81\">Dodge<\/td>\n<td width=\"125\">Charger<\/td>\n<td width=\"195\">3.6L, 5.7L<\/td>\n<td width=\"331\">Tarcze hamulcowe 345 mm<\/td>\n<\/tr>\n<tr>\n<td width=\"81\">2016<\/td>\n<td width=\"81\">Chrysler<\/td>\n<td width=\"125\">300<\/td>\n<td width=\"195\">3.6L, 5.7L<\/td>\n<td width=\"331\">Tarcze hamulcowe 345 mm<\/td>\n<\/tr>\n<tr>\n<td width=\"81\">2016<\/td>\n<td width=\"81\">Dodge<\/td>\n<td width=\"125\">Challenger<\/td>\n<td width=\"195\">3.6L, 5.7L<\/td>\n<td width=\"331\">Tarcze hamulcowe 345 mm<\/td>\n<\/tr>\n<tr>\n<td width=\"81\">2016<\/td>\n<td width=\"81\">Dodge<\/td>\n<td width=\"125\">Charger<\/td>\n<td width=\"195\">3.6L, 5.7L<\/td>\n<td width=\"331\">Tarcze hamulcowe 345 mm<\/td>\n<\/tr>\n<tr>\n<td width=\"81\">2015<\/td>\n<td width=\"81\">Chrysler<\/td>\n<td width=\"125\">300<\/td>\n<td width=\"195\">3.6L, 5.7L<\/td>\n<td width=\"331\">Tarcze hamulcowe 345 mm<\/td>\n<\/tr>\n<tr>\n<td width=\"81\">2015<\/td>\n<td width=\"81\">Dodge<\/td>\n<td width=\"125\">Challenger<\/td>\n<td width=\"195\">3.6L, 5.7L<\/td>\n<td width=\"331\">Tarcze hamulcowe 345 mm<\/td>\n<\/tr>\n<tr>\n<td width=\"81\">2015<\/td>\n<td width=\"81\">Dodge<\/td>\n<td width=\"125\">Charger<\/td>\n<td width=\"195\">3.6L, 5.7L<\/td>\n<td width=\"331\">Tarcze hamulcowe 345 mm<\/td>\n<\/tr>\n<tr>\n<td width=\"81\">2014<\/td>\n<td width=\"81\">Chrysler<\/td>\n<td width=\"125\">200<\/td>\n<td width=\"195\">2.4L, 3.6L<\/td>\n<td width=\"331\">Tarcze hamulcowe 345 mm<\/td>\n<\/tr>\n<tr>\n<td width=\"81\">2014<\/td>\n<td width=\"81\">Chrysler<\/td>\n<td width=\"125\">300<\/td>\n<td width=\"195\">3.6L, 5.7L<\/td>\n<td width=\"331\">Tarcze hamulcowe 345 mm<\/td>\n<\/tr>\n<tr>\n<td width=\"81\">2014<\/td>\n<td width=\"81\">Dodge<\/td>\n<td width=\"125\">Challenger<\/td>\n<td width=\"195\">3.6L, 5.7L<\/td>\n<td width=\"331\">Tarcze hamulcowe 345 mm<\/td>\n<\/tr>\n<tr>\n<td width=\"81\">2014<\/td>\n<td width=\"81\">Dodge<\/td>\n<td width=\"125\">Charger<\/td>\n<td width=\"195\">3.6L, 5.7L<\/td>\n<td width=\"331\">Tarcze hamulcowe 345 mm<\/td>\n<\/tr>\n<tr>\n<td width=\"81\">2013<\/td>\n<td width=\"81\">Chrysler<\/td>\n<td width=\"125\">200<\/td>\n<td width=\"195\">2.4L, 3.6L<\/td>\n<td width=\"331\">Tarcze hamulcowe 345 mm<\/td>\n<\/tr>\n<tr>\n<td width=\"81\">2013<\/td>\n<td width=\"81\">Chrysler<\/td>\n<td width=\"125\">300<\/td>\n<td width=\"195\">3.6L, 5.7L<\/td>\n<td width=\"331\">Tarcze hamulcowe 345 mm<\/td>\n<\/tr>\n<tr>\n<td width=\"81\">2013<\/td>\n<td width=\"81\">Dodge<\/td>\n<td width=\"125\">Challenger<\/td>\n<td width=\"195\">3.6L, 5.7L<\/td>\n<td width=\"331\">Tarcze hamulcowe 345 mm<\/td>\n<\/tr>\n<tr>\n<td width=\"81\">2013<\/td>\n<td width=\"81\">Dodge<\/td>\n<td width=\"125\">Charger<\/td>\n<td width=\"195\">3.6L, 5.7L<\/td>\n<td width=\"331\">Tarcze hamulcowe 345 mm<\/td>\n<\/tr>\n<tr>\n<td width=\"81\">2012<\/td>\n<td width=\"81\">Chrysler<\/td>\n<td width=\"125\">200<\/td>\n<td width=\"195\">2.4L, 3.6L<\/td>\n<td width=\"331\">Tarcze hamulcowe 345 mm<\/td>\n<\/tr>\n<tr>\n<td width=\"81\">2012<\/td>\n<td width=\"81\">Chrysler<\/td>\n<td width=\"125\">300<\/td>\n<td width=\"195\">3.6L, 5.7L<\/td>\n<td width=\"331\">Tarcze hamulcowe 345 mm<\/td>\n<\/tr>\n<tr>\n<td width=\"81\">2012<\/td>\n<td width=\"81\">Dodge<\/td>\n<td width=\"125\">Challenger<\/td>\n<td width=\"195\">3.6L, 5.7L<\/td>\n<td width=\"331\">Tarcze hamulcowe 345 mm<\/td>\n<\/tr>\n<tr>\n<td width=\"81\">2012<\/td>\n<td width=\"81\">Dodge<\/td>\n<td width=\"125\">Charger<\/td>\n<td width=\"195\">3.6L, 5.7L<\/td>\n<td width=\"331\">Tarcze hamulcowe 345 mm<\/td>\n<\/tr>\n<tr>\n<td width=\"81\">2011<\/td>\n<td width=\"81\">Chrysler<\/td>\n<td width=\"125\">300<\/td>\n<td width=\"195\">3.6L, 5.7L<\/td>\n<td width=\"331\">Tarcze hamulcowe 345 mm<\/td>\n<\/tr>\n<tr>\n<td width=\"81\">2011<\/td>\n<td width=\"81\">Dodge<\/td>\n<td width=\"125\">Challenger<\/td>\n<td width=\"195\">3.6L, 5.7L,<\/td>\n<td width=\"331\">Tarcze hamulcowe 345 mm<\/td>\n<\/tr>\n<tr>\n<td width=\"81\">2011<\/td>\n<td width=\"81\">Dodge<\/td>\n<td width=\"125\">Charger<\/td>\n<td width=\"195\">3.6L, 5.7L<\/td>\n<td width=\"331\">Tarcze hamulcowe 345 mm<\/td>\n<\/tr>\n<\/tbody>\n<\/table>\n<p>&nbsp;<\/p>\n<h4>Dlaczego warto wybra\u0107 oryginalne cz\u0119\u015bci zamienne Mopar?<\/h4>\n<p><strong>Idealne dopasowanie i najwy\u017csza jako\u015b\u0107:<\/strong> Oryginalne cz\u0119\u015bci zamienne Mopar s\u0105 produkowane zgodnie ze \u015bcis\u0142ymi specyfikacjami producenta, co oznacza, \u017ce idealnie pasuj\u0105 do Twojego pojazdu. Zapewnia to nie tylko \u0142atw\u0105 instalacj\u0119, ale tak\u017ce optymaln\u0105 funkcjonalno\u015b\u0107 i bezpiecze\u0144stwo.<\/p>\n<p><strong>Niezawodno\u015b\u0107 i trwa\u0142o\u015b\u0107:<\/strong> Dzi\u0119ki zastosowaniu wysokiej jako\u015bci materia\u0142\u00f3w i rygorystycznej kontroli jako\u015bci, cz\u0119\u015bci zamienne Mopar zapewniaj\u0105 niezawodne dzia\u0142anie pojazdu nawet w ekstremalnych warunkach. Zosta\u0142y zaprojektowane z my\u015bl\u0105 o trwa\u0142o\u015bci i maksymalizacji osi\u0105g\u00f3w pojazdu.<\/p>\n<p>&nbsp;<\/p>\n<p>&nbsp;<\/p>\n<h4>Dlaczego oryginalne cz\u0119\u015bci Mopar to najlepszy wyb\u00f3r<\/h4>\n<p><strong>Bezpo\u015brednio od producenta - idealnie dopasowane<\/strong>Jako oryginalny producent, Mopar dostarcza dok\u0142adnie te cz\u0119\u015bci, kt\u00f3re zosta\u0142y ju\u017c fabrycznie zamontowane w Twoim poje\u017adzie. Ka\u017cda cz\u0119\u015b\u0107 jest specjalnie opracowana dla danego modelu i odpowiada specyfikacji technicznej 100 % - dla idealnego dopasowania, optymalnej wydajno\u015bci i maksymalnego bezpiecze\u0144stwa.<\/p>\n<p><strong>Jako\u015b\u0107, kt\u00f3rej mo\u017cna zaufa\u0107:<\/strong> Mopar polega na rygorystycznie testowanych materia\u0142ach i najwy\u017cszych standardach produkcji. Rezultatem s\u0105 trwa\u0142e i niezawodne komponenty, kt\u00f3re sprawdzaj\u0105 si\u0119 nawet w ekstremalnych warunkach - dzi\u0119ki czemu pojazd dzia\u0142a tak, jak powinien przez d\u0142ugi czas.<\/p>\n<p>&nbsp;<\/p>\n<h4>Tw\u00f3j pierwszy wyb\u00f3r: oryginalne cz\u0119\u015bci Mopar<\/h4>\n<p><strong>Oryginalna jako\u015b\u0107 od producenta:<\/strong> Mopar zna Tw\u00f3j pojazd w najdrobniejszych szczeg\u00f3\u0142ach - w ko\u0144cu ka\u017cda oryginalna cz\u0119\u015b\u0107 pochodzi bezpo\u015brednio od producenta. Komponenty s\u0105 precyzyjnie dopasowane do modelu i spe\u0142niaj\u0105 wszystkie specyfikacje fabryczne. Oznacza to: precyzyjny monta\u017c, optymalne dzia\u0142anie i maksymalne bezpiecze\u0144stwo.<\/p>\n<p><strong>Sprawdzona trwa\u0142o\u015b\u0107 i niezawodno\u015b\u0107<\/strong>Oryginalne cz\u0119\u015bci Mopar to sprawdzona jako\u015b\u0107 i solidne materia\u0142y. Zosta\u0142y one przetestowane i opracowane w rzeczywistych warunkach, aby zapewni\u0107 wysok\u0105 wydajno\u015b\u0107 przez d\u0142ugi czas - bez wzgl\u0119du na to, jak trudne s\u0105 warunki pracy.<\/p>\n<p>&nbsp;<\/p>\n<p>&nbsp;<\/p>\n<h4>Zaufaj oryginalnym cz\u0119\u015bciom Mopar<\/h4>\n<p><strong>Precyzyjne dopasowanie i sprawdzona jako\u015b\u0107 producenta:<\/strong> Mopar dostarcza oryginalne cz\u0119\u015bci, kt\u00f3re zosta\u0142y opracowane specjalnie dla Twojego pojazdu - nie na zam\u00f3wienie, ale oryginalne. Ka\u017cda cz\u0119\u015b\u0107 spe\u0142nia dok\u0142adne standardy fabryczne i dlatego gwarantuje bezproblemow\u0105 instalacj\u0119, pe\u0142n\u0105 funkcjonalno\u015b\u0107 i maksymalne bezpiecze\u0144stwo.<\/p>\n<p><strong>D\u0142ugowieczno\u015b\u0107, na kt\u00f3r\u0105 mo\u017cna liczy\u0107:<\/strong> Oryginalne cz\u0119\u015bci Mopar s\u0105 produkowane z trwa\u0142ych materia\u0142\u00f3w i poddawane rygorystycznym testom jako\u015bci. Rezultat: maksymalna niezawodno\u015b\u0107 nawet przy intensywnym u\u017cytkowaniu - dla d\u0142ugoterminowego utrzymania warto\u015bci i sta\u0142ej wydajno\u015bci pojazdu.<\/p>\n<p>&nbsp;<\/p>\n<h4>Oryginalne cz\u0119\u015bci Mopar - jako\u015b\u0107 bezpo\u015brednio od producenta<\/h4>\n<p><strong>Precyzja zgodna z wymaganiami producenta:<\/strong> Jako producent oryginalnych cz\u0119\u015bci, Mopar dostarcza komponenty, kt\u00f3re dok\u0142adnie odpowiadaj\u0105 specyfikacjom Twojego pojazdu. Precyzyjna produkcja zapewnia bezproblemow\u0105 instalacj\u0119 i zgodno\u015b\u0107 ze wszystkimi wymogami bezpiecze\u0144stwa.<\/p>\n<p><strong>Trwa\u0142o\u015b\u0107 i niezawodno\u015b\u0107:<\/strong> Oryginalne cz\u0119\u015bci Mopar s\u0105 produkowane z wysokiej jako\u015bci materia\u0142\u00f3w i podlegaj\u0105 rygorystycznym testom jako\u015bci. Zosta\u0142y zaprojektowane z my\u015bl\u0105 o d\u0142ugiej \u017cywotno\u015bci i zapewniaj\u0105 sta\u0142\u0105 wydajno\u015b\u0107 nawet przy intensywnym u\u017cytkowaniu.<\/p>\n<p>&nbsp;<\/p>","protected":false},"excerpt":{"rendered":"<p>Oryginalna cz\u0119\u015b\u0107 Mopar<\/p>","protected":false},"featured_media":68343544,"comment_status":"open","ping_status":"closed","template":"","meta":{"_acf_changed":false},"product_brand":[16270],"product_cat":[10262,17807,17809,17817,17813,17819,17821],"product_tag":[17867,31,8813,9424,16271,16273,16275,16272,16274,7221,654,17868],"class_list":{"0":"post-68343141","1":"product","2":"type-product","3":"status-publish","4":"has-post-thumbnail","6":"product_brand-mopar","7":"product_cat-alle-produkte","8":"product_cat-300c-36-bremsenteile-zubehoer","9":"product_cat-300c-57-2011-2023-bremsenteile-zubehoer","10":"product_cat-challenger-36-bremsenteile-zubehoer","11":"product_cat-challenger-57-bremsenteile-zubehoer","12":"product_cat-charger-36-bremsenteile-zubehoer","13":"product_cat-charger-57-2011-2023-bremsenteile-zubehoer","14":"product_tag-6510302aa","15":"product_tag-mopar","16":"product_tag-mopar-autoteile","17":"product_tag-mopar-ersatzteile","18":"product_tag-mopar-ersatzteile-kaufen","19":"product_tag-mopar-performance-teile","20":"product_tag-mopar-teile-katalog","21":"product_tag-mopar-teile-online","22":"product_tag-mopar-tuningteile","23":"product_tag-mopar10","24":"product_tag-schraube","25":"product_tag-staubschutzblech","27":"first","28":"instock","29":"taxable","30":"shipping-taxable","31":"purchasable","32":"product-type-simple"},"bundled_by":[],"bundle_stock_status":"instock","bundle_stock_quantity":8,"bundle_virtual":false,"bundle_layout":"","bundle_add_to_cart_form_location":"","bundle_editable_in_cart":false,"bundle_sold_individually_context":"","bundle_item_grouping":"","bundle_min_size":"","bundle_max_size":"","bundle_price":[],"bundled_items":[],"bundle_sell_ids":[],"exclude_global_add_ons":[],"addons":[],"acf":[],"_links":{"self":[{"href":"https:\/\/kraftwerk-shop.cc\/pl\/wp-json\/wp\/v2\/product\/68343141","targetHints":{"allow":["GET"]}}],"collection":[{"href":"https:\/\/kraftwerk-shop.cc\/pl\/wp-json\/wp\/v2\/product"}],"about":[{"href":"https:\/\/kraftwerk-shop.cc\/pl\/wp-json\/wp\/v2\/types\/product"}],"replies":[{"embeddable":true,"href":"https:\/\/kraftwerk-shop.cc\/pl\/wp-json\/wp\/v2\/comments?post=68343141"}],"version-history":[{"count":0,"href":"https:\/\/kraftwerk-shop.cc\/pl\/wp-json\/wp\/v2\/product\/68343141\/revisions"}],"wp:featuredmedia":[{"embeddable":true,"href":"https:\/\/kraftwerk-shop.cc\/pl\/wp-json\/wp\/v2\/media\/68343544"}],"wp:attachment":[{"href":"https:\/\/kraftwerk-shop.cc\/pl\/wp-json\/wp\/v2\/media?parent=68343141"}],"wp:term":[{"taxonomy":"product_brand","embeddable":true,"href":"https:\/\/kraftwerk-shop.cc\/pl\/wp-json\/wp\/v2\/product_brand?post=68343141"},{"taxonomy":"product_cat","embeddable":true,"href":"https:\/\/kraftwerk-shop.cc\/pl\/wp-json\/wp\/v2\/product_cat?post=68343141"},{"taxonomy":"product_tag","embeddable":true,"href":"https:\/\/kraftwerk-shop.cc\/pl\/wp-json\/wp\/v2\/product_tag?post=68343141"}],"curies":[{"name":"wp","href":"https:\/\/api.w.org\/{rel}","templated":true}]}}