{"id":68346153,"date":"2025-07-20T00:58:41","date_gmt":"2025-07-19T22:58:41","guid":{"rendered":"https:\/\/kraftwerk-shop.cc\/?post_type=product&#038;p=68346153"},"modified":"2026-03-24T14:28:07","modified_gmt":"2026-03-24T13:28:07","slug":"klocki-hamulcowe-bproauto-1bp00303aa","status":"publish","type":"product","link":"https:\/\/kraftwerk-shop.cc\/pl\/produkt\/bproauto-bremsbelaege-1bp00303aa\/","title":{"rendered":"Klocki hamulcowe bproauto (1BP00303AA)"},"content":{"rendered":"<h1>Klocki hamulcowe bproauto 1BP00303AA do Chrysler, 300C, Dodge, Challenger, Charger i Magnum 3.5, 3.6 i 5.7 od 2005 do 2023 (tylna o\u015b)<\/h1>\n<p>&nbsp;<\/p>\n<p><span lang=\"DE\"><strong>Liczby por\u00f3wnawcze Mopar:<\/strong> 5139191AA , 5142561AA, 5142561AB, 5142566AA, 5142566AB, 5142566AC, <span class=\"list-value sku-display\">68504576AA<\/span>, <span class=\"list-value sku-display\">68504576AB<\/span><\/span><\/p>\n<p>&nbsp;<\/p>\n<p><strong>Odpowiedni dla:<\/strong><\/p>\n<table width=\"0\">\n<tbody>\n<tr>\n<td width=\"64\">Chrysler<\/td>\n<td width=\"100\">300C<\/td>\n<td width=\"163\">3.0 CRD, 3.5, 3.6, 5.7<\/td>\n<td width=\"305\">wszystkie lata budowy, tarcza hamulcowa 320 mm<\/td>\n<\/tr>\n<tr>\n<td width=\"64\">Dodge<\/td>\n<td width=\"100\">Challenger<\/td>\n<td width=\"163\">3.5, 3.6, 5.7<\/td>\n<td width=\"305\">wszystkie lata budowy, tarcza hamulcowa 320 mm<\/td>\n<\/tr>\n<tr>\n<td width=\"64\">Dodge<\/td>\n<td width=\"100\">Charger<\/td>\n<td width=\"163\">3.5, 3.6, 5.7<\/td>\n<td width=\"305\">wszystkie lata budowy, tarcza hamulcowa 320 mm<\/td>\n<\/tr>\n<tr>\n<td width=\"64\">Dodge<\/td>\n<td width=\"100\">Magnum<\/td>\n<td width=\"163\">3.5, 5.7<\/td>\n<td width=\"305\">wszystkie lata budowy, tarcza hamulcowa 320 mm<\/td>\n<\/tr>\n<tr>\n<td width=\"64\">Lancia<\/td>\n<td width=\"100\">Temat<\/td>\n<td width=\"163\">3.0 MultiJet, 3.6<\/td>\n<td width=\"305\">wszystkie lata budowy, tarcza hamulcowa 320 mm<\/td>\n<\/tr>\n<\/tbody>\n<\/table>\n<p>&nbsp;<\/p>\n<p>&nbsp;<\/p>\n<p>&nbsp;<\/p>\n<h4>O bproauto<\/h4>\n<p>bproauto to marka cz\u0119\u015bci zamiennych Stellantis, kt\u00f3ra zosta\u0142a opracowana specjalnie w celu zapewnienia wysokiej jako\u015bci cz\u0119\u015bci zamiennych do pojazd\u00f3w marek Chrysler, Dodge, Jeep i RAM. Cel: zaoferowanie w\u0142a\u015bcicielom pojazd\u00f3w atrakcyjnej cenowo, niezawodnej i wysokiej jako\u015bci alternatywy dla oryginalnych cz\u0119\u015bci zamiennych - bez kompromis\u00f3w w zakresie jako\u015bci, dok\u0142adno\u015bci dopasowania i bezpiecze\u0144stwa.<br \/>\nJako\u015b\u0107 OEM dla rynku wt\u00f3rnego.<\/p>\n<p>bproauto oferuje szerok\u0105 gam\u0119 cz\u0119\u015bci zamiennych, kt\u00f3re s\u0105 produkowane i dok\u0142adnie testowane zgodnie z rygorystycznymi standardami oryginalnego wyposa\u017cenia (O.E.). Produkty s\u0105 zaprojektowane tak, aby dok\u0142adnie odpowiada\u0142y specyfikacjom odpowiednich modeli pojazd\u00f3w - zar\u00f3wno pod wzgl\u0119dem wydajno\u015bci, jak i dopasowania.<\/p>\n<p>&nbsp;<\/p>","protected":false},"excerpt":{"rendered":"<p>2005\u20132023<\/p>","protected":false},"featured_media":68346155,"comment_status":"open","ping_status":"closed","template":"","meta":{"_acf_changed":false},"product_brand":[16873],"product_cat":[17711,17716,17720,17724,17728,17710,17704,17702,17740,17744,17748,17752,17768,17772],"product_tag":[18219,18220,18221,18222,18224,17911,88,169,52,91,2140,2141,2142,2143,2144,2145,21021,21020,16871,590,795,54,53,48,49,798,799,55,31,8813,9424,16271,16273,16275,16272,16274,7221],"class_list":{"0":"post-68346153","1":"product","2":"type-product","3":"status-publish","4":"has-post-thumbnail","6":"product_brand-bproauto","7":"product_cat-300c-30-diesel-bremsbelaege-hinten","8":"product_cat-300c-35-bremsbelaege-hinten","9":"product_cat-300c-36-bremsbelaege-hinten","10":"product_cat-300c-57-2005-2010-bremsbelaege-hinten","11":"product_cat-300c-57-2011-2023-bremsbelaege-hinten","12":"product_cat-challenger-35-bremsbelaege-hinten","13":"product_cat-challenger-36-bremsbelaege-hinten","14":"product_cat-challenger-57-bremsbelaege-hinten","15":"product_cat-charger-35-bremsbelaege-hinten","16":"product_cat-charger-36-bremsbelaege-hinten","17":"product_cat-charger-57-bremsbelaege-hinten","18":"product_cat-charger-57-2011-2023-bremsbelaege-hinten","19":"product_cat-magnum-35-bremsbelaege-hinten","20":"product_cat-magnum-57-bremsbelaege-hinten","21":"product_tag-05139191aa","22":"product_tag-05142561aa","23":"product_tag-05142561ab","24":"product_tag-05142566aa","25":"product_tag-05142566ac","26":"product_tag-1bp00303aa","27":"product_tag-3-5","28":"product_tag-3-6","29":"product_tag-300c","30":"product_tag-5-7","31":"product_tag-5139191aa","32":"product_tag-5142561aa","33":"product_tag-5142561ab","34":"product_tag-5142566aa","35":"product_tag-5142566ab","36":"product_tag-5142566ac","37":"product_tag-68504576aa","38":"product_tag-68504576ab","39":"product_tag-bproauto","40":"product_tag-bremsbelaege","41":"product_tag-bremse","42":"product_tag-challenger","43":"product_tag-charger","44":"product_tag-chrysler","45":"product_tag-dodge","46":"product_tag-hinten","47":"product_tag-hinterachse","48":"product_tag-magnum","49":"product_tag-mopar","50":"product_tag-mopar-autoteile","51":"product_tag-mopar-ersatzteile","52":"product_tag-mopar-ersatzteile-kaufen","53":"product_tag-mopar-performance-teile","54":"product_tag-mopar-teile-katalog","55":"product_tag-mopar-teile-online","56":"product_tag-mopar-tuningteile","57":"product_tag-mopar10","59":"first","60":"instock","61":"taxable","62":"shipping-taxable","63":"purchasable","64":"product-type-simple"},"bundled_by":[],"bundle_stock_status":"instock","bundle_stock_quantity":2,"bundle_virtual":false,"bundle_layout":"","bundle_add_to_cart_form_location":"","bundle_editable_in_cart":false,"bundle_sold_individually_context":"","bundle_item_grouping":"","bundle_min_size":"","bundle_max_size":"","bundle_price":[],"bundled_items":[],"bundle_sell_ids":[],"exclude_global_add_ons":[],"addons":[],"acf":[],"_links":{"self":[{"href":"https:\/\/kraftwerk-shop.cc\/pl\/wp-json\/wp\/v2\/product\/68346153","targetHints":{"allow":["GET"]}}],"collection":[{"href":"https:\/\/kraftwerk-shop.cc\/pl\/wp-json\/wp\/v2\/product"}],"about":[{"href":"https:\/\/kraftwerk-shop.cc\/pl\/wp-json\/wp\/v2\/types\/product"}],"replies":[{"embeddable":true,"href":"https:\/\/kraftwerk-shop.cc\/pl\/wp-json\/wp\/v2\/comments?post=68346153"}],"version-history":[{"count":0,"href":"https:\/\/kraftwerk-shop.cc\/pl\/wp-json\/wp\/v2\/product\/68346153\/revisions"}],"wp:featuredmedia":[{"embeddable":true,"href":"https:\/\/kraftwerk-shop.cc\/pl\/wp-json\/wp\/v2\/media\/68346155"}],"wp:attachment":[{"href":"https:\/\/kraftwerk-shop.cc\/pl\/wp-json\/wp\/v2\/media?parent=68346153"}],"wp:term":[{"taxonomy":"product_brand","embeddable":true,"href":"https:\/\/kraftwerk-shop.cc\/pl\/wp-json\/wp\/v2\/product_brand?post=68346153"},{"taxonomy":"product_cat","embeddable":true,"href":"https:\/\/kraftwerk-shop.cc\/pl\/wp-json\/wp\/v2\/product_cat?post=68346153"},{"taxonomy":"product_tag","embeddable":true,"href":"https:\/\/kraftwerk-shop.cc\/pl\/wp-json\/wp\/v2\/product_tag?post=68346153"}],"curies":[{"name":"wp","href":"https:\/\/api.w.org\/{rel}","templated":true}]}}