{"id":68346196,"date":"2025-07-20T20:43:23","date_gmt":"2025-07-20T18:43:23","guid":{"rendered":"https:\/\/kraftwerk-shop.cc\/?post_type=product&#038;p=68346196"},"modified":"2026-02-15T01:22:31","modified_gmt":"2026-02-15T00:22:31","slug":"klocki-hamulcowe-hawk-hb563n-656-300c-srt","status":"publish","type":"product","link":"https:\/\/kraftwerk-shop.cc\/pl\/produkt\/hawk-hb563n-656-bremsbelaege-300c-srt\/","title":{"rendered":"Hawk Performance HP+ Klocki hamulcowe 300C SRT"},"content":{"rendered":"<h1>Hawk Performance HP+ <span class=\"sku\">HB563N.656<\/span> Klocki hamulcowe dla Chrysler 300C SRT 6.1 i 6.4 (o\u015b przednia)<\/h1>\n<p>&nbsp;<\/p>\n<p><strong>Hawk Performance HP Plus<br \/>\n<\/strong><\/p>\n<p>Mieszanka klock\u00f3w hamulcowych Hawk Performance HP Plus jest idealna dla kierowc\u00f3w autocrossowych i torowych poszukuj\u0105cych wysokowydajnej mieszanki wy\u015bcigowej, kt\u00f3ra wytrzyma wysokie temperatury na torze i pozwoli bezpiecznie wr\u00f3ci\u0107 do domu bez konieczno\u015bci wymiany klock\u00f3w. HP Plus wykorzystuje unikalny Ferro-Carbon, zaawansowany technologicznie materia\u0142 cierny zaprojektowany i wyprodukowany do jazdy sportowej w autocrossie, Solo II i na torze. Formu\u0142a Ferro-Carbon zapewnia ni\u017csze zu\u017cycie i wy\u017csze warto\u015bci momentu obrotowego ni\u017c inne konkurencyjne materia\u0142y.<\/p>\n<p>&nbsp;<\/p>\n<p><strong>Zalecenie<\/strong><\/p>\n<p>HP Plus jest popularny w\u015br\u00f3d kierowc\u00f3w v, kt\u00f3rzy szukaj\u0105 doskona\u0142ych osi\u0105g\u00f3w na ulicy lub chc\u0105 zabra\u0107 sw\u00f3j samoch\u00f3d na autocross lub tor bez martwienia si\u0119 o wymian\u0119 klock\u00f3w. Klocki HP Plus oferuj\u0105 znaczny wzrost momentu hamowania i zakresu temperatur w por\u00f3wnaniu do klock\u00f3w OEM. S\u0105 one og\u00f3lnie zalecane dla pocz\u0105tkuj\u0105cych, kt\u00f3rzy maj\u0105 niewielkie lub \u017cadne do\u015bwiadczenie na torze i szukaj\u0105 ulepszenia w stosunku do klock\u00f3w seryjnych.<\/p>\n<p>&nbsp;<\/p>\n<p><strong>Funkcje Hawk HP Plus:<\/strong><\/p>\n<ul>\n<li>Mocny, zr\u00f3wnowa\u017cony pocz\u0105tkowy gryz, gor\u0105cy lub zimny<\/li>\n<li>Zakres temperatur od niskich do \u015brednich<\/li>\n<li>Wysoka odporno\u015b\u0107 na blakni\u0119cie<\/li>\n<li>P\u0142ynny, przewidywalny moment obrotowy<\/li>\n<li>Idealny do autocrossu<\/li>\n<li>40 - 430 \u00b0C Zakres temperatur pracy<\/li>\n<li>150 - 320\u00b0C Optymalny zakres temperatur<\/li>\n<\/ul>\n<p>&nbsp;<\/p>\n<p><strong>Numer OE (tylko do cel\u00f3w por\u00f3wnawczych):<\/strong>\u00a0<span class=\"list-value sku-display\">5174311AA, 5174311AB, 5174311AC, 05174311AA, 05174311AB, 05174311AC, 68144213AA, 68144213AB, 68144213AC<br \/>\n<\/span>Autoryzacja: nie<\/p>\n<p>&nbsp;<\/p>\n<p><strong>Odpowiedni dla:<\/strong><\/p>\n<table>\n<tbody>\n<tr>\n<td width=\"64\">Chrysler<\/td>\n<td width=\"117\">300C<\/td>\n<td width=\"137\">6.1, 6.4<\/td>\n<td width=\"391\">Wszystkie lata modelowe z tarczami hamulcowymi 360 mm<\/td>\n<\/tr>\n<\/tbody>\n<\/table>\n<p>&nbsp;<\/p>\n<p>Cena dotyczy 1 zestawu dla kompletnej osi przedniej.<\/p>\n<p>&nbsp;<\/p>\n<p>&nbsp;<\/p>","protected":false},"excerpt":{"rendered":"<div class=\"woocommerce-product-details__short-description\">\n<p>Nadaje si\u0119 do tarcz hamulcowych 360 mm<\/p>\n<\/div>","protected":false},"featured_media":68346228,"comment_status":"open","ping_status":"closed","template":"","meta":{"_acf_changed":false},"product_brand":[17621],"product_cat":[17731,17735],"product_tag":[836,837,960,52,834,835,833,92,93,17993,17994,17995,838,590,795,839,840,773,48,692,1070,7614,17913,100,6901,6902,36,96,1056,164,1168,842,841,673],"class_list":{"0":"post-68346196","1":"product","2":"type-product","3":"status-publish","4":"has-post-thumbnail","6":"product_brand-hawk-performance","7":"product_cat-300c-61-bremsbelaege-vorne","8":"product_cat-300c-64-bremsbelaege-vorne","9":"product_tag-05174311aa","10":"product_tag-05174311ab","11":"product_tag-05174311ac","12":"product_tag-300c","13":"product_tag-5174311aa","14":"product_tag-5174311ab","15":"product_tag-5174311ac","16":"product_tag-6-1","17":"product_tag-6-4","18":"product_tag-68144213aa","19":"product_tag-68144213ab","20":"product_tag-68144213ac","21":"product_tag-bremsbelag","22":"product_tag-bremsbelaege","23":"product_tag-bremse","24":"product_tag-bremsklotz","25":"product_tag-bremskloetze","26":"product_tag-carbon","27":"product_tag-chrysler","28":"product_tag-ersatzteil","29":"product_tag-hawk","30":"product_tag-hawk10","31":"product_tag-hb563n-656","32":"product_tag-hellcat","33":"product_tag-hp-plus","34":"product_tag-hp","35":"product_tag-kraftwerk","36":"product_tag-srt","37":"product_tag-srt-8","38":"product_tag-srt8","39":"product_tag-staubfrei","40":"product_tag-vorderachse","41":"product_tag-vorne","42":"product_tag-zubehoer","44":"first","45":"instock","46":"taxable","47":"shipping-taxable","48":"purchasable","49":"product-type-simple"},"bundled_by":[],"bundle_stock_status":"instock","bundle_stock_quantity":2,"bundle_virtual":false,"bundle_layout":"","bundle_add_to_cart_form_location":"","bundle_editable_in_cart":false,"bundle_sold_individually_context":"","bundle_item_grouping":"","bundle_min_size":"","bundle_max_size":"","bundle_price":[],"bundled_items":[],"bundle_sell_ids":[],"exclude_global_add_ons":[],"addons":[],"acf":[],"_links":{"self":[{"href":"https:\/\/kraftwerk-shop.cc\/pl\/wp-json\/wp\/v2\/product\/68346196","targetHints":{"allow":["GET"]}}],"collection":[{"href":"https:\/\/kraftwerk-shop.cc\/pl\/wp-json\/wp\/v2\/product"}],"about":[{"href":"https:\/\/kraftwerk-shop.cc\/pl\/wp-json\/wp\/v2\/types\/product"}],"replies":[{"embeddable":true,"href":"https:\/\/kraftwerk-shop.cc\/pl\/wp-json\/wp\/v2\/comments?post=68346196"}],"version-history":[{"count":0,"href":"https:\/\/kraftwerk-shop.cc\/pl\/wp-json\/wp\/v2\/product\/68346196\/revisions"}],"wp:featuredmedia":[{"embeddable":true,"href":"https:\/\/kraftwerk-shop.cc\/pl\/wp-json\/wp\/v2\/media\/68346228"}],"wp:attachment":[{"href":"https:\/\/kraftwerk-shop.cc\/pl\/wp-json\/wp\/v2\/media?parent=68346196"}],"wp:term":[{"taxonomy":"product_brand","embeddable":true,"href":"https:\/\/kraftwerk-shop.cc\/pl\/wp-json\/wp\/v2\/product_brand?post=68346196"},{"taxonomy":"product_cat","embeddable":true,"href":"https:\/\/kraftwerk-shop.cc\/pl\/wp-json\/wp\/v2\/product_cat?post=68346196"},{"taxonomy":"product_tag","embeddable":true,"href":"https:\/\/kraftwerk-shop.cc\/pl\/wp-json\/wp\/v2\/product_tag?post=68346196"}],"curies":[{"name":"wp","href":"https:\/\/api.w.org\/{rel}","templated":true}]}}