{"id":68346811,"date":"2025-08-03T13:16:15","date_gmt":"2025-08-03T11:16:15","guid":{"rendered":"https:\/\/kraftwerk-shop.cc\/?post_type=product&#038;p=68346811"},"modified":"2026-04-02T15:11:45","modified_gmt":"2026-04-02T13:11:45","slug":"klocki-hamulcowe-mopar-srt-68144213ac","status":"publish","type":"product","link":"https:\/\/kraftwerk-shop.cc\/pl\/produkt\/mopar-bremsbelaege-srt-68144213ac\/","title":{"rendered":"Klocki hamulcowe Mopar SRT (68144213AC)"},"content":{"rendered":"<h1>Oryginalne klocki hamulcowe Mopar (68144213AC) dla Chrysler, 300C, Dodge, Challenger i Charger 6.4 od 2012 do 2020 (o\u015b przednia)<\/h1>\n<p>&nbsp;<\/p>\n<p><strong>Numer cz\u0119\u015bci Mopar:<\/strong>\u00a068144213AC<br \/>\n<strong>Zast\u0105piony:<\/strong> 68144213AA, 68144213AB<\/p>\n<p>&nbsp;<\/p>\n<p><strong>Odpowiedni dla:<\/strong><\/p>\n<table width=\"919\">\n<tbody>\n<tr>\n<td width=\"81\">Chrysler<\/td>\n<td width=\"199\">300C<\/td>\n<td width=\"174\">6.4<\/td>\n<td width=\"465\">2012-2020 z tarczami hamulcowymi 360 mm<\/td>\n<\/tr>\n<tr>\n<td width=\"81\">Dodge<\/td>\n<td width=\"199\">Challenger<\/td>\n<td width=\"174\">6.4<\/td>\n<td width=\"465\">2012-2020 z tarczami hamulcowymi 360 mm<\/td>\n<\/tr>\n<tr>\n<td width=\"81\">Dodge<\/td>\n<td width=\"199\">Charger<\/td>\n<td width=\"174\">6.4<\/td>\n<td width=\"465\">2012-2020 z tarczami hamulcowymi 360 mm<\/td>\n<\/tr>\n<\/tbody>\n<\/table>\n<p><strong>\u00a0<\/strong><\/p>\n<p>&nbsp;<\/p>\n<p>Nadaje si\u0119 od 2012 r. do modelu 2020 r. w\u0142\u0105cznie, je\u015bli tarcza hamulcowa 360 mm zosta\u0142a zamontowana fabrycznie.<\/p>\n<p>Cena dotyczy 1 zestawu dla kompletnej osi przedniej.<\/p>\n<p>&nbsp;<\/p>\n<p>&nbsp;<\/p>","protected":false},"excerpt":{"rendered":"<p>Oryginalna cz\u0119\u015b\u0107 Mopar, odpowiednia dla tarcz hamulcowych 360 mm<br \/>\n2012\u20132020<\/p>","protected":false},"featured_media":68346996,"comment_status":"open","ping_status":"closed","template":"","meta":{"_acf_changed":false},"product_brand":[16270],"product_cat":[17735,17687,17763],"product_tag":[52,2156,832,838,590,10803,795,839,840,54,53,48,536,49,3853,3854,692,36,55,31,34,794,842,841,673],"class_list":{"0":"post-68346811","1":"product","2":"type-product","3":"status-publish","4":"has-post-thumbnail","6":"product_brand-mopar","7":"product_cat-300c-64-bremsbelaege-vorne","8":"product_cat-challenger-64-bremsbelaege-vorne","9":"product_cat-charger-64-bremsbelaege-vorne","10":"product_tag-300c","11":"product_tag-360-mm","12":"product_tag-brembo","13":"product_tag-bremsbelag","14":"product_tag-bremsbelaege","15":"product_tag-bremsbelaege-fuer-dodge-challenger-6-4","16":"product_tag-bremse","17":"product_tag-bremsklotz","18":"product_tag-bremskloetze","19":"product_tag-challenger","20":"product_tag-charger","21":"product_tag-chrysler","22":"product_tag-chrysler-300c","23":"product_tag-dodge","24":"product_tag-dodge-challenger","25":"product_tag-dodge-charger","26":"product_tag-ersatzteil","27":"product_tag-kraftwerk","28":"product_tag-magnum","29":"product_tag-mopar","30":"product_tag-original","31":"product_tag-premium","32":"product_tag-vorderachse","33":"product_tag-vorne","34":"product_tag-zubehoer","36":"first","37":"instock","38":"taxable","39":"shipping-taxable","40":"purchasable","41":"product-type-simple"},"bundled_by":[],"bundle_stock_status":"instock","bundle_stock_quantity":3,"bundle_virtual":false,"bundle_layout":"","bundle_add_to_cart_form_location":"","bundle_editable_in_cart":false,"bundle_sold_individually_context":"","bundle_item_grouping":"","bundle_min_size":"","bundle_max_size":"","bundle_price":[],"bundled_items":[],"bundle_sell_ids":[],"exclude_global_add_ons":[],"addons":[],"acf":[],"_links":{"self":[{"href":"https:\/\/kraftwerk-shop.cc\/pl\/wp-json\/wp\/v2\/product\/68346811","targetHints":{"allow":["GET"]}}],"collection":[{"href":"https:\/\/kraftwerk-shop.cc\/pl\/wp-json\/wp\/v2\/product"}],"about":[{"href":"https:\/\/kraftwerk-shop.cc\/pl\/wp-json\/wp\/v2\/types\/product"}],"replies":[{"embeddable":true,"href":"https:\/\/kraftwerk-shop.cc\/pl\/wp-json\/wp\/v2\/comments?post=68346811"}],"version-history":[{"count":0,"href":"https:\/\/kraftwerk-shop.cc\/pl\/wp-json\/wp\/v2\/product\/68346811\/revisions"}],"wp:featuredmedia":[{"embeddable":true,"href":"https:\/\/kraftwerk-shop.cc\/pl\/wp-json\/wp\/v2\/media\/68346996"}],"wp:attachment":[{"href":"https:\/\/kraftwerk-shop.cc\/pl\/wp-json\/wp\/v2\/media?parent=68346811"}],"wp:term":[{"taxonomy":"product_brand","embeddable":true,"href":"https:\/\/kraftwerk-shop.cc\/pl\/wp-json\/wp\/v2\/product_brand?post=68346811"},{"taxonomy":"product_cat","embeddable":true,"href":"https:\/\/kraftwerk-shop.cc\/pl\/wp-json\/wp\/v2\/product_cat?post=68346811"},{"taxonomy":"product_tag","embeddable":true,"href":"https:\/\/kraftwerk-shop.cc\/pl\/wp-json\/wp\/v2\/product_tag?post=68346811"}],"curies":[{"name":"wp","href":"https:\/\/api.w.org\/{rel}","templated":true}]}}