{"id":68347838,"date":"2025-08-17T17:02:24","date_gmt":"2025-08-17T15:02:24","guid":{"rendered":"https:\/\/kraftwerk-shop.cc\/?post_type=product&#038;p=68347838"},"modified":"2026-03-04T12:57:06","modified_gmt":"2026-03-04T11:57:06","slug":"tlumik-drgan-ati-57-64","status":"publish","type":"product","link":"https:\/\/kraftwerk-shop.cc\/pl\/produkt\/ati-underdrive-damper-57-64\/","title":{"rendered":"ATI 15% Underdrive Super Damper 5.7 &amp; 6.4"},"content":{"rendered":"<h1>15% T\u0142umik drga\u0144 pod nap\u0119dem od ATI dla Chrysler 300C, Dodge Challenger, Charger, Durango i Jeep Grand Cherokee 5.7 i 6.4 od 2011 do 2023 roku<\/h1>\n<p>&nbsp;<\/p>\n<p>Je\u015bli chcesz uwolni\u0107 dodatkow\u0105 moc poprzez zmniejszenie pr\u0119dko\u015bci jednostek pomocniczych, ATI 15 % Underdrive Super Damper jest w\u0142a\u015bnie dla Ciebie.<br \/>\nTen t\u0142umik drga\u0144 ma mas\u0119 wahliw\u0105 wynosz\u0105c\u0105 7 cali, co zapewnia maksymaln\u0105 ochron\u0119 wa\u0142u korbowego i rozrz\u0105du!<\/p>\n<p>ATI 15 % Underdrive Super Damper to nie tylko ulepszenie osi\u0105g\u00f3w, ale tak\u017ce wa\u017cny element zapewniaj\u0105cy bezpiecze\u0144stwo silnika 5.7 lub 6.4 Hemi.<\/p>\n<p>T\u0142umik drga\u0144 ATI Super Damper jest zatwierdzony przez SFI do zastosowa\u0144 drogowych i wy\u015bcigowych. ATI Super Damper zosta\u0142 specjalnie opracowany do zastosowa\u0144 wyczynowych i zapewnia zr\u00f3wnowa\u017cone t\u0142umienie drga\u0144 skr\u0119tnych wa\u0142u korbowego przy wszystkich pr\u0119dko\u015bciach obrotowych silnika. Z 360-stopniowym grawerowaniem laserowym do oznaczania czasu zap\u0142onu.<\/p>\n<p>Opatentowany t\u0142umik ATI Super Damper jest jedynym t\u0142umikiem opracowanym wy\u0142\u0105cznie dla silnik\u00f3w o wysokich osi\u0105gach.<\/p>\n<p>&nbsp;<\/p>\n<ul>\n<li>Eliminuje drgania skr\u0119tne wa\u0142u korbowego, chroni \u0142o\u017cyska i nap\u0119d rozrz\u0105du.<\/li>\n<li>Certyfikat SFI-18.1: Odpowiedni do wy\u015bcig\u00f3w, bezpieczny przy du\u017cych pr\u0119dko\u015bciach<\/li>\n<li>Odci\u0105\u017ca jednostki pomocnicze, zapewniaj\u0105c zauwa\u017caln\u0105 dodatkow\u0105 moc (do 10-15 KM).<\/li>\n<li>Lepsze zachowanie podczas reakcji: Zauwa\u017calnie szybsze obroty, bardziej zwinna jazda<\/li>\n<li>Trwa\u0142o\u015b\u0107 i \u0142atwo\u015b\u0107 serwisowania: Konstrukcja z wymiennymi o-ringami, kt\u00f3r\u0105 mo\u017cna przebudowa\u0107<\/li>\n<li>Ulepszenie ochrony silnika: Zapobiega znanym s\u0142abo\u015bciom standardowego amortyzatora Hemi.<\/li>\n<li>Grawerowane laserowo oznaczenia 360 stopni<\/li>\n<li>Czarna chromowana pow\u0142oka cynkowa<\/li>\n<\/ul>\n<p>&nbsp;<\/p>\n<p><strong>Zakres dostawy<\/strong>:<\/p>\n<ul>\n<li>T\u0142umik drga\u0144 ATI 15%<\/li>\n<\/ul>\n<p>&nbsp;<\/p>\n<p><strong>Uwagi:<\/strong><\/p>\n<ul>\n<li>Ta cz\u0119\u015b\u0107 jest przeznaczona wy\u0142\u0105cznie do profesjonalnego monta\u017cu<\/li>\n<li>Wymaga niewielkiego przeszlifowania uszu miski olejowej\/obudowy sterownika w celu uzyskania wolnej przestrzeni.<\/li>\n<li>Zaleca si\u0119 zachowanie minimalnej odleg\u0142o\u015bci 0,060 mi\u0119dzy tyln\u0105 p\u0142yt\u0105 amortyzatora a obudow\u0105 sterownika\/misk\u0105 olejow\u0105.<\/li>\n<li>Instrukcje instalacji s\u0105 dostarczane w j\u0119zyku angielskim.<\/li>\n<li>Mo\u017ce by\u0107 wymagany kr\u00f3tszy pasek, kt\u00f3ry nie wchodzi w zakres dostawy.<\/li>\n<li>Nieodpowiednie dla 2009 i 2010 5.7<\/li>\n<\/ul>\n<p>&nbsp;<\/p>\n<p>&nbsp;<\/p>\n<p><strong>Informacje o producencie ATI Performance Products:<\/strong><\/p>\n<p>Firma ATI Performance Products, Inc. zosta\u0142a za\u0142o\u017cona w 1961 roku w Baltimore (Maryland, USA) i jest obecnie jednym z wiod\u0105cych specjalist\u00f3w w zakresie komponent\u00f3w o wysokich osi\u0105gach w sportach motorowych.<br \/>\nFirma jest znana od dziesi\u0119cioleci ze swojej innowacyjnej technologii, bezkompromisowej jako\u015bci i do\u015bwiadczenia w wy\u015bcigach.<\/p>\n<p>Portfolio produkt\u00f3w obejmuje zar\u00f3wno skrzynie bieg\u00f3w, przemienniki momentu obrotowego i komponenty mechanizm\u00f3w r\u00f3\u017cnicowych, jak i znane na ca\u0142ym \u015bwiecie amortyzatory ATI Super Dampers. S\u0105 one uwa\u017cane za standard bran\u017cowy dla profesjonalnych zespo\u0142\u00f3w wy\u015bcigowych i wymagaj\u0105cych tuner\u00f3w na ca\u0142ym \u015bwiecie. Maj\u0105 wiele certyfikat\u00f3w SFI 18.1, modu\u0142ow\u0105 konstrukcj\u0119 i mog\u0105 by\u0107 ponownie uszczelniane lub naprawiane w razie potrzeby.<br \/>\nDzi\u0119ki wyj\u0105tkowej jako\u015bci s\u0105 one nie tylko uwa\u017cane za standard tuningowy, ale s\u0105 r\u00f3wnie\u017c wykorzystywane w r\u00f3\u017cnych fabrycznych silnikach Mopar Crate Engines.<\/p>\n<p>Firma oznacza precyzj\u0119 \"Made in USA\" w po\u0142\u0105czeniu z dziesi\u0119cioleciami do\u015bwiadczenia w profesjonalnych sportach motorowych. Ka\u017cdy, kto zdecyduje si\u0119 na te produkty, otrzymuje komponent, kt\u00f3ry \u0142\u0105czy w sobie maksymalne bezpiecze\u0144stwo, d\u0142ug\u0105 \u017cywotno\u015b\u0107 i maksymaln\u0105 wydajno\u015b\u0107 - zar\u00f3wno w codziennym u\u017cytkowaniu, jak i w najtrudniejszych warunkach wy\u015bcigowych.<\/p>\n<p>&nbsp;<\/p>","protected":false},"excerpt":{"rendered":"<p>15% T\u0142umik drga\u0144 pod nap\u0119dem od ATI dla Chrysler 300C, Dodge Challenger, Charger, Durango i Jeep Grand Cherokee 5.7 i 6.4 od<\/p>","protected":false},"featured_media":68347778,"comment_status":"open","ping_status":"closed","template":"","meta":{"_acf_changed":false},"product_brand":[18918],"product_cat":[10262,6724,6490,6729,6484,6734,6495,6739,6500,6744,6505],"product_tag":[18911,18913,52,91,93,18917,2840,54,53,48,49,3853,3854,95,56,50,4425,36,31,397,86,721,18919,2842,2841,246,18912,4440],"class_list":{"0":"post-68347838","1":"product","2":"type-product","3":"status-publish","4":"has-post-thumbnail","6":"product_brand-ati-performance","7":"product_cat-alle-produkte","8":"product_cat-300c-57-2011-2023-kurbelwelle-kolben","9":"product_cat-300c-64-kurbelwelle-kolben","10":"product_cat-challenger-57-kurbelwelle-kolben","11":"product_cat-challenger-64-kurbelwelle-kolben","12":"product_cat-charger-57-2011-2023-kurbelwelle-kolben","13":"product_cat-charger-64-kurbelwelle-kolben","14":"product_cat-durango-57-kurbelwelle-kolben","15":"product_cat-durango-64-kurbelwelle-kolben","16":"product_cat-grand-cherokee-57-2011-2021-kurbelwelle-kolben","17":"product_cat-grand-cherokee-64-kurbelwelle-kolben","18":"product_tag-18911","19":"product_tag-15-underdrive","20":"product_tag-300c","21":"product_tag-5-7","22":"product_tag-6-4","23":"product_tag-18917","24":"product_tag-ati","25":"product_tag-challenger","26":"product_tag-charger","27":"product_tag-chrysler","28":"product_tag-dodge","29":"product_tag-dodge-challenger","30":"product_tag-dodge-charger","31":"product_tag-durango","32":"product_tag-grand-cherokee","33":"product_tag-jeep","34":"product_tag-jeep-grand-cherokee","35":"product_tag-kraftwerk","36":"product_tag-mopar","37":"product_tag-pulley","38":"product_tag-ram","39":"product_tag-riemenscheibe","40":"product_tag-schraube-vibrationsdaempfer-riemenscheibe-kurbelwelle","41":"product_tag-schwingungsdaempfer","42":"product_tag-super-damper","43":"product_tag-supercharger","44":"product_tag-underdrive","45":"product_tag-vibrationsdaempfer","46":"product_shipping_class-deutschlandohne","48":"first","49":"onbackorder","50":"taxable","51":"shipping-taxable","52":"purchasable","53":"product-type-variable","54":"has-default-attributes"},"bundled_by":[],"bundle_stock_status":"onbackorder","bundle_stock_quantity":0,"bundle_virtual":false,"bundle_layout":"","bundle_add_to_cart_form_location":"","bundle_editable_in_cart":false,"bundle_sold_individually_context":"","bundle_item_grouping":"","bundle_min_size":"","bundle_max_size":"","bundle_price":[],"bundled_items":[],"bundle_sell_ids":[],"exclude_global_add_ons":[],"addons":[],"acf":[],"_links":{"self":[{"href":"https:\/\/kraftwerk-shop.cc\/pl\/wp-json\/wp\/v2\/product\/68347838","targetHints":{"allow":["GET"]}}],"collection":[{"href":"https:\/\/kraftwerk-shop.cc\/pl\/wp-json\/wp\/v2\/product"}],"about":[{"href":"https:\/\/kraftwerk-shop.cc\/pl\/wp-json\/wp\/v2\/types\/product"}],"replies":[{"embeddable":true,"href":"https:\/\/kraftwerk-shop.cc\/pl\/wp-json\/wp\/v2\/comments?post=68347838"}],"version-history":[{"count":0,"href":"https:\/\/kraftwerk-shop.cc\/pl\/wp-json\/wp\/v2\/product\/68347838\/revisions"}],"wp:featuredmedia":[{"embeddable":true,"href":"https:\/\/kraftwerk-shop.cc\/pl\/wp-json\/wp\/v2\/media\/68347778"}],"wp:attachment":[{"href":"https:\/\/kraftwerk-shop.cc\/pl\/wp-json\/wp\/v2\/media?parent=68347838"}],"wp:term":[{"taxonomy":"product_brand","embeddable":true,"href":"https:\/\/kraftwerk-shop.cc\/pl\/wp-json\/wp\/v2\/product_brand?post=68347838"},{"taxonomy":"product_cat","embeddable":true,"href":"https:\/\/kraftwerk-shop.cc\/pl\/wp-json\/wp\/v2\/product_cat?post=68347838"},{"taxonomy":"product_tag","embeddable":true,"href":"https:\/\/kraftwerk-shop.cc\/pl\/wp-json\/wp\/v2\/product_tag?post=68347838"}],"curies":[{"name":"wp","href":"https:\/\/api.w.org\/{rel}","templated":true}]}}