{"id":68348200,"date":"2025-08-23T23:02:13","date_gmt":"2025-08-23T21:02:13","guid":{"rendered":"https:\/\/kraftwerk-shop.cc\/?post_type=product&#038;p=68348200"},"modified":"2026-02-15T01:22:59","modified_gmt":"2026-02-15T00:22:59","slug":"dowodca-kolektora-wydechowego-57","status":"publish","type":"product","link":"https:\/\/kraftwerk-shop.cc\/pl\/produkt\/abgaskruemmer-commander-57\/","title":{"rendered":"Kolektor wydechowy Commander 5.7"},"content":{"rendered":"<h1><strong>Abgaskr\u00fcmmer \/ Auspuffkr\u00fcmmer f\u00fcr <\/strong>Jeep Commander 5.7 von 2006 bis 2008<\/h1>\n<p>&nbsp;<\/p>\n<p><strong>Mopar Vergleichsnummern: <\/strong>53013605AB, 53013606AB<\/p>\n<p>&nbsp;<\/p>\n<p><strong>Eigenschaften:<\/strong><\/p>\n<ul>\n<li>Die Abgaskr\u00fcmmer wurden pr\u00e4zisionsgefertigt und sind auf eine hohe Haltbarkeit ausgelegt<\/li>\n<li>Die Abgaskr\u00fcmmer bieten eine perfekte Passform und Funktion, die denen der Originalkr\u00fcmmer entsprechen<\/li>\n<\/ul>\n<p>&nbsp;<\/p>\n<p><strong>Passend f\u00fcr:<\/strong><\/p>\n<table width=\"953\">\n<tbody>\n<tr>\n<td width=\"81\"><strong>Baujahr<\/strong><\/td>\n<td width=\"81\"><strong>Marke<\/strong><\/td>\n<td width=\"125\"><strong>Modell<\/strong><\/td>\n<td width=\"335\"><strong>Version<\/strong><\/td>\n<td width=\"331\"><strong>Motor<\/strong><\/td>\n<\/tr>\n<tr>\n<td width=\"81\">2008<\/td>\n<td width=\"81\">Jeep<\/td>\n<td width=\"125\">Commander<\/td>\n<td width=\"335\">Limited, Overland<\/td>\n<td width=\"331\">5.7L<\/td>\n<\/tr>\n<tr>\n<td width=\"81\">2007<\/td>\n<td width=\"81\">Jeep<\/td>\n<td width=\"125\">Commander<\/td>\n<td width=\"335\">Limited, Overland<\/td>\n<td width=\"331\">5.7L<\/td>\n<\/tr>\n<tr>\n<td width=\"81\">2006<\/td>\n<td width=\"81\">Jeep<\/td>\n<td width=\"125\">Commander<\/td>\n<td width=\"335\">Limited<\/td>\n<td width=\"331\">5.7L<\/td>\n<\/tr>\n<\/tbody>\n<\/table>\n<p>&nbsp;<\/p>\n<div class=\"flex flex-grow flex-col max-w-full\">\n<div class=\"min-h-[20px] text-message flex flex-col items-start gap-3 whitespace-pre-wrap break-words [.text-message+&amp;]:mt-5 overflow-x-auto\" data-message-author-role=\"assistant\" data-message-id=\"4f3c1744-a020-47e3-a8f1-08bac6fa6fa5\">\n<div class=\"markdown prose w-full break-words dark:prose-invert light\">\n<p>&nbsp;<\/p>\n<p>Es gibt mehrere Gr\u00fcnde, warum die Abgaskr\u00fcmmer beim Jeep Grand Cherokee 5.7 gelegentlich Probleme verursachen und ausgetauscht werden m\u00fcssen.<\/p>\n<ol>\n<li><strong>Materialqualit\u00e4t und Hitzestress:<\/strong> Die Abgaskr\u00fcmmer sind hohen Temperaturen und Druckschwankungen ausgesetzt. Wenn minderwertige Materialien verwendet werden oder die Herstellungsqualit\u00e4t nicht optimal ist, k\u00f6nnen Risse entstehen. Insbesondere bei intensiver Nutzung, wie dem Ziehen von Anh\u00e4ngern oder bei h\u00e4ufigem Stop-and-Go-Verkehr, kann der Hitzestress auf die Kr\u00fcmmer erh\u00f6ht werden.<\/li>\n<li><strong>W\u00e4rmeausdehnung und Kontraktion:<\/strong> Bei Motorbetrieb heizen sich die Abgaskr\u00fcmmer auf und k\u00fchlen beim Abstellen des Fahrzeugs wieder ab. Dieser Zyklus der W\u00e4rmeausdehnung und Kontraktion kann im Laufe der Zeit zu Erm\u00fcdungserscheinungen und Rissen f\u00fchren, insbesondere wenn die Kr\u00fcmmer nicht ausreichend dimensioniert sind oder nicht effektiv gek\u00fchlt werden.<br \/>\nVerst\u00e4rkt wird diese Problematik durch die Zylinderabschaltung.<\/li>\n<li><strong>Montage und Anzugsdrehmoment:<\/strong> Eine unsachgem\u00e4\u00dfe Montage der Abgaskr\u00fcmmer kann zu Problemen f\u00fchren. Wenn die Schrauben oder Muttern nicht richtig angezogen werden, kann dies zu Undichtigkeiten f\u00fchren. Ein zu gro\u00dfes Anzugsdrehmoment kann auch die Kr\u00fcmmer selbst belasten und Risse verursachen.<\/li>\n<li><strong>Fahrzeugalter und Verschlei\u00df:<\/strong> Wie bei vielen Fahrzeugkomponenten unterliegen auch die Abgaskr\u00fcmmer einem nat\u00fcrlichen Verschlei\u00df im Laufe der Zeit. Je \u00e4lter das Fahrzeug wird und je mehr Kilometer es zur\u00fccklegt, desto wahrscheinlicher ist es, dass Verschlei\u00dferscheinungen auftreten.<\/li>\n<\/ol>\n<p>&nbsp;<\/p>\n<p>Um Probleme mit den Abgaskr\u00fcmmern zu minimieren, ist regelm\u00e4\u00dfige Wartung entscheidend. Dazu geh\u00f6rt die \u00dcberpr\u00fcfung auf Undichtigkeiten, das ordnungsgem\u00e4\u00dfe Anzugsdrehmoment bei der Montage, und gegebenenfalls der Austausch von Teilen, die Anzeichen von Verschlei\u00df oder Besch\u00e4digung zeigen.<br \/>\nDefekte Kr\u00fcmmer machen sich insbesodere durch Tickerger\u00e4usche bei kaltem Motor bemerktbar, die nach kurzer Zeit weniger werden oder verschwinden.<\/p>\n<\/div>\n<\/div>\n<\/div>\n<div class=\"mt-1 flex justify-start gap-3 empty:hidden\">\n<div class=\"text-gray-400 flex self-end lg:self-center justify-center lg:justify-start mt-0 gap-1 visible\">\n<p>&nbsp;<\/p>\n<\/div>\n<\/div>\n","protected":false},"excerpt":{"rendered":"<p>2006\u20132008<\/p>","protected":false},"featured_media":68348206,"comment_status":"open","ping_status":"closed","template":"","meta":{"_acf_changed":false},"product_brand":[],"product_cat":[10262,2660],"product_tag":[18937,18938,91,18926,18927,605,6557,94,50,550,1149,2793,18928,18929],"class_list":{"0":"post-68348200","1":"product","2":"type-product","3":"status-publish","4":"has-post-thumbnail","6":"product_cat-alle-produkte","7":"product_cat-commander-abgasanlage","8":"product_tag-053013605ab","9":"product_tag-053013606ab","10":"product_tag-5-7","11":"product_tag-53013605ab","12":"product_tag-53013606ab","13":"product_tag-abgaskruemmer","14":"product_tag-auspuffkruemmer","15":"product_tag-commander","16":"product_tag-jeep","17":"product_tag-kruemmer","18":"product_tag-links","19":"product_tag-rechts","20":"product_tag-xh","21":"product_tag-xk","23":"first","24":"instock","25":"taxable","26":"shipping-taxable","27":"purchasable","28":"product-type-variable"},"bundled_by":[],"bundle_stock_status":"instock","bundle_stock_quantity":3,"bundle_virtual":false,"bundle_layout":"","bundle_add_to_cart_form_location":"","bundle_editable_in_cart":false,"bundle_sold_individually_context":"","bundle_item_grouping":"","bundle_min_size":"","bundle_max_size":"","bundle_price":[],"bundled_items":[],"bundle_sell_ids":[],"exclude_global_add_ons":[],"addons":[],"acf":[],"_links":{"self":[{"href":"https:\/\/kraftwerk-shop.cc\/pl\/wp-json\/wp\/v2\/product\/68348200","targetHints":{"allow":["GET"]}}],"collection":[{"href":"https:\/\/kraftwerk-shop.cc\/pl\/wp-json\/wp\/v2\/product"}],"about":[{"href":"https:\/\/kraftwerk-shop.cc\/pl\/wp-json\/wp\/v2\/types\/product"}],"replies":[{"embeddable":true,"href":"https:\/\/kraftwerk-shop.cc\/pl\/wp-json\/wp\/v2\/comments?post=68348200"}],"version-history":[{"count":0,"href":"https:\/\/kraftwerk-shop.cc\/pl\/wp-json\/wp\/v2\/product\/68348200\/revisions"}],"wp:featuredmedia":[{"embeddable":true,"href":"https:\/\/kraftwerk-shop.cc\/pl\/wp-json\/wp\/v2\/media\/68348206"}],"wp:attachment":[{"href":"https:\/\/kraftwerk-shop.cc\/pl\/wp-json\/wp\/v2\/media?parent=68348200"}],"wp:term":[{"taxonomy":"product_brand","embeddable":true,"href":"https:\/\/kraftwerk-shop.cc\/pl\/wp-json\/wp\/v2\/product_brand?post=68348200"},{"taxonomy":"product_cat","embeddable":true,"href":"https:\/\/kraftwerk-shop.cc\/pl\/wp-json\/wp\/v2\/product_cat?post=68348200"},{"taxonomy":"product_tag","embeddable":true,"href":"https:\/\/kraftwerk-shop.cc\/pl\/wp-json\/wp\/v2\/product_tag?post=68348200"}],"curies":[{"name":"wp","href":"https:\/\/api.w.org\/{rel}","templated":true}]}}