{"id":68348397,"date":"2025-08-28T18:33:16","date_gmt":"2025-08-28T16:33:16","guid":{"rendered":"https:\/\/kraftwerk-shop.cc\/?post_type=product&#038;p=68348397"},"modified":"2026-02-27T16:35:20","modified_gmt":"2026-02-27T15:35:20","slug":"pompa-paliwa-bproauto-1bp00985aa","status":"publish","type":"product","link":"https:\/\/kraftwerk-shop.cc\/pl\/produkt\/bproauto-kraftstoffpumpe-1bp00985aa\/","title":{"rendered":"Pompa paliwa bproauto Grand Cherokee &amp; Durango 6.4 (1BP00985AA)"},"content":{"rendered":"<h1>Pompa paliwa bproauto (1BP00985AA) do Jeep Grand Cherokee SRT i Dodge Durango 6.4 SRT<\/h1>\n<p>&nbsp;<\/p>\n<p><span lang=\"DE\"><strong>Liczby por\u00f3wnawcze Mopar:<\/strong> 68154305AA, 68154305AB, 68154305AC<\/span><\/p>\n<p>&nbsp;<\/p>\n<p><strong>Odpowiedni dla:<\/strong><\/p>\n<table width=\"1073\">\n<tbody>\n<tr>\n<td width=\"81\"><strong>Rok<\/strong><\/td>\n<td width=\"121\"><strong>Marka<\/strong><\/td>\n<td width=\"211\"><strong>Model<\/strong><\/td>\n<td width=\"309\"><strong>Wersja<\/strong><\/td>\n<td width=\"351\"><strong>Silnik<\/strong><\/td>\n<\/tr>\n<tr>\n<td width=\"81\">2024<\/td>\n<td width=\"121\">Dodge<\/td>\n<td width=\"211\">Durango<\/td>\n<td width=\"309\">SRT 392, SRT 392 Plus, SRT 392 Premium<\/td>\n<td width=\"351\">6.4L<\/td>\n<\/tr>\n<tr>\n<td width=\"81\">2023<\/td>\n<td width=\"121\">Dodge<\/td>\n<td width=\"211\">Durango<\/td>\n<td width=\"309\">SRT 392, SRT 392 Plus, SRT 392 Premium<\/td>\n<td width=\"351\">6.4L<\/td>\n<\/tr>\n<tr>\n<td width=\"81\">2022<\/td>\n<td width=\"121\">Dodge<\/td>\n<td width=\"211\">Durango<\/td>\n<td width=\"309\">SRT 392<\/td>\n<td width=\"351\">6.4L<\/td>\n<\/tr>\n<tr>\n<td width=\"81\">2021<\/td>\n<td width=\"121\">Dodge<\/td>\n<td width=\"211\">Durango<\/td>\n<td width=\"309\">SRT<\/td>\n<td width=\"351\">6.4L<\/td>\n<\/tr>\n<tr>\n<td width=\"81\">2021<\/td>\n<td width=\"121\">Jeep<\/td>\n<td width=\"211\">Grand Cherokee<\/td>\n<td width=\"309\">SRT<\/td>\n<td width=\"351\">6.4L<\/td>\n<\/tr>\n<tr>\n<td width=\"81\">2020<\/td>\n<td width=\"121\">Dodge<\/td>\n<td width=\"211\">Durango<\/td>\n<td width=\"309\">SRT<\/td>\n<td width=\"351\">6.4L<\/td>\n<\/tr>\n<tr>\n<td width=\"81\">2020<\/td>\n<td width=\"121\">Jeep<\/td>\n<td width=\"211\">Grand Cherokee<\/td>\n<td width=\"309\">SRT<\/td>\n<td width=\"351\">6.4L<\/td>\n<\/tr>\n<tr>\n<td width=\"81\">2019<\/td>\n<td width=\"121\">Jeep<\/td>\n<td width=\"211\">Grand Cherokee<\/td>\n<td width=\"309\">SRT<\/td>\n<td width=\"351\">6.4L<\/td>\n<\/tr>\n<tr>\n<td width=\"81\">2017<\/td>\n<td width=\"121\">Jeep<\/td>\n<td width=\"211\">Grand Cherokee<\/td>\n<td width=\"309\">SRT<\/td>\n<td width=\"351\">6.4L<\/td>\n<\/tr>\n<tr>\n<td width=\"81\">2016<\/td>\n<td width=\"121\">Jeep<\/td>\n<td width=\"211\">Grand Cherokee<\/td>\n<td width=\"309\">SRT<\/td>\n<td width=\"351\">6.4L<\/td>\n<\/tr>\n<tr>\n<td width=\"81\">2015<\/td>\n<td width=\"121\">Jeep<\/td>\n<td width=\"211\">Grand Cherokee<\/td>\n<td width=\"309\">SRT<\/td>\n<td width=\"351\">6.4L<\/td>\n<\/tr>\n<tr>\n<td width=\"81\">2014<\/td>\n<td width=\"121\">Jeep<\/td>\n<td width=\"211\">Grand Cherokee<\/td>\n<td width=\"309\">SRT<\/td>\n<td width=\"351\">6.4L<\/td>\n<\/tr>\n<tr>\n<td width=\"81\">2013<\/td>\n<td width=\"121\">Jeep<\/td>\n<td width=\"211\">Grand Cherokee<\/td>\n<td width=\"309\">SRT8<\/td>\n<td width=\"351\">6.4L<\/td>\n<\/tr>\n<tr>\n<td width=\"81\">2012<\/td>\n<td width=\"121\">Jeep<\/td>\n<td width=\"211\">Grand Cherokee<\/td>\n<td width=\"309\">SRT8<\/td>\n<td width=\"351\">6.4L<\/td>\n<\/tr>\n<\/tbody>\n<\/table>\n<p>&nbsp;<\/p>\n<p>&nbsp;<\/p>\n<h4>O bproauto<\/h4>\n<p>bproauto to marka cz\u0119\u015bci zamiennych Stellantis, kt\u00f3ra zosta\u0142a opracowana specjalnie w celu zapewnienia wysokiej jako\u015bci cz\u0119\u015bci zamiennych do pojazd\u00f3w marek Chrysler, Dodge, Jeep i RAM. Cel: zaoferowanie w\u0142a\u015bcicielom pojazd\u00f3w atrakcyjnej cenowo, niezawodnej i wysokiej jako\u015bci alternatywy dla oryginalnych cz\u0119\u015bci zamiennych - bez kompromis\u00f3w w zakresie jako\u015bci, dok\u0142adno\u015bci dopasowania i bezpiecze\u0144stwa.<br \/>\nJako\u015b\u0107 OEM dla rynku wt\u00f3rnego.<\/p>\n<p>bproauto oferuje szerok\u0105 gam\u0119 cz\u0119\u015bci zamiennych, kt\u00f3re s\u0105 produkowane i dok\u0142adnie testowane zgodnie z rygorystycznymi standardami oryginalnego wyposa\u017cenia (O.E.). Produkty s\u0105 zaprojektowane tak, aby dok\u0142adnie odpowiada\u0142y specyfikacjom odpowiednich modeli pojazd\u00f3w - zar\u00f3wno pod wzgl\u0119dem wydajno\u015bci, jak i dopasowania.<\/p>\n<p>&nbsp;<\/p>","protected":false},"excerpt":{"rendered":"<p>bproauto Kraftstoffpumpe \/ Benzinpumpe (1BP00985AA) f\u00fcr Jeep Grand Cherokee SRT und Dodge Durango 6.4 SRT &nbsp; Mopar Vergleichsnummern: 68154305AA, 68154305AB,<\/p>","protected":false},"featured_media":68348405,"comment_status":"open","ping_status":"closed","template":"","meta":{"_acf_changed":false},"product_brand":[16873],"product_cat":[10262,2887,2895],"product_tag":[18959,217,93,18954,18956,18955,4361,49,95,56,50,18957,31,8813,9424,16271,16273,16275,16272,16274,7221,18958,96],"class_list":{"0":"post-68348397","1":"product","2":"type-product","3":"status-publish","4":"has-post-thumbnail","6":"product_brand-bproauto","7":"product_cat-alle-produkte","8":"product_cat-durango-64-kraftstoffversorgung","9":"product_cat-grand-cherokee-64-kraftstoffversorgung","10":"product_tag-1bp00985aa","11":"product_tag-217","12":"product_tag-6-4","13":"product_tag-68154305aa","14":"product_tag-68154305ab","15":"product_tag-68154305ac","16":"product_tag-benzinpumpe","17":"product_tag-dodge","18":"product_tag-durango","19":"product_tag-grand-cherokee","20":"product_tag-jeep","21":"product_tag-kraftstoffpumpe","22":"product_tag-mopar","23":"product_tag-mopar-autoteile","24":"product_tag-mopar-ersatzteile","25":"product_tag-mopar-ersatzteile-kaufen","26":"product_tag-mopar-performance-teile","27":"product_tag-mopar-teile-katalog","28":"product_tag-mopar-teile-online","29":"product_tag-mopar-tuningteile","30":"product_tag-mopar10","31":"product_tag-spritpumpe","32":"product_tag-srt","34":"first","35":"instock","36":"taxable","37":"shipping-taxable","38":"purchasable","39":"product-type-simple"},"bundled_by":[],"bundle_stock_status":"instock","bundle_stock_quantity":2,"bundle_virtual":false,"bundle_layout":"","bundle_add_to_cart_form_location":"","bundle_editable_in_cart":false,"bundle_sold_individually_context":"","bundle_item_grouping":"","bundle_min_size":"","bundle_max_size":"","bundle_price":[],"bundled_items":[],"bundle_sell_ids":[],"exclude_global_add_ons":[],"addons":[],"acf":[],"_links":{"self":[{"href":"https:\/\/kraftwerk-shop.cc\/pl\/wp-json\/wp\/v2\/product\/68348397","targetHints":{"allow":["GET"]}}],"collection":[{"href":"https:\/\/kraftwerk-shop.cc\/pl\/wp-json\/wp\/v2\/product"}],"about":[{"href":"https:\/\/kraftwerk-shop.cc\/pl\/wp-json\/wp\/v2\/types\/product"}],"replies":[{"embeddable":true,"href":"https:\/\/kraftwerk-shop.cc\/pl\/wp-json\/wp\/v2\/comments?post=68348397"}],"version-history":[{"count":0,"href":"https:\/\/kraftwerk-shop.cc\/pl\/wp-json\/wp\/v2\/product\/68348397\/revisions"}],"wp:featuredmedia":[{"embeddable":true,"href":"https:\/\/kraftwerk-shop.cc\/pl\/wp-json\/wp\/v2\/media\/68348405"}],"wp:attachment":[{"href":"https:\/\/kraftwerk-shop.cc\/pl\/wp-json\/wp\/v2\/media?parent=68348397"}],"wp:term":[{"taxonomy":"product_brand","embeddable":true,"href":"https:\/\/kraftwerk-shop.cc\/pl\/wp-json\/wp\/v2\/product_brand?post=68348397"},{"taxonomy":"product_cat","embeddable":true,"href":"https:\/\/kraftwerk-shop.cc\/pl\/wp-json\/wp\/v2\/product_cat?post=68348397"},{"taxonomy":"product_tag","embeddable":true,"href":"https:\/\/kraftwerk-shop.cc\/pl\/wp-json\/wp\/v2\/product_tag?post=68348397"}],"curies":[{"name":"wp","href":"https:\/\/api.w.org\/{rel}","templated":true}]}}