{"id":68348504,"date":"2025-08-31T16:34:42","date_gmt":"2025-08-31T14:34:42","guid":{"rendered":"https:\/\/kraftwerk-shop.cc\/?post_type=product&#038;p=68348504"},"modified":"2026-04-13T14:25:48","modified_gmt":"2026-04-13T12:25:48","slug":"klocki-hamulcowe-hawk-hb194n-570-durango-srt","status":"publish","type":"product","link":"https:\/\/kraftwerk-shop.cc\/pl\/produkt\/hawk-hb194n-570-bremsbelaege-durango-srt\/","title":{"rendered":"Hawk Performance HP+ Klocki hamulcowe Durango SRT"},"content":{"rendered":"<h1>Hawk Performance HP+ HB194N.570 Klocki hamulcowe do Dodge Durango SRT (tylna o\u015b)<\/h1>\n<p>&nbsp;<\/p>\n<p><strong>Hawk Performance HP Plus<br \/>\n<\/strong><\/p>\n<p>Mieszanka klock\u00f3w hamulcowych Hawk Performance HP Plus jest idealna dla kierowc\u00f3w autocrossowych i torowych poszukuj\u0105cych wysokowydajnej mieszanki wy\u015bcigowej, kt\u00f3ra wytrzyma wysokie temperatury na torze i pozwoli bezpiecznie wr\u00f3ci\u0107 do domu bez konieczno\u015bci wymiany klock\u00f3w. HP Plus wykorzystuje unikalny Ferro-Carbon, zaawansowany technologicznie materia\u0142 cierny zaprojektowany i wyprodukowany do jazdy sportowej w autocrossie, Solo II i na torze. Formu\u0142a Ferro-Carbon zapewnia ni\u017csze zu\u017cycie i wy\u017csze warto\u015bci momentu obrotowego ni\u017c inne konkurencyjne materia\u0142y.<\/p>\n<p>&nbsp;<\/p>\n<p><strong>Zalecenie<\/strong><\/p>\n<p>HP Plus jest popularny w\u015br\u00f3d kierowc\u00f3w Durango SRT, kt\u00f3rzy szukaj\u0105 wyj\u0105tkowych osi\u0105g\u00f3w na ulicy lub chc\u0105 zabra\u0107 sw\u00f3j samoch\u00f3d na autocross lub tor bez martwienia si\u0119 o wymian\u0119 klock\u00f3w. Klocki HP Plus oferuj\u0105 znaczny wzrost momentu hamowania i zakresu temperatur w por\u00f3wnaniu do klock\u00f3w OEM. S\u0105 one og\u00f3lnie zalecane dla pocz\u0105tkuj\u0105cych, kt\u00f3rzy maj\u0105 niewielkie lub \u017cadne do\u015bwiadczenie na torze i szukaj\u0105 ulepszenia w stosunku do klock\u00f3w seryjnych.<\/p>\n<p>&nbsp;<\/p>\n<p><strong>Funkcje Hawk HP Plus:<\/strong><\/p>\n<ul>\n<li>Mocny, zr\u00f3wnowa\u017cony pocz\u0105tkowy gryz, gor\u0105cy lub zimny<\/li>\n<li>Zakres temperatur od niskich do \u015brednich<\/li>\n<li>Wysoka odporno\u015b\u0107 na blakni\u0119cie<\/li>\n<li>P\u0142ynny, przewidywalny moment obrotowy<\/li>\n<li>Idealny do autocrossu<\/li>\n<li>40 - 430 \u00b0C Zakres temperatur pracy<\/li>\n<li>150 - 320\u00b0C Optymalny zakres temperatur<\/li>\n<\/ul>\n<p>&nbsp;<\/p>\n<p>Numer OE (tylko do cel\u00f3w por\u00f3wnawczych): 68144223AA, 68144223AB, 68144223AC, 68144432AA, <span class=\"list-value sku-display\">68399102AA, 68399102AB, 68526411AA, 68501808AB<br \/>\n<\/span>Autoryzacja: nie<\/p>\n<p>&nbsp;<\/p>\n<p><strong>Odpowiedni dla:<\/strong><\/p>\n<table width=\"555\">\n<tbody>\n<tr>\n<td width=\"120\"><strong>Marka<\/strong><\/td>\n<td width=\"168\"><strong>Model<\/strong><\/td>\n<td width=\"110\"><strong>Silnik<\/strong><\/td>\n<td width=\"157\"><strong>Rok<\/strong><\/td>\n<\/tr>\n<tr>\n<td width=\"120\">Dodge<\/td>\n<td width=\"168\">Durango<\/td>\n<td width=\"110\">6.2 Hellcat<\/td>\n<td width=\"157\">2021\u20132025<\/td>\n<\/tr>\n<tr>\n<td width=\"120\">Dodge<\/td>\n<td width=\"168\">Durango<\/td>\n<td width=\"110\">6.4<\/td>\n<td width=\"157\">2018\u20132024<\/td>\n<\/tr>\n<\/tbody>\n<\/table>\n<p>&nbsp;<\/p>\n<p>Cena dotyczy 1 zestawu dla kompletnej osi tylnej.<\/p>","protected":false},"excerpt":{"rendered":"<p>Hawk Performance HP+ HB194N.570 Bremsbel\u00e4ge f\u00fcr Dodge Durango SRT (Hinterachse) &nbsp; Hawk Performance HP Plus Die Hawk Performance HP Plus<\/p>","protected":false},"featured_media":68348525,"comment_status":"open","ping_status":"closed","template":"","meta":{"_acf_changed":false},"product_brand":[17621],"product_cat":[17933],"product_tag":[928,949,950,933,2754,2436,7035,6371,838,590,795,839,840,773,49,95,4816,692,1070,7614,6903,100,798,799,6901,6902,1166,1167,36,96,1168,673],"class_list":{"0":"post-68348504","1":"product","2":"type-product","3":"status-publish","4":"has-post-thumbnail","6":"product_brand-hawk-performance","7":"product_cat-durango-64-bremsbelaege-hinten","8":"product_tag-68144223aa","9":"product_tag-68144223ab","10":"product_tag-68144223ac","11":"product_tag-68144432aa","12":"product_tag-68399102aa","13":"product_tag-68399102ab","14":"product_tag-68501808ab","15":"product_tag-68526411aa","16":"product_tag-bremsbelag","17":"product_tag-bremsbelaege","18":"product_tag-bremse","19":"product_tag-bremsklotz","20":"product_tag-bremskloetze","21":"product_tag-carbon","22":"product_tag-dodge","23":"product_tag-durango","24":"product_tag-durango-srt","25":"product_tag-ersatzteil","26":"product_tag-hawk","27":"product_tag-hawk10","28":"product_tag-hb194n-570","29":"product_tag-hellcat","30":"product_tag-hinten","31":"product_tag-hinterachse","32":"product_tag-hp-plus","33":"product_tag-hp","34":"product_tag-keramik","35":"product_tag-keramisch","36":"product_tag-kraftwerk","37":"product_tag-srt","38":"product_tag-staubfrei","39":"product_tag-zubehoer","41":"first","42":"instock","43":"taxable","44":"shipping-taxable","45":"purchasable","46":"product-type-simple"},"bundled_by":[],"bundle_stock_status":"instock","bundle_stock_quantity":1,"bundle_virtual":false,"bundle_layout":"","bundle_add_to_cart_form_location":"","bundle_editable_in_cart":false,"bundle_sold_individually_context":"","bundle_item_grouping":"","bundle_min_size":"","bundle_max_size":"","bundle_price":[],"bundled_items":[],"bundle_sell_ids":[],"exclude_global_add_ons":[],"addons":[],"acf":[],"_links":{"self":[{"href":"https:\/\/kraftwerk-shop.cc\/pl\/wp-json\/wp\/v2\/product\/68348504","targetHints":{"allow":["GET"]}}],"collection":[{"href":"https:\/\/kraftwerk-shop.cc\/pl\/wp-json\/wp\/v2\/product"}],"about":[{"href":"https:\/\/kraftwerk-shop.cc\/pl\/wp-json\/wp\/v2\/types\/product"}],"replies":[{"embeddable":true,"href":"https:\/\/kraftwerk-shop.cc\/pl\/wp-json\/wp\/v2\/comments?post=68348504"}],"version-history":[{"count":0,"href":"https:\/\/kraftwerk-shop.cc\/pl\/wp-json\/wp\/v2\/product\/68348504\/revisions"}],"wp:featuredmedia":[{"embeddable":true,"href":"https:\/\/kraftwerk-shop.cc\/pl\/wp-json\/wp\/v2\/media\/68348525"}],"wp:attachment":[{"href":"https:\/\/kraftwerk-shop.cc\/pl\/wp-json\/wp\/v2\/media?parent=68348504"}],"wp:term":[{"taxonomy":"product_brand","embeddable":true,"href":"https:\/\/kraftwerk-shop.cc\/pl\/wp-json\/wp\/v2\/product_brand?post=68348504"},{"taxonomy":"product_cat","embeddable":true,"href":"https:\/\/kraftwerk-shop.cc\/pl\/wp-json\/wp\/v2\/product_cat?post=68348504"},{"taxonomy":"product_tag","embeddable":true,"href":"https:\/\/kraftwerk-shop.cc\/pl\/wp-json\/wp\/v2\/product_tag?post=68348504"}],"curies":[{"name":"wp","href":"https:\/\/api.w.org\/{rel}","templated":true}]}}