{"id":68348544,"date":"2025-08-31T19:23:09","date_gmt":"2025-08-31T17:23:09","guid":{"rendered":"https:\/\/kraftwerk-shop.cc\/?post_type=product&#038;p=68348544"},"modified":"2026-03-17T15:20:21","modified_gmt":"2026-03-17T14:20:21","slug":"hawk-hb194f-570-klocki-hamulcowe-ladowarka","status":"publish","type":"product","link":"https:\/\/kraftwerk-shop.cc\/pl\/produkt\/hawk-hb194f-570-bremsbelaege-charger\/","title":{"rendered":"Klocki hamulcowe Hawk Performance HPS Charger 6.1, 6.2 i 6.4"},"content":{"rendered":"<h1>Hawk Performance HPS HB194F.570 Klocki hamulcowe do Dodge Charger 6.1, 6.2 Hellcat i 6.4 (tylna o\u015b)<\/h1>\n<p>&nbsp;<\/p>\n<p><strong>Hawk Performance HPS<\/strong><\/p>\n<p>Klocki hamulcowe Hawk HPS (High Performance Street) s\u0105 znane na ca\u0142ym \u015bwiecie ze zwi\u0119kszania si\u0142y hamowania Dodge Charger. Dzi\u0119ki mieszance klock\u00f3w hamulcowych Hawk Performance HPS mo\u017cna \u0142atwo poprawi\u0107 wydajno\u015b\u0107 uk\u0142adu hamulcowego pojazdu.<br \/>\nTa unikalna formu\u0142a \u017celazo-w\u0119glowa zosta\u0142a opracowana do u\u017cytku drogowego i wykorzystuje bezpiecze\u0144stwo i jako\u015b\u0107 technologii tarcia do du\u017cych obci\u0105\u017ce\u0144 z przemys\u0142u lotniczego i sport\u00f3w motorowych.<br \/>\nMieszanka High Performance Street oferuje wy\u017cszy wsp\u00f3\u0142czynnik tarcia ni\u017c standardowe klocki hamulcowe i mo\u017ce zapewni\u0107 od 20 do 40 % wi\u0119ksz\u0105 si\u0142\u0119 hamowania i wi\u0119ksz\u0105 odporno\u015b\u0107 na zanikanie hamulc\u00f3w ni\u017c wi\u0119kszo\u015b\u0107 standardowych klock\u00f3w zamiennych. Mniejsze zanikanie oznacza, \u017ce otrzymujesz wyj\u0105tkowo trwa\u0142y klocek hamulcowy z mniejsz\u0105 ilo\u015bci\u0105 py\u0142u hamulcowego.<\/p>\n<p>&nbsp;<\/p>\n<p><strong>Zalecenie<\/strong><\/p>\n<p>W wi\u0119kszo\u015bci przypadk\u00f3w mieszanka Hawk HPS zapewnia wy\u017cszy moment hamowania i wy\u017csz\u0105 temperatur\u0119 pracy w por\u00f3wnaniu do klock\u00f3w hamulcowych OEM. Wytwarza r\u00f3wnie\u017c mniej py\u0142u hamulcowego.<br \/>\nPrzy g\u00f3rnej temperaturze roboczej wynosz\u0105cej 430-480\u00b0C, mieszanka HPS mo\u017ce wytrzyma\u0107 lekkie u\u017cytkowanie na torze, pod warunkiem, \u017ce b\u0119dziesz obserwowa\u0107 oznaki przegrzania i zapewnisz odpowiedni czas ch\u0142odzenia, gdy klocki hamulcowe osi\u0105gn\u0105 swoj\u0105 g\u00f3rn\u0105 temperatur\u0119.<br \/>\nMieszanka Hawk HPS nie jest mieszank\u0105 wy\u015bcigow\u0105 i nie mo\u017ce wytrzyma\u0107 d\u0142ugotrwa\u0142ych wy\u015bcig\u00f3w w wysokich temperaturach.<br \/>\nJe\u015bli chodzi o py\u0142 hamulcowy, mieszanka HPS jest czystsza ni\u017c klocki hamulcowe OEM, ale generuje wi\u0119cej py\u0142u ni\u017c mieszanka ceramiczna Hawk. Wzrost wydajno\u015bci w por\u00f3wnaniu do Hawk Ceramic odbywa si\u0119 kosztem zwi\u0119kszonego wytwarzania py\u0142u.<\/p>\n<p>&nbsp;<\/p>\n<p><strong>Hawk HPS Cechy:<\/strong><\/p>\n<ul>\n<li>P\u0142ynne hamowanie<\/li>\n<li>Doskona\u0142y do sportowej jazdy<\/li>\n<li>Delikatny dla klock\u00f3w i tarcz hamulcowych<\/li>\n<li>Sta\u0142a si\u0142a hamowania<\/li>\n<li>Zwi\u0119kszona si\u0142a hamowania<\/li>\n<li>Zakres temperatur pracy: 40-370 \u00b0C<\/li>\n<li>Optymalny zakres temperatur: 40-260 \u00b0C<\/li>\n<\/ul>\n<p>&nbsp;<\/p>\n<p>Numer OE (tylko do cel\u00f3w por\u00f3wnawczych): 68144223AA, 68144223AB, 68144223AC, 68144432AA, <span class=\"list-value sku-display\">68399102AA, 68399102AB, 68526411AA, 68501808AB<br \/>\n<\/span>Autoryzacja: nie<\/p>\n<p>&nbsp;<\/p>\n<p><strong>Odpowiedni dla:<\/strong><\/p>\n<table width=\"555\">\n<tbody>\n<tr>\n<td width=\"120\"><strong>Marka<\/strong><\/td>\n<td width=\"168\"><strong>Model<\/strong><\/td>\n<td width=\"110\"><strong>Silnik<\/strong><\/td>\n<td width=\"157\"><strong>Rok<\/strong><\/td>\n<\/tr>\n<tr>\n<td width=\"120\">Dodge<\/td>\n<td width=\"168\">Charger<\/td>\n<td width=\"110\">6.1<\/td>\n<td width=\"157\">2005\u20132010<\/td>\n<\/tr>\n<tr>\n<td width=\"120\">Dodge<\/td>\n<td width=\"168\">Charger<\/td>\n<td width=\"110\">6.2 Hellcat<\/td>\n<td width=\"157\">2015\u20132023<\/td>\n<\/tr>\n<tr>\n<td width=\"120\">Dodge<\/td>\n<td width=\"168\">Charger<\/td>\n<td width=\"110\">6.4<\/td>\n<td width=\"157\">2011\u20132023<\/td>\n<\/tr>\n<\/tbody>\n<\/table>\n<p>&nbsp;<\/p>\n<p>Cena dotyczy 1 zestawu dla kompletnej osi tylnej.<\/p>","protected":false},"excerpt":{"rendered":"<p>Hawk Performance HPS HB194F.570 Bremsbel\u00e4ge f\u00fcr Dodge Charger 6.1, 6.2 Hellcat und 6.4 (Hinterachse) &nbsp; Hawk Performance HPS Hawk HPS<\/p>","protected":false},"featured_media":68348572,"comment_status":"open","ping_status":"closed","template":"","meta":{"_acf_changed":false},"product_brand":[17621],"product_cat":[17756,17760,17764],"product_tag":[92,101,93,928,949,950,933,2754,2436,7035,6371,838,590,795,839,840,773,53,49,692,1070,7614,18964,100,798,799,6901,18965,1166,1167,36,96,1056,164,1168,673],"class_list":{"0":"post-68348544","1":"product","2":"type-product","3":"status-publish","4":"has-post-thumbnail","6":"product_brand-hawk-performance","7":"product_cat-charger-61-bremsbelaege-hinten","8":"product_cat-charger-hellcat-bremsbelaege-hinten","9":"product_cat-charger-64-bremsbelaege-hinten","10":"product_tag-6-1","11":"product_tag-6-2","12":"product_tag-6-4","13":"product_tag-68144223aa","14":"product_tag-68144223ab","15":"product_tag-68144223ac","16":"product_tag-68144432aa","17":"product_tag-68399102aa","18":"product_tag-68399102ab","19":"product_tag-68501808ab","20":"product_tag-68526411aa","21":"product_tag-bremsbelag","22":"product_tag-bremsbelaege","23":"product_tag-bremse","24":"product_tag-bremsklotz","25":"product_tag-bremskloetze","26":"product_tag-carbon","27":"product_tag-charger","28":"product_tag-dodge","29":"product_tag-ersatzteil","30":"product_tag-hawk","31":"product_tag-hawk10","32":"product_tag-hb194f-570","33":"product_tag-hellcat","34":"product_tag-hinten","35":"product_tag-hinterachse","36":"product_tag-hp-plus","37":"product_tag-hps","38":"product_tag-keramik","39":"product_tag-keramisch","40":"product_tag-kraftwerk","41":"product_tag-srt","42":"product_tag-srt-8","43":"product_tag-srt8","44":"product_tag-staubfrei","45":"product_tag-zubehoer","47":"first","48":"instock","49":"taxable","50":"shipping-taxable","51":"purchasable","52":"product-type-simple"},"bundled_by":[],"bundle_stock_status":"instock","bundle_stock_quantity":2,"bundle_virtual":false,"bundle_layout":"","bundle_add_to_cart_form_location":"","bundle_editable_in_cart":false,"bundle_sold_individually_context":"","bundle_item_grouping":"","bundle_min_size":"","bundle_max_size":"","bundle_price":[],"bundled_items":[],"bundle_sell_ids":[],"exclude_global_add_ons":[],"addons":[],"acf":[],"_links":{"self":[{"href":"https:\/\/kraftwerk-shop.cc\/pl\/wp-json\/wp\/v2\/product\/68348544","targetHints":{"allow":["GET"]}}],"collection":[{"href":"https:\/\/kraftwerk-shop.cc\/pl\/wp-json\/wp\/v2\/product"}],"about":[{"href":"https:\/\/kraftwerk-shop.cc\/pl\/wp-json\/wp\/v2\/types\/product"}],"replies":[{"embeddable":true,"href":"https:\/\/kraftwerk-shop.cc\/pl\/wp-json\/wp\/v2\/comments?post=68348544"}],"version-history":[{"count":0,"href":"https:\/\/kraftwerk-shop.cc\/pl\/wp-json\/wp\/v2\/product\/68348544\/revisions"}],"wp:featuredmedia":[{"embeddable":true,"href":"https:\/\/kraftwerk-shop.cc\/pl\/wp-json\/wp\/v2\/media\/68348572"}],"wp:attachment":[{"href":"https:\/\/kraftwerk-shop.cc\/pl\/wp-json\/wp\/v2\/media?parent=68348544"}],"wp:term":[{"taxonomy":"product_brand","embeddable":true,"href":"https:\/\/kraftwerk-shop.cc\/pl\/wp-json\/wp\/v2\/product_brand?post=68348544"},{"taxonomy":"product_cat","embeddable":true,"href":"https:\/\/kraftwerk-shop.cc\/pl\/wp-json\/wp\/v2\/product_cat?post=68348544"},{"taxonomy":"product_tag","embeddable":true,"href":"https:\/\/kraftwerk-shop.cc\/pl\/wp-json\/wp\/v2\/product_tag?post=68348544"}],"curies":[{"name":"wp","href":"https:\/\/api.w.org\/{rel}","templated":true}]}}