{"id":68348577,"date":"2025-08-31T21:20:32","date_gmt":"2025-08-31T19:20:32","guid":{"rendered":"https:\/\/kraftwerk-shop.cc\/?post_type=product&#038;p=68348577"},"modified":"2026-02-15T01:23:15","modified_gmt":"2026-02-15T00:23:15","slug":"klocki-hamulcowe-hawk-hb649f-605-challenger","status":"publish","type":"product","link":"https:\/\/kraftwerk-shop.cc\/pl\/produkt\/hawk-hb649f-605-bremsbelaege-challenger\/","title":{"rendered":"Klocki hamulcowe Hawk Performance HPS, Challenger SRT i Hellcat"},"content":{"rendered":"<h1>Wysokowydajne klocki hamulcowe Hawk Performance HPS <span class=\"sku\">HB649F.605<\/span> dla Dodge, Challenger SRT i Hellcat (o\u015b przednia)<\/h1>\n<p>&nbsp;<\/p>\n<p><strong>Hawk Performance HPS<\/strong><\/p>\n<p>Klocki hamulcowe Hawk HPS (High Performance Street) s\u0105 znane na ca\u0142ym \u015bwiecie ze zwi\u0119kszania si\u0142y hamowania Challenger SRT \/ Hellcat. Dzi\u0119ki mieszance klock\u00f3w hamulcowych Hawk Performance HPS mo\u017cna \u0142atwo poprawi\u0107 wydajno\u015b\u0107 uk\u0142adu hamulcowego pojazdu.<br \/>\nTa unikalna formu\u0142a \u017celazo-w\u0119glowa zosta\u0142a opracowana do u\u017cytku drogowego i wykorzystuje bezpiecze\u0144stwo i jako\u015b\u0107 technologii tarcia do du\u017cych obci\u0105\u017ce\u0144 z przemys\u0142u lotniczego i sport\u00f3w motorowych.<br \/>\nMieszanka High Performance Street oferuje wy\u017cszy wsp\u00f3\u0142czynnik tarcia ni\u017c standardowe klocki hamulcowe i mo\u017ce zapewni\u0107 od 20 do 40 % wi\u0119ksz\u0105 si\u0142\u0119 hamowania i wi\u0119ksz\u0105 odporno\u015b\u0107 na zanikanie hamulc\u00f3w ni\u017c wi\u0119kszo\u015b\u0107 standardowych klock\u00f3w zamiennych. Mniejsze zanikanie oznacza, \u017ce otrzymujesz wyj\u0105tkowo trwa\u0142y klocek hamulcowy z mniejsz\u0105 ilo\u015bci\u0105 py\u0142u hamulcowego.<\/p>\n<p>&nbsp;<\/p>\n<p><strong>Zalecenie<\/strong><\/p>\n<p>W wi\u0119kszo\u015bci przypadk\u00f3w mieszanka Hawk HPS zapewnia wy\u017cszy moment hamowania i wy\u017csz\u0105 temperatur\u0119 pracy w por\u00f3wnaniu do klock\u00f3w hamulcowych OEM. Wytwarza r\u00f3wnie\u017c mniej py\u0142u hamulcowego.<br \/>\nPrzy g\u00f3rnej temperaturze roboczej wynosz\u0105cej 430-480\u00b0C, mieszanka HPS mo\u017ce wytrzyma\u0107 lekkie u\u017cytkowanie na torze, pod warunkiem, \u017ce b\u0119dziesz obserwowa\u0107 oznaki przegrzania i zapewnisz odpowiedni czas ch\u0142odzenia, gdy klocki hamulcowe osi\u0105gn\u0105 swoj\u0105 g\u00f3rn\u0105 temperatur\u0119.<br \/>\nMieszanka Hawk HPS nie jest mieszank\u0105 wy\u015bcigow\u0105 i nie mo\u017ce wytrzyma\u0107 d\u0142ugotrwa\u0142ych wy\u015bcig\u00f3w w wysokich temperaturach.<br \/>\nJe\u015bli chodzi o py\u0142 hamulcowy, mieszanka HPS jest czystsza ni\u017c klocki hamulcowe OEM, ale generuje wi\u0119cej py\u0142u ni\u017c mieszanka ceramiczna Hawk. Wzrost wydajno\u015bci w por\u00f3wnaniu do Hawk Ceramic odbywa si\u0119 kosztem zwi\u0119kszonego wytwarzania py\u0142u.<\/p>\n<p>&nbsp;<\/p>\n<p><strong>Hawk HPS Cechy:<\/strong><\/p>\n<ul>\n<li>P\u0142ynne hamowanie<\/li>\n<li>Doskona\u0142y do sportowej jazdy<\/li>\n<li>Delikatny dla klock\u00f3w i tarcz hamulcowych<\/li>\n<li>Sta\u0142a si\u0142a hamowania<\/li>\n<li>Zwi\u0119kszona si\u0142a hamowania<\/li>\n<li>Zakres temperatur pracy: 40-370 \u00b0C<\/li>\n<li>Optymalny zakres temperatur: 40-260 \u00b0C<\/li>\n<\/ul>\n<p>&nbsp;<\/p>\n<p><strong>Liczby por\u00f3wnawcze Mopar:<\/strong> 68248384AA, 68248384AB, 68248384AC, 68248384AD, 68525329AA, 68525329AB, 68525329AC<\/p>\n<p>&nbsp;<\/p>\n<p><strong>Odpowiedni dla:<\/strong><\/p>\n<table width=\"568\">\n<tbody>\n<tr>\n<td width=\"83\">Dodge<\/td>\n<td width=\"138\">Challenger<\/td>\n<td width=\"98\">6.4<\/td>\n<td colspan=\"3\" width=\"249\">2015-2020 z tarczami hamulcowymi 390 mm<\/td>\n<\/tr>\n<tr>\n<td>Dodge<\/td>\n<td>Challenger<\/td>\n<td>6.4<\/td>\n<td colspan=\"3\">2021 - 2023 z tarczami hamulcowymi 400 mm<\/td>\n<\/tr>\n<tr>\n<td>Dodge<\/td>\n<td>Challenger Hellcat<\/td>\n<td>6.2<\/td>\n<td colspan=\"3\">2015-2020 z tarczami hamulcowymi 390 mm<\/td>\n<\/tr>\n<tr>\n<td>Dodge<\/td>\n<td>Challenger Hellcat<\/td>\n<td>6.2<\/td>\n<td colspan=\"3\">2021 - 2023 z tarczami hamulcowymi 400 mm<\/td>\n<\/tr>\n<\/tbody>\n<\/table>\n<p>&nbsp;<\/p>\n<p>Cena dotyczy 1 zestawu dla kompletnej osi przedniej.<\/p>","protected":false},"excerpt":{"rendered":"<p>Nadaje si\u0119 do tarcz hamulcowych 390 i 400 mm<\/p>","protected":false},"featured_media":68348602,"comment_status":"open","ping_status":"closed","template":"","meta":{"_acf_changed":false},"product_brand":[17621],"product_cat":[17691,17687],"product_tag":[101,93,929,930,945,943,944,6821,931,4556,4557,7034,590,10803,840,54,49,3853,1070,7614,18966,100,18965,186,96,842,841],"class_list":{"0":"post-68348577","1":"product","2":"type-product","3":"status-publish","4":"has-post-thumbnail","6":"product_brand-hawk-performance","7":"product_cat-challenger-hellcat-bremsbelaege-vorne","8":"product_cat-challenger-64-bremsbelaege-vorne","9":"product_tag-6-2","10":"product_tag-6-4","11":"product_tag-68144427aa","12":"product_tag-68144427ab","13":"product_tag-68248384aa","14":"product_tag-68248384ab","15":"product_tag-68248384ac","16":"product_tag-68248384ad","17":"product_tag-68303052aa","18":"product_tag-68525329aa","19":"product_tag-68525329ab","20":"product_tag-68525329ac","21":"product_tag-bremsbelaege","22":"product_tag-bremsbelaege-fuer-dodge-challenger-6-4","23":"product_tag-bremskloetze","24":"product_tag-challenger","25":"product_tag-dodge","26":"product_tag-dodge-challenger","27":"product_tag-hawk","28":"product_tag-hawk10","29":"product_tag-hb649f-605","30":"product_tag-hellcat","31":"product_tag-hps","32":"product_tag-performance","33":"product_tag-srt","34":"product_tag-vorderachse","35":"product_tag-vorne","37":"first","38":"instock","39":"taxable","40":"shipping-taxable","41":"purchasable","42":"product-type-simple"},"bundled_by":[],"bundle_stock_status":"instock","bundle_stock_quantity":2,"bundle_virtual":false,"bundle_layout":"","bundle_add_to_cart_form_location":"","bundle_editable_in_cart":false,"bundle_sold_individually_context":"","bundle_item_grouping":"","bundle_min_size":"","bundle_max_size":"","bundle_price":[],"bundled_items":[],"bundle_sell_ids":[],"exclude_global_add_ons":[],"addons":[],"acf":[],"_links":{"self":[{"href":"https:\/\/kraftwerk-shop.cc\/pl\/wp-json\/wp\/v2\/product\/68348577","targetHints":{"allow":["GET"]}}],"collection":[{"href":"https:\/\/kraftwerk-shop.cc\/pl\/wp-json\/wp\/v2\/product"}],"about":[{"href":"https:\/\/kraftwerk-shop.cc\/pl\/wp-json\/wp\/v2\/types\/product"}],"replies":[{"embeddable":true,"href":"https:\/\/kraftwerk-shop.cc\/pl\/wp-json\/wp\/v2\/comments?post=68348577"}],"version-history":[{"count":0,"href":"https:\/\/kraftwerk-shop.cc\/pl\/wp-json\/wp\/v2\/product\/68348577\/revisions"}],"wp:featuredmedia":[{"embeddable":true,"href":"https:\/\/kraftwerk-shop.cc\/pl\/wp-json\/wp\/v2\/media\/68348602"}],"wp:attachment":[{"href":"https:\/\/kraftwerk-shop.cc\/pl\/wp-json\/wp\/v2\/media?parent=68348577"}],"wp:term":[{"taxonomy":"product_brand","embeddable":true,"href":"https:\/\/kraftwerk-shop.cc\/pl\/wp-json\/wp\/v2\/product_brand?post=68348577"},{"taxonomy":"product_cat","embeddable":true,"href":"https:\/\/kraftwerk-shop.cc\/pl\/wp-json\/wp\/v2\/product_cat?post=68348577"},{"taxonomy":"product_tag","embeddable":true,"href":"https:\/\/kraftwerk-shop.cc\/pl\/wp-json\/wp\/v2\/product_tag?post=68348577"}],"curies":[{"name":"wp","href":"https:\/\/api.w.org\/{rel}","templated":true}]}}