{"id":68348884,"date":"2025-09-07T16:47:53","date_gmt":"2025-09-07T14:47:53","guid":{"rendered":"https:\/\/kraftwerk-shop.cc\/?post_type=product&#038;p=68348884"},"modified":"2026-04-08T15:28:55","modified_gmt":"2026-04-08T13:28:55","slug":"klocki-hamulcowe-dba-street-series-300c-challenger-charger-magnum-db2008ss","status":"publish","type":"product","link":"https:\/\/kraftwerk-shop.cc\/pl\/produkt\/dba-street-series-bremsbelaege-300c-challenger-charger-magnum-db2008ss\/","title":{"rendered":"Klocki hamulcowe DBA Street Series 300C, Challenger, Charger i Magnum (DB2008SS)"},"content":{"rendered":"<h1>Klocki hamulcowe DBA Street Series DB2008SS do Chrysler, 300C, Dodge, Challenger, Charger i Magnum 3.0 CRD, 3.5, 3.6 i 5.7 (o\u015b przednia)<\/h1>\n<p>&nbsp;<\/p>\n<p data-start=\"192\" data-end=\"502\">Klocki hamulcowe DBA Street Series to co\u015b wi\u0119cej ni\u017c tylko zamiennik standardowych klock\u00f3w. Oferuj\u0105 zauwa\u017caln\u0105 popraw\u0119 wydajno\u015bci i zapewniaj\u0105 znacznie lepsze zachowanie podczas hamowania w codziennym u\u017cytkowaniu. Opracowane dla kierowc\u00f3w, kt\u00f3rzy oczekuj\u0105 wy\u017cszej wydajno\u015bci bez konieczno\u015bci rezygnacji z komfortu i trwa\u0142o\u015bci.<\/p>\n<p>&nbsp;<\/p>\n<ul>\n<li data-start=\"504\" data-end=\"771\">Wy\u017csza skuteczno\u015b\u0107 hamowania ni\u017c OEM<br data-start=\"532\" data-end=\"535\" \/>Klocki z serii Street zapewniaj\u0105 zoptymalizowane tarcie, a tym samym silniejsze i bardziej niezawodne ci\u015bnienie hamowania w por\u00f3wnaniu z wieloma konwencjonalnymi klockami standardowymi. Idealne do samochod\u00f3w osobowych, SUV-\u00f3w i lekkich pojazd\u00f3w u\u017cytkowych.<\/li>\n<li data-start=\"773\" data-end=\"1023\">Szybsze hamowanie<br data-start=\"795\" data-end=\"798\" \/>Specjalny pasek o wysokim wsp\u00f3\u0142czynniku tarcia na powierzchni klocka zapewnia znacznie szybsz\u0105 faz\u0119 docierania. Pe\u0142na moc hamowania jest dost\u0119pna ju\u017c po kr\u00f3tkim czasie, co umo\u017cliwia natychmiastow\u0105 i precyzyjn\u0105 reakcj\u0119.<\/li>\n<li data-start=\"1025\" data-end=\"1265\">Mniej py\u0142u hamulcowego i czyste felgi<br data-start=\"1062\" data-end=\"1065\" \/>Dzi\u0119ki ceramicznej mieszance ciernej, kt\u00f3ra jest ca\u0142kowicie wolna od miedzi, powstawanie py\u0142u jest znacznie ograniczone. Obr\u0119cze pozostaj\u0105 czyste na d\u0142u\u017cej, a wp\u0142yw na \u015brodowisko jest zminimalizowany.<\/li>\n<li data-start=\"1267\" data-end=\"1508\">Niski poziom ha\u0142asu i wibracji<br data-start=\"1294\" data-end=\"1297\" \/>Specjalnie opracowane podk\u0142adki t\u0142umi\u0105ce NVH, szczeliny i fazki na klockach hamulcowych redukuj\u0105 irytuj\u0105ce ha\u0142asy i wibracje podczas hamowania. Rezultatem jest zauwa\u017calnie cichsza i przyjemniejsza jazda.<\/li>\n<li data-start=\"1510\" data-end=\"1779\">Optymalne po\u0142\u0105czenie z tarczami hamulcowymi DBA Street Series<br data-start=\"1566\" data-end=\"1569\" \/>W po\u0142\u0105czeniu z pasuj\u0105cymi tarczami hamulcowymi DBA Street Series, klocki te rozwijaj\u0105 sw\u00f3j pe\u0142ny potencja\u0142. Po\u0142\u0105czenie to zapewnia jeszcze lepszy pocz\u0105tkowy efekt hamowania i znacznie skraca faz\u0119 docierania.<\/li>\n<\/ul>\n<p>&nbsp;<\/p>\n<p data-start=\"1781\" data-end=\"1824\"><strong>Zalety w por\u00f3wnaniu do standardowych pokry\u0107:<\/strong><\/p>\n<ul>\n<li data-start=\"1781\" data-end=\"1824\">Lepsza skuteczno\u015b\u0107 hamowania i wy\u017csze wsp\u00f3\u0142czynniki tarcia<\/li>\n<li data-start=\"1781\" data-end=\"1824\">Kr\u00f3tszy czas docierania dzi\u0119ki paskom o wysokim wsp\u00f3\u0142czynniku tarcia<\/li>\n<li data-start=\"1781\" data-end=\"1824\">Mniej py\u0142u hamulcowego dla czystych felg<\/li>\n<li data-start=\"1781\" data-end=\"1824\">Ciszej i z mniejszymi wibracjami<\/li>\n<li data-start=\"1781\" data-end=\"1824\">Idealny w po\u0142\u0105czeniu z tarczami hamulcowymi DBA Street Series<\/li>\n<\/ul>\n<p>&nbsp;<\/p>\n<p data-start=\"2059\" data-end=\"2267\">Te klocki hamulcowe s\u0105 idealnym wyborem dla ka\u017cdego, kto chce przej\u015b\u0107 od standardowej wydajno\u015bci hamulc\u00f3w do zauwa\u017calnie mocniejszego i wygodniejszego rozwi\u0105zania - idealnego do codziennego u\u017cytku.<\/p>\n<p>&nbsp;<\/p>\n<p><strong>Liczby por\u00f3wnawcze Mopar:<\/strong> <span lang=\"DE\">05142555AA, 05174001AA, 05174001AB, 05174001AC<strong>, <\/strong>68147681AA<\/span><\/p>\n<p>&nbsp;<\/p>\n<p><strong>Odpowiedni dla:<\/strong><\/p>\n<table width=\"0\">\n<tbody>\n<tr>\n<td width=\"64\">Chrysler<\/td>\n<td width=\"100\">300C<\/td>\n<td width=\"163\">3.0 CRD, 3.5, 3.6, 5.7<\/td>\n<td width=\"305\">Wszystkie lata modelowe z tarczami hamulcowymi 345 mm<\/td>\n<\/tr>\n<tr>\n<td width=\"64\">Dodge<\/td>\n<td width=\"100\">Challenger<\/td>\n<td width=\"163\">3.5, 3.6, 5.7<\/td>\n<td width=\"305\">Wszystkie lata modelowe z tarczami hamulcowymi 345 mm<\/td>\n<\/tr>\n<tr>\n<td width=\"64\">Dodge<\/td>\n<td width=\"100\">Charger<\/td>\n<td width=\"163\">3.5, 3.6, 5.7<\/td>\n<td width=\"305\">Wszystkie lata modelowe z tarczami hamulcowymi 345 mm<\/td>\n<\/tr>\n<tr>\n<td width=\"64\">Dodge<\/td>\n<td width=\"100\">Magnum<\/td>\n<td width=\"163\">3.5, 5.7<\/td>\n<td width=\"305\">Wszystkie lata modelowe z tarczami hamulcowymi 345 mm<\/td>\n<\/tr>\n<tr>\n<td width=\"64\">Lancia<\/td>\n<td width=\"100\">Temat<\/td>\n<td width=\"163\">3.0 MultiJet, 3.6<\/td>\n<td width=\"305\">Wszystkie lata modelowe z tarczami hamulcowymi 345 mm<\/td>\n<\/tr>\n<\/tbody>\n<\/table>\n<p><strong>\u00a0<\/strong><\/p>\n<p>Cena dotyczy 1 zestawu dla kompletnej osi przedniej.<\/p>\n<p>&nbsp;<\/p>\n<p><strong>O producencie DBA:<\/strong><\/p>\n<p data-start=\"0\" data-end=\"351\">Disc Brakes Australia (DBA) oferuje komponenty hamulcowe opracowane specjalnie dla wysokowydajnych pojazd\u00f3w Chrysler i Dodge, kt\u00f3re spe\u0142niaj\u0105 najwy\u017csze wymagania. Niezale\u017cnie od tego, czy jest to Charger, Challenger, Durango czy RAM - DBA dostarcza tarcze i klocki hamulcowe, kt\u00f3re s\u0105 idealnie dopasowane do wysokich osi\u0105g\u00f3w silnika i sportowego prowadzenia tych modeli.<\/p>\n<p data-start=\"353\" data-end=\"730\">Dzi\u0119ki innowacyjnym technologiom, takim jak profilowanie stabilno\u015bci termicznej (TSP) i precyzyjnie wykonane kana\u0142y wentylacyjne, tarcze hamulcowe DBA zapewniaj\u0105 optymalne rozpraszanie ciep\u0142a, mniejszy fading i maksymaln\u0105 stabilno\u015b\u0107 hamowania - nawet przy ekstremalnych obci\u0105\u017ceniach. Sprawdzone w sportach motorowych procesy produkcyjne i rygorystyczne kontrole jako\u015bci gwarantuj\u0105 maksymaln\u0105 niezawodno\u015b\u0107 i wydajno\u015b\u0107.<\/p>\n<p data-start=\"732\" data-end=\"935\">Dla kierowc\u00f3w Dodge i Chrysler, kt\u00f3rzy chc\u0105 w pe\u0142ni wykorzysta\u0107 potencja\u0142 swojego pojazdu, DBA oferuje idealne po\u0142\u0105czenie bezpiecze\u0144stwa, kontroli i sportowej si\u0142y hamowania.<\/p>\n<p data-start=\"732\" data-end=\"935\">","protected":false},"excerpt":{"rendered":"<p>Nadaje si\u0119 do tarcz hamulcowych 345 mm<\/p>","protected":false},"featured_media":68348891,"comment_status":"open","ping_status":"closed","template":"","meta":{"_acf_changed":false},"product_brand":[18922],"product_cat":[17712,17715,17719,17723,17727,17709,17703,17701,17739,17743,17747,17751,17767,17771],"product_tag":[2149,2150,2151,2152,88,169,52,91,18215,18216,18217,18218,2153,838,590,839,840,54,53,48,18974,789,49,55,7807,842,841,7808,673],"class_list":{"0":"post-68348884","1":"product","2":"type-product","3":"status-publish","4":"has-post-thumbnail","6":"product_brand-dba","7":"product_cat-300c-30-diesel-bremsbelaege-vorne","8":"product_cat-300c-35-bremsbelaege-vorne","9":"product_cat-300c-36-bremsbelaege-vorne","10":"product_cat-300c-57-2005-2010-bremsbelaege-vorne","11":"product_cat-300c-57-2011-2023-bremsbelaege-vorne","12":"product_cat-challenger-35-bremsbelaege-vorne","13":"product_cat-challenger-36-bremsbelaege-vorne","14":"product_cat-challenger-57-bremsbelaege-vorne","15":"product_cat-charger-35-bremsbelaege-vorne","16":"product_cat-charger-36-bremsbelaege-vorne","17":"product_cat-charger-57-bremsbelaege-vorne","18":"product_cat-charger-57-2011-2023-bremsbelaege-vorne","19":"product_cat-magnum-35-bremsbelaege-vorne","20":"product_cat-magnum-57-bremsbelaege-vorne","21":"product_tag-05142555aa","22":"product_tag-05174001aa","23":"product_tag-05174001ab","24":"product_tag-05174001ac","25":"product_tag-3-5","26":"product_tag-3-6","27":"product_tag-300c","28":"product_tag-5-7","29":"product_tag-5142555aa","30":"product_tag-5174001aa","31":"product_tag-5174001ab","32":"product_tag-5174001ac","33":"product_tag-68147681aa","34":"product_tag-bremsbelag","35":"product_tag-bremsbelaege","36":"product_tag-bremsklotz","37":"product_tag-bremskloetze","38":"product_tag-challenger","39":"product_tag-charger","40":"product_tag-chrysler","41":"product_tag-db2008ss","42":"product_tag-dba","43":"product_tag-dodge","44":"product_tag-magnum","45":"product_tag-sportbelag","46":"product_tag-vorderachse","47":"product_tag-vorne","48":"product_tag-xtreme-performance","49":"product_tag-zubehoer","50":"product_shipping_class-deutschlandohne","52":"first","53":"instock","54":"taxable","55":"shipping-taxable","56":"purchasable","57":"product-type-simple"},"bundled_by":[],"bundle_stock_status":"instock","bundle_stock_quantity":4,"bundle_virtual":false,"bundle_layout":"","bundle_add_to_cart_form_location":"","bundle_editable_in_cart":false,"bundle_sold_individually_context":"","bundle_item_grouping":"","bundle_min_size":"","bundle_max_size":"","bundle_price":[],"bundled_items":[],"bundle_sell_ids":[],"exclude_global_add_ons":[],"addons":[],"acf":[],"_links":{"self":[{"href":"https:\/\/kraftwerk-shop.cc\/pl\/wp-json\/wp\/v2\/product\/68348884","targetHints":{"allow":["GET"]}}],"collection":[{"href":"https:\/\/kraftwerk-shop.cc\/pl\/wp-json\/wp\/v2\/product"}],"about":[{"href":"https:\/\/kraftwerk-shop.cc\/pl\/wp-json\/wp\/v2\/types\/product"}],"replies":[{"embeddable":true,"href":"https:\/\/kraftwerk-shop.cc\/pl\/wp-json\/wp\/v2\/comments?post=68348884"}],"version-history":[{"count":0,"href":"https:\/\/kraftwerk-shop.cc\/pl\/wp-json\/wp\/v2\/product\/68348884\/revisions"}],"wp:featuredmedia":[{"embeddable":true,"href":"https:\/\/kraftwerk-shop.cc\/pl\/wp-json\/wp\/v2\/media\/68348891"}],"wp:attachment":[{"href":"https:\/\/kraftwerk-shop.cc\/pl\/wp-json\/wp\/v2\/media?parent=68348884"}],"wp:term":[{"taxonomy":"product_brand","embeddable":true,"href":"https:\/\/kraftwerk-shop.cc\/pl\/wp-json\/wp\/v2\/product_brand?post=68348884"},{"taxonomy":"product_cat","embeddable":true,"href":"https:\/\/kraftwerk-shop.cc\/pl\/wp-json\/wp\/v2\/product_cat?post=68348884"},{"taxonomy":"product_tag","embeddable":true,"href":"https:\/\/kraftwerk-shop.cc\/pl\/wp-json\/wp\/v2\/product_tag?post=68348884"}],"curies":[{"name":"wp","href":"https:\/\/api.w.org\/{rel}","templated":true}]}}