{"id":68348912,"date":"2025-09-07T23:32:48","date_gmt":"2025-09-07T21:32:48","guid":{"rendered":"https:\/\/kraftwerk-shop.cc\/?post_type=product&#038;p=68348912"},"modified":"2026-02-15T01:23:22","modified_gmt":"2026-02-15T00:23:22","slug":"tarcze-hamulcowe-hawk-talon-htc4235","status":"publish","type":"product","link":"https:\/\/kraftwerk-shop.cc\/pl\/produkt\/hawk-talon-bremsscheiben-htc4235\/","title":{"rendered":"Tarcze hamulcowe Hawk Talon HTC4235"},"content":{"rendered":"<h1>Hawk Talon HTC4235 Tarcze hamulcowe do Chrysler, 300C, Dodge, Challenger, Charger, Magnum i Lancia Thema 3.0 CRD, 3.5, 3.6 i 5.7 (tylna o\u015b)<\/h1>\n<p>&nbsp;<\/p>\n<p>Tarcze hamulcowe Hawk Talon to wysokiej jako\u015bci, wysokowydajne tarcze drogowe, kt\u00f3re zosta\u0142y specjalnie opracowane, aby zapewni\u0107 maksymaln\u0105 skuteczno\u015b\u0107 hamowania, trwa\u0142o\u015b\u0107 i przyjemno\u015b\u0107 z jazdy. \u0141\u0105cz\u0105 w sobie nowoczesne metody konstrukcyjne, najwy\u017cszej klasy materia\u0142y i specjalistyczne pow\u0142oki powierzchniowe, aby zapewni\u0107 najwy\u017csz\u0105 wydajno\u015b\u0107 nawet w ekstremalnych warunkach.<\/p>\n<p>&nbsp;<\/p>\n<p><strong>Najwa\u017cniejsze informacje i technologie<\/strong><\/p>\n<ul>\n<li>Wysokiej jako\u015bci materia\u0142: Wykonany z \u017celiwa wysokow\u0119glowego o metalurgii G3000 - doskona\u0142a stabilno\u015b\u0107, d\u0142uga \u017cywotno\u015b\u0107 i zminimalizowane wypaczanie w wysokich temperaturach.<\/li>\n<li>Zoptymalizowane rozpraszanie ciep\u0142a: Precyzyjnie nawiercone i naci\u0119te struktury zapewniaj\u0105 doskona\u0142\u0105 wydajno\u015b\u0107 termiczn\u0105, wydajne ch\u0142odzenie, wysok\u0105 wytrzyma\u0142o\u015b\u0107 strukturaln\u0105 i lepsz\u0105 skuteczno\u015b\u0107 hamowania na mokrej nawierzchni.<\/li>\n<li>Niski poziom wibracji i ha\u0142asu: precyzyjnie frezowane rowki CNC utrzymuj\u0105 klocki hamulcowe w czysto\u015bci, zmniejszaj\u0105 rezonans harmoniczny i minimalizuj\u0105 ha\u0142as podczas hamowania.<\/li>\n<li>Pow\u0142oka Magni: Ta specjalna pow\u0142oka barierowa zapewnia doskona\u0142\u0105 ochron\u0119 przed korozj\u0105, u\u0142atwia hamowanie i chroni przed zu\u017cyciem.<\/li>\n<li>Zgodno\u015b\u0107 z normami IEC: Spe\u0142nia i przewy\u017csza test mg\u0142y solnej ISO-9227 (ponad 240 godzin), idealny do u\u017cytku w warunkach zimowych.<\/li>\n<\/ul>\n<p>&nbsp;<\/p>\n<p><strong>Dlaczego warto wybra\u0107 tarcze hamulcowe Hawk Talon?<\/strong><\/p>\n<ul>\n<li>Doskona\u0142a wydajno\u015b\u0107: idealna do wymagaj\u0105cych styl\u00f3w jazdy, obs\u0142ugi przyczep lub okazjonalnego u\u017cytkowania na torze.<\/li>\n<li>Trwa\u0142o\u015b\u0107: Wysokiej jako\u015bci materia\u0142y, pow\u0142oki i precyzja wykonania zapewniaj\u0105 d\u0142ug\u0105 \u017cywotno\u015b\u0107.<\/li>\n<li>\u0141atwy w utrzymaniu: szybko wsuwany, odporny na korozj\u0119, o niskim poziomie wibracji i ha\u0142asu<\/li>\n<li>Niezawodna jako\u015b\u0107: wydajno\u015b\u0107 testowana dynamometrycznie i wysoka sp\u00f3jno\u015b\u0107 produkcji<\/li>\n<\/ul>\n<p>&nbsp;<\/p>\n<p><strong>Numery cz\u0119\u015bci Mopar (tylko do cel\u00f3w por\u00f3wnawczych)<\/strong>4779209AB, 4779209AC, 4779209AD, 4779209AE, 4779209AF, 4779209AG, 68241042AA, 68241042AB, 68368072AA, 68368071AA<\/p>\n<p>&nbsp;<\/p>\n<p><strong>Odpowiedni dla:<\/strong><\/p>\n<table width=\"0\">\n<tbody>\n<tr>\n<td width=\"64\">Chrysler<\/td>\n<td width=\"100\">300C<\/td>\n<td width=\"163\">3.0 CRD, 3.5, 3.6, 5.7<\/td>\n<td width=\"305\">Wszystkie lata modelowe z wentylowanymi tarczami hamulcowymi<\/td>\n<\/tr>\n<tr>\n<td width=\"64\">Dodge<\/td>\n<td width=\"100\">Challenger<\/td>\n<td width=\"163\">3.5, 3.6, 5.7<\/td>\n<td width=\"305\">Wszystkie lata modelowe z wentylowanymi tarczami hamulcowymi<\/td>\n<\/tr>\n<tr>\n<td width=\"64\">Dodge<\/td>\n<td width=\"100\">Charger<\/td>\n<td width=\"163\">3.5, 3.6, 5.7<\/td>\n<td width=\"305\">Wszystkie lata modelowe z wentylowanymi tarczami hamulcowymi<\/td>\n<\/tr>\n<tr>\n<td width=\"64\">Dodge<\/td>\n<td width=\"100\">Magnum<\/td>\n<td width=\"163\">3.5, 5.7<\/td>\n<td width=\"305\">Wszystkie lata modelowe z wentylowanymi tarczami hamulcowymi<\/td>\n<\/tr>\n<tr>\n<td width=\"64\">Lancia<\/td>\n<td width=\"100\">Temat<\/td>\n<td width=\"163\">3.0 MultiJet, 3.6<\/td>\n<td width=\"305\">Wszystkie lata modelowe z wentylowanymi tarczami hamulcowymi<\/td>\n<\/tr>\n<\/tbody>\n<\/table>\n<p><strong>\u00a0<\/strong><\/p>\n<p><strong><br \/>\nZakres dostawy: <\/strong><\/p>\n<ul>\n<li>2 tarcze hamulcowe Hawk Talon (HTC4235) dla tylnej osi<\/li>\n<\/ul>\n<p>&nbsp;<\/p>\n<p><strong>Uwaga:<\/strong><\/p>\n<p>Przed z\u0142o\u017ceniem zam\u00f3wienia nale\u017cy sprawdzi\u0107, czy pojazd jest wyposa\u017cony w wentylowane czy niewentylowane tarcze hamulcowe.<br \/>\nTylko nieliczne pojazdy maj\u0105 niewentylowane tarcze hamulcowe z ty\u0142u. Pojazdy te maj\u0105 zwykle ma\u0142e tarcze hamulcowe 320 mm na przedniej osi.<\/p>","protected":false},"excerpt":{"rendered":"<div class=\"woocommerce-product-details__short-description\">\n<p>Wentylowane tarcze hamulcowe<\/p>\n<\/div>","protected":false},"featured_media":68348916,"comment_status":"open","ping_status":"closed","template":"","meta":{"_acf_changed":false},"product_brand":[17621],"product_cat":[17713,17718,17722,17726,17730,17708,17706,17700,17742,17746,17750,17754,17770,17774],"product_tag":[18193,18194,18195,18196,18197,18198,87,572,88,52,2071,2072,2074,2073,2075,2077,91,17574,17575,17577,17576,795,796,54,53,48,536,49,3853,3854,692,942,2111,941,1070,126,798,799,18978,36,173,55,797,18976,174,216,673],"class_list":{"0":"post-68348912","1":"product","2":"type-product","3":"status-publish","4":"has-post-thumbnail","6":"product_brand-hawk-performance","7":"product_cat-300c-30-diesel-bremsscheiben-hinten","8":"product_cat-300c-35-bremsscheiben-hinten","9":"product_cat-300c-36-bremsscheiben-hinten","10":"product_cat-300c-57-2005-2010-bremsscheiben-hinten","11":"product_cat-300c-57-2011-2023-bremsscheiben-hinten","12":"product_cat-challenger-35-bremsscheiben-hinten","13":"product_cat-challenger-36-bremsscheiben-hinten","14":"product_cat-challenger-57-bremsscheiben-hinten","15":"product_cat-charger-35-bremsscheiben-hinten","16":"product_cat-charger-36-bremsscheiben-hinten","17":"product_cat-charger-57-bremsscheiben-hinten","18":"product_cat-charger-57-2011-2023-bremsscheiben-hinten","19":"product_cat-magnum-35-bremsscheiben-hinten","20":"product_cat-magnum-57-bremsscheiben-hinten","21":"product_tag-04779209ab","22":"product_tag-04779209ac","23":"product_tag-04779209ad","24":"product_tag-04779209ae","25":"product_tag-04779209af","26":"product_tag-04779209ag","27":"product_tag-2-7","28":"product_tag-3-0-crd","29":"product_tag-3-5","30":"product_tag-300c","31":"product_tag-4779209ab","32":"product_tag-4779209ac","33":"product_tag-4779209ad","34":"product_tag-4779209ae","35":"product_tag-4779209af","36":"product_tag-4779209ag","37":"product_tag-5-7","38":"product_tag-68241042aa","39":"product_tag-68241042ab","40":"product_tag-68368071aa","41":"product_tag-68368072aa","42":"product_tag-bremse","43":"product_tag-bremsscheibe","44":"product_tag-challenger","45":"product_tag-charger","46":"product_tag-chrysler","47":"product_tag-chrysler-300c","48":"product_tag-dodge","49":"product_tag-dodge-challenger","50":"product_tag-dodge-charger","51":"product_tag-ersatzteil","52":"product_tag-gelocht","53":"product_tag-genutet","54":"product_tag-geschlitzt","55":"product_tag-hawk","56":"product_tag-hemi","57":"product_tag-hinten","58":"product_tag-hinterachse","59":"product_tag-htc4235","60":"product_tag-kraftwerk","61":"product_tag-lancia","62":"product_tag-magnum","63":"product_tag-sportbremsscheibe","64":"product_tag-talon","65":"product_tag-thema","66":"product_tag-upgrade","67":"product_tag-zubehoer","68":"product_shipping_class-deutschlandohne","70":"first","71":"instock","72":"taxable","73":"shipping-taxable","74":"purchasable","75":"product-type-simple"},"bundled_by":[],"bundle_stock_status":"instock","bundle_stock_quantity":2,"bundle_virtual":false,"bundle_layout":"","bundle_add_to_cart_form_location":"","bundle_editable_in_cart":false,"bundle_sold_individually_context":"","bundle_item_grouping":"","bundle_min_size":"","bundle_max_size":"","bundle_price":[],"bundled_items":[],"bundle_sell_ids":[],"exclude_global_add_ons":[],"addons":[],"acf":[],"_links":{"self":[{"href":"https:\/\/kraftwerk-shop.cc\/pl\/wp-json\/wp\/v2\/product\/68348912","targetHints":{"allow":["GET"]}}],"collection":[{"href":"https:\/\/kraftwerk-shop.cc\/pl\/wp-json\/wp\/v2\/product"}],"about":[{"href":"https:\/\/kraftwerk-shop.cc\/pl\/wp-json\/wp\/v2\/types\/product"}],"replies":[{"embeddable":true,"href":"https:\/\/kraftwerk-shop.cc\/pl\/wp-json\/wp\/v2\/comments?post=68348912"}],"version-history":[{"count":0,"href":"https:\/\/kraftwerk-shop.cc\/pl\/wp-json\/wp\/v2\/product\/68348912\/revisions"}],"wp:featuredmedia":[{"embeddable":true,"href":"https:\/\/kraftwerk-shop.cc\/pl\/wp-json\/wp\/v2\/media\/68348916"}],"wp:attachment":[{"href":"https:\/\/kraftwerk-shop.cc\/pl\/wp-json\/wp\/v2\/media?parent=68348912"}],"wp:term":[{"taxonomy":"product_brand","embeddable":true,"href":"https:\/\/kraftwerk-shop.cc\/pl\/wp-json\/wp\/v2\/product_brand?post=68348912"},{"taxonomy":"product_cat","embeddable":true,"href":"https:\/\/kraftwerk-shop.cc\/pl\/wp-json\/wp\/v2\/product_cat?post=68348912"},{"taxonomy":"product_tag","embeddable":true,"href":"https:\/\/kraftwerk-shop.cc\/pl\/wp-json\/wp\/v2\/product_tag?post=68348912"}],"curies":[{"name":"wp","href":"https:\/\/api.w.org\/{rel}","templated":true}]}}