{"id":68349245,"date":"2025-09-13T13:50:17","date_gmt":"2025-09-13T11:50:17","guid":{"rendered":"https:\/\/kraftwerk-shop.cc\/?post_type=product&#038;p=68349245"},"modified":"2026-02-15T01:23:32","modified_gmt":"2026-02-15T00:23:32","slug":"ceramiczne-klocki-hamulcowe-hawk-hb509z-678-magnum","status":"publish","type":"product","link":"https:\/\/kraftwerk-shop.cc\/pl\/produkt\/hawk-ceramic-bremsbelaege-hb509z-678-magnum\/","title":{"rendered":"Hawk Performance Ceramiczne klocki hamulcowe Magnum 3.5 &amp; 5.7"},"content":{"rendered":"<h1>Hawk Performance Wysokowydajne ceramiczne klocki hamulcowe HB509Z.678 dla Dodge Magnum 3.5 i 5.7 (o\u015b przednia)<\/h1>\n<p>&nbsp;<\/p>\n<p>Hawk zdaje sobie spraw\u0119 z potrzeb wsp\u00f3\u0142czesnych u\u017cytkownik\u00f3w ceramicznych klock\u00f3w hamulcowych i specjalnie opracowa\u0142 sw\u00f3j materia\u0142 kompozytowy, aby spe\u0142ni\u0107, a nawet przekroczy\u0107 wymagania dotycz\u0105ce wysokiego poziomu ha\u0142asu i niskiego zapylenia.<br \/>\nKlocki hamulcowe Hawk PC (Performance Ceramic) zosta\u0142y zaprojektowane w celu zmniejszenia NVH (ha\u0142asu, wibracji i szorstko\u015bci) i zapewnienia wyj\u0105tkowej wydajno\u015bci kilometr po kilometrze.<br \/>\nUnikalna mieszanka zapewnia liniowy profil tarcia, kt\u00f3ry pozwala systemowi ABS w Magnum pracowa\u0107 tak efektywnie, jak to tylko mo\u017cliwe, i ma t\u0119 zalet\u0119, \u017ce nie powoduje utraty wydajno\u015bci w por\u00f3wnaniu z konwencjonalnymi klockami ceramicznymi.<br \/>\nDzi\u0119ki ceramicznym klockom hamulcowym Performance firmy Hawk mo\u017cna do\u015bwiadczy\u0107 mniejszego zu\u017cycia klock\u00f3w hamulcowych, d\u0142u\u017cszej \u017cywotno\u015bci tarcz hamulcowych i bardzo niskiego poziomu ha\u0142asu.<\/p>\n<p>Hawk Performance Ceramic to \u015bwietna mieszanka, je\u015bli priorytetem jest zminimalizowanie py\u0142u hamulcowego. Mieszanka ta jest bardzo popularnym zamiennikiem hamulc\u00f3w OEM stosowanych w modelach Dodge i Magnum.<br \/>\nJe\u015bli nie chcesz zwi\u0119kszonej skuteczno\u015bci hamowania w por\u00f3wnaniu do standardowego wyposa\u017cenia i chcesz praktycznie wyeliminowa\u0107 py\u0142 hamulcowy, ceramiczne klocki hamulcowe Hawk Performance s\u0105 w\u0142a\u015bnie dla Ciebie.<\/p>\n<p>&nbsp;<\/p>\n<p><strong>W\u0142a\u015bciwo\u015bci:<\/strong><\/p>\n<ul>\n<li>Wyj\u0105tkowo cichy<\/li>\n<li>Wyj\u0105tkowo niski poziom zapylenia<\/li>\n<li>Zwi\u0119kszona si\u0142a hamowania<\/li>\n<li>Delikatny dla tarcz hamulcowych<\/li>\n<li>Stabilna skuteczno\u015b\u0107 hamowania<\/li>\n<li>35-345 \u00b0C Zakres temperatur pracy<\/li>\n<li>35-235 \u00b0C Optymalny zakres temperatur<\/li>\n<\/ul>\n<p>&nbsp;<\/p>\n<p><strong>Liczby por\u00f3wnawcze Mopar:<\/strong> 5174311AA, 5174311AB, 05174311AA, 05174311AB, 05174311AC<\/p>\n<p>&nbsp;<\/p>\n<p><strong>Odpowiedni dla:<\/strong><\/p>\n<table>\n<tbody>\n<tr>\n<td width=\"81\">Dodge<\/td>\n<td width=\"199\">Magnum<\/td>\n<td width=\"174\">3.5, 5.7<\/td>\n<td width=\"369\">Wszystkie lata modelowe z tarczami hamulcowymi 345 mm<\/td>\n<\/tr>\n<\/tbody>\n<\/table>\n<p>&nbsp;<\/p>\n<p>Cena dotyczy 1 zestawu dla kompletnej osi przedniej.<\/p>\n<p>&nbsp;<\/p>","protected":false},"excerpt":{"rendered":"<p>Nadaje si\u0119 do tarcz hamulcowych 345 mm<\/p>","protected":false},"featured_media":68349279,"comment_status":"open","ping_status":"closed","template":"","meta":{"_acf_changed":false},"product_brand":[17621],"product_cat":[17767,17771],"product_tag":[2149,2150,2151,2152,18215,18216,18217,18218,2153,590,840,6922,49,4438,1070,7614,18981,1166,55,186,842,841],"class_list":{"0":"post-68349245","1":"product","2":"type-product","3":"status-publish","4":"has-post-thumbnail","6":"product_brand-hawk-performance","7":"product_cat-magnum-35-bremsbelaege-vorne","8":"product_cat-magnum-57-bremsbelaege-vorne","9":"product_tag-05142555aa","10":"product_tag-05174001aa","11":"product_tag-05174001ab","12":"product_tag-05174001ac","13":"product_tag-5142555aa","14":"product_tag-5174001aa","15":"product_tag-5174001ab","16":"product_tag-5174001ac","17":"product_tag-68147681aa","18":"product_tag-bremsbelaege","19":"product_tag-bremskloetze","20":"product_tag-ceramic","21":"product_tag-dodge","22":"product_tag-dodge-magnum","23":"product_tag-hawk","24":"product_tag-hawk10","25":"product_tag-hb509z-678","26":"product_tag-keramik","27":"product_tag-magnum","28":"product_tag-performance","29":"product_tag-vorderachse","30":"product_tag-vorne","32":"first","33":"instock","34":"taxable","35":"shipping-taxable","36":"purchasable","37":"product-type-simple"},"bundled_by":[],"bundle_stock_status":"instock","bundle_stock_quantity":1,"bundle_virtual":false,"bundle_layout":"","bundle_add_to_cart_form_location":"","bundle_editable_in_cart":false,"bundle_sold_individually_context":"","bundle_item_grouping":"","bundle_min_size":"","bundle_max_size":"","bundle_price":[],"bundled_items":[],"bundle_sell_ids":[],"exclude_global_add_ons":[],"addons":[],"acf":[],"_links":{"self":[{"href":"https:\/\/kraftwerk-shop.cc\/pl\/wp-json\/wp\/v2\/product\/68349245","targetHints":{"allow":["GET"]}}],"collection":[{"href":"https:\/\/kraftwerk-shop.cc\/pl\/wp-json\/wp\/v2\/product"}],"about":[{"href":"https:\/\/kraftwerk-shop.cc\/pl\/wp-json\/wp\/v2\/types\/product"}],"replies":[{"embeddable":true,"href":"https:\/\/kraftwerk-shop.cc\/pl\/wp-json\/wp\/v2\/comments?post=68349245"}],"version-history":[{"count":0,"href":"https:\/\/kraftwerk-shop.cc\/pl\/wp-json\/wp\/v2\/product\/68349245\/revisions"}],"wp:featuredmedia":[{"embeddable":true,"href":"https:\/\/kraftwerk-shop.cc\/pl\/wp-json\/wp\/v2\/media\/68349279"}],"wp:attachment":[{"href":"https:\/\/kraftwerk-shop.cc\/pl\/wp-json\/wp\/v2\/media?parent=68349245"}],"wp:term":[{"taxonomy":"product_brand","embeddable":true,"href":"https:\/\/kraftwerk-shop.cc\/pl\/wp-json\/wp\/v2\/product_brand?post=68349245"},{"taxonomy":"product_cat","embeddable":true,"href":"https:\/\/kraftwerk-shop.cc\/pl\/wp-json\/wp\/v2\/product_cat?post=68349245"},{"taxonomy":"product_tag","embeddable":true,"href":"https:\/\/kraftwerk-shop.cc\/pl\/wp-json\/wp\/v2\/product_tag?post=68349245"}],"curies":[{"name":"wp","href":"https:\/\/api.w.org\/{rel}","templated":true}]}}