{"id":68349292,"date":"2025-09-13T13:50:02","date_gmt":"2025-09-13T11:50:02","guid":{"rendered":"https:\/\/kraftwerk-shop.cc\/?post_type=product&#038;p=68349292"},"modified":"2026-02-15T01:23:28","modified_gmt":"2026-02-15T00:23:28","slug":"klocki-hamulcowe-hawk-hb509b-678-magnum","status":"publish","type":"product","link":"https:\/\/kraftwerk-shop.cc\/pl\/produkt\/hawk-bremsbelaege-hb509b-678-magnum\/","title":{"rendered":"Hawk Performance HPS 5.0 Klocki hamulcowe Magnum 3.5 &amp; 5.7"},"content":{"rendered":"<h1>Hawk Performance HPS 5.0 Wysokowydajne klocki hamulcowe HB509B.678 dla Dodge Magnum 3.5 i 5.7 (o\u015b przednia)<\/h1>\n<p>&nbsp;<\/p>\n<p><strong>Hawk Performance HPS 5.0<\/strong><\/p>\n<p>Klocki hamulcowe Hawk Performance, wyposa\u017cone w najnowsz\u0105 formu\u0142\u0119 HPS 5.0 - opracowane dla maksymalnej wydajno\u015bci na drodze ze zoptymalizowanym wyczuciem peda\u0142u i wysok\u0105 si\u0142\u0105 hamowania bez wp\u0142ywu na ABS w Dodge Magum.<br \/>\nHPS 5.0 to mieszanka \u017celazo-w\u0119glowa, kt\u00f3ra oferuje zaawansowane w\u0142a\u015bciwo\u015bci hamowania w celu poprawy wra\u017ce\u0144 z jazdy. Mieszanka ta \u0142\u0105czy w sobie bezpiecze\u0144stwo i jako\u015b\u0107 technologii lotniczej z technologi\u0105 hamowania stosowan\u0105 w sportach motorowych. Rezultatem jest kr\u00f3tsza droga hamowania, lepsza wydajno\u015b\u0107 w warunkach intensywnego hamowania i charakterystyka gotowa do jazdy po drogach.<\/p>\n<p>&nbsp;<\/p>\n<p><strong>Zalecenie<\/strong><\/p>\n<p>Hawk HPS 5.0 to dobry wyb\u00f3r, je\u015bli chcesz zwi\u0119kszy\u0107 skuteczno\u015b\u0107 hamowania do maksymalnego mo\u017cliwego poziomu bez konieczno\u015bci znoszenia negatywnych skutk\u00f3w ubocznych w postaci ha\u0142asu i du\u017cych ilo\u015bci py\u0142u hamulcowego, kt\u00f3re cz\u0119sto s\u0105 zwi\u0105zane z klockami hamulcowymi o wy\u017cszej wydajno\u015bci.<br \/>\nMieszanka HPS 5.0 oferuje wy\u017cszy moment hamowania i wy\u017csz\u0105 temperatur\u0119 pracy w por\u00f3wnaniu do mieszanki Hawk HPS. Mieszanka HPS 5.0 mo\u017ce wytrzyma\u0107 lekkie u\u017cytkowanie na torze, pod warunkiem, \u017ce b\u0119dziesz uwa\u017ca\u0107 na oznaki przegrzania i zapewnisz klockom hamulcowym wystarczaj\u0105cy czas ch\u0142odzenia, gdy osi\u0105gn\u0105 maksymaln\u0105 temperatur\u0119.<br \/>\nMieszanka Hawk HPS 5.0 nie jest mieszank\u0105 wy\u015bcigow\u0105 i nie wytrzyma d\u0142ugotrwa\u0142ych wy\u015bcig\u00f3w w wysokich temperaturach. Mieszanka HPS 5.0 jest czystsza ni\u017c wi\u0119kszo\u015b\u0107 klock\u00f3w hamulcowych OEM, ale generuje wi\u0119cej py\u0142u hamulcowego ni\u017c Hawk Ceramic i Hawk HPS.<\/p>\n<p>&nbsp;<\/p>\n<p><strong>Hawk HPS Cechy:<\/strong><\/p>\n<ul>\n<li>Agresywny moment hamowania<\/li>\n<li>Niskie zu\u017cycie tarcz hamulcowych i klock\u00f3w hamulcowych<\/li>\n<li>Sp\u00f3jna, przewidywalna reakcja<\/li>\n<li>Wysoka wydajno\u015b\u0107 zwalniania<\/li>\n<li>Zakres temperatur pracy: 40-400 \u00b0C<\/li>\n<li>Optymalny zakres temperatur: 40-290 \u00b0C<\/li>\n<\/ul>\n<p>&nbsp;<\/p>\n<p><strong>Liczby por\u00f3wnawcze Mopar:<\/strong> <span lang=\"DE\">05142555AA, 05174001AA, 05174001AB, 05174001AC<strong>, <\/strong>68147681AA<\/span><\/p>\n<p>&nbsp;<\/p>\n<p><strong>Odpowiedni dla:<\/strong><\/p>\n<table width=\"823\">\n<tbody>\n<tr>\n<td width=\"81\">Dodge<\/td>\n<td width=\"199\">Magnum<\/td>\n<td width=\"174\">3.5, 5.7<\/td>\n<td width=\"369\">Wszystkie lata modelowe z tarczami hamulcowymi 345 mm<\/td>\n<\/tr>\n<\/tbody>\n<\/table>\n<p>&nbsp;<\/p>\n<p>Cena dotyczy 1 zestawu dla kompletnej osi przedniej.<\/p>","protected":false},"excerpt":{"rendered":"<p>Nadaje si\u0119 do tarcz hamulcowych 345 mm<\/p>","protected":false},"featured_media":68349304,"comment_status":"open","ping_status":"closed","template":"","meta":{"_acf_changed":false},"product_brand":[17621],"product_cat":[17767,17771],"product_tag":[2149,2150,2151,2152,88,91,18215,18216,18217,18218,2153,838,590,795,839,840,773,49,692,1070,7614,18982,6901,18965,18983,1166,1167,36,55,1168,673],"class_list":{"0":"post-68349292","1":"product","2":"type-product","3":"status-publish","4":"has-post-thumbnail","6":"product_brand-hawk-performance","7":"product_cat-magnum-35-bremsbelaege-vorne","8":"product_cat-magnum-57-bremsbelaege-vorne","9":"product_tag-05142555aa","10":"product_tag-05174001aa","11":"product_tag-05174001ab","12":"product_tag-05174001ac","13":"product_tag-3-5","14":"product_tag-5-7","15":"product_tag-5142555aa","16":"product_tag-5174001aa","17":"product_tag-5174001ab","18":"product_tag-5174001ac","19":"product_tag-68147681aa","20":"product_tag-bremsbelag","21":"product_tag-bremsbelaege","22":"product_tag-bremse","23":"product_tag-bremsklotz","24":"product_tag-bremskloetze","25":"product_tag-carbon","26":"product_tag-dodge","27":"product_tag-ersatzteil","28":"product_tag-hawk","29":"product_tag-hawk10","30":"product_tag-hb509b-678","31":"product_tag-hp-plus","32":"product_tag-hps","33":"product_tag-hps-5-0","34":"product_tag-keramik","35":"product_tag-keramisch","36":"product_tag-kraftwerk","37":"product_tag-magnum","38":"product_tag-staubfrei","39":"product_tag-zubehoer","41":"first","42":"instock","43":"taxable","44":"shipping-taxable","45":"purchasable","46":"product-type-simple"},"bundled_by":[],"bundle_stock_status":"instock","bundle_stock_quantity":2,"bundle_virtual":false,"bundle_layout":"","bundle_add_to_cart_form_location":"","bundle_editable_in_cart":false,"bundle_sold_individually_context":"","bundle_item_grouping":"","bundle_min_size":"","bundle_max_size":"","bundle_price":[],"bundled_items":[],"bundle_sell_ids":[],"exclude_global_add_ons":[],"addons":[],"acf":[],"_links":{"self":[{"href":"https:\/\/kraftwerk-shop.cc\/pl\/wp-json\/wp\/v2\/product\/68349292","targetHints":{"allow":["GET"]}}],"collection":[{"href":"https:\/\/kraftwerk-shop.cc\/pl\/wp-json\/wp\/v2\/product"}],"about":[{"href":"https:\/\/kraftwerk-shop.cc\/pl\/wp-json\/wp\/v2\/types\/product"}],"replies":[{"embeddable":true,"href":"https:\/\/kraftwerk-shop.cc\/pl\/wp-json\/wp\/v2\/comments?post=68349292"}],"version-history":[{"count":0,"href":"https:\/\/kraftwerk-shop.cc\/pl\/wp-json\/wp\/v2\/product\/68349292\/revisions"}],"wp:featuredmedia":[{"embeddable":true,"href":"https:\/\/kraftwerk-shop.cc\/pl\/wp-json\/wp\/v2\/media\/68349304"}],"wp:attachment":[{"href":"https:\/\/kraftwerk-shop.cc\/pl\/wp-json\/wp\/v2\/media?parent=68349292"}],"wp:term":[{"taxonomy":"product_brand","embeddable":true,"href":"https:\/\/kraftwerk-shop.cc\/pl\/wp-json\/wp\/v2\/product_brand?post=68349292"},{"taxonomy":"product_cat","embeddable":true,"href":"https:\/\/kraftwerk-shop.cc\/pl\/wp-json\/wp\/v2\/product_cat?post=68349292"},{"taxonomy":"product_tag","embeddable":true,"href":"https:\/\/kraftwerk-shop.cc\/pl\/wp-json\/wp\/v2\/product_tag?post=68349292"}],"curies":[{"name":"wp","href":"https:\/\/api.w.org\/{rel}","templated":true}]}}