{"id":68349347,"date":"2025-09-13T16:52:37","date_gmt":"2025-09-13T14:52:37","guid":{"rendered":"https:\/\/kraftwerk-shop.cc\/?post_type=product&#038;p=68349347"},"modified":"2026-03-08T00:10:33","modified_gmt":"2026-03-07T23:10:33","slug":"klocki-hamulcowe-hawk-hb508b-586-challenger","status":"publish","type":"product","link":"https:\/\/kraftwerk-shop.cc\/pl\/produkt\/hawk-bremsbelaege-hb508b-586-challenger\/","title":{"rendered":"Hawk Performance HPS 5.0 Klocki hamulcowe Challenger 3.5, 3.6 i 5.7"},"content":{"rendered":"<h1>Hawk Performance HPS 5.0 Wysokowydajne klocki hamulcowe HB508B.586 dla Dodge Challenger 3.5, 3.6 i 5.7 (tylna o\u015b)<\/h1>\n<p>&nbsp;<\/p>\n<p><strong>Hawk Performance HPS 5.0<\/strong><\/p>\n<p>Klocki hamulcowe Hawk Performance, wyposa\u017cone w najnowsz\u0105 formu\u0142\u0119 HPS 5.0 - opracowane dla maksymalnej wydajno\u015bci na drodze ze zoptymalizowanym wyczuciem peda\u0142u i wysok\u0105 si\u0142\u0105 hamowania bez wp\u0142ywu na ABS Dodge Challenger.<br \/>\nHPS 5.0 to mieszanka \u017celazo-w\u0119glowa, kt\u00f3ra oferuje zaawansowane w\u0142a\u015bciwo\u015bci hamowania w celu poprawy wra\u017ce\u0144 z jazdy. Mieszanka ta \u0142\u0105czy w sobie bezpiecze\u0144stwo i jako\u015b\u0107 technologii lotniczej z technologi\u0105 hamowania stosowan\u0105 w sportach motorowych. Rezultatem jest kr\u00f3tsza droga hamowania, lepsza wydajno\u015b\u0107 w warunkach intensywnego hamowania i charakterystyka gotowa do jazdy po drogach.<\/p>\n<p>&nbsp;<\/p>\n<p><strong>Zalecenie<\/strong><\/p>\n<p>Hawk HPS 5.0 to dobry wyb\u00f3r, je\u015bli chcesz zwi\u0119kszy\u0107 skuteczno\u015b\u0107 hamowania do maksymalnego mo\u017cliwego poziomu bez konieczno\u015bci znoszenia negatywnych skutk\u00f3w ubocznych w postaci ha\u0142asu i du\u017cych ilo\u015bci py\u0142u hamulcowego, kt\u00f3re cz\u0119sto s\u0105 zwi\u0105zane z klockami hamulcowymi o wy\u017cszej wydajno\u015bci.<br \/>\nMieszanka HPS 5.0 oferuje wy\u017cszy moment hamowania i wy\u017csz\u0105 temperatur\u0119 pracy w por\u00f3wnaniu do mieszanki Hawk HPS. Mieszanka HPS 5.0 mo\u017ce wytrzyma\u0107 lekkie u\u017cytkowanie na torze, pod warunkiem, \u017ce b\u0119dziesz uwa\u017ca\u0107 na oznaki przegrzania i zapewnisz klockom hamulcowym wystarczaj\u0105cy czas ch\u0142odzenia, gdy osi\u0105gn\u0105 maksymaln\u0105 temperatur\u0119.<br \/>\nMieszanka Hawk HPS 5.0 nie jest mieszank\u0105 wy\u015bcigow\u0105 i nie wytrzyma d\u0142ugotrwa\u0142ych wy\u015bcig\u00f3w w wysokich temperaturach. Mieszanka HPS 5.0 jest czystsza ni\u017c wi\u0119kszo\u015b\u0107 klock\u00f3w hamulcowych OEM, ale generuje wi\u0119cej py\u0142u hamulcowego ni\u017c Hawk Ceramic i Hawk HPS.<\/p>\n<p>&nbsp;<\/p>\n<p><strong>Hawk HPS Cechy:<\/strong><\/p>\n<ul>\n<li>Agresywny moment hamowania<\/li>\n<li>Niskie zu\u017cycie tarcz hamulcowych i klock\u00f3w hamulcowych<\/li>\n<li>Sp\u00f3jna, przewidywalna reakcja<\/li>\n<li>Wysoka wydajno\u015b\u0107 zwalniania<\/li>\n<li>Zakres temperatur pracy: 40-400 \u00b0C<\/li>\n<li>Optymalny zakres temperatur: 40-290 \u00b0C<\/li>\n<\/ul>\n<p>&nbsp;<\/p>\n<p><strong>Liczby por\u00f3wnawcze Mopar:<\/strong> 5139191AA , 5142561AA, 5142561AB, 5142566AA, 5142566AB, 5142566AC, <span class=\"list-value sku-display\">68504576AA<\/span>, <span class=\"list-value sku-display\">68504576AB<\/span><\/p>\n<p>&nbsp;<\/p>\n<p><strong>Odpowiedni dla:<\/strong><\/p>\n<table width=\"823\">\n<tbody>\n<tr>\n<td width=\"81\">Dodge<\/td>\n<td width=\"199\">Challenger<\/td>\n<td width=\"174\">3.5, 3.6, 5.7<\/td>\n<td width=\"369\">Wszystkie lata modelowe z tarczami hamulcowymi 320 mm<\/td>\n<\/tr>\n<\/tbody>\n<\/table>\n<p>&nbsp;<\/p>\n<p>Cena dotyczy 1 zestawu dla kompletnej osi tylnej.<\/p>","protected":false},"excerpt":{"rendered":"<p>Hawk Performance HPS 5.0 Wysokowydajne klocki hamulcowe HB508B.586 dla Dodge Challenger 3.5, 3.6 i 5.7 (tylna o\u015b) Hawk Performance HPS 5.0 Hawk<\/p>","protected":false},"featured_media":68349359,"comment_status":"open","ping_status":"closed","template":"","meta":{"_acf_changed":false},"product_brand":[17621],"product_cat":[17710,17704,17702],"product_tag":[18219,18220,18221,18222,18223,18224,88,169,91,2140,2141,2142,2143,2144,2145,21021,21020,590,840,54,49,3853,1070,7614,18985,798,799,18965,18983,186],"class_list":{"0":"post-68349347","1":"product","2":"type-product","3":"status-publish","4":"has-post-thumbnail","6":"product_brand-hawk-performance","7":"product_cat-challenger-35-bremsbelaege-hinten","8":"product_cat-challenger-36-bremsbelaege-hinten","9":"product_cat-challenger-57-bremsbelaege-hinten","10":"product_tag-05139191aa","11":"product_tag-05142561aa","12":"product_tag-05142561ab","13":"product_tag-05142566aa","14":"product_tag-05142566ab","15":"product_tag-05142566ac","16":"product_tag-3-5","17":"product_tag-3-6","18":"product_tag-5-7","19":"product_tag-5139191aa","20":"product_tag-5142561aa","21":"product_tag-5142561ab","22":"product_tag-5142566aa","23":"product_tag-5142566ab","24":"product_tag-5142566ac","25":"product_tag-68504576aa","26":"product_tag-68504576ab","27":"product_tag-bremsbelaege","28":"product_tag-bremskloetze","29":"product_tag-challenger","30":"product_tag-dodge","31":"product_tag-dodge-challenger","32":"product_tag-hawk","33":"product_tag-hawk10","34":"product_tag-hb508b-586","35":"product_tag-hinten","36":"product_tag-hinterachse","37":"product_tag-hps","38":"product_tag-hps-5-0","39":"product_tag-performance","41":"first","42":"instock","43":"taxable","44":"shipping-taxable","45":"purchasable","46":"product-type-simple"},"bundled_by":[],"bundle_stock_status":"instock","bundle_stock_quantity":3,"bundle_virtual":false,"bundle_layout":"","bundle_add_to_cart_form_location":"","bundle_editable_in_cart":false,"bundle_sold_individually_context":"","bundle_item_grouping":"","bundle_min_size":"","bundle_max_size":"","bundle_price":[],"bundled_items":[],"bundle_sell_ids":[],"exclude_global_add_ons":[],"addons":[],"acf":[],"_links":{"self":[{"href":"https:\/\/kraftwerk-shop.cc\/pl\/wp-json\/wp\/v2\/product\/68349347","targetHints":{"allow":["GET"]}}],"collection":[{"href":"https:\/\/kraftwerk-shop.cc\/pl\/wp-json\/wp\/v2\/product"}],"about":[{"href":"https:\/\/kraftwerk-shop.cc\/pl\/wp-json\/wp\/v2\/types\/product"}],"replies":[{"embeddable":true,"href":"https:\/\/kraftwerk-shop.cc\/pl\/wp-json\/wp\/v2\/comments?post=68349347"}],"version-history":[{"count":0,"href":"https:\/\/kraftwerk-shop.cc\/pl\/wp-json\/wp\/v2\/product\/68349347\/revisions"}],"wp:featuredmedia":[{"embeddable":true,"href":"https:\/\/kraftwerk-shop.cc\/pl\/wp-json\/wp\/v2\/media\/68349359"}],"wp:attachment":[{"href":"https:\/\/kraftwerk-shop.cc\/pl\/wp-json\/wp\/v2\/media?parent=68349347"}],"wp:term":[{"taxonomy":"product_brand","embeddable":true,"href":"https:\/\/kraftwerk-shop.cc\/pl\/wp-json\/wp\/v2\/product_brand?post=68349347"},{"taxonomy":"product_cat","embeddable":true,"href":"https:\/\/kraftwerk-shop.cc\/pl\/wp-json\/wp\/v2\/product_cat?post=68349347"},{"taxonomy":"product_tag","embeddable":true,"href":"https:\/\/kraftwerk-shop.cc\/pl\/wp-json\/wp\/v2\/product_tag?post=68349347"}],"curies":[{"name":"wp","href":"https:\/\/api.w.org\/{rel}","templated":true}]}}