{"id":68349399,"date":"2025-09-13T23:21:45","date_gmt":"2025-09-13T21:21:45","guid":{"rendered":"https:\/\/kraftwerk-shop.cc\/?post_type=product&#038;p=68349399"},"modified":"2026-04-13T11:52:28","modified_gmt":"2026-04-13T09:52:28","slug":"klocki-hamulcowe-dba-race-db2375rp","status":"publish","type":"product","link":"https:\/\/kraftwerk-shop.cc\/pl\/produkt\/dba-race-bremsbelaege-db2375rp\/","title":{"rendered":"Klocki hamulcowe DBA Race Performance Dodge SRT, Hellcat i Grand Cherokee SRT"},"content":{"rendered":"<h1>Klocki hamulcowe DBA Race Performance DB2375RP dla Chrysler 300C, Dodge Challenger i Charger 6.2 Hellcat i 6.4 SRT, Dodge Durango 6.4 SRT i Jeep Grand Cherokee 6.4 SRT.<\/h1>\n<p>&nbsp;<\/p>\n<p>Klocki hamulcowe Race Performance zosta\u0142y opracowane specjalnie z my\u015bl\u0105 o wysokich wymaganiach wy\u015bcig\u00f3w na torach i torach wy\u015bcigowych i sprawdzaj\u0105 si\u0119 w ekstremalnych warunkach cieplnych sportu wyczynowego z temperaturami roboczymi do 350 \u00b0 C i wi\u0119cej.<br \/>\nWyprodukowane z wykorzystaniem formu\u0142y wzmocnionej w\u0142\u00f3knem w\u0119glowym, te klocki hamulcowe oferuj\u0105 niezr\u00f3wnan\u0105 wytrzyma\u0142o\u015b\u0107 i sta\u0142e tarcie nawet w najbardziej wymagaj\u0105cych warunkach.<\/p>\n<p>&nbsp;<\/p>\n<p><strong>W\u0142a\u015bciwo\u015bci:<\/strong><\/p>\n<ul>\n<li>Zoptymalizowana formu\u0142a tarcia: Do\u015bwiadcz doskona\u0142ej si\u0142y hamowania dzi\u0119ki wy\u015bcigowej mieszance, kt\u00f3ra zapewnia wysoki wsp\u00f3\u0142czynnik tarcia dla maksymalnej kontroli.<\/li>\n<li>Stabilno\u015b\u0107 termiczna: te klocki hamulcowe zosta\u0142y zaprojektowane z my\u015bl\u0105 o ekstremalnych temperaturach i zapewniaj\u0105 sta\u0142\u0105 wydajno\u015b\u0107 i trwa\u0142o\u015b\u0107 nawet w trudnych warunkach wy\u015bcigowych.<\/li>\n<li>Zmniejszone zanikanie hamulc\u00f3w: Innowacyjna mieszanka zmniejsza ryzyko zanikania hamulc\u00f3w i zapewnia niezawodn\u0105 si\u0142\u0119 hamowania, gdy jest ona najbardziej potrzebna.<\/li>\n<li>Optymalny zakres temperatur pracy: od 250 \u00b0C do 750 \u00b0C<\/li>\n<li>Formu\u0142a z w\u0142\u00f3kna w\u0119glowego o niskiej zawarto\u015bci metalu: poprawia si\u0142\u0119 hamowania, utrzymuj\u0105c niski poziom py\u0142u hamulcowego i ha\u0142asu.<\/li>\n<li>Doskona\u0142e w\u0142a\u015bciwo\u015bci w zakresie blakni\u0119cia i zu\u017cycia: Zapewnia d\u0142ugotrwa\u0142\u0105 wydajno\u015b\u0107 i zminimalizowane zu\u017cycie w ekstremalnych warunkach jazdy<\/li>\n<li>Podk\u0142ad termiczny: Zwi\u0119ksza rozpraszanie ciep\u0142a i przyczepno\u015b\u0107 oraz zapewnia bezpieczne dzia\u0142anie klock\u00f3w hamulcowych nawet w wysokich temperaturach.<\/li>\n<\/ul>\n<p>&nbsp;<\/p>\n<p><strong>Uwaga: <\/strong>Seria Race Performance zosta\u0142a opracowana specjalnie do wy\u015bcig\u00f3w i nie nadaje si\u0119 do u\u017cytku drogowego.<\/p>\n<p>&nbsp;<\/p>\n<p>&nbsp;<\/p>\n<p><strong>Liczby por\u00f3wnawcze Mopar:<\/strong> 68144427AA, 68144427AB, 68303052AA, 68248384AA, 68248384AB, 68248384AC, 68248384AD, 68525329AA, 68525329AB<\/p>\n<p>&nbsp;<\/p>\n<p><strong>Odpowiedni dla:<\/strong><\/p>\n<table width=\"873\">\n<tbody>\n<tr>\n<td width=\"209\">Chrysler<\/td>\n<td width=\"133\">300C<\/td>\n<td width=\"206\">6.4<\/td>\n<td width=\"325\">2015-2020 z tarczami hamulcowymi 390 mm<\/td>\n<\/tr>\n<tr>\n<td width=\"209\">Chrysler<\/td>\n<td width=\"133\">300C<\/td>\n<td width=\"206\">6.4<\/td>\n<td width=\"325\">2021 - 2023 z tarczami hamulcowymi 400 mm<\/td>\n<\/tr>\n<tr>\n<td width=\"209\">Dodge<\/td>\n<td width=\"133\">Challenger<\/td>\n<td width=\"206\">6.4<\/td>\n<td width=\"325\">2015-2020 z tarczami hamulcowymi 390 mm<\/td>\n<\/tr>\n<tr>\n<td width=\"209\">Dodge<\/td>\n<td width=\"133\">Challenger<\/td>\n<td width=\"206\">6.4<\/td>\n<td width=\"325\">2021 - 2023 z tarczami hamulcowymi 400 mm<\/td>\n<\/tr>\n<tr>\n<td width=\"209\">Dodge<\/td>\n<td width=\"133\">Challenger Hellcat<\/td>\n<td width=\"206\">6.2<\/td>\n<td width=\"325\">2015-2020 z tarczami hamulcowymi 390 mm<\/td>\n<\/tr>\n<tr>\n<td width=\"209\">Dodge<\/td>\n<td width=\"133\">Challenger Hellcat<\/td>\n<td width=\"206\">6.2<\/td>\n<td width=\"325\">2021 - 2023 z tarczami hamulcowymi 400 mm<\/td>\n<\/tr>\n<tr>\n<td width=\"209\">Dodge<\/td>\n<td width=\"133\">Charger<\/td>\n<td width=\"206\">6.4<\/td>\n<td width=\"325\">2015-2020 z tarczami hamulcowymi 390 mm<\/td>\n<\/tr>\n<tr>\n<td width=\"209\">Dodge<\/td>\n<td width=\"133\">Charger<\/td>\n<td width=\"206\">6.4<\/td>\n<td width=\"325\">2021 - 2023 z tarczami hamulcowymi 400 mm<\/td>\n<\/tr>\n<tr>\n<td width=\"209\">Dodge<\/td>\n<td width=\"133\">Charger Hellcat<\/td>\n<td width=\"206\">6.2<\/td>\n<td width=\"325\">2015-2020 z tarczami hamulcowymi 390 mm<\/td>\n<\/tr>\n<tr>\n<td width=\"209\">Dodge<\/td>\n<td width=\"133\">Charger Hellcat<\/td>\n<td width=\"206\">6.2<\/td>\n<td width=\"325\">2021 - 2023 z tarczami hamulcowymi 400 mm<\/td>\n<\/tr>\n<tr>\n<td width=\"209\">Jeep<\/td>\n<td width=\"133\">Grand Cherokee<\/td>\n<td width=\"206\">6.4<\/td>\n<td width=\"325\">2011 - 2021 z tarczami hamulcowymi 380 mm<\/td>\n<\/tr>\n<tr>\n<td width=\"209\">Dodge<\/td>\n<td width=\"133\">Durango<\/td>\n<td width=\"206\">6.4<\/td>\n<td width=\"325\">2018 - 2024 z tarczami hamulcowymi 380 mm<\/td>\n<\/tr>\n<\/tbody>\n<\/table>\n<p>&nbsp;<\/p>\n<p><strong>Autoryzacja:<\/strong> nie<\/p>\n<p>Cena dotyczy 1 zestawu dla kompletnej osi przedniej.<\/p>\n<p>&nbsp;<\/p>","protected":false},"excerpt":{"rendered":"<p>Nadaje si\u0119 do tarcz hamulcowych 380, 390 i 400 mm<\/p>","protected":false},"featured_media":68349409,"comment_status":"open","ping_status":"closed","template":"","meta":{"_acf_changed":false},"product_brand":[18922],"product_cat":[17735,17691,17687,17759,17763,17932,17966],"product_tag":[929,930,945,943,944,6821,931,1046,832,838,590,10803,10805,795,839,840,54,53,18988,789,49,3853,3854,95,2325,692,56,1070,100,50,4425,31,18989,96,102,2139,842,841,673,2137],"class_list":{"0":"post-68349399","1":"product","2":"type-product","3":"status-publish","4":"has-post-thumbnail","6":"product_brand-dba","7":"product_cat-300c-64-bremsbelaege-vorne","8":"product_cat-challenger-hellcat-bremsbelaege-vorne","9":"product_cat-challenger-64-bremsbelaege-vorne","10":"product_cat-charger-hellcat-bremsbelaege-vorne","11":"product_cat-charger-64-bremsbelaege-vorne","12":"product_cat-durango-64-bremsbelaege-vorne","13":"product_cat-grand-cherokee-64-bremsbelaege-vorne","14":"product_tag-68144427aa","15":"product_tag-68144427ab","16":"product_tag-68248384aa","17":"product_tag-68248384ab","18":"product_tag-68248384ac","19":"product_tag-68248384ad","20":"product_tag-68303052aa","21":"product_tag-abe","22":"product_tag-brembo","23":"product_tag-bremsbelag","24":"product_tag-bremsbelaege","25":"product_tag-bremsbelaege-fuer-dodge-challenger-6-4","26":"product_tag-bremsbelaege-fuer-jeep-grand-cherokee-6-4-srt","27":"product_tag-bremse","28":"product_tag-bremsklotz","29":"product_tag-bremskloetze","30":"product_tag-challenger","31":"product_tag-charger","32":"product_tag-db2375rp","33":"product_tag-dba","34":"product_tag-dodge","35":"product_tag-dodge-challenger","36":"product_tag-dodge-charger","37":"product_tag-durango","38":"product_tag-eg","39":"product_tag-ersatzteil","40":"product_tag-grand-cherokee","41":"product_tag-hawk","42":"product_tag-hellcat","43":"product_tag-jeep","44":"product_tag-jeep-grand-cherokee","45":"product_tag-mopar","46":"product_tag-race-performance","47":"product_tag-srt","48":"product_tag-trackhawk","49":"product_tag-tuev","50":"product_tag-vorderachse","51":"product_tag-vorne","52":"product_tag-zubehoer","53":"product_tag-zulassung","54":"product_shipping_class-deutschlandohne","56":"first","57":"onbackorder","58":"taxable","59":"shipping-taxable","60":"purchasable","61":"product-type-simple"},"bundled_by":[],"bundle_stock_status":"onbackorder","bundle_stock_quantity":0,"bundle_virtual":false,"bundle_layout":"","bundle_add_to_cart_form_location":"","bundle_editable_in_cart":false,"bundle_sold_individually_context":"","bundle_item_grouping":"","bundle_min_size":"","bundle_max_size":"","bundle_price":[],"bundled_items":[],"bundle_sell_ids":[],"exclude_global_add_ons":[],"addons":[],"acf":[],"_links":{"self":[{"href":"https:\/\/kraftwerk-shop.cc\/pl\/wp-json\/wp\/v2\/product\/68349399","targetHints":{"allow":["GET"]}}],"collection":[{"href":"https:\/\/kraftwerk-shop.cc\/pl\/wp-json\/wp\/v2\/product"}],"about":[{"href":"https:\/\/kraftwerk-shop.cc\/pl\/wp-json\/wp\/v2\/types\/product"}],"replies":[{"embeddable":true,"href":"https:\/\/kraftwerk-shop.cc\/pl\/wp-json\/wp\/v2\/comments?post=68349399"}],"version-history":[{"count":0,"href":"https:\/\/kraftwerk-shop.cc\/pl\/wp-json\/wp\/v2\/product\/68349399\/revisions"}],"wp:featuredmedia":[{"embeddable":true,"href":"https:\/\/kraftwerk-shop.cc\/pl\/wp-json\/wp\/v2\/media\/68349409"}],"wp:attachment":[{"href":"https:\/\/kraftwerk-shop.cc\/pl\/wp-json\/wp\/v2\/media?parent=68349399"}],"wp:term":[{"taxonomy":"product_brand","embeddable":true,"href":"https:\/\/kraftwerk-shop.cc\/pl\/wp-json\/wp\/v2\/product_brand?post=68349399"},{"taxonomy":"product_cat","embeddable":true,"href":"https:\/\/kraftwerk-shop.cc\/pl\/wp-json\/wp\/v2\/product_cat?post=68349399"},{"taxonomy":"product_tag","embeddable":true,"href":"https:\/\/kraftwerk-shop.cc\/pl\/wp-json\/wp\/v2\/product_tag?post=68349399"}],"curies":[{"name":"wp","href":"https:\/\/api.w.org\/{rel}","templated":true}]}}