{"id":68349443,"date":"2025-09-14T13:27:01","date_gmt":"2025-09-14T11:27:01","guid":{"rendered":"https:\/\/kraftwerk-shop.cc\/?post_type=product&#038;p=68349443"},"modified":"2026-02-15T01:23:47","modified_gmt":"2026-02-15T00:23:47","slug":"czarne-tarcze-hamulcowe-ebc-usr7836-ram","status":"publish","type":"product","link":"https:\/\/kraftwerk-shop.cc\/pl\/produkt\/ebc-black-dash-bremsscheiben-usr7836-ram\/","title":{"rendered":"Sportowe tarcze hamulcowe EBC Black Dash USR7836 RAM"},"content":{"rendered":"<h1>Tarcze hamulcowe EBC Black Dash USR7836 do RAM 1500 DT 3.0, EcoDiesel, 3.6, 5.7 od 2019 i TRX (przednia o\u015b)<\/h1>\n<p>&nbsp;<\/p>\n<p>Powierzchnia cierna tarczy hamulcowej Black Dash jest rowkowana.<\/p>\n<p>Dodatkowy rowek zosta\u0142 pomini\u0119ty, aby m\u00f3c zaoferowa\u0107 sportow\u0105 tarcz\u0119 hamulcow\u0105 o cichej charakterystyce pracy.<\/p>\n<p>Frezowane szczeliny zapewniaj\u0105, \u017ce gazy hamulcowe, \u015bcieranie, brud i woda mog\u0105 by\u0107 prawie ca\u0142kowicie usuni\u0119te z powierzchni ciernej tarcz hamulcowych.<\/p>\n<p>Szczeliny zapewniaj\u0105 r\u00f3wnie\u017c r\u00f3wnomierne i r\u00f3wnoleg\u0142e zu\u017cycie klock\u00f3w hamulcowych przez ca\u0142y okres ich eksploatacji.<\/p>\n<p>Czarna pow\u0142oka proszkowa tarcz Black Dash zapewnia najlepsz\u0105 mo\u017cliw\u0105 ochron\u0119 przed korozj\u0105 i jest szczeg\u00f3lnie odpowiednia dla pojazd\u00f3w z otwart\u0105 konstrukcj\u0105 obr\u0119czy.<\/p>\n<p>&nbsp;<\/p>\n<p><strong>Zalety i wady w skr\u00f3cie:<br \/>\n<\/strong><br \/>\n+ Bardzo dobre ch\u0142odzenie dzi\u0119ki frezowanym szczelinom<br \/>\n+ Bardzo dobre usuwanie gaz\u00f3w, brudu, wody itp.<br \/>\n+ Najlepsza mo\u017cliwa ochrona przed korozj\u0105 dzi\u0119ki pow\u0142oce proszkowej<br \/>\n+ Brak ryzyka p\u0119kni\u0119\u0107 termicznych, poniewa\u017c nie s\u0105 nawiercane<br \/>\n+ R\u00f3wnomierne zu\u017cycie klock\u00f3w hamulcowych przez ca\u0142y okres eksploatacji<br \/>\n+ Ni\u017cszy poziom ha\u0142asu<\/p>\n<p>- Mniejsze ch\u0142odzenie ni\u017c w przypadku tarczy Turbo Groove Disc, poniewa\u017c nie jest ona rowkowana<\/p>\n<p>&nbsp;<\/p>\n<p><strong>Cechy produktu:<\/strong><\/p>\n<p><span class=\"text1\">378x30mm \/ wysoko\u015b\u0107: 68mm \/ liczba otwor\u00f3w: 6 \/ okr\u0105g \u015bruby: 139.7mm \/ wentylowany \/ zamontowany: prz\u00f3d<br \/>\n<\/span>Autoryzacja: W przygotowaniu<\/p>\n<p>Numer OE (tylko do cel\u00f3w por\u00f3wnawczych): 68368450AA, 68237063AA, 68237063AB<\/p>\n<p>&nbsp;<\/p>\n<p><strong>Odpowiedni dla:<\/strong><\/p>\n<table width=\"428\">\n<tbody>\n<tr>\n<td width=\"83\"><strong>Marka<\/strong><\/td>\n<td width=\"83\"><strong>Model<\/strong><\/td>\n<td width=\"179\"><strong>Silnik<\/strong><\/td>\n<td width=\"83\"><strong>Rok<\/strong><\/td>\n<\/tr>\n<tr>\n<td width=\"83\">RAM<\/td>\n<td width=\"83\">1500<\/td>\n<td width=\"179\">3.0 EcoDiesel<\/td>\n<td width=\"83\">2020\u20132023<\/td>\n<\/tr>\n<tr>\n<td width=\"83\">RAM<\/td>\n<td width=\"83\">1500<\/td>\n<td width=\"179\">3.6<\/td>\n<td width=\"83\">2019\u20132024<\/td>\n<\/tr>\n<tr>\n<td width=\"83\">RAM<\/td>\n<td width=\"83\">1500<\/td>\n<td width=\"179\">5.7<\/td>\n<td width=\"83\">2019\u20132024<\/td>\n<\/tr>\n<tr>\n<td width=\"83\">RAM<\/td>\n<td width=\"83\">1500<\/td>\n<td width=\"179\">6.2 TRX<\/td>\n<td width=\"83\">2020 - 2024<\/td>\n<\/tr>\n<\/tbody>\n<\/table>\n<p>Nie nadaje si\u0119 do RAM Classic!<\/p>\n<p><strong>\u00a0<\/strong><\/p>\n<p><strong><br \/>\n<\/strong><strong>\u00a0<\/strong><strong>\u00a0<\/strong><\/p>\n<p><strong>Zakres dostawy: <\/strong><\/p>\n<ul>\n<li>2 tarcze hamulcowe EBC Black Dash (USR7836) na przedni\u0105 o\u015b<\/li>\n<\/ul>\n<p>&nbsp;<\/p>","protected":false},"excerpt":{"rendered":"<div class=\"eael-product-excerpt\">\n<p>2019\u20132024<\/p>\n<\/div>","protected":false},"featured_media":68349445,"comment_status":"open","ping_status":"closed","template":"","meta":{"_acf_changed":false},"product_brand":[16875],"product_cat":[19406,19677,5012,4704],"product_tag":[475,4727,4726,4729,2125,795,840,796,2219,964,2442,16877,16876,16878,692,941,36,86,3507,797,216,18991,673],"class_list":{"0":"post-68349443","1":"product","2":"type-product","3":"status-publish","4":"has-post-thumbnail","6":"product_brand-ebc-brakes","7":"product_cat-1500-ecodiesel-2020-2023-bremsen-vorne","8":"product_cat-1500-36-dt-bremsen-vorne","9":"product_cat-1500-57-dt-bremsen-vorne","10":"product_cat-trx-bremsen-vorne","11":"product_tag-475","12":"product_tag-68237063aa","13":"product_tag-68237063ab","14":"product_tag-68368450aa","15":"product_tag-black-dash","16":"product_tag-bremse","17":"product_tag-bremskloetze","18":"product_tag-bremsscheibe","19":"product_tag-classic","20":"product_tag-ebc","21":"product_tag-ebc-brakes","22":"product_tag-ebc-bremsbelaege","23":"product_tag-ebc-bremsen","24":"product_tag-ebc-bremsscheiben","25":"product_tag-ersatzteil","26":"product_tag-geschlitzt","27":"product_tag-kraftwerk","28":"product_tag-ram","29":"product_tag-ram1500","30":"product_tag-sportbremsscheibe","31":"product_tag-upgrade","32":"product_tag-usr7836","33":"product_tag-zubehoer","35":"first","36":"instock","37":"taxable","38":"shipping-taxable","39":"purchasable","40":"product-type-simple"},"bundled_by":[],"bundle_stock_status":"instock","bundle_stock_quantity":1,"bundle_virtual":false,"bundle_layout":"","bundle_add_to_cart_form_location":"","bundle_editable_in_cart":false,"bundle_sold_individually_context":"","bundle_item_grouping":"","bundle_min_size":"","bundle_max_size":"","bundle_price":[],"bundled_items":[],"bundle_sell_ids":[],"exclude_global_add_ons":[],"addons":[],"acf":[],"_links":{"self":[{"href":"https:\/\/kraftwerk-shop.cc\/pl\/wp-json\/wp\/v2\/product\/68349443","targetHints":{"allow":["GET"]}}],"collection":[{"href":"https:\/\/kraftwerk-shop.cc\/pl\/wp-json\/wp\/v2\/product"}],"about":[{"href":"https:\/\/kraftwerk-shop.cc\/pl\/wp-json\/wp\/v2\/types\/product"}],"replies":[{"embeddable":true,"href":"https:\/\/kraftwerk-shop.cc\/pl\/wp-json\/wp\/v2\/comments?post=68349443"}],"version-history":[{"count":0,"href":"https:\/\/kraftwerk-shop.cc\/pl\/wp-json\/wp\/v2\/product\/68349443\/revisions"}],"wp:featuredmedia":[{"embeddable":true,"href":"https:\/\/kraftwerk-shop.cc\/pl\/wp-json\/wp\/v2\/media\/68349445"}],"wp:attachment":[{"href":"https:\/\/kraftwerk-shop.cc\/pl\/wp-json\/wp\/v2\/media?parent=68349443"}],"wp:term":[{"taxonomy":"product_brand","embeddable":true,"href":"https:\/\/kraftwerk-shop.cc\/pl\/wp-json\/wp\/v2\/product_brand?post=68349443"},{"taxonomy":"product_cat","embeddable":true,"href":"https:\/\/kraftwerk-shop.cc\/pl\/wp-json\/wp\/v2\/product_cat?post=68349443"},{"taxonomy":"product_tag","embeddable":true,"href":"https:\/\/kraftwerk-shop.cc\/pl\/wp-json\/wp\/v2\/product_tag?post=68349443"}],"curies":[{"name":"wp","href":"https:\/\/api.w.org\/{rel}","templated":true}]}}