{"id":68349466,"date":"2025-09-14T14:08:50","date_gmt":"2025-09-14T12:08:50","guid":{"rendered":"https:\/\/kraftwerk-shop.cc\/?post_type=product&#038;p=68349466"},"modified":"2026-02-15T01:23:46","modified_gmt":"2026-02-15T00:23:46","slug":"jlt-dolot-zimnego-powietrza-camaro-zl1","status":"publish","type":"product","link":"https:\/\/kraftwerk-shop.cc\/pl\/produkt\/jlt-cold-air-intake-camaro-zl1\/","title":{"rendered":"Wlot zimnego powietrza JLT Chevrolet Camaro ZL1"},"content":{"rendered":"<h1>JLT Cold Air Intake CAI-75-5179 System Chevrolet Camaro ZL1 2017 - 2024<\/h1>\n<p>&nbsp;<\/p>\n<p>Ten filtr powietrza jest dostarczany zar\u00f3wno z solidn\u0105 5-calow\u0105 rur\u0105 dolotow\u0105 (WYMAGANY TUNING), jak i rur\u0105 zaprojektowan\u0105 do u\u017cytku z fabrycznym tuningiem. 5-calowy filtr powietrza JLT ma o 13,61 % lepszy przep\u0142yw ni\u017c Roto-fab Big Gulp i o 22,72 % lepszy przep\u0142yw ni\u017c model OEM.<\/p>\n<p>&nbsp;<\/p>\n<p><strong>Du\u017cy filtr powietrza<\/strong><br \/>\nOwalny wlot 5,75\" x 7,75\" na filtrze zapewnia nieograniczony przep\u0142yw powietrza do z\u0142\u0105cza 4,5\u2033 na spr\u0119\u017carce.<br \/>\nWk\u0142ad filtra powietrza sk\u0142ada si\u0119 z bawe\u0142nianego materia\u0142u filtracyjnego, kt\u00f3ry jest zwil\u017cony specjalnym olejem filtracyjnym i mo\u017ce by\u0107 wyp\u0142ukany. Maksymalizuje to pojemno\u015b\u0107 i wydajno\u015b\u0107 filtra.<\/p>\n<p>&nbsp;<\/p>\n<p><strong>2 rury wlotowe<\/strong><br \/>\nRura wlotowa jest wykonana z formowanego rotacyjnie tworzywa sztucznego, co zapewnia doskona\u0142y przep\u0142yw powietrza i NIE powoduje gromadzenia si\u0119 ciep\u0142a, jak w przypadku rur metalowych.<br \/>\nZestaw zawiera 2 rury ss\u0105ce:<\/p>\n<ul>\n<li>No Tune<\/li>\n<li>5\u2033 Wymagane dostrojenie<\/li>\n<\/ul>\n<p>&nbsp;<\/p>\n<p><strong>Obudowa filtra powietrza<\/strong><br \/>\nZawiera nasz\u0105 du\u017c\u0105 os\u0142on\u0119 termiczn\u0105 z tworzywa ABS, kt\u00f3ra izoluje powietrze wlotowe od ciep\u0142a silnika na biegu ja\u0142owym i przy niskiej pr\u0119dko\u015bci.<br \/>\nWykorzystuje on du\u017c\u0105 powierzchni\u0119, aby zapewni\u0107 filtrowi du\u017c\u0105 ilo\u015b\u0107 ch\u0142odnego powietrza i wykorzystuje fabryczny wlot \u015bwie\u017cego powietrza ze zderzaka, aby utrzyma\u0107 mo\u017cliwie najni\u017csz\u0105 temperatur\u0119.<\/p>\n<p>&nbsp;<\/p>\n<p><strong>Wysokiej jako\u015bci materia\u0142 monta\u017cowy<\/strong><\/p>\n<ul>\n<li>Formowany plastikowy kolektor dolotowy JLT Roto<\/li>\n<li>Reduktor silikonowy<\/li>\n<li>Filtr powietrza S&amp;B Powerstack<\/li>\n<li>Os\u0142ona termiczna ABS<\/li>\n<li>Zaciski HD, wszystkie wymagane cz\u0119\u015bci<\/li>\n<\/ul>\n<p>&nbsp;<\/p>\n<p><strong>szczeg\u00f3\u0142y<\/strong><\/p>\n<p>- + 25 KM maksymalnego wzrostu mocy (specyfikacja producenta)<br \/>\n- Obudowa filtra powietrza ze wspornikami do bezpo\u015bredniego monta\u017cu<br \/>\n- Wst\u0119pnie naoliwiony, zmywalny i wielokrotnego u\u017cytku filtr powietrza Pro 10R zapewnia maksymaln\u0105 wydajno\u015b\u0107<\/p>\n<p>&nbsp;<\/p>\n<p>&nbsp;<\/p>\n<p><strong>Odpowiedni dla:<\/strong><\/p>\n<table width=\"749\">\n<tbody>\n<tr>\n<td width=\"262\"><strong>Rok<\/strong><\/td>\n<td width=\"158\"><strong>Marka<\/strong><\/td>\n<td width=\"134\"><strong>Model<\/strong><\/td>\n<td width=\"112\"><strong>Wariant<\/strong><\/td>\n<td width=\"83\"><strong>Silnik<\/strong><\/td>\n<\/tr>\n<tr>\n<td width=\"262\">2017 - 2024<\/td>\n<td width=\"158\">Chevrolet<\/td>\n<td width=\"134\">Camaro<\/td>\n<td width=\"112\">ZL1<\/td>\n<td width=\"83\">V8 6.2 L<\/td>\n<\/tr>\n<\/tbody>\n<\/table>\n<p>&nbsp;<\/p>\n<p>&nbsp;<\/p>\n<p><iframe loading=\"lazy\" title=\"Odtwarzacz wideo YouTube\" src=\"https:\/\/www.youtube.com\/embed\/vE-PLKPM_lc?si=1hasHzgRfKzuMg1H\" width=\"560\" height=\"315\" frameborder=\"0\" allowfullscreen=\"allowfullscreen\"><\/iframe><\/p>","protected":false},"excerpt":{"rendered":"<p>2017 - 2024<\/p>","protected":false},"featured_media":68349469,"comment_status":"open","ping_status":"closed","template":"","meta":{"_acf_changed":false},"product_brand":[17168],"product_cat":[10262,3074],"product_tag":[826,824,18094,191,189,190,825,1094,1093,2444,20273,57,500,280],"class_list":{"0":"post-68349466","1":"product","2":"type-product","3":"status-publish","4":"has-post-thumbnail","6":"product_brand-jlt","7":"product_cat-alle-produkte","8":"product_cat-camaro-62-2016-ansaugung","9":"product_tag-ansaugung","10":"product_tag-cai","11":"product_tag-cai-75-5179","12":"product_tag-camaro","13":"product_tag-chevrolet","14":"product_tag-chevy","15":"product_tag-cold-air-intake","16":"product_tag-intake","17":"product_tag-jlt","18":"product_tag-jlt-performance","19":"product_tag-keintuev","20":"product_tag-luftfilter","21":"product_tag-sportluftfilter","22":"product_tag-zl1","24":"first","25":"instock","26":"taxable","27":"shipping-taxable","28":"purchasable","29":"product-type-simple"},"bundled_by":[],"bundle_stock_status":"instock","bundle_stock_quantity":1,"bundle_virtual":false,"bundle_layout":"","bundle_add_to_cart_form_location":"","bundle_editable_in_cart":false,"bundle_sold_individually_context":"","bundle_item_grouping":"","bundle_min_size":"","bundle_max_size":"","bundle_price":[],"bundled_items":[],"bundle_sell_ids":[],"exclude_global_add_ons":[],"addons":[],"acf":[],"_links":{"self":[{"href":"https:\/\/kraftwerk-shop.cc\/pl\/wp-json\/wp\/v2\/product\/68349466","targetHints":{"allow":["GET"]}}],"collection":[{"href":"https:\/\/kraftwerk-shop.cc\/pl\/wp-json\/wp\/v2\/product"}],"about":[{"href":"https:\/\/kraftwerk-shop.cc\/pl\/wp-json\/wp\/v2\/types\/product"}],"replies":[{"embeddable":true,"href":"https:\/\/kraftwerk-shop.cc\/pl\/wp-json\/wp\/v2\/comments?post=68349466"}],"version-history":[{"count":0,"href":"https:\/\/kraftwerk-shop.cc\/pl\/wp-json\/wp\/v2\/product\/68349466\/revisions"}],"wp:featuredmedia":[{"embeddable":true,"href":"https:\/\/kraftwerk-shop.cc\/pl\/wp-json\/wp\/v2\/media\/68349469"}],"wp:attachment":[{"href":"https:\/\/kraftwerk-shop.cc\/pl\/wp-json\/wp\/v2\/media?parent=68349466"}],"wp:term":[{"taxonomy":"product_brand","embeddable":true,"href":"https:\/\/kraftwerk-shop.cc\/pl\/wp-json\/wp\/v2\/product_brand?post=68349466"},{"taxonomy":"product_cat","embeddable":true,"href":"https:\/\/kraftwerk-shop.cc\/pl\/wp-json\/wp\/v2\/product_cat?post=68349466"},{"taxonomy":"product_tag","embeddable":true,"href":"https:\/\/kraftwerk-shop.cc\/pl\/wp-json\/wp\/v2\/product_tag?post=68349466"}],"curies":[{"name":"wp","href":"https:\/\/api.w.org\/{rel}","templated":true}]}}