{"id":68349493,"date":"2025-09-14T18:34:52","date_gmt":"2025-09-14T16:34:52","guid":{"rendered":"https:\/\/kraftwerk-shop.cc\/?post_type=product&#038;p=68349493"},"modified":"2026-04-10T14:47:08","modified_gmt":"2026-04-10T12:47:08","slug":"tarcze-hamulcowe-hawk-talon-htc4450","status":"publish","type":"product","link":"https:\/\/kraftwerk-shop.cc\/pl\/produkt\/hawk-talon-bremsscheiben-htc4450\/","title":{"rendered":"Tarcze hamulcowe Hawk Talon HTC4450"},"content":{"rendered":"<h1>Tarcze hamulcowe Hawk Talon HTC4450 do RAM 1500 3.0 Ecodiesel, 3.6 i 5.7 od 2006 do 2018 oraz RAM Classic od 2019 (tylna o\u015b)<\/h1>\n<p>&nbsp;<\/p>\n<p>Tarcze hamulcowe Hawk Talon to wysokiej jako\u015bci, wysokowydajne tarcze drogowe, kt\u00f3re zosta\u0142y specjalnie opracowane, aby zapewni\u0107 maksymaln\u0105 skuteczno\u015b\u0107 hamowania, trwa\u0142o\u015b\u0107 i przyjemno\u015b\u0107 z jazdy. \u0141\u0105cz\u0105 w sobie nowoczesne metody konstrukcyjne, najwy\u017cszej klasy materia\u0142y i specjalistyczne pow\u0142oki powierzchniowe, aby zapewni\u0107 najwy\u017csz\u0105 wydajno\u015b\u0107 nawet w ekstremalnych warunkach.<\/p>\n<p>&nbsp;<\/p>\n<p><strong>Najwa\u017cniejsze informacje i technologie<\/strong><\/p>\n<ul>\n<li>Wysokiej jako\u015bci materia\u0142: Wykonany z \u017celiwa wysokow\u0119glowego o metalurgii G3000 - doskona\u0142a stabilno\u015b\u0107, d\u0142uga \u017cywotno\u015b\u0107 i zminimalizowane wypaczanie w wysokich temperaturach.<\/li>\n<li>Zoptymalizowane rozpraszanie ciep\u0142a: Precyzyjnie nawiercone i naci\u0119te struktury zapewniaj\u0105 doskona\u0142\u0105 wydajno\u015b\u0107 termiczn\u0105, wydajne ch\u0142odzenie, wysok\u0105 wytrzyma\u0142o\u015b\u0107 strukturaln\u0105 i lepsz\u0105 skuteczno\u015b\u0107 hamowania na mokrej nawierzchni.<\/li>\n<li>Niski poziom wibracji i ha\u0142asu: precyzyjnie frezowane rowki CNC utrzymuj\u0105 klocki hamulcowe w czysto\u015bci, zmniejszaj\u0105 rezonans harmoniczny i minimalizuj\u0105 ha\u0142as podczas hamowania.<\/li>\n<li>Pow\u0142oka Magni: Ta specjalna pow\u0142oka barierowa zapewnia doskona\u0142\u0105 ochron\u0119 przed korozj\u0105, u\u0142atwia hamowanie i chroni przed zu\u017cyciem.<\/li>\n<li>Zgodno\u015b\u0107 z normami IEC: Spe\u0142nia i przewy\u017csza test mg\u0142y solnej ISO-9227 (ponad 240 godzin), idealny do u\u017cytku w warunkach zimowych.<\/li>\n<\/ul>\n<p>&nbsp;<\/p>\n<p><strong>Dlaczego warto wybra\u0107 tarcze hamulcowe Hawk Talon?<\/strong><\/p>\n<ul>\n<li>Doskona\u0142a wydajno\u015b\u0107: idealna do wymagaj\u0105cych styl\u00f3w jazdy, obs\u0142ugi przyczep lub okazjonalnego u\u017cytkowania na torze.<\/li>\n<li>Trwa\u0142o\u015b\u0107: Wysokiej jako\u015bci materia\u0142y, pow\u0142oki i precyzja wykonania zapewniaj\u0105 d\u0142ug\u0105 \u017cywotno\u015b\u0107.<\/li>\n<li>\u0141atwy w utrzymaniu: szybko wsuwany, odporny na korozj\u0119, o niskim poziomie wibracji i ha\u0142asu<\/li>\n<li>Niezawodna jako\u015b\u0107: wydajno\u015b\u0107 testowana dynamometrycznie i wysoka sp\u00f3jno\u015b\u0107 produkcji<\/li>\n<\/ul>\n<p>&nbsp;<\/p>\n<p><strong>Numery cz\u0119\u015bci Mopar (tylko do cel\u00f3w por\u00f3wnawczych)<\/strong>: <span class=\"list-value\">52009968AA, 52009968AB, 52009968AC, 52009968AD<\/span><\/p>\n<p>&nbsp;<\/p>\n<p>&nbsp;<\/p>\n<p><strong>Odpowiedni dla:<\/strong><\/p>\n<table width=\"498\">\n<tbody>\n<tr>\n<td width=\"114\"><strong>Marka<\/strong><\/td>\n<td width=\"121\"><strong>Model<\/strong><\/td>\n<td width=\"122\"><strong>Silnik<\/strong><\/td>\n<td width=\"141\"><strong>Rok<\/strong><\/td>\n<\/tr>\n<tr>\n<td width=\"114\">RAM<\/td>\n<td width=\"121\">1500<\/td>\n<td width=\"122\">3.0 EcoDiesel<\/td>\n<td width=\"141\">2014\u20132018<\/td>\n<\/tr>\n<tr>\n<td width=\"114\">RAM<\/td>\n<td>1500 Classic<\/td>\n<td width=\"122\">3.0 EcoDiesel<\/td>\n<td>2019<\/td>\n<\/tr>\n<tr>\n<td width=\"114\">RAM<\/td>\n<td width=\"121\">1500<\/td>\n<td width=\"122\">3.6<\/td>\n<td width=\"141\">2013\u20132018<\/td>\n<\/tr>\n<tr>\n<td width=\"114\">RAM<\/td>\n<td>1500 Classic<\/td>\n<td width=\"122\">3.6<\/td>\n<td>2019\u20132024<\/td>\n<\/tr>\n<tr>\n<td width=\"114\">RAM<\/td>\n<td width=\"121\">1500<\/td>\n<td width=\"122\">5.7<\/td>\n<td width=\"141\">2003\u20132018<\/td>\n<\/tr>\n<tr>\n<td width=\"114\">RAM<\/td>\n<td>1500 Classic<\/td>\n<td width=\"122\">5.7<\/td>\n<td>2019\u20132024<\/td>\n<\/tr>\n<\/tbody>\n<\/table>\n<p><strong>\u00a0<\/strong><\/p>\n<p><strong><br \/>\nZakres dostawy: <\/strong><\/p>\n<ul>\n<li>2 tarcze hamulcowe Hawk Talon (HTC4450) dla tylnej osi<\/li>\n<\/ul>\n<p>&nbsp;<\/p>","protected":false},"excerpt":{"rendered":"<p>2006 - 2018 + Classic 2019 - 2024<\/p>","protected":false},"featured_media":68349496,"comment_status":"open","ping_status":"closed","template":"","meta":{"_acf_changed":false},"product_brand":[17621],"product_cat":[10262,4238,4755,7754,3516],"product_tag":[18271,18272,18273,18274,572,4508,91,3525,3526,3527,3528,795,589,796,2219,7809,4251,477,692,942,2111,941,1070,126,798,799,18994,86,3507,797,18976,216,673],"class_list":{"0":"post-68349493","1":"product","2":"type-product","3":"status-publish","4":"has-post-thumbnail","6":"product_brand-hawk-performance","7":"product_cat-alle-produkte","8":"product_cat-1500-ecodiesel-bremsen-hinten","9":"product_cat-1500-36-bremsen-hinten","10":"product_cat-1500-57-2003-2008-bremsen-hinten","11":"product_cat-1500-57-2009-2018-classic-bremsen-hinten","12":"product_tag-052009968aa","13":"product_tag-052009968ab","14":"product_tag-052009968ac","15":"product_tag-052009968ad","16":"product_tag-3-0-crd","17":"product_tag-3-0-ecodiesel","18":"product_tag-5-7","19":"product_tag-52009968aa","20":"product_tag-52009968ab","21":"product_tag-52009968ac","22":"product_tag-52009968ad","23":"product_tag-bremse","24":"product_tag-bremsen","25":"product_tag-bremsscheibe","26":"product_tag-classic","27":"product_tag-dodge-ram-1500","28":"product_tag-dr","29":"product_tag-ds","30":"product_tag-ersatzteil","31":"product_tag-gelocht","32":"product_tag-genutet","33":"product_tag-geschlitzt","34":"product_tag-hawk","35":"product_tag-hemi","36":"product_tag-hinten","37":"product_tag-hinterachse","38":"product_tag-htc4450","39":"product_tag-ram","40":"product_tag-ram1500","41":"product_tag-sportbremsscheibe","42":"product_tag-talon","43":"product_tag-upgrade","44":"product_tag-zubehoer","46":"first","47":"outofstock","48":"taxable","49":"shipping-taxable","50":"purchasable","51":"product-type-simple"},"bundled_by":[],"bundle_stock_status":"outofstock","bundle_stock_quantity":0,"bundle_virtual":false,"bundle_layout":"","bundle_add_to_cart_form_location":"","bundle_editable_in_cart":false,"bundle_sold_individually_context":"","bundle_item_grouping":"","bundle_min_size":"","bundle_max_size":"","bundle_price":[],"bundled_items":[],"bundle_sell_ids":[],"exclude_global_add_ons":[],"addons":[],"acf":[],"_links":{"self":[{"href":"https:\/\/kraftwerk-shop.cc\/pl\/wp-json\/wp\/v2\/product\/68349493","targetHints":{"allow":["GET"]}}],"collection":[{"href":"https:\/\/kraftwerk-shop.cc\/pl\/wp-json\/wp\/v2\/product"}],"about":[{"href":"https:\/\/kraftwerk-shop.cc\/pl\/wp-json\/wp\/v2\/types\/product"}],"replies":[{"embeddable":true,"href":"https:\/\/kraftwerk-shop.cc\/pl\/wp-json\/wp\/v2\/comments?post=68349493"}],"version-history":[{"count":0,"href":"https:\/\/kraftwerk-shop.cc\/pl\/wp-json\/wp\/v2\/product\/68349493\/revisions"}],"wp:featuredmedia":[{"embeddable":true,"href":"https:\/\/kraftwerk-shop.cc\/pl\/wp-json\/wp\/v2\/media\/68349496"}],"wp:attachment":[{"href":"https:\/\/kraftwerk-shop.cc\/pl\/wp-json\/wp\/v2\/media?parent=68349493"}],"wp:term":[{"taxonomy":"product_brand","embeddable":true,"href":"https:\/\/kraftwerk-shop.cc\/pl\/wp-json\/wp\/v2\/product_brand?post=68349493"},{"taxonomy":"product_cat","embeddable":true,"href":"https:\/\/kraftwerk-shop.cc\/pl\/wp-json\/wp\/v2\/product_cat?post=68349493"},{"taxonomy":"product_tag","embeddable":true,"href":"https:\/\/kraftwerk-shop.cc\/pl\/wp-json\/wp\/v2\/product_tag?post=68349493"}],"curies":[{"name":"wp","href":"https:\/\/api.w.org\/{rel}","templated":true}]}}