{"id":68349501,"date":"2025-09-14T21:40:38","date_gmt":"2025-09-14T19:40:38","guid":{"rendered":"https:\/\/kraftwerk-shop.cc\/?post_type=product&#038;p=68349501"},"modified":"2026-04-16T02:06:17","modified_gmt":"2026-04-16T00:06:17","slug":"klocki-hamulcowe-hawk-lts-ram-hb559y-695","status":"publish","type":"product","link":"https:\/\/kraftwerk-shop.cc\/pl\/produkt\/hawk-lts-bremsbelaege-ram-hb559y-695\/","title":{"rendered":"Klocki hamulcowe Hawk Performance LTS RAM (HB559Y.695)"},"content":{"rendered":"<h1>Hawk Performance LTS HB559Y.695 Klocki hamulcowe do RAM 1500 3.0 Ecodiesel, 3.6 i 5.7 od 2006 do 2018 oraz RAM Classic od 2019 (przednia o\u015b)<\/h1>\n<p>&nbsp;<\/p>\n<p><strong>Hawk Performance LTS<\/strong><\/p>\n<p>Wiemy, \u017ce konwencjonalne klocki hamulcowe do samochod\u00f3w osobowych nie s\u0105 ju\u017c wystarczaj\u0105ce dla dzisiejszych ci\u0119\u017car\u00f3wek.<br \/>\nNasza mieszanka klock\u00f3w hamulcowych LTS (Light Truck and SUV) drastycznie poprawia si\u0142\u0119 hamowania pojazdu i odporno\u015b\u0107 na blakni\u0119cie. Przewy\u017csza r\u00f3wnie\u017c konkurencj\u0119 pod wzgl\u0119dem zu\u017cycia tarcz i klock\u00f3w hamulcowych.<br \/>\nMieszanka LTS zapewnia doskona\u0142\u0105 skuteczno\u015b\u0107 hamowania i d\u0142u\u017csz\u0105 \u017cywotno\u015b\u0107 klock\u00f3w bez nadmiernego ha\u0142asu i generowania py\u0142u.<br \/>\n\u017belazowo-w\u0119glowy materia\u0142 cierny LTS opracowany przez ekspert\u00f3w w dziedzinie klock\u00f3w hamulcowych do samochod\u00f3w ci\u0119\u017carowych to optymalny wyb\u00f3r klock\u00f3w do hamulc\u00f3w RAM.<br \/>\nOczekuj 20-40% wi\u0119kszej si\u0142y hamowania w por\u00f3wnaniu z konwencjonalnymi klockami zamiennymi.<\/p>\n<p>&nbsp;<\/p>\n<p><strong>Zalecenie<\/strong><\/p>\n<p>Hawk LTS to dobry wyb\u00f3r dla RAM, je\u015bli g\u0142\u00f3wnym celem jest zwi\u0119kszenie skuteczno\u015bci hamowania, a nie minimalizacja py\u0142u hamulcowego.<br \/>\nMieszanka LTS jest stosunkowo czysta, ale wytwarza troch\u0119 py\u0142u hamulcowego w por\u00f3wnaniu do Hawk Ceramic.<br \/>\nWydajno\u015b\u0107 LTS jest lepsza ni\u017c Hawk Ceramic i HPS, ale nie tak dobra jak SuperDuty.<br \/>\nW przypadku cz\u0119stego holowania zalecany jest raczej Hawk SuperDuty ni\u017c LTS, poniewa\u017c mieszanka SuperDuty ma znacznie wy\u017cszy zakres temperatur, aby poradzi\u0107 sobie z wysokimi temperaturami osi\u0105ganymi podczas holowania.<br \/>\nJe\u015bli nie holujesz cz\u0119sto, LTS jest najlepszym wyborem.<\/p>\n<p>&nbsp;<\/p>\n<p><strong>Cechy Hawk LTS Compound:<\/strong><\/p>\n<ul>\n<li>Mocny, zr\u00f3wnowa\u017cony pocz\u0105tkowy gryz, gor\u0105cy lub zimny<\/li>\n<li>Doskona\u0142a odporno\u015b\u0107 na zabrudzenia<\/li>\n<li>Mieszanina \u017celazo-w\u0119giel<\/li>\n<li>Niski poziom generowanego py\u0142u<\/li>\n<li>Doskona\u0142a \u017cywotno\u015b\u0107 klock\u00f3w i tarcz hamulcowych<\/li>\n<li>37-370\u00b0C Zakres temperatur pracy<\/li>\n<li>37-370\u00b0C Optymalny zakres temperatur<\/li>\n<\/ul>\n<p>&nbsp;<\/p>\n<p><strong>Liczby por\u00f3wnawcze Mopar:<\/strong> 68334862AA, <span class=\"list-value sku-display\">68334862AB<\/span>, 05143350AA, 0<span class=\"list-value\">5143350AB, 05143350AC, 5143350AA, 5143350AB, 5143350AC<\/span><\/p>\n<p>Miejsce instalacji: O\u015b przednia<\/p>\n<p>&nbsp;<\/p>\n<p><strong>Odpowiedni dla:<\/strong><\/p>\n<table width=\"498\">\n<tbody>\n<tr>\n<td width=\"114\"><strong>Marka<\/strong><\/td>\n<td width=\"121\"><strong>Model<\/strong><\/td>\n<td width=\"122\"><strong>Silnik<\/strong><\/td>\n<td width=\"141\"><strong>Rok<\/strong><\/td>\n<\/tr>\n<tr>\n<td width=\"114\">RAM<\/td>\n<td width=\"121\">1500<\/td>\n<td width=\"122\">3.0 EcoDiesel<\/td>\n<td width=\"141\">2014\u20132018<\/td>\n<\/tr>\n<tr>\n<td width=\"114\">RAM<\/td>\n<td>1500 Classic<\/td>\n<td width=\"122\">3.0 EcoDiesel<\/td>\n<td>2019<\/td>\n<\/tr>\n<tr>\n<td width=\"114\">RAM<\/td>\n<td width=\"121\">1500<\/td>\n<td width=\"122\">3.6<\/td>\n<td width=\"141\">2013\u20132018<\/td>\n<\/tr>\n<tr>\n<td width=\"114\">RAM<\/td>\n<td>1500 Classic<\/td>\n<td width=\"122\">3.6<\/td>\n<td>2019\u20132024<\/td>\n<\/tr>\n<tr>\n<td width=\"114\">RAM<\/td>\n<td width=\"121\">1500<\/td>\n<td width=\"122\">5.7<\/td>\n<td width=\"141\">2006\u20132018<\/td>\n<\/tr>\n<tr>\n<td width=\"114\">RAM<\/td>\n<td>1500 Classic<\/td>\n<td width=\"122\">5.7<\/td>\n<td>2019\u20132024<\/td>\n<\/tr>\n<\/tbody>\n<\/table>\n<p>&nbsp;<\/p>\n<p><strong>Zakres dostawy: <\/strong><\/p>\n<p>- 1 zestaw klock\u00f3w hamulcowych (HB559Y.695) dla osi przedniej<\/p>","protected":false},"excerpt":{"rendered":"<p>2006 - 2018 i Classic 2019 - 2024<\/p>","protected":false},"featured_media":68349504,"comment_status":"open","ping_status":"closed","template":"","meta":{"_acf_changed":false},"product_brand":[17621],"product_cat":[3515,4237,4754,7753],"product_tag":[7802,7803,3508,475,7804,6770,6771,3512,6772,1046,590,795,840,1070,6834,7614,18995,36,6835,86,3507,3518,970,592,2353,2139,842,841,673,2135,2137],"class_list":{"0":"post-68349501","1":"product","2":"type-product","3":"status-publish","4":"has-post-thumbnail","6":"product_brand-hawk-performance","7":"product_cat-1500-57-2009-2018-classic-bremsen-vorne","8":"product_cat-1500-ecodiesel-bremsen-vorne","9":"product_cat-1500-36-bremsen-vorne","10":"product_cat-1500-57-2003-2008-bremsen-vorne","11":"product_tag-05143350aa","12":"product_tag-05143350ab","13":"product_tag-05143350ac","14":"product_tag-475","15":"product_tag-5143350aa","16":"product_tag-5143350ab","17":"product_tag-5143350ac","18":"product_tag-68334862aa","19":"product_tag-68334862ab","20":"product_tag-abe","21":"product_tag-bremsbelaege","22":"product_tag-bremse","23":"product_tag-bremskloetze","24":"product_tag-hawk","25":"product_tag-hawk-performance","26":"product_tag-hawk10","27":"product_tag-hb559y-695","28":"product_tag-kraftwerk","29":"product_tag-lts","30":"product_tag-ram","31":"product_tag-ram1500","32":"product_tag-sportbremsbelag","33":"product_tag-sportbremsbelaege","34":"product_tag-sportbremse","35":"product_tag-trx","36":"product_tag-tuev","37":"product_tag-vorderachse","38":"product_tag-vorne","39":"product_tag-zubehoer","40":"product_tag-zubehoerbremsbelaege","41":"product_tag-zulassung","43":"first","44":"onbackorder","45":"taxable","46":"shipping-taxable","47":"purchasable","48":"product-type-simple"},"bundled_by":[],"bundle_stock_status":"onbackorder","bundle_stock_quantity":0,"bundle_virtual":false,"bundle_layout":"","bundle_add_to_cart_form_location":"","bundle_editable_in_cart":false,"bundle_sold_individually_context":"","bundle_item_grouping":"","bundle_min_size":"","bundle_max_size":"","bundle_price":[],"bundled_items":[],"bundle_sell_ids":[],"exclude_global_add_ons":[],"addons":[],"acf":[],"_links":{"self":[{"href":"https:\/\/kraftwerk-shop.cc\/pl\/wp-json\/wp\/v2\/product\/68349501","targetHints":{"allow":["GET"]}}],"collection":[{"href":"https:\/\/kraftwerk-shop.cc\/pl\/wp-json\/wp\/v2\/product"}],"about":[{"href":"https:\/\/kraftwerk-shop.cc\/pl\/wp-json\/wp\/v2\/types\/product"}],"replies":[{"embeddable":true,"href":"https:\/\/kraftwerk-shop.cc\/pl\/wp-json\/wp\/v2\/comments?post=68349501"}],"version-history":[{"count":0,"href":"https:\/\/kraftwerk-shop.cc\/pl\/wp-json\/wp\/v2\/product\/68349501\/revisions"}],"wp:featuredmedia":[{"embeddable":true,"href":"https:\/\/kraftwerk-shop.cc\/pl\/wp-json\/wp\/v2\/media\/68349504"}],"wp:attachment":[{"href":"https:\/\/kraftwerk-shop.cc\/pl\/wp-json\/wp\/v2\/media?parent=68349501"}],"wp:term":[{"taxonomy":"product_brand","embeddable":true,"href":"https:\/\/kraftwerk-shop.cc\/pl\/wp-json\/wp\/v2\/product_brand?post=68349501"},{"taxonomy":"product_cat","embeddable":true,"href":"https:\/\/kraftwerk-shop.cc\/pl\/wp-json\/wp\/v2\/product_cat?post=68349501"},{"taxonomy":"product_tag","embeddable":true,"href":"https:\/\/kraftwerk-shop.cc\/pl\/wp-json\/wp\/v2\/product_tag?post=68349501"}],"curies":[{"name":"wp","href":"https:\/\/api.w.org\/{rel}","templated":true}]}}