{"id":68349519,"date":"2025-09-14T21:40:27","date_gmt":"2025-09-14T19:40:27","guid":{"rendered":"https:\/\/kraftwerk-shop.cc\/?post_type=product&#038;p=68349519"},"modified":"2026-03-30T02:06:08","modified_gmt":"2026-03-30T00:06:08","slug":"klocki-hamulcowe-hawk-hps-5-ram-hb559b-695","status":"publish","type":"product","link":"https:\/\/kraftwerk-shop.cc\/pl\/produkt\/hawk-hps-5-bremsbelaege-ram-hb559b-695\/","title":{"rendered":"Hawk Performance HPS 5.0 Klocki hamulcowe RAM (HB559B.695)"},"content":{"rendered":"<h1>Hawk Performance HPS 5.0 HB559B.695 Klocki hamulcowe do RAM 1500 3.0 Ecodiesel, 3.6 i 5.7 od 2006 do 2018 oraz RAM Classic od 2019 (o\u015b przednia)<\/h1>\n<p>&nbsp;<\/p>\n<p><strong>Hawk Performance HPS 5.0<\/strong><\/p>\n<p>Klocki hamulcowe Hawk Performance, wyposa\u017cone w najnowsz\u0105 formu\u0142\u0119 HPS 5.0 - opracowane dla maksymalnej wydajno\u015bci na drodze ze zoptymalizowanym wyczuciem peda\u0142u i wysok\u0105 si\u0142\u0105 hamowania bez wp\u0142ywu na ABS Dodge RAM.<br \/>\nHPS 5.0 to mieszanka \u017celazo-w\u0119glowa, kt\u00f3ra oferuje zaawansowane w\u0142a\u015bciwo\u015bci hamowania w celu poprawy wra\u017ce\u0144 z jazdy. Mieszanka ta \u0142\u0105czy w sobie bezpiecze\u0144stwo i jako\u015b\u0107 technologii lotniczej z technologi\u0105 hamowania stosowan\u0105 w sportach motorowych. Rezultatem jest kr\u00f3tsza droga hamowania, lepsza wydajno\u015b\u0107 w warunkach intensywnego hamowania i charakterystyka gotowa do jazdy po drogach.<\/p>\n<p>&nbsp;<\/p>\n<p><strong>Zalecenie<\/strong><\/p>\n<p>Hawk HPS 5.0 to dobry wyb\u00f3r, je\u015bli chcesz zwi\u0119kszy\u0107 skuteczno\u015b\u0107 hamowania do maksymalnego mo\u017cliwego poziomu bez konieczno\u015bci znoszenia negatywnych skutk\u00f3w ubocznych w postaci ha\u0142asu i du\u017cych ilo\u015bci py\u0142u hamulcowego, kt\u00f3re cz\u0119sto s\u0105 zwi\u0105zane z klockami hamulcowymi o wy\u017cszej wydajno\u015bci.<br \/>\nMieszanka HPS 5.0 oferuje wy\u017cszy moment hamowania i wy\u017csz\u0105 temperatur\u0119 pracy w por\u00f3wnaniu do mieszanki Hawk HPS. Mieszanka HPS 5.0 mo\u017ce wytrzyma\u0107 lekkie u\u017cytkowanie na torze, pod warunkiem, \u017ce b\u0119dziesz uwa\u017ca\u0107 na oznaki przegrzania i zapewnisz klockom hamulcowym wystarczaj\u0105cy czas ch\u0142odzenia, gdy osi\u0105gn\u0105 maksymaln\u0105 temperatur\u0119.<br \/>\nMieszanka Hawk HPS 5.0 nie jest mieszank\u0105 wy\u015bcigow\u0105 i nie wytrzyma d\u0142ugotrwa\u0142ych wy\u015bcig\u00f3w w wysokich temperaturach. Mieszanka HPS 5.0 jest czystsza ni\u017c wi\u0119kszo\u015b\u0107 klock\u00f3w hamulcowych OEM, ale generuje wi\u0119cej py\u0142u hamulcowego ni\u017c Hawk Ceramic i Hawk HPS.<\/p>\n<p>&nbsp;<\/p>\n<p><strong>Hawk HPS Cechy:<\/strong><\/p>\n<ul>\n<li>Agresywny moment hamowania<\/li>\n<li>Niskie zu\u017cycie tarcz hamulcowych i klock\u00f3w hamulcowych<\/li>\n<li>Sp\u00f3jna, przewidywalna reakcja<\/li>\n<li>Wysoka wydajno\u015b\u0107 zwalniania<\/li>\n<li>Zakres temperatur pracy: 40-400 \u00b0C<\/li>\n<li>Optymalny zakres temperatur: 40-290 \u00b0C<\/li>\n<\/ul>\n<p>&nbsp;<\/p>\n<p><strong>Liczby por\u00f3wnawcze Mopar:<\/strong> 68334862AA, <span class=\"list-value sku-display\">68334862AB<\/span>, 05143350AA, 0<span class=\"list-value\">5143350AB, 05143350AC, 5143350AA, 5143350AB, 5143350AC<\/span><\/p>\n<p>Miejsce instalacji: O\u015b przednia<\/p>\n<p>&nbsp;<\/p>\n<p><strong>Odpowiedni dla:<\/strong><\/p>\n<table width=\"498\">\n<tbody>\n<tr>\n<td width=\"114\"><strong>Marka<\/strong><\/td>\n<td width=\"121\"><strong>Model<\/strong><\/td>\n<td width=\"122\"><strong>Silnik<\/strong><\/td>\n<td width=\"141\"><strong>Rok<\/strong><\/td>\n<\/tr>\n<tr>\n<td width=\"114\">RAM<\/td>\n<td width=\"121\">1500<\/td>\n<td width=\"122\">3.0 EcoDiesel<\/td>\n<td width=\"141\">2014\u20132018<\/td>\n<\/tr>\n<tr>\n<td width=\"114\">RAM<\/td>\n<td>1500 Classic<\/td>\n<td width=\"122\">3.0 EcoDiesel<\/td>\n<td>2019<\/td>\n<\/tr>\n<tr>\n<td width=\"114\">RAM<\/td>\n<td width=\"121\">1500<\/td>\n<td width=\"122\">3.6<\/td>\n<td width=\"141\">2013\u20132018<\/td>\n<\/tr>\n<tr>\n<td width=\"114\">RAM<\/td>\n<td>1500 Classic<\/td>\n<td width=\"122\">3.6<\/td>\n<td>2019\u20132024<\/td>\n<\/tr>\n<tr>\n<td width=\"114\">RAM<\/td>\n<td width=\"121\">1500<\/td>\n<td width=\"122\">5.7<\/td>\n<td width=\"141\">2006\u20132018<\/td>\n<\/tr>\n<tr>\n<td width=\"114\">RAM<\/td>\n<td>1500 Classic<\/td>\n<td width=\"122\">5.7<\/td>\n<td>2019\u20132024<\/td>\n<\/tr>\n<\/tbody>\n<\/table>\n<p>&nbsp;<\/p>\n<p><strong>Zakres dostawy: <\/strong><\/p>\n<p>- 1 zestaw klock\u00f3w hamulcowych (HB559B.695) dla osi przedniej<\/p>","protected":false},"excerpt":{"rendered":"<p>2006 - 2018 i Classic 2019 - 2024<\/p>","protected":false},"featured_media":68349521,"comment_status":"open","ping_status":"closed","template":"","meta":{"_acf_changed":false},"product_brand":[17621],"product_cat":[3515,4237,4754,7753],"product_tag":[7802,7803,3508,475,4030,7804,6770,6771,3512,6772,1046,590,795,840,1070,6834,7614,18998,18965,18983,36,86,3507,3518,970,592,2353,2139,842,841,673,2135,2137],"class_list":{"0":"post-68349519","1":"product","2":"type-product","3":"status-publish","4":"has-post-thumbnail","6":"product_brand-hawk-performance","7":"product_cat-1500-57-2009-2018-classic-bremsen-vorne","8":"product_cat-1500-ecodiesel-bremsen-vorne","9":"product_cat-1500-36-bremsen-vorne","10":"product_cat-1500-57-2003-2008-bremsen-vorne","11":"product_tag-05143350aa","12":"product_tag-05143350ab","13":"product_tag-05143350ac","14":"product_tag-475","15":"product_tag-5-0","16":"product_tag-5143350aa","17":"product_tag-5143350ab","18":"product_tag-5143350ac","19":"product_tag-68334862aa","20":"product_tag-68334862ab","21":"product_tag-abe","22":"product_tag-bremsbelaege","23":"product_tag-bremse","24":"product_tag-bremskloetze","25":"product_tag-hawk","26":"product_tag-hawk-performance","27":"product_tag-hawk10","28":"product_tag-hb559b-695","29":"product_tag-hps","30":"product_tag-hps-5-0","31":"product_tag-kraftwerk","32":"product_tag-ram","33":"product_tag-ram1500","34":"product_tag-sportbremsbelag","35":"product_tag-sportbremsbelaege","36":"product_tag-sportbremse","37":"product_tag-trx","38":"product_tag-tuev","39":"product_tag-vorderachse","40":"product_tag-vorne","41":"product_tag-zubehoer","42":"product_tag-zubehoerbremsbelaege","43":"product_tag-zulassung","45":"first","46":"outofstock","47":"taxable","48":"shipping-taxable","49":"purchasable","50":"product-type-simple"},"bundled_by":[],"bundle_stock_status":"outofstock","bundle_stock_quantity":0,"bundle_virtual":false,"bundle_layout":"","bundle_add_to_cart_form_location":"","bundle_editable_in_cart":false,"bundle_sold_individually_context":"","bundle_item_grouping":"","bundle_min_size":"","bundle_max_size":"","bundle_price":[],"bundled_items":[],"bundle_sell_ids":[],"exclude_global_add_ons":[],"addons":[],"acf":[],"_links":{"self":[{"href":"https:\/\/kraftwerk-shop.cc\/pl\/wp-json\/wp\/v2\/product\/68349519","targetHints":{"allow":["GET"]}}],"collection":[{"href":"https:\/\/kraftwerk-shop.cc\/pl\/wp-json\/wp\/v2\/product"}],"about":[{"href":"https:\/\/kraftwerk-shop.cc\/pl\/wp-json\/wp\/v2\/types\/product"}],"replies":[{"embeddable":true,"href":"https:\/\/kraftwerk-shop.cc\/pl\/wp-json\/wp\/v2\/comments?post=68349519"}],"version-history":[{"count":0,"href":"https:\/\/kraftwerk-shop.cc\/pl\/wp-json\/wp\/v2\/product\/68349519\/revisions"}],"wp:featuredmedia":[{"embeddable":true,"href":"https:\/\/kraftwerk-shop.cc\/pl\/wp-json\/wp\/v2\/media\/68349521"}],"wp:attachment":[{"href":"https:\/\/kraftwerk-shop.cc\/pl\/wp-json\/wp\/v2\/media?parent=68349519"}],"wp:term":[{"taxonomy":"product_brand","embeddable":true,"href":"https:\/\/kraftwerk-shop.cc\/pl\/wp-json\/wp\/v2\/product_brand?post=68349519"},{"taxonomy":"product_cat","embeddable":true,"href":"https:\/\/kraftwerk-shop.cc\/pl\/wp-json\/wp\/v2\/product_cat?post=68349519"},{"taxonomy":"product_tag","embeddable":true,"href":"https:\/\/kraftwerk-shop.cc\/pl\/wp-json\/wp\/v2\/product_tag?post=68349519"}],"curies":[{"name":"wp","href":"https:\/\/api.w.org\/{rel}","templated":true}]}}