{"id":68349890,"date":"2025-09-20T22:03:41","date_gmt":"2025-09-20T20:03:41","guid":{"rendered":"https:\/\/kraftwerk-shop.cc\/?post_type=product&#038;p=68349890"},"modified":"2026-02-15T01:23:52","modified_gmt":"2026-02-15T00:23:52","slug":"dysza-wtryskowa-mopar-53011614aa","status":"publish","type":"product","link":"https:\/\/kraftwerk-shop.cc\/pl\/produkt\/mopar-einspritzduese-53011614aa\/","title":{"rendered":"Wtryskiwacz paliwa Mopar (53011614AA)"},"content":{"rendered":"<h1>Oryginalny wtryskiwacz paliwa Mopar (53011614AA) do Dodge, Challenger, Charger i Durango, Hellcat, Jeep, Trackhawk i RAM TRX.<\/h1>\n<p>&nbsp;<\/p>\n<p><span lang=\"DE\"><strong>Numer cz\u0119\u015bci Mopar:<\/strong>\u00a053011614AA<br \/>\n<strong>Zast\u0105piony: <\/strong><span class=\"list-value\">\u2014<\/span><\/span><\/p>\n<p>&nbsp;<\/p>\n<p><strong>Odpowiedni dla:<\/strong><\/p>\n<table width=\"880\">\n<tbody>\n<tr>\n<td width=\"81\"><strong>Rok<\/strong><\/td>\n<td width=\"81\"><strong>Marka<\/strong><\/td>\n<td width=\"192\"><strong>Model<\/strong><\/td>\n<td width=\"312\"><strong>Wersja<\/strong><\/td>\n<td width=\"214\">M<strong>o<\/strong>brama<\/td>\n<\/tr>\n<tr>\n<td width=\"81\">2025<\/td>\n<td width=\"81\">Dodge<\/td>\n<td width=\"192\">Durango<\/td>\n<td width=\"312\">SRT Hellcat Hammerhead, SRT Hellcat Plus, SRT Hellcat Premium, SRT Hellcat Silver Bullet<\/td>\n<td width=\"214\">6.2L<\/td>\n<\/tr>\n<tr>\n<td width=\"81\">2024<\/td>\n<td width=\"81\">Dodge<\/td>\n<td width=\"192\">Durango<\/td>\n<td width=\"312\">SRT Hellcat, SRT Hellcat Plus, SRT Hellcat Premium<\/td>\n<td width=\"214\">6.2L<\/td>\n<\/tr>\n<tr>\n<td width=\"81\">2024<\/td>\n<td width=\"81\">Ram<\/td>\n<td width=\"192\">1500<\/td>\n<td width=\"312\">TRX<\/td>\n<td width=\"214\">6.2L<\/td>\n<\/tr>\n<tr>\n<td width=\"81\">2023<\/td>\n<td width=\"81\">Dodge<\/td>\n<td width=\"192\">Challenger<\/td>\n<td width=\"312\">SRT Hellcat Jailbreak, SRT Hellcat, SRT Hellcat Widebody Jailbreak<\/td>\n<td width=\"214\">6.2L<\/td>\n<\/tr>\n<tr>\n<td width=\"81\">2023<\/td>\n<td width=\"81\">Dodge<\/td>\n<td width=\"192\">Charger<\/td>\n<td width=\"312\">SRT Hellcat Widebody, SRT Hellcat Widebody Jailbreak<\/td>\n<td width=\"214\">6.2L<\/td>\n<\/tr>\n<tr>\n<td width=\"81\">2023<\/td>\n<td width=\"81\">Dodge<\/td>\n<td width=\"192\">Durango<\/td>\n<td width=\"312\">SRT Hellcat, SRT Hellcat Plus, SRT Hellcat Premium<\/td>\n<td width=\"214\">6.2L<\/td>\n<\/tr>\n<tr>\n<td width=\"81\">2023<\/td>\n<td width=\"81\">Ram<\/td>\n<td width=\"192\">1500<\/td>\n<td width=\"312\">TRX<\/td>\n<td width=\"214\">6.2L<\/td>\n<\/tr>\n<tr>\n<td width=\"81\">2022<\/td>\n<td width=\"81\">Dodge<\/td>\n<td width=\"192\">Challenger<\/td>\n<td width=\"312\">SRT Hellcat Widebody, SRT Jailbreak<\/td>\n<td width=\"214\">6.2L<\/td>\n<\/tr>\n<tr>\n<td width=\"81\">2022<\/td>\n<td width=\"81\">Dodge<\/td>\n<td width=\"192\">Charger<\/td>\n<td width=\"312\">SRT Hellcat Widebody<\/td>\n<td width=\"214\">6.2L<\/td>\n<\/tr>\n<tr>\n<td width=\"81\">2022<\/td>\n<td width=\"81\">Ram<\/td>\n<td width=\"192\">1500<\/td>\n<td width=\"312\">TRX<\/td>\n<td width=\"214\">6.2L<\/td>\n<\/tr>\n<tr>\n<td width=\"81\">2021<\/td>\n<td width=\"81\">Dodge<\/td>\n<td width=\"192\">Challenger<\/td>\n<td width=\"312\">SRT Hellcat Widebody<\/td>\n<td width=\"214\">6.2L<\/td>\n<\/tr>\n<tr>\n<td width=\"81\">2021<\/td>\n<td width=\"81\">Dodge<\/td>\n<td width=\"192\">Charger<\/td>\n<td width=\"312\">SRT Hellcat Widebody<\/td>\n<td width=\"214\">6.2L<\/td>\n<\/tr>\n<tr>\n<td width=\"81\">2021<\/td>\n<td width=\"81\">Dodge<\/td>\n<td width=\"192\">Durango<\/td>\n<td width=\"312\">SRT Hellcat<\/td>\n<td width=\"214\">6.2L<\/td>\n<\/tr>\n<tr>\n<td width=\"81\">2021<\/td>\n<td width=\"81\">Jeep<\/td>\n<td width=\"192\">Grand Cherokee<\/td>\n<td width=\"312\">Trackhawk<\/td>\n<td width=\"214\">6.2L<\/td>\n<\/tr>\n<tr>\n<td width=\"81\">2021<\/td>\n<td width=\"81\">Ram<\/td>\n<td width=\"192\">1500<\/td>\n<td width=\"312\">TRX<\/td>\n<td width=\"214\">6.2L<\/td>\n<\/tr>\n<\/tbody>\n<\/table>\n<p>&nbsp;<\/p>\n<p>&nbsp;<\/p>\n<h4>Dlaczego warto wybra\u0107 oryginalne cz\u0119\u015bci zamienne Mopar?<\/h4>\n<p><strong>Idealne dopasowanie i najwy\u017csza jako\u015b\u0107:<\/strong> Oryginalne cz\u0119\u015bci zamienne Mopar s\u0105 produkowane zgodnie ze \u015bcis\u0142ymi specyfikacjami producenta, co oznacza, \u017ce idealnie pasuj\u0105 do Twojego pojazdu. Zapewnia to nie tylko \u0142atw\u0105 instalacj\u0119, ale tak\u017ce optymaln\u0105 funkcjonalno\u015b\u0107 i bezpiecze\u0144stwo.<\/p>\n<p><strong>Niezawodno\u015b\u0107 i trwa\u0142o\u015b\u0107:<\/strong> Dzi\u0119ki zastosowaniu wysokiej jako\u015bci materia\u0142\u00f3w i rygorystycznej kontroli jako\u015bci, cz\u0119\u015bci zamienne Mopar zapewniaj\u0105 niezawodne dzia\u0142anie pojazdu nawet w ekstremalnych warunkach. Zosta\u0142y zaprojektowane z my\u015bl\u0105 o trwa\u0142o\u015bci i maksymalizacji osi\u0105g\u00f3w pojazdu.<\/p>\n<p>&nbsp;<\/p>","protected":false},"excerpt":{"rendered":"<p>Oryginalna cz\u0119\u015b\u0107 Mopar<\/p>\n<p>2021\u20132025<\/p>","protected":false},"featured_media":68352209,"comment_status":"open","ping_status":"closed","template":"","meta":{"_acf_changed":false},"product_brand":[16270],"product_cat":[2881,2885,2889,2894,2897],"product_tag":[19085,19084,54,53,49,95,2868,2869,999,19069,19070,19071,56,100,2867,1000,50,19073,19072,31,8813,9424,16271,16273,16275,16272,16274,7221,86,102,2353],"class_list":{"0":"post-68349890","1":"product","2":"type-product","3":"status-publish","4":"has-post-thumbnail","6":"product_brand-mopar","7":"product_cat-challenger-hellcat-kraftstoffversorgung","8":"product_cat-charger-hellcat-kraftstoffversorgung","9":"product_cat-durango-hellcat-kraftstoffversorgung","10":"product_cat-trackhawk-kraftstoffversorgung","11":"product_cat-trx-kraftstoffversorgung","12":"product_tag-053011614aa","13":"product_tag-53011614aa","14":"product_tag-challenger","15":"product_tag-charger","16":"product_tag-dodge","17":"product_tag-durango","18":"product_tag-duesen","19":"product_tag-einspritzduese","20":"product_tag-einspritzduesen","21":"product_tag-einspritzung","22":"product_tag-einspritzventil","23":"product_tag-einspritzventile","24":"product_tag-grand-cherokee","25":"product_tag-hellcat","26":"product_tag-injektor","27":"product_tag-injektoren","28":"product_tag-jeep","29":"product_tag-kraftstoffduese","30":"product_tag-kraftstoffeinspritzung","31":"product_tag-mopar","32":"product_tag-mopar-autoteile","33":"product_tag-mopar-ersatzteile","34":"product_tag-mopar-ersatzteile-kaufen","35":"product_tag-mopar-performance-teile","36":"product_tag-mopar-teile-katalog","37":"product_tag-mopar-teile-online","38":"product_tag-mopar-tuningteile","39":"product_tag-mopar10","40":"product_tag-ram","41":"product_tag-trackhawk","42":"product_tag-trx","44":"first","45":"instock","46":"taxable","47":"shipping-taxable","48":"purchasable","49":"product-type-simple"},"bundled_by":[],"bundle_stock_status":"instock","bundle_stock_quantity":1,"bundle_virtual":false,"bundle_layout":"","bundle_add_to_cart_form_location":"","bundle_editable_in_cart":false,"bundle_sold_individually_context":"","bundle_item_grouping":"","bundle_min_size":"","bundle_max_size":"","bundle_price":[],"bundled_items":[],"bundle_sell_ids":[],"exclude_global_add_ons":[],"addons":[],"acf":[],"_links":{"self":[{"href":"https:\/\/kraftwerk-shop.cc\/pl\/wp-json\/wp\/v2\/product\/68349890","targetHints":{"allow":["GET"]}}],"collection":[{"href":"https:\/\/kraftwerk-shop.cc\/pl\/wp-json\/wp\/v2\/product"}],"about":[{"href":"https:\/\/kraftwerk-shop.cc\/pl\/wp-json\/wp\/v2\/types\/product"}],"replies":[{"embeddable":true,"href":"https:\/\/kraftwerk-shop.cc\/pl\/wp-json\/wp\/v2\/comments?post=68349890"}],"version-history":[{"count":0,"href":"https:\/\/kraftwerk-shop.cc\/pl\/wp-json\/wp\/v2\/product\/68349890\/revisions"}],"wp:featuredmedia":[{"embeddable":true,"href":"https:\/\/kraftwerk-shop.cc\/pl\/wp-json\/wp\/v2\/media\/68352209"}],"wp:attachment":[{"href":"https:\/\/kraftwerk-shop.cc\/pl\/wp-json\/wp\/v2\/media?parent=68349890"}],"wp:term":[{"taxonomy":"product_brand","embeddable":true,"href":"https:\/\/kraftwerk-shop.cc\/pl\/wp-json\/wp\/v2\/product_brand?post=68349890"},{"taxonomy":"product_cat","embeddable":true,"href":"https:\/\/kraftwerk-shop.cc\/pl\/wp-json\/wp\/v2\/product_cat?post=68349890"},{"taxonomy":"product_tag","embeddable":true,"href":"https:\/\/kraftwerk-shop.cc\/pl\/wp-json\/wp\/v2\/product_tag?post=68349890"}],"curies":[{"name":"wp","href":"https:\/\/api.w.org\/{rel}","templated":true}]}}