{"id":68349900,"date":"2025-09-20T22:03:31","date_gmt":"2025-09-20T20:03:31","guid":{"rendered":"https:\/\/kraftwerk-shop.cc\/?post_type=product&#038;p=68349900"},"modified":"2026-02-15T01:23:57","modified_gmt":"2026-02-15T00:23:57","slug":"dysza-wtryskowa-mopar-5281568aa","status":"publish","type":"product","link":"https:\/\/kraftwerk-shop.cc\/pl\/produkt\/mopar-einspritzduese-5281568aa\/","title":{"rendered":"Wtryskiwacz paliwa Mopar (5281568AA)"},"content":{"rendered":"<h1>Oryginalny wtryskiwacz paliwa Mopar (5281568AA) do Chrysler, 300C, Dodge, Challenger, Charger, Durango, Jeep, Grand Cherokee i RAM 1500, 2500 i 3500 5.7.<\/h1>\n<p>&nbsp;<\/p>\n<p><span lang=\"DE\"><strong>Numer cz\u0119\u015bci Mopar:<\/strong>\u00a05281568AA<br \/>\n<strong>Zast\u0105piony: <\/strong><\/span><\/p>\n<p>&nbsp;<\/p>\n<p><strong>Odpowiedni dla:<\/strong><\/p>\n<table width=\"954\">\n<tbody>\n<tr>\n<td width=\"81\"><strong>Rok<\/strong><\/td>\n<td width=\"81\"><strong>Marka<\/strong><\/td>\n<td width=\"192\"><strong>Model<\/strong><\/td>\n<td width=\"386\"><strong>Wersja<\/strong><\/td>\n<td width=\"214\"><strong>Silnik<\/strong><\/td>\n<\/tr>\n<tr>\n<td width=\"81\">2026<\/td>\n<td width=\"81\">Dodge<\/td>\n<td width=\"192\">Durango<\/td>\n<td width=\"386\">Pursuit<\/td>\n<td width=\"214\">5.7L<\/td>\n<\/tr>\n<tr>\n<td width=\"81\">2025<\/td>\n<td width=\"81\">Dodge<\/td>\n<td width=\"192\">Durango<\/td>\n<td width=\"386\">R\/T, R\/T Plus, R\/T Premium, us\u0142uga specjalna<\/td>\n<td width=\"214\">5.7L<\/td>\n<\/tr>\n<tr>\n<td width=\"81\">2024<\/td>\n<td width=\"81\">Dodge<\/td>\n<td width=\"192\">Durango<\/td>\n<td width=\"386\">Citadel, Pursuit, R\/T, R\/T Plus, R\/T Premium, Special Service<\/td>\n<td width=\"214\">5.7L<\/td>\n<\/tr>\n<tr>\n<td width=\"81\">2024<\/td>\n<td width=\"81\">Jeep<\/td>\n<td width=\"192\">Grand Cherokee L<\/td>\n<td width=\"386\">Overland, Summit, Summit Reserve<\/td>\n<td width=\"214\">5.7L<\/td>\n<\/tr>\n<tr>\n<td width=\"81\">2024<\/td>\n<td width=\"81\">Ram<\/td>\n<td width=\"192\">1500<\/td>\n<td width=\"386\">Big Horn, Laramie, Limited, Limited Longhorn, Lone Star, Rebel, Tradesman<\/td>\n<td width=\"214\">5.7L<\/td>\n<\/tr>\n<tr>\n<td width=\"81\">2024<\/td>\n<td width=\"81\">Ram<\/td>\n<td width=\"192\">1500 Classic<\/td>\n<td width=\"386\">Tradesman, Warlock<\/td>\n<td width=\"214\">5.7L<\/td>\n<\/tr>\n<tr>\n<td width=\"81\">2023<\/td>\n<td width=\"81\">Chrysler<\/td>\n<td width=\"192\">300<\/td>\n<td width=\"386\">S<\/td>\n<td width=\"214\">5.7L<\/td>\n<\/tr>\n<tr>\n<td width=\"81\">2023<\/td>\n<td width=\"81\">Dodge<\/td>\n<td width=\"192\">Challenger<\/td>\n<td width=\"386\">R\/T<\/td>\n<td width=\"214\">5.7L<\/td>\n<\/tr>\n<tr>\n<td width=\"81\">2023<\/td>\n<td width=\"81\">Dodge<\/td>\n<td width=\"192\">Charger<\/td>\n<td width=\"386\">Pursuit, R\/T<\/td>\n<td width=\"214\">5.7L<\/td>\n<\/tr>\n<tr>\n<td width=\"81\">2023<\/td>\n<td width=\"81\">Dodge<\/td>\n<td width=\"192\">Durango<\/td>\n<td width=\"386\">Citadel, R\/T, R\/T Hemi Orange, R\/T Plus, R\/T Premium<\/td>\n<td width=\"214\">5.7L<\/td>\n<\/tr>\n<tr>\n<td width=\"81\">2023<\/td>\n<td width=\"81\">Jeep<\/td>\n<td width=\"192\">Grand Cherokee<\/td>\n<td width=\"386\">Overland, Summit, Summit Reserve<\/td>\n<td width=\"214\">5.7L<\/td>\n<\/tr>\n<tr>\n<td width=\"81\">2023<\/td>\n<td width=\"81\">Jeep<\/td>\n<td width=\"192\">Grand Cherokee L<\/td>\n<td width=\"386\">Overland, Summit, Summit Reserve<\/td>\n<td width=\"214\">5.7L<\/td>\n<\/tr>\n<tr>\n<td width=\"81\">2023<\/td>\n<td width=\"81\">Jeep<\/td>\n<td width=\"192\">Wagoneer<\/td>\n<td width=\"386\">Base<\/td>\n<td width=\"214\">5.7L<\/td>\n<\/tr>\n<tr>\n<td width=\"81\">2023<\/td>\n<td width=\"81\">Ram<\/td>\n<td width=\"192\">1500<\/td>\n<td width=\"386\">Big Horn, Laramie, Limited, Limited Longhorn, Lone Star, Rebel, Tradesman<\/td>\n<td width=\"214\">5.7L<\/td>\n<\/tr>\n<tr>\n<td width=\"81\">2023<\/td>\n<td width=\"81\">Ram<\/td>\n<td width=\"192\">1500 Classic<\/td>\n<td width=\"386\">Tradesman, Warlock<\/td>\n<td width=\"214\">5.7L<\/td>\n<\/tr>\n<tr>\n<td width=\"81\">2022<\/td>\n<td width=\"81\">Chrysler<\/td>\n<td width=\"192\">300<\/td>\n<td width=\"386\">S<\/td>\n<td width=\"214\">5.7L<\/td>\n<\/tr>\n<tr>\n<td width=\"81\">2022<\/td>\n<td width=\"81\">Dodge<\/td>\n<td width=\"192\">Challenger<\/td>\n<td width=\"386\">R\/T<\/td>\n<td width=\"214\">5.7L<\/td>\n<\/tr>\n<tr>\n<td width=\"81\">2022<\/td>\n<td width=\"81\">Dodge<\/td>\n<td width=\"192\">Charger<\/td>\n<td width=\"386\">R\/T<\/td>\n<td width=\"214\">5.7L<\/td>\n<\/tr>\n<tr>\n<td width=\"81\">2022<\/td>\n<td width=\"81\">Dodge<\/td>\n<td width=\"192\">Durango<\/td>\n<td width=\"386\">Citadel, R\/T, R\/T Plus<\/td>\n<td width=\"214\">5.7L<\/td>\n<\/tr>\n<tr>\n<td width=\"81\">2022<\/td>\n<td width=\"81\">Jeep<\/td>\n<td width=\"192\">Grand Cherokee<\/td>\n<td width=\"386\">Overland, Summit, Summit Reserve, Trailhawk<\/td>\n<td width=\"214\">5.7L<\/td>\n<\/tr>\n<tr>\n<td width=\"81\">2022<\/td>\n<td width=\"81\">Jeep<\/td>\n<td width=\"192\">Grand Cherokee L<\/td>\n<td width=\"386\">Overland, Summit, Summit Reserve<\/td>\n<td width=\"214\">5.7L<\/td>\n<\/tr>\n<tr>\n<td width=\"81\">2022<\/td>\n<td width=\"81\">Jeep<\/td>\n<td width=\"192\">Wagoneer<\/td>\n<td width=\"386\">Series II, Series III<\/td>\n<td width=\"214\">5.7L<\/td>\n<\/tr>\n<tr>\n<td width=\"81\">2022<\/td>\n<td width=\"81\">Ram<\/td>\n<td width=\"192\">1500<\/td>\n<td width=\"386\">Big Horn, Laramie, Limited, Limited Longhorn, Lone Star, Rebel, Tradesman<\/td>\n<td width=\"214\">5.7L<\/td>\n<\/tr>\n<tr>\n<td width=\"81\">2022<\/td>\n<td width=\"81\">Ram<\/td>\n<td width=\"192\">1500 Classic<\/td>\n<td width=\"386\">Express, SLT, Tradesman, Warlock<\/td>\n<td width=\"214\">5.7L<\/td>\n<\/tr>\n<tr>\n<td width=\"81\">2021<\/td>\n<td width=\"81\">Chrysler<\/td>\n<td width=\"192\">300<\/td>\n<td width=\"386\">S<\/td>\n<td width=\"214\">5.7L<\/td>\n<\/tr>\n<tr>\n<td width=\"81\">2021<\/td>\n<td width=\"81\">Dodge<\/td>\n<td width=\"192\">Challenger<\/td>\n<td width=\"386\">R\/T<\/td>\n<td width=\"214\">5.7L<\/td>\n<\/tr>\n<tr>\n<td width=\"81\">2021<\/td>\n<td width=\"81\">Dodge<\/td>\n<td width=\"192\">Charger<\/td>\n<td width=\"386\">R\/T<\/td>\n<td width=\"214\">5.7L<\/td>\n<\/tr>\n<tr>\n<td width=\"81\">2021<\/td>\n<td width=\"81\">Dodge<\/td>\n<td width=\"192\">Durango<\/td>\n<td width=\"386\">Citadel, Pursuit, R\/T, Special Service<\/td>\n<td width=\"214\">5.7L<\/td>\n<\/tr>\n<tr>\n<td width=\"81\">2021<\/td>\n<td width=\"81\">Jeep<\/td>\n<td width=\"192\">Grand Cherokee<\/td>\n<td width=\"386\">Limited, Limited X, Overland, Summit, Trailhawk<\/td>\n<td width=\"214\">5.7L<\/td>\n<\/tr>\n<tr>\n<td width=\"81\">2021<\/td>\n<td width=\"81\">Jeep<\/td>\n<td width=\"192\">Grand Cherokee L<\/td>\n<td width=\"386\">Overland, Summit, Summit Reserve<\/td>\n<td width=\"214\">5.7L<\/td>\n<\/tr>\n<tr>\n<td width=\"81\">2021<\/td>\n<td width=\"81\">Ram<\/td>\n<td width=\"192\">1500<\/td>\n<td width=\"386\">Big Horn, Laramie, Limited, Limited Longhorn, Lone Star, Rebel, Tradesman<\/td>\n<td width=\"214\">5.7L<\/td>\n<\/tr>\n<tr>\n<td width=\"81\">2021<\/td>\n<td width=\"81\">Ram<\/td>\n<td width=\"192\">1500 Classic<\/td>\n<td width=\"386\">Express, SLT, Tradesman, Warlock<\/td>\n<td width=\"214\">5.7L<\/td>\n<\/tr>\n<tr>\n<td width=\"81\">2020<\/td>\n<td width=\"81\">Chrysler<\/td>\n<td width=\"192\">300<\/td>\n<td width=\"386\">C, S<\/td>\n<td width=\"214\">5.7L<\/td>\n<\/tr>\n<tr>\n<td width=\"81\">2020<\/td>\n<td width=\"81\">Dodge<\/td>\n<td width=\"192\">Challenger<\/td>\n<td width=\"386\">R\/T<\/td>\n<td width=\"214\">5.7L<\/td>\n<\/tr>\n<tr>\n<td width=\"81\">2020<\/td>\n<td width=\"81\">Dodge<\/td>\n<td width=\"192\">Charger<\/td>\n<td width=\"386\">Pursuit, R\/T<\/td>\n<td width=\"214\">5.7L<\/td>\n<\/tr>\n<tr>\n<td width=\"81\">2020<\/td>\n<td width=\"81\">Dodge<\/td>\n<td width=\"192\">Durango<\/td>\n<td width=\"386\">Citadel, Pursuit, R\/T, Special Service<\/td>\n<td width=\"214\">5.7L<\/td>\n<\/tr>\n<tr>\n<td width=\"81\">2020<\/td>\n<td width=\"81\">Jeep<\/td>\n<td width=\"192\">Grand Cherokee<\/td>\n<td width=\"386\">High Altitude, Limited, Limited X, Overland, Summit, Trailhawk<\/td>\n<td width=\"214\">5.7L<\/td>\n<\/tr>\n<tr>\n<td width=\"81\">2020<\/td>\n<td width=\"81\">Ram<\/td>\n<td width=\"192\">1500<\/td>\n<td width=\"386\">Big Horn, Laramie, Laramie Longhorn, Limited, Lone Star, Rebel, Tradesman<\/td>\n<td width=\"214\">5.7L<\/td>\n<\/tr>\n<tr>\n<td width=\"81\">2020<\/td>\n<td width=\"81\">Ram<\/td>\n<td width=\"192\">1500 Classic<\/td>\n<td width=\"386\">Express, SLT, Special Service, Tradesman, Warlock<\/td>\n<td width=\"214\">5.7L<\/td>\n<\/tr>\n<tr>\n<td width=\"81\">2019<\/td>\n<td width=\"81\">Ram<\/td>\n<td width=\"192\">1500<\/td>\n<td width=\"386\">Big Horn, Laramie, Laramie Longhorn, Limited, Lone Star, Rebel, Tradesman<\/td>\n<td width=\"214\">5.7L<\/td>\n<\/tr>\n<\/tbody>\n<\/table>\n<p>&nbsp;<\/p>\n<p>&nbsp;<\/p>\n<h4>Dlaczego warto wybra\u0107 oryginalne cz\u0119\u015bci zamienne Mopar?<\/h4>\n<p><strong>Idealne dopasowanie i najwy\u017csza jako\u015b\u0107:<\/strong> Oryginalne cz\u0119\u015bci zamienne Mopar s\u0105 produkowane zgodnie ze \u015bcis\u0142ymi specyfikacjami producenta, co oznacza, \u017ce idealnie pasuj\u0105 do Twojego pojazdu. Zapewnia to nie tylko \u0142atw\u0105 instalacj\u0119, ale tak\u017ce optymaln\u0105 funkcjonalno\u015b\u0107 i bezpiecze\u0144stwo.<\/p>\n<p><strong>Niezawodno\u015b\u0107 i trwa\u0142o\u015b\u0107:<\/strong> Dzi\u0119ki zastosowaniu wysokiej jako\u015bci materia\u0142\u00f3w i rygorystycznej kontroli jako\u015bci, cz\u0119\u015bci zamienne Mopar zapewniaj\u0105 niezawodne dzia\u0142anie pojazdu nawet w ekstremalnych warunkach. Zosta\u0142y zaprojektowane z my\u015bl\u0105 o trwa\u0142o\u015bci i maksymalizacji osi\u0105g\u00f3w pojazdu.<\/p>\n<p>&nbsp;<\/p>","protected":false},"excerpt":{"rendered":"<p>Oryginalna cz\u0119\u015b\u0107 Mopar<\/p>\n<p>2019 - 2026<\/p>","protected":false},"featured_media":68350101,"comment_status":"open","ping_status":"closed","template":"","meta":{"_acf_changed":false},"product_brand":[16270],"product_cat":[4980,2879,5159,2888,2892,2896,5016,9950],"product_tag":[19099,475,506,52,507,91,19098,54,53,48,49,95,2868,2869,999,19069,19070,19071,56,2867,1000,50,19073,19072,31,8813,9424,16271,16273,16275,16272,16274,7221,86],"class_list":{"0":"post-68349900","1":"product","2":"type-product","3":"status-publish","4":"has-post-thumbnail","6":"product_brand-mopar","7":"product_cat-300c-57-2011-2023-kraftstoffversorgung","8":"product_cat-challenger-57-kraftstoffversorgung","9":"product_cat-charger-57-2011-2023-kraftstoffversorgung","10":"product_cat-durango-57-kraftstoffversorgung","11":"product_cat-grand-cherokee-57-2011-2021-kraftstoffversorgung","12":"product_cat-1500-57-2009-2018-classic-kraftstoffversorgung","13":"product_cat-1500-57-dt-kraftstoffversorgung","14":"product_cat-2500-3500-57-kraftstoffversorgung","15":"product_tag-05281568aa","16":"product_tag-475","17":"product_tag-506","18":"product_tag-300c","19":"product_tag-507","20":"product_tag-5-7","21":"product_tag-5281568aa","22":"product_tag-challenger","23":"product_tag-charger","24":"product_tag-chrysler","25":"product_tag-dodge","26":"product_tag-durango","27":"product_tag-duesen","28":"product_tag-einspritzduese","29":"product_tag-einspritzduesen","30":"product_tag-einspritzung","31":"product_tag-einspritzventil","32":"product_tag-einspritzventile","33":"product_tag-grand-cherokee","34":"product_tag-injektor","35":"product_tag-injektoren","36":"product_tag-jeep","37":"product_tag-kraftstoffduese","38":"product_tag-kraftstoffeinspritzung","39":"product_tag-mopar","40":"product_tag-mopar-autoteile","41":"product_tag-mopar-ersatzteile","42":"product_tag-mopar-ersatzteile-kaufen","43":"product_tag-mopar-performance-teile","44":"product_tag-mopar-teile-katalog","45":"product_tag-mopar-teile-online","46":"product_tag-mopar-tuningteile","47":"product_tag-mopar10","48":"product_tag-ram","49":"product_shipping_class-deutschlandohne","51":"first","52":"instock","53":"taxable","54":"shipping-taxable","55":"purchasable","56":"product-type-simple"},"bundled_by":[],"bundle_stock_status":"instock","bundle_stock_quantity":1,"bundle_virtual":false,"bundle_layout":"","bundle_add_to_cart_form_location":"","bundle_editable_in_cart":false,"bundle_sold_individually_context":"","bundle_item_grouping":"","bundle_min_size":"","bundle_max_size":"","bundle_price":[],"bundled_items":[],"bundle_sell_ids":[],"exclude_global_add_ons":[],"addons":[],"acf":[],"_links":{"self":[{"href":"https:\/\/kraftwerk-shop.cc\/pl\/wp-json\/wp\/v2\/product\/68349900","targetHints":{"allow":["GET"]}}],"collection":[{"href":"https:\/\/kraftwerk-shop.cc\/pl\/wp-json\/wp\/v2\/product"}],"about":[{"href":"https:\/\/kraftwerk-shop.cc\/pl\/wp-json\/wp\/v2\/types\/product"}],"replies":[{"embeddable":true,"href":"https:\/\/kraftwerk-shop.cc\/pl\/wp-json\/wp\/v2\/comments?post=68349900"}],"version-history":[{"count":0,"href":"https:\/\/kraftwerk-shop.cc\/pl\/wp-json\/wp\/v2\/product\/68349900\/revisions"}],"wp:featuredmedia":[{"embeddable":true,"href":"https:\/\/kraftwerk-shop.cc\/pl\/wp-json\/wp\/v2\/media\/68350101"}],"wp:attachment":[{"href":"https:\/\/kraftwerk-shop.cc\/pl\/wp-json\/wp\/v2\/media?parent=68349900"}],"wp:term":[{"taxonomy":"product_brand","embeddable":true,"href":"https:\/\/kraftwerk-shop.cc\/pl\/wp-json\/wp\/v2\/product_brand?post=68349900"},{"taxonomy":"product_cat","embeddable":true,"href":"https:\/\/kraftwerk-shop.cc\/pl\/wp-json\/wp\/v2\/product_cat?post=68349900"},{"taxonomy":"product_tag","embeddable":true,"href":"https:\/\/kraftwerk-shop.cc\/pl\/wp-json\/wp\/v2\/product_tag?post=68349900"}],"curies":[{"name":"wp","href":"https:\/\/api.w.org\/{rel}","templated":true}]}}