{"id":68349979,"date":"2025-09-21T22:52:47","date_gmt":"2025-09-21T20:52:47","guid":{"rendered":"https:\/\/kraftwerk-shop.cc\/?post_type=product&#038;p=68349979"},"modified":"2026-02-15T01:24:08","modified_gmt":"2026-02-15T00:24:08","slug":"dysze-wtryskowe-deatschwerks-1000cc","status":"publish","type":"product","link":"https:\/\/kraftwerk-shop.cc\/pl\/produkt\/deatschwerks-1000cc-einspritzduesen\/","title":{"rendered":"Dysze wtryskowe DeatschWerks 1000cc"},"content":{"rendered":"<h1>Zestaw 8 dopasowanych wtryskiwaczy DeatschWerks o wydajno\u015bci 1000 cc\/min do modeli Chrysler, Dodge, Jeep i RAM o pojemno\u015bci skokowej 5,7, 6,1 i 6,4 litra.<\/h1>\n<p>&nbsp;<\/p>\n<p>Niezale\u017cnie od tego, czy je\u017adzisz zmodyfikowanym silnikiem Challenger, Charger, Magnum, 300C, RAM, Grand Cherokee, Durango czy Commander, te wtryskiwacze s\u0105 gotowe do u\u017cycia i oferuj\u0105 najlepsze mo\u017cliwe dopasowanie do Twojego pojazdu.<\/p>\n<p>&nbsp;<\/p>\n<ul>\n<li>Nat\u0119\u017cenia przep\u0142ywu i dostosowanie wagi wewn\u0119trznie przez DeatschWerks<\/li>\n<li>Wyr\u00f3wnanie przep\u0142ywu w ci\u0105gu 1-2 % (raport przep\u0142ywu w zestawie)<\/li>\n<li>Doskona\u0142y wz\u00f3r natrysku i atomizacja dla zoptymalizowanej pracy na biegu ja\u0142owym i tuningu<\/li>\n<li>w tym arkusz danych do dostosowywania oprogramowania silnika<\/li>\n<\/ul>\n<p>&nbsp;<\/p>\n<p><strong>W\u0142a\u015bciwo\u015bci:<\/strong><\/p>\n<table width=\"333\">\n<tbody>\n<tr>\n<td width=\"179\">Kszta\u0142t wtyczki:<\/td>\n<td width=\"154\">USCAR \/ EV14<\/td>\n<\/tr>\n<tr>\n<td>Nat\u0119\u017cenie przep\u0142ywu:<\/td>\n<td>1000 cm\u00b3\/min<\/td>\n<\/tr>\n<tr>\n<td>Liczba dysz wtryskowych:<\/td>\n<td>8<\/td>\n<\/tr>\n<\/tbody>\n<\/table>\n<p>&nbsp;<\/p>\n<p><strong>Odpowiedni dla:<\/strong><\/p>\n<table width=\"431\">\n<tbody>\n<tr>\n<td width=\"80\"><strong>Marka<\/strong><\/td>\n<td width=\"191\"><strong>Model<\/strong><\/td>\n<td width=\"80\"><strong>Silnik<\/strong><\/td>\n<td width=\"80\"><strong>Rok<\/strong><\/td>\n<\/tr>\n<tr>\n<td>Chrysler<\/td>\n<td>300C<\/td>\n<td>5.7<\/td>\n<td>2005\u20132023<\/td>\n<\/tr>\n<tr>\n<td>Chrysler<\/td>\n<td>300C<\/td>\n<td>6.1<\/td>\n<td>2005\u20132010<\/td>\n<\/tr>\n<tr>\n<td width=\"80\">Chrysler<\/td>\n<td width=\"191\">300C<\/td>\n<td>6.4<\/td>\n<td width=\"80\">2012\u20132023<\/td>\n<\/tr>\n<tr>\n<td>Dodge<\/td>\n<td>Challenger<\/td>\n<td>5.7<\/td>\n<td>2008\u20132023<\/td>\n<\/tr>\n<tr>\n<td>Dodge<\/td>\n<td>Challenger<\/td>\n<td>6.1<\/td>\n<td>2008\u20132010<\/td>\n<\/tr>\n<tr>\n<td width=\"80\">Dodge<\/td>\n<td width=\"191\">Challenger<\/td>\n<td>6.4<\/td>\n<td width=\"80\">2011\u20132023<\/td>\n<\/tr>\n<tr>\n<td>Dodge<\/td>\n<td>Charger<\/td>\n<td>5.7<\/td>\n<td>2005\u20132023<\/td>\n<\/tr>\n<tr>\n<td>Dodge<\/td>\n<td>Charger<\/td>\n<td>6.1<\/td>\n<td>2005\u20132010<\/td>\n<\/tr>\n<tr>\n<td width=\"80\">Dodge<\/td>\n<td width=\"191\">Charger<\/td>\n<td>6.4<\/td>\n<td width=\"80\">2011\u20132023<\/td>\n<\/tr>\n<tr>\n<td>Dodge<\/td>\n<td>Durango<\/td>\n<td>5.7<\/td>\n<td>2013\u20132024<\/td>\n<\/tr>\n<tr>\n<td>Dodge<\/td>\n<td>Durango<\/td>\n<td>6.4<\/td>\n<td>2018\u20132024<\/td>\n<\/tr>\n<tr>\n<td>Dodge<\/td>\n<td>Magnum<\/td>\n<td>5.7<\/td>\n<td>2005\u20132008<\/td>\n<\/tr>\n<tr>\n<td>Dodge<\/td>\n<td>Magnum<\/td>\n<td>6.1<\/td>\n<td>2006\u20132008<\/td>\n<\/tr>\n<tr>\n<td>Jeep<\/td>\n<td>Commander<\/td>\n<td>5.7<\/td>\n<td>2006\u20132010<\/td>\n<\/tr>\n<tr>\n<td>Jeep<\/td>\n<td>Grand Cherokee<\/td>\n<td>5.7<\/td>\n<td>2005\u20132022<\/td>\n<\/tr>\n<tr>\n<td>Jeep<\/td>\n<td>Grand Cherokee<\/td>\n<td>6.1<\/td>\n<td>2006\u20132010<\/td>\n<\/tr>\n<tr>\n<td>Jeep<\/td>\n<td>Grand Cherokee<\/td>\n<td>6.4<\/td>\n<td>2011\u20132021<\/td>\n<\/tr>\n<tr>\n<td>Jeep<\/td>\n<td>Wrangler<\/td>\n<td>6.4<\/td>\n<td>2021\u20132024<\/td>\n<\/tr>\n<tr>\n<td>RAM<\/td>\n<td>1500<\/td>\n<td>5.7<\/td>\n<td>2013\u20132024<\/td>\n<\/tr>\n<\/tbody>\n<\/table>\n<p>&nbsp;<\/p>\n<p><strong>Jaki rozmiar musz\u0105 mie\u0107 dysze wtryskowe?<\/strong><br \/>\nRozmiar wymaganych wtryskiwaczy zale\u017cy od wielu r\u00f3\u017cnych czynnik\u00f3w - mocy, rodzaju paliwa, ci\u015bnienia paliwa itp.<\/p>\n<p><strong>Jakie jest maksymalne ci\u015bnienie paliwa, kt\u00f3rego mog\u0119 u\u017cy\u0107 z wtryskiwaczami DW?<\/strong><br \/>\nZalecamy ci\u015bnienie robocze 40-80 psi w celu uzyskania optymalnej wydajno\u015bci. Maksymalne ci\u015bnienie zale\u017cy od specyfikacji producenta. Maksymalne ci\u015bnienie dla wtryskiwaczy Bosch EV14 wynosi 8 bar\u00f3w lub 116 psi (numery cz\u0119\u015bci rozpoczynaj\u0105ce si\u0119 od 16, 17 lub 18). Zalecamy maksymalne ci\u015bnienie 7 bar\u00f3w lub 102 psi dla wtryskiwaczy Denso (numery cz\u0119\u015bci zaczynaj\u0105ce si\u0119 od 21 i 22).<\/p>\n<p><strong>Czy wtryskiwacze paliwa s\u0105 kompatybilne z E85?<\/strong><br \/>\nWszystkie wtryskiwacze DeatschWerks nadaj\u0105 si\u0119 do stosowania z paliwami etanolowymi.<\/p>\n<p><strong>Czy wtryskiwacze s\u0105 kompatybilne z paliwami wzbogaconymi MTBE?<\/strong><br \/>\nWszystkie nasze wtryskiwacze s\u0105 kompatybilne z paliwami wzbogaconymi MTBE, z wyj\u0105tkiem Bosch EV14 2200cc (numer cz\u0119\u015bci 16s-xx-2200-x). Ten konkretny numer cz\u0119\u015bci ma uszczelk\u0119 elastomerow\u0105, kt\u00f3ra mo\u017ce p\u0119cznie\u0107 w obecno\u015bci MTBE i powodowa\u0107 ograniczenie przep\u0142ywu.<\/p>\n<p><strong>Czy musz\u0119 \"dostraja\u0107\" sw\u00f3j pojazd, je\u015bli zainstaluj\u0119 wysokowydajne wtryskiwacze paliwa?<\/strong><br \/>\nTak, za ka\u017cdym razem, gdy w poje\u017adzie instalowane s\u0105 wi\u0119ksze ni\u017c standardowe wtryskiwacze paliwa, nale\u017cy przeprowadzi\u0107 pewnego rodzaju tuning (flash, piggyback, stand-alone itp.), aby pojazd dzia\u0142a\u0142 prawid\u0142owo.<\/p>\n<p><strong>Czy mog\u0119 zainstalowa\u0107 wtryskiwacze i pojecha\u0107 do warsztatu na strojenie?<\/strong><br \/>\nWtryskiwacze s\u0105 sterowane przez ECU. Zainstalowane wtryskiwacze s\u0105 cz\u0119sto co najmniej dwa razy wi\u0119ksze ni\u017c standardowe wtryskiwacze. Bez poinformowania ECU, \u017ce sterowane wtryskiwacze maj\u0105 inne nat\u0119\u017cenie przep\u0142ywu, ECU nie mo\u017ce prawid\u0142owo sterowa\u0107 impulsami wtryskiwaczy. Cz\u0119sto silnik nie uruchamia si\u0119 przy standardowym dostrojeniu i wtryskiwaczach o wy\u017cszym nat\u0119\u017ceniu przep\u0142ywu. Tw\u00f3j tuner mo\u017ce by\u0107 w stanie wys\u0142a\u0107 Ci tymczasowy tuning bazowy, po kt\u00f3rym mo\u017cesz zabra\u0107 samoch\u00f3d do niego w celu przeprowadzenia w\u0142a\u015bciwego tuningu.<\/p>\n<p><strong>Jakie jest op\u00f3\u017anienie wtryskiwacza?<\/strong><br \/>\nOp\u00f3\u017anienie jest miar\u0105 czasu potrzebnego do pe\u0142nego otwarcia wtryskiwacza po otrzymaniu sygna\u0142u do odpalenia. Zwykle mierzona jest w milisekundach lub mikrosekundach i jest wa\u017cnym parametrem podczas strojenia. Inne terminy, kt\u00f3re s\u0105 synonimami op\u00f3\u017anienia, to czas oczekiwania, offset, op\u00f3\u017anienie itp. Zwykle u\u017cywamy terminu przesuni\u0119cie baterii. Nasze og\u00f3lne przegl\u0105dy charakterystyki zawieraj\u0105 przesuni\u0119cie baterii przy r\u00f3\u017cnych ci\u015bnieniach i napi\u0119ciach. Przegl\u0105dy te mo\u017cna znale\u017a\u0107 w sekcji \"Zasoby\" na naszej stronie internetowej.<\/p>\n<p><strong>Czy ci\u015bnienie paliwa wp\u0142ywa na nat\u0119\u017cenie przep\u0142ywu wtryskiwacza?<\/strong><br \/>\nTak, wzrost ci\u015bnienia paliwa ZWI\u0118KSZA nat\u0119\u017cenie przep\u0142ywu wtryskiwacza. Nat\u0119\u017cenia przep\u0142ywu wtryskiwaczy DW s\u0105 obliczane przy ci\u015bnieniu 43,5 psi (3 bar). Chocia\u017c wtryskiwacze DW mog\u0105 pracowa\u0107 przy ci\u015bnieniu powy\u017cej 100 psi, zalecamy ci\u015bnienie w uk\u0142adzie na poziomie 40-80 psi w celu uzyskania optymalnej wydajno\u015bci (kr\u00f3tszy czas reakcji wtryskiwacza, zoptymalizowane wzory rozpylania i zwi\u0119kszona niezawodno\u015b\u0107 ca\u0142ego uk\u0142adu paliwowego). W sekcji \"Zasoby\" na naszej stronie internetowej znajduje si\u0119 kalkulator, kt\u00f3rego mo\u017cna u\u017cy\u0107 do obliczenia nat\u0119\u017cenia przep\u0142ywu wtryskiwaczy przy r\u00f3\u017cnych ci\u015bnieniach.<\/p>\n<p><strong>Dlaczego wasze wtryskiwacze s\u0105 g\u0142o\u015bniejsze ni\u017c moje standardowe wtryskiwacze?<\/strong><br \/>\nNiekt\u00f3re z naszych wtryskiwaczy s\u0105 znacznie wi\u0119ksze ni\u017c standardowe wtryskiwacze. Nieznacznie zwi\u0119kszony ha\u0142as jest charakterystyczny dla wi\u0119kszych wtryskiwaczy i jest zjawiskiem normalnym. Wbudowane t\u0142umiki pulsacji paliwa cz\u0119sto pomagaj\u0105 zredukowa\u0107 ha\u0142as wtryskiwaczy.<\/p>\n<p><strong>W jaki spos\u00f3b DeatschWerks uzyskuje dane dotycz\u0105ce dysz wtryskowych specyficznych dla danego zastosowania?<\/strong><br \/>\nDane specyficzne dla danego zastosowania uzyskuje si\u0119 poprzez sformatowanie og\u00f3lnych danych charakterystyki do parametr\u00f3w wymaganych dla danego zastosowania. Dane te s\u0105 nast\u0119pnie testowane w poje\u017adzie, a warto\u015bci s\u0105 optymalizowane w celu uwzgl\u0119dnienia r\u00f3\u017cnic mi\u0119dzy zmiennymi w laboratorium i w poje\u017adzie. Ten proces optymalizacji jest powodem, dla kt\u00f3rego og\u00f3lne przegl\u0105dy charakterystyki czasami r\u00f3\u017cni\u0105 si\u0119 od danych specyficznych dla danego zastosowania.<\/p>\n<p><strong>W jaki spos\u00f3b DeatschWerks uzyskuje dane dotycz\u0105ce dysz wtryskowych?<\/strong><br \/>\nWszystkie dane dotycz\u0105ce charakterystyki wtryskiwaczy paliwa DW s\u0105 gromadzone i obliczane wewn\u0119trznie. Proces ten obejmuje gromadzenie i analiz\u0119 ponad 450 punkt\u00f3w danych na 4 znormalizowanych wtryskiwaczach paliwa, kt\u00f3re s\u0105 reprezentatywne dla konkretnego numeru testowanej cz\u0119\u015bci wtryskiwacza.<br \/>\nWszystkie dane s\u0105 zbierane wewn\u0119trznie za pomoc\u0105 skalibrowanych cyfrowych przep\u0142ywomierzy turbinowych i w pe\u0142ni programowalnych sterownik\u00f3w wtryskiwaczy paliwa. Procedury testowe s\u0105 wykonywane zgodnie z norm\u0105 SAE J1832. Nasze przesuni\u0119cia s\u0105 obliczane przy u\u017cyciu regresji liniowej na podstawie 5 r\u00f3\u017cnych szeroko\u015bci impulsu, 4 r\u00f3\u017cnych napi\u0119\u0107 i 4 r\u00f3\u017cnych ci\u015bnie\u0144. Dane pomi\u0119dzy testowanymi napi\u0119ciami i ci\u015bnieniami s\u0105 interpolowane.<\/p>\n<p>&nbsp;<\/p>","protected":false},"excerpt":{"rendered":"<p>DeatschWerks zestaw 8 dopasowanych wtryskiwaczy 1000cc\/min do Chrysler, Dodge, Jeep i RAM z 5.7, 6.1 i 6.4<\/p>","protected":false},"featured_media":68349993,"comment_status":"open","ping_status":"closed","template":"","meta":{"_acf_changed":false},"product_brand":[],"product_cat":[2877,4980,2876,2878,2879,2880,2882,2883,5159,2884,2886,2888,2887,2890,2891,4805,2892,2893,2895,19343,7761,2896,5016,9950,2919],"product_tag":[19124,475,19123,52,217,91,92,93,54,53,48,19114,19113,49,95,19115,2868,2869,999,19069,19070,19071,56,2867,1000,50,19073,19072,7221,86,175],"class_list":{"0":"post-68349979","1":"product","2":"type-product","3":"status-publish","4":"has-post-thumbnail","6":"product_cat-300c-57-2005-2010-kraftstoffversorgung","7":"product_cat-300c-57-2011-2023-kraftstoffversorgung","8":"product_cat-300c-61-kraftstoffversorgung","9":"product_cat-300c-64-kraftstoffversorgung","10":"product_cat-challenger-57-kraftstoffversorgung","11":"product_cat-challenger-61-kraftstoffversorgung","12":"product_cat-challenger-64-kraftstoffversorgung","13":"product_cat-charger-57-kraftstoffversorgung","14":"product_cat-charger-57-2011-2023-kraftstoffversorgung","15":"product_cat-charger-61-kraftstoffversorgung","16":"product_cat-charger-64-kraftstoffversorgung","17":"product_cat-durango-57-kraftstoffversorgung","18":"product_cat-durango-64-kraftstoffversorgung","19":"product_cat-magnum-57-kraftstoffversorgung","20":"product_cat-magnum-61-kraftstoffversorgung","21":"product_cat-grand-cherokee-57-2005-2010-kraftstoffversorgung","22":"product_cat-grand-cherokee-57-2011-2021-kraftstoffversorgung","23":"product_cat-grand-cherokee-61-kraftstoffversorgung","24":"product_cat-grand-cherokee-64-kraftstoffversorgung","25":"product_cat-wrangler-64-kraftstoffversorgung","26":"product_cat-1500-57-2003-2008-kraftstoffversorgung","27":"product_cat-1500-57-2009-2018-classic-kraftstoffversorgung","28":"product_cat-1500-57-dt-kraftstoffversorgung","29":"product_cat-2500-3500-57-kraftstoffversorgung","30":"product_cat-2500-3500-64-kraftstoffversorgung","31":"product_tag-1000-cc","32":"product_tag-475","33":"product_tag-17u-00-0095-8","34":"product_tag-300c","35":"product_tag-217","36":"product_tag-5-7","37":"product_tag-6-1","38":"product_tag-6-4","39":"product_tag-challenger","40":"product_tag-charger","41":"product_tag-chrysler","42":"product_tag-comander","43":"product_tag-deatschwerks","44":"product_tag-dodge","45":"product_tag-durango","46":"product_tag-durchflussrate","47":"product_tag-duesen","48":"product_tag-einspritzduese","49":"product_tag-einspritzduesen","50":"product_tag-einspritzung","51":"product_tag-einspritzventil","52":"product_tag-einspritzventile","53":"product_tag-grand-cherokee","54":"product_tag-injektor","55":"product_tag-injektoren","56":"product_tag-jeep","57":"product_tag-kraftstoffduese","58":"product_tag-kraftstoffeinspritzung","59":"product_tag-mopar10","60":"product_tag-ram","61":"product_tag-wrangler","63":"first","64":"onbackorder","65":"taxable","66":"shipping-taxable","67":"purchasable","68":"product-type-simple"},"bundled_by":[],"bundle_stock_status":"onbackorder","bundle_stock_quantity":0,"bundle_virtual":false,"bundle_layout":"","bundle_add_to_cart_form_location":"","bundle_editable_in_cart":false,"bundle_sold_individually_context":"","bundle_item_grouping":"","bundle_min_size":"","bundle_max_size":"","bundle_price":[],"bundled_items":[],"bundle_sell_ids":[],"exclude_global_add_ons":[],"addons":[],"acf":[],"_links":{"self":[{"href":"https:\/\/kraftwerk-shop.cc\/pl\/wp-json\/wp\/v2\/product\/68349979","targetHints":{"allow":["GET"]}}],"collection":[{"href":"https:\/\/kraftwerk-shop.cc\/pl\/wp-json\/wp\/v2\/product"}],"about":[{"href":"https:\/\/kraftwerk-shop.cc\/pl\/wp-json\/wp\/v2\/types\/product"}],"replies":[{"embeddable":true,"href":"https:\/\/kraftwerk-shop.cc\/pl\/wp-json\/wp\/v2\/comments?post=68349979"}],"version-history":[{"count":0,"href":"https:\/\/kraftwerk-shop.cc\/pl\/wp-json\/wp\/v2\/product\/68349979\/revisions"}],"wp:featuredmedia":[{"embeddable":true,"href":"https:\/\/kraftwerk-shop.cc\/pl\/wp-json\/wp\/v2\/media\/68349993"}],"wp:attachment":[{"href":"https:\/\/kraftwerk-shop.cc\/pl\/wp-json\/wp\/v2\/media?parent=68349979"}],"wp:term":[{"taxonomy":"product_brand","embeddable":true,"href":"https:\/\/kraftwerk-shop.cc\/pl\/wp-json\/wp\/v2\/product_brand?post=68349979"},{"taxonomy":"product_cat","embeddable":true,"href":"https:\/\/kraftwerk-shop.cc\/pl\/wp-json\/wp\/v2\/product_cat?post=68349979"},{"taxonomy":"product_tag","embeddable":true,"href":"https:\/\/kraftwerk-shop.cc\/pl\/wp-json\/wp\/v2\/product_tag?post=68349979"}],"curies":[{"name":"wp","href":"https:\/\/api.w.org\/{rel}","templated":true}]}}