{"id":68350142,"date":"2025-09-26T23:52:36","date_gmt":"2025-09-26T21:52:36","guid":{"rendered":"https:\/\/kraftwerk-shop.cc\/?post_type=product&#038;p=68350142"},"modified":"2026-02-15T01:24:17","modified_gmt":"2026-02-15T00:24:17","slug":"uklad-wydechowy-borla-touring-gladiator-36","status":"publish","type":"product","link":"https:\/\/kraftwerk-shop.cc\/pl\/produkt\/borla-touring-auspuffanlage-gladiator-36\/","title":{"rendered":"Uk\u0142ad wydechowy BORLA Touring Jeep Gladiator 3.6"},"content":{"rendered":"<h1><strong>Wysokowydajny uk\u0142ad wydechowy BORLA Touring <\/strong><span class=\"base\" data-ui-id=\"page-title-wrapper\">140808 <\/span><strong>dla Jeep Gladiator 3.6 od 2020 do 2025 roku<\/strong><\/h1>\n<p>&nbsp;<\/p>\n<p>G\u0142\u0119boki, gard\u0142owy d\u017awi\u0119k jest niewiele g\u0142o\u015bniejszy od standardowego i podkre\u015bla charakter silnika bez irytuj\u0105cego dronu, kt\u00f3ry wyst\u0119puje w wielu systemach dost\u0119pnych na rynku wt\u00f3rnym. Idealnie nadaje si\u0119 do codziennego u\u017cytku Jeep Gladiator 3.6 i nawet wra\u017cliwi pasa\u017cerowie doceni\u0105 ten d\u017awi\u0119k.<\/p>\n<p><strong>Opracowany specjalnie dla wymagaj\u0105cych kierowc\u00f3w d\u0142ugodystansowych, Touring jest najcichszym z trzech wariant\u00f3w d\u017awi\u0119kowych Borla.<\/strong><\/p>\n<p>Podczas opracowywania tego uk\u0142adu wydechowego priorytetem by\u0142a aerodynamika i aerodynamika, a nast\u0119pnie in\u017cynieria d\u017awi\u0119ku.<br \/>\nTo skomplikowane podej\u015bcie, kt\u00f3re jest rzadko praktykowane w bran\u017cy, oznacza, \u017ce moc i moment obrotowy nie s\u0105 po\u015bwi\u0119cane na rzecz d\u017awi\u0119ku, ale s\u0105 ze sob\u0105 zharmonizowane.<\/p>\n<p>To szczeg\u00f3lne osi\u0105gni\u0119cie Borli. Nie zawsze jest rozpoznawalny na pierwszy rzut oka - ale to du\u017ca r\u00f3\u017cnica mi\u0119dzy przeci\u0119tno\u015bci\u0105 a techniczn\u0105 doskona\u0142o\u015bci\u0105.<\/p>\n<p>W przypadku wielu innych uk\u0142ad\u00f3w wydechowych koszty rozwoju s\u0105 utrzymywane na niskim poziomie, a uwag\u0119 zwraca si\u0119 jedynie na d\u017awi\u0119k. W rezultacie uk\u0142ady te cz\u0119sto brzmi\u0105 dobrze, ale powoduj\u0105 utrat\u0119 mocy i dlatego nie zas\u0142uguj\u0105 na miano \"sportowego uk\u0142adu wydechowego\".<\/p>\n<p>Powiniene\u015b by\u0107 tego \u015bwiadomy. Dzi\u0119ki tej wiedzy mo\u017cesz podj\u0105\u0107 \u015bwiadom\u0105 decyzj\u0119 za lub przeciw konkretnemu sportowemu uk\u0142adowi wydechowemu.<\/p>\n<p>Sportowe uk\u0142ady wydechowe Borla s\u0105 produkowane z wysokostopowej stali nierdzewnej serii T304 zgodnie z ameryka\u0144skim standardem AISI.<\/p>\n<p>&nbsp;<\/p>\n<table border=\"0\" width=\"513\" cellspacing=\"0\" cellpadding=\"0\">\n<colgroup>\n<col \/>\n<col \/> <\/colgroup>\n<tbody>\n<tr>\n<td style=\"height: 21px; width: 223px;\" height=\"21\">Typ uk\u0142adu wydechowego<\/td>\n<td style=\"width: 291px;\">Cat-Back<\/td>\n<\/tr>\n<tr>\n<td style=\"height: 21px; width: 223px;\" height=\"21\">\u015arednica rury<\/td>\n<td style=\"width: 291px;\">2,75 cala<\/td>\n<\/tr>\n<tr>\n<td style=\"height: 21px; width: 223px;\" height=\"21\">Rura wydechowa<\/td>\n<td>Pojedyncze lewe tylne wyj\u015bcie ci\u0119\u017car\u00f3wki<\/td>\n<\/tr>\n<\/tbody>\n<\/table>\n<p>Wspinacz o wysokim prze\u015bwicie \/ konstrukcja wspinacza skalnego<\/p>","protected":false},"excerpt":{"rendered":"<p>2020\u20132025<\/p>","protected":false},"featured_media":68350145,"comment_status":"open","ping_status":"closed","template":"","meta":{"_acf_changed":false},"product_brand":[17170],"product_cat":[3009,3024],"product_tag":[19131,169,1046,1035,1036,546,1037,1032,2443,1047,429,1043,1039,1042,2217,50,532,529,441,20273,1040,1044,1045,1041,547,1034,1038,1057,233],"class_list":{"0":"post-68350142","1":"product","2":"type-product","3":"status-publish","4":"has-post-thumbnail","6":"product_brand-borla","7":"product_cat-gladiator-36-abgasanlage","8":"product_cat-nicht-nach-eu","9":"product_tag-19131","10":"product_tag-3-6","11":"product_tag-abe","12":"product_tag-abgasanlage","13":"product_tag-abgassystem","14":"product_tag-auspuff","15":"product_tag-auspuffsystem","16":"product_tag-borla","17":"product_tag-borla-exhaust","18":"product_tag-cat-back","19":"product_tag-deutschland","20":"product_tag-endrohr","21":"product_tag-endschalldaempfer","22":"product_tag-endtopf","23":"product_tag-gladiator","24":"product_tag-jeep","25":"product_tag-kat","26":"product_tag-katalysator","27":"product_tag-kaufen","28":"product_tag-keintuev","29":"product_tag-laut","30":"product_tag-mittelschalldaempfer","31":"product_tag-sound","32":"product_tag-sport","33":"product_tag-sportauspuff","34":"product_tag-sportauspuffanlage","35":"product_tag-sportendschalldaempfer","36":"product_tag-touring","37":"product_tag-tuning","38":"product_shipping_class-paket-xl","40":"first","41":"onbackorder","42":"taxable","43":"shipping-taxable","44":"purchasable","45":"product-type-simple"},"bundled_by":[],"bundle_stock_status":"onbackorder","bundle_stock_quantity":0,"bundle_virtual":false,"bundle_layout":"","bundle_add_to_cart_form_location":"","bundle_editable_in_cart":false,"bundle_sold_individually_context":"","bundle_item_grouping":"","bundle_min_size":"","bundle_max_size":"","bundle_price":[],"bundled_items":[],"bundle_sell_ids":[],"exclude_global_add_ons":[],"addons":[],"acf":[],"_links":{"self":[{"href":"https:\/\/kraftwerk-shop.cc\/pl\/wp-json\/wp\/v2\/product\/68350142","targetHints":{"allow":["GET"]}}],"collection":[{"href":"https:\/\/kraftwerk-shop.cc\/pl\/wp-json\/wp\/v2\/product"}],"about":[{"href":"https:\/\/kraftwerk-shop.cc\/pl\/wp-json\/wp\/v2\/types\/product"}],"replies":[{"embeddable":true,"href":"https:\/\/kraftwerk-shop.cc\/pl\/wp-json\/wp\/v2\/comments?post=68350142"}],"version-history":[{"count":0,"href":"https:\/\/kraftwerk-shop.cc\/pl\/wp-json\/wp\/v2\/product\/68350142\/revisions"}],"wp:featuredmedia":[{"embeddable":true,"href":"https:\/\/kraftwerk-shop.cc\/pl\/wp-json\/wp\/v2\/media\/68350145"}],"wp:attachment":[{"href":"https:\/\/kraftwerk-shop.cc\/pl\/wp-json\/wp\/v2\/media?parent=68350142"}],"wp:term":[{"taxonomy":"product_brand","embeddable":true,"href":"https:\/\/kraftwerk-shop.cc\/pl\/wp-json\/wp\/v2\/product_brand?post=68350142"},{"taxonomy":"product_cat","embeddable":true,"href":"https:\/\/kraftwerk-shop.cc\/pl\/wp-json\/wp\/v2\/product_cat?post=68350142"},{"taxonomy":"product_tag","embeddable":true,"href":"https:\/\/kraftwerk-shop.cc\/pl\/wp-json\/wp\/v2\/product_tag?post=68350142"}],"curies":[{"name":"wp","href":"https:\/\/api.w.org\/{rel}","templated":true}]}}