{"id":68350181,"date":"2025-09-28T01:51:50","date_gmt":"2025-09-27T23:51:50","guid":{"rendered":"https:\/\/kraftwerk-shop.cc\/?post_type=product&#038;p=68350181"},"modified":"2026-02-15T01:24:18","modified_gmt":"2026-02-15T00:24:18","slug":"afe-carbon-intake-ram-1500-30-rho","status":"publish","type":"product","link":"https:\/\/kraftwerk-shop.cc\/pl\/produkt\/afe-carbon-intake-ram-1500-30-rho\/","title":{"rendered":"aFe Track Series Carbon Cold Air Intake System RAM 1500 3.0 RHO"},"content":{"rendered":"<h1>aFe POWER 57-10032K W\u0119glowy uk\u0142ad dolotowy zimnego powietrza Track Series dla RAM 1500 3.0 RHO z czarnym filtrem powietrza<\/h1>\n<h4>Zaprojektowany od podstaw dla modelu 2025 RAM 1500 RHO, uk\u0142ad dolotowy powietrza aFe POWER Track Series oferuje bezkompromisow\u0105 wydajno\u015b\u0107, najnowocze\u015bniejsze materia\u0142y i dopasowanie na poziomie fabrycznym. Ten uk\u0142ad dolotowy zosta\u0142 specjalnie zaprojektowany, aby w pe\u0142ni wykorzysta\u0107 potencja\u0142 wysokowydajnego silnika Hurricane ze zwi\u0119kszonym przep\u0142ywem powietrza, poprawion\u0105 estetyk\u0105 pod mask\u0105 i redukcj\u0105 masy.<\/h4>\n<p>&nbsp;<\/p>\n<p><strong>Obudowa XLPE<\/strong><br \/>\nFiltr powietrza jest chroniony przez specjalnie uformowan\u0105 obudow\u0119 wykonan\u0105 z usieciowanego polietylenu (XLPE), kt\u00f3ra zapewnia doskona\u0142\u0105 odporno\u015b\u0107 na ciep\u0142o i d\u0142ug\u0105 \u017cywotno\u015b\u0107.<br \/>\nObudowa chroni filtr przed gor\u0105cym powietrzem w komorze silnika i zapewnia, \u017ce ch\u0142odne, g\u0119ste powietrze jest kierowane bezpo\u015brednio do uk\u0142adu dolotowego, poprawiaj\u0105c reakcj\u0119 przepustnicy i og\u00f3ln\u0105 wydajno\u015b\u0107.<br \/>\nMo\u017ce by\u0107 starannie zainstalowany w pozycji fabrycznej bez modyfikacji. Fabryczne wyko\u0144czenie uszczelki jest p\u0142ynnie przenoszone na obudow\u0119 aFe POWER, zapewniaj\u0105c czyste wyko\u0144czenie w stylu fabrycznym.<\/p>\n<p><strong>Lekki kolektor dolotowy z w\u0142\u00f3kna w\u0119glowego<\/strong><br \/>\nUk\u0142ad dolotowy zimnego powietrza z serii Track jest wyposa\u017cony w kolektor dolotowy z w\u0142\u00f3kna w\u0119glowego 100 %, kt\u00f3ry jest zar\u00f3wno lekki, jak i wytrzyma\u0142y, optymalizuj\u0105c przep\u0142yw powietrza do silnika przy jednoczesnym ograniczeniu gromadzenia si\u0119 ciep\u0142a.<br \/>\nWa\u017c\u0105cy 2,5 kg mniej ni\u017c system fabryczny - redukcja masy o 38 % - wlot ten nie tylko poprawia osi\u0105gi, ale tak\u017ce przyczynia si\u0119 do zmniejszenia masy ca\u0142ego pojazdu.<br \/>\nPrecyzyjna geometria rury jest dostosowana do komory silnika RHO i mo\u017ce by\u0107 p\u0142ynnie zintegrowana. Wykonana jest ze sko\u015bnie tkanego w\u0142\u00f3kna w\u0119glowego i ma eleganck\u0105 matow\u0105 pow\u0142ok\u0119. Dzi\u0119ki temu idealnie pasuje do standardowego panelu pod mask\u0105 i nadaje komorze silnika RHO wysokiej jako\u015bci, inspirowany sportami motorowymi akcent.<\/p>\n<p><strong>Du\u017cy 5-warstwowy filtr powietrza o wysokiej wydajno\u015bci<\/strong><br \/>\nSercem tego systemu jest specjalnie zaprojektowany sto\u017ckowy filtr powietrza o wysokim przep\u0142ywie, opracowany wy\u0142\u0105cznie dla platformy RHO. Dzi\u0119ki du\u017cemu, 360-stopniowemu promieniowemu przep\u0142ywowi i g\u0142\u0119bokim fa\u0142dom, filtr ten zapewnia maksymaln\u0105 powierzchni\u0119 do wychwytywania zanieczyszcze\u0144, zapewniaj\u0105c jednocze\u015bnie niezak\u0142\u00f3cony przep\u0142yw powietrza. Wykonany z wst\u0119pnie naoliwionego wk\u0142adu Black Pro 5R firmy aFe POWER z pi\u0119cioma warstwami coraz drobniejszego wk\u0142adu z gazy bawe\u0142nianej dla maksymalnej wydajno\u015bci. Zapewnia silnikowi najwi\u0119ksz\u0105 ilo\u015b\u0107 powietrza o wysokim przep\u0142ywie i zapewnia najwy\u017cszy wzrost wydajno\u015bci w wi\u0119kszo\u015bci przypadk\u00f3w. No\u015bnik ten jest idealny do u\u017cytku ulicznego i\/lub torowego.<\/p>\n<p><strong>Wysokiej jako\u015bci materia\u0142 monta\u017cowy<\/strong><br \/>\nCzarne zaciski \u015blimakowe ze stali nierdzewnej i wzmocniony w\u0105\u017c silikonowy zapewniaj\u0105 stabilno\u015b\u0107 i trwa\u0142o\u015b\u0107, a tak\u017ce bezpieczn\u0105 i \u0142atw\u0105 instalacj\u0119. Uk\u0142ady dolotowe Momentum s\u0105 zaprojektowane z mo\u017cliwie najmniejsz\u0105 liczb\u0105 pojedynczych cz\u0119\u015bci, aby zapewni\u0107 szybk\u0105 i \u0142atw\u0105 instalacj\u0119.<\/p>\n<p>&nbsp;<\/p>\n<p><strong>szczeg\u00f3\u0142y<\/strong><\/p>\n<p>- + 19 PS, + 42 NM maksymalny wzrost mocy<br \/>\n- 43% wi\u0119kszy przep\u0142yw ni\u017c w przypadku standardowego filtra powietrza<br \/>\n- Kolektor dolotowy z w\u0142\u00f3kna w\u0119glowego opracowany przez CAD<br \/>\n- Otwarta konstrukcja podkre\u015bla filtr powietrza i zapewnia agresywny ha\u0142as wlotowy<br \/>\n- Wst\u0119pnie naoliwiony, zmywalny i wielokrotnego u\u017cytku filtr powietrza Black Pro 5R zapewnia maksymaln\u0105 wydajno\u015b\u0107.<br \/>\n- Idealne dopasowanie, bez konieczno\u015bci wiercenia lub ci\u0119cia oryginalnych cz\u0119\u015bci<\/p>\n<p>&nbsp;<\/p>\n<p><strong>Odpowiedni dla:<\/strong><\/p>\n<table style=\"height: 48px;\" width=\"806\">\n<tbody>\n<tr style=\"height: 24px;\">\n<td style=\"height: 24px; width: 103px;\"><strong>Rok<\/strong><\/td>\n<td style=\"height: 24px; width: 188.1px;\"><strong>Marka<\/strong><\/td>\n<td style=\"height: 24px; width: 188.383px;\"><strong>Model<\/strong><\/td>\n<td style=\"height: 24px; width: 210.8px;\"><strong>Silnik<\/strong><\/td>\n<td style=\"height: 24px; width: 80.3167px;\"><strong>Wariant<\/strong><\/td>\n<\/tr>\n<tr style=\"height: 24px;\">\n<td style=\"height: 24px; width: 103px;\">2025-2025<\/td>\n<td style=\"height: 24px; width: 188.1px;\">RAM<\/td>\n<td style=\"height: 24px; width: 188.383px;\">1500<\/td>\n<td style=\"height: 24px; width: 210.8px;\">3.0L TT Hurricane<\/td>\n<td style=\"height: 24px; width: 80.3167px;\">RHO<\/td>\n<\/tr>\n<\/tbody>\n<\/table>\n<p><strong><br \/>\nUwaga:<\/strong><\/p>\n<p>Ten system jest odpowiedni tylko dla RAM 1500 RHO.<\/p>","protected":false},"excerpt":{"rendered":"<p>High Output<\/p>","protected":false},"featured_media":68350187,"comment_status":"open","ping_status":"closed","template":"","meta":{"_acf_changed":false},"product_brand":[16879],"product_cat":[19390],"product_tag":[475,89,10815,19135,16880,498,2441,826,824,825,476,19137,15667,20273,57,822,86,19136,500],"class_list":{"0":"post-68350181","1":"product","2":"type-product","3":"status-publish","4":"has-post-thumbnail","6":"product_brand-afe-power","7":"product_cat-1500-30-ansaugung","8":"product_tag-475","9":"product_tag-3-0","10":"product_tag-30-tt-hurricane","11":"product_tag-57-10032k","12":"product_tag-advanced-flow-engineering","13":"product_tag-afe","14":"product_tag-afe-power","15":"product_tag-ansaugung","16":"product_tag-cai","17":"product_tag-cold-air-intake","18":"product_tag-dt","19":"product_tag-hurri","20":"product_tag-hurricane","21":"product_tag-keintuev","22":"product_tag-luftfilter","23":"product_tag-momentum","24":"product_tag-ram","25":"product_tag-rho","26":"product_tag-sportluftfilter","27":"product_shipping_class-deutschlandohne","29":"first","30":"instock","31":"taxable","32":"shipping-taxable","33":"purchasable","34":"product-type-simple"},"bundled_by":[],"bundle_stock_status":"instock","bundle_stock_quantity":1,"bundle_virtual":false,"bundle_layout":"","bundle_add_to_cart_form_location":"","bundle_editable_in_cart":false,"bundle_sold_individually_context":"","bundle_item_grouping":"","bundle_min_size":"","bundle_max_size":"","bundle_price":[],"bundled_items":[],"bundle_sell_ids":[],"exclude_global_add_ons":[],"addons":[],"acf":[],"_links":{"self":[{"href":"https:\/\/kraftwerk-shop.cc\/pl\/wp-json\/wp\/v2\/product\/68350181","targetHints":{"allow":["GET"]}}],"collection":[{"href":"https:\/\/kraftwerk-shop.cc\/pl\/wp-json\/wp\/v2\/product"}],"about":[{"href":"https:\/\/kraftwerk-shop.cc\/pl\/wp-json\/wp\/v2\/types\/product"}],"replies":[{"embeddable":true,"href":"https:\/\/kraftwerk-shop.cc\/pl\/wp-json\/wp\/v2\/comments?post=68350181"}],"version-history":[{"count":0,"href":"https:\/\/kraftwerk-shop.cc\/pl\/wp-json\/wp\/v2\/product\/68350181\/revisions"}],"wp:featuredmedia":[{"embeddable":true,"href":"https:\/\/kraftwerk-shop.cc\/pl\/wp-json\/wp\/v2\/media\/68350187"}],"wp:attachment":[{"href":"https:\/\/kraftwerk-shop.cc\/pl\/wp-json\/wp\/v2\/media?parent=68350181"}],"wp:term":[{"taxonomy":"product_brand","embeddable":true,"href":"https:\/\/kraftwerk-shop.cc\/pl\/wp-json\/wp\/v2\/product_brand?post=68350181"},{"taxonomy":"product_cat","embeddable":true,"href":"https:\/\/kraftwerk-shop.cc\/pl\/wp-json\/wp\/v2\/product_cat?post=68350181"},{"taxonomy":"product_tag","embeddable":true,"href":"https:\/\/kraftwerk-shop.cc\/pl\/wp-json\/wp\/v2\/product_tag?post=68350181"}],"curies":[{"name":"wp","href":"https:\/\/api.w.org\/{rel}","templated":true}]}}