{"id":68350212,"date":"2025-09-28T18:12:17","date_gmt":"2025-09-28T16:12:17","guid":{"rendered":"https:\/\/kraftwerk-shop.cc\/?post_type=product&#038;p=68350212"},"modified":"2026-02-15T01:24:14","modified_gmt":"2026-02-15T00:24:14","slug":"afe-intake-grand-wagoneer-64","status":"publish","type":"product","link":"https:\/\/kraftwerk-shop.cc\/pl\/produkt\/afe-intake-grand-wagoneer-64\/","title":{"rendered":"Wlot zimnego powietrza aFe Momentum GT Grand Wagoneer 6.4"},"content":{"rendered":"<h1>aFe POWER 50-70111R Uk\u0142ad dolotowy zimnego powietrza Momentum GT dla Jeep Grand Wagoneer 6.4<\/h1>\n<p>&nbsp;<\/p>\n<p><strong>Unikalna obudowa<\/strong><br \/>\nZaprojektowana przez CAD obudowa wykonana z odpornego na ciep\u0142o materia\u0142u zapewnia najni\u017csz\u0105 mo\u017cliw\u0105 temperatur\u0119 wlotow\u0105.<br \/>\nObudowa formowana rotacyjnie wykonana jest z czarnego usieciowanego polietylenu.<\/p>\n<p><strong>Kolektor dolotowy<\/strong><br \/>\nSystem ten wykorzystuje zaprojektowany przez CAD kolektor dolotowy, opracowany na stanowisku testowym i wyprodukowany w procesie obrotowym, aby zagwarantowa\u0107 najwi\u0119kszy mo\u017cliwy wzrost wydajno\u015bci przy idealnym dopasowaniu.<\/p>\n<p><strong>Du\u017cy 5-warstwowy filtr powietrza o wysokiej wydajno\u015bci<\/strong><br \/>\nUk\u0142ad dolotowy aFe Momentum GT zosta\u0142 zaprojektowany w oparciu o najwi\u0119kszy mo\u017cliwy filtr powietrza, aby zmaksymalizowa\u0107 skuteczno\u015b\u0107 filtracji i wydajno\u015b\u0107.<br \/>\nWysoki na 9 cali filtr powietrza Pro 5R Performance sk\u0142ada si\u0119 z 5 warstw bawe\u0142nianego materia\u0142u filtracyjnego o coraz cia\u015bniejszych oczkach, kt\u00f3ry jest zwil\u017cany specjalnym olejem filtracyjnym i mo\u017ce by\u0107 wyp\u0142ukiwany.<\/p>\n<p><strong>Wysokiej jako\u015bci materia\u0142 monta\u017cowy<\/strong><br \/>\nZaciski \u015blimakowe ze stali nierdzewnej i wzmocniony w\u0105\u017c silikonowy zapewniaj\u0105 stabilno\u015b\u0107 i trwa\u0142o\u015b\u0107, a tak\u017ce bezpieczn\u0105 i \u0142atw\u0105 instalacj\u0119. Uk\u0142ady dolotowe Momentum s\u0105 zaprojektowane z mo\u017cliwie najmniejsz\u0105 liczb\u0105 pojedynczych cz\u0119\u015bci, aby zapewni\u0107 szybk\u0105 i \u0142atw\u0105 instalacj\u0119.<\/p>\n<p>&nbsp;<\/p>\n<p><strong>szczeg\u00f3\u0142y<\/strong><\/p>\n<p>- + 13 PS, + 21 NM maksymalny wzrost mocy<br \/>\n- 18% wi\u0119kszy przep\u0142yw ni\u017c w standardowym filtrze powietrza<br \/>\n- Kolektor dolotowy opracowany w programie CAD<br \/>\n- Jednocz\u0119\u015bciowa obudowa zamkni\u0119ta od g\u00f3ry z wbudowanym oknem podgl\u0105du<br \/>\n- Wst\u0119pnie naoliwiony, zmywalny i wielokrotnego u\u017cytku filtr powietrza Pro 10R zapewnia maksymaln\u0105 wydajno\u015b\u0107<br \/>\n- Unikalna konstrukcja obudowy filtra<br \/>\n- Idealne dopasowanie, bez konieczno\u015bci wiercenia lub ci\u0119cia oryginalnych cz\u0119\u015bci<\/p>\n<p>&nbsp;<\/p>\n<p><strong>Odpowiedni dla:<\/strong><\/p>\n<table width=\"497\">\n<tbody>\n<tr>\n<td width=\"81\"><strong>Rok<\/strong><\/td>\n<td width=\"81\"><strong>Marka<\/strong><\/td>\n<td width=\"192\"><strong>Model<\/strong><\/td>\n<td width=\"143\"><strong>Silnik<\/strong><\/td>\n<\/tr>\n<tr>\n<td>2022-2023<\/td>\n<td width=\"81\">Jeep<\/td>\n<td width=\"192\">Grand Wagoneer<\/td>\n<td width=\"143\">V8-6.4L<\/td>\n<\/tr>\n<\/tbody>\n<\/table>\n<p>&nbsp;<\/p>","protected":false},"excerpt":{"rendered":"<p>aFe POWER 50-70111R Momentum GT Cold Air Intake System f\u00fcr Jeep Grand Wagoneer 6.4 &nbsp; Einzigartiges Geh\u00e4use Durch das CAD<\/p>","protected":false},"featured_media":68350215,"comment_status":"open","ping_status":"closed","template":"","meta":{"_acf_changed":false},"product_brand":[16879],"product_cat":[6784],"product_tag":[19223,19143,93,16880,498,2441,826,824,825,6545,19134,50,20273,57,822,500,5276,19133],"class_list":{"0":"post-68350212","1":"product","2":"type-product","3":"status-publish","4":"has-post-thumbnail","6":"product_brand-afe-power","7":"product_cat-wagoneer-64-ansaugung","8":"product_tag-28-10283","9":"product_tag-50-70111r","10":"product_tag-6-4","11":"product_tag-advanced-flow-engineering","12":"product_tag-afe","13":"product_tag-afe-power","14":"product_tag-ansaugung","15":"product_tag-cai","16":"product_tag-cold-air-intake","17":"product_tag-grand-wagoneer","18":"product_tag-grand-wagoneer-l","19":"product_tag-jeep","20":"product_tag-keintuev","21":"product_tag-luftfilter","22":"product_tag-momentum","23":"product_tag-sportluftfilter","24":"product_tag-wagoneer","25":"product_tag-wagoneer-l","27":"first","28":"instock","29":"taxable","30":"shipping-taxable","31":"purchasable","32":"product-type-simple"},"bundled_by":[],"bundle_stock_status":"instock","bundle_stock_quantity":1,"bundle_virtual":false,"bundle_layout":"","bundle_add_to_cart_form_location":"","bundle_editable_in_cart":false,"bundle_sold_individually_context":"","bundle_item_grouping":"","bundle_min_size":"","bundle_max_size":"","bundle_price":[],"bundled_items":[],"bundle_sell_ids":[],"exclude_global_add_ons":[],"addons":[],"acf":[],"_links":{"self":[{"href":"https:\/\/kraftwerk-shop.cc\/pl\/wp-json\/wp\/v2\/product\/68350212","targetHints":{"allow":["GET"]}}],"collection":[{"href":"https:\/\/kraftwerk-shop.cc\/pl\/wp-json\/wp\/v2\/product"}],"about":[{"href":"https:\/\/kraftwerk-shop.cc\/pl\/wp-json\/wp\/v2\/types\/product"}],"replies":[{"embeddable":true,"href":"https:\/\/kraftwerk-shop.cc\/pl\/wp-json\/wp\/v2\/comments?post=68350212"}],"version-history":[{"count":0,"href":"https:\/\/kraftwerk-shop.cc\/pl\/wp-json\/wp\/v2\/product\/68350212\/revisions"}],"wp:featuredmedia":[{"embeddable":true,"href":"https:\/\/kraftwerk-shop.cc\/pl\/wp-json\/wp\/v2\/media\/68350215"}],"wp:attachment":[{"href":"https:\/\/kraftwerk-shop.cc\/pl\/wp-json\/wp\/v2\/media?parent=68350212"}],"wp:term":[{"taxonomy":"product_brand","embeddable":true,"href":"https:\/\/kraftwerk-shop.cc\/pl\/wp-json\/wp\/v2\/product_brand?post=68350212"},{"taxonomy":"product_cat","embeddable":true,"href":"https:\/\/kraftwerk-shop.cc\/pl\/wp-json\/wp\/v2\/product_cat?post=68350212"},{"taxonomy":"product_tag","embeddable":true,"href":"https:\/\/kraftwerk-shop.cc\/pl\/wp-json\/wp\/v2\/product_tag?post=68350212"}],"curies":[{"name":"wp","href":"https:\/\/api.w.org\/{rel}","templated":true}]}}