{"id":68350444,"date":"2025-10-04T15:48:10","date_gmt":"2025-10-04T13:48:10","guid":{"rendered":"https:\/\/kraftwerk-shop.cc\/?post_type=product&#038;p=68350444"},"modified":"2026-02-23T14:53:28","modified_gmt":"2026-02-23T13:53:28","slug":"filtr-powietrza-afe-magnum-flow-24-90202r","status":"publish","type":"product","link":"https:\/\/kraftwerk-shop.cc\/pl\/produkt\/afe-magnum-flow-luftfilter-24-90202r\/","title":{"rendered":"aFe Magnum FLOW Wymienny filtr powietrza 24-90202R"},"content":{"rendered":"<div class=\"description std\">\n<h1>aFe Magnum FLOW Pro 5R Wymienny filtr powietrza 24-90202R pasuj\u0105cy do aFe 54-13072R<\/h1>\n<\/div>\n<p>&nbsp;<\/p>\n<p>Dzi\u0119ki pi\u0119ciu warstwom coraz drobniejszej tkaniny bawe\u0142nianej mi\u0119dzy g\u00f3rn\u0105 powierzchni\u0105 a doln\u0105 powierzchni\u0105 z poliuretanu 100 %, ten \"naoliwiony\" odwr\u00f3cony sto\u017ckowy filtr o wysokiej wydajno\u015bci zapewnia doskona\u0142y przep\u0142yw powietrza dla maksymalnej mocy i momentu obrotowego.<br \/>\nWysokie, otwarte i r\u00f3wnomiernie rozmieszczone plisy nadaj\u0105 si\u0119 do prania i wielokrotnego u\u017cytku oraz zapewniaj\u0105 doskona\u0142\u0105 zdolno\u015b\u0107 zatrzymywania kurzu, co wyd\u0142u\u017ca okresy mi\u0119dzy kolejnymi czyszczeniami.<br \/>\nElastyczny ko\u0142nierz poliuretanowy ze zintegrowanymi ko\u0142kami zapewnia szczelne, wolne od wyciek\u00f3w uszczelnienie przez ca\u0142y okres eksploatacji filtra.<\/p>\n<p>&nbsp;<\/p>\n<p><strong>W\u0142a\u015bciwo\u015bci:<\/strong><\/p>\n<ul>\n<li>(6.75\u00d75) IN F x (9.25\u00d77.5) IN W x (7.75\u00d76) IN D x 18 IN H<\/li>\n<\/ul>\n<p>&nbsp;<\/p>\n<p><strong>Zakres dostawy:<\/strong><\/p>\n<ul>\n<li>1 filtr powietrza aFe 24-90202R<\/li>\n<\/ul>\n<p>&nbsp;<\/p>","protected":false},"excerpt":{"rendered":"<p>aFe Magnum FLOW Pro 5R Wymienny filtr powietrza 24-90202R pasuj\u0105cy do aFe 54-13072R Z pi\u0119cioma warstwami coraz cie\u0144szej tkaniny bawe\u0142nianej pomi\u0119dzy nimi.<\/p>","protected":false},"featured_media":68350446,"comment_status":"open","ping_status":"closed","template":"","meta":{"_acf_changed":false},"product_brand":[16879],"product_cat":[2700],"product_tag":[19173,19226,5303,16880,498,9538,2441,9542,8515,502,2393,36,57,8665,9567,8653,9548,9558,503,55,9539,2394,9540,500,501,698],"class_list":{"0":"post-68350444","1":"product","2":"type-product","3":"status-publish","4":"has-post-thumbnail","6":"product_brand-afe-power","7":"product_cat-trx-ansaugung","8":"product_tag-24-90202r","9":"product_tag-28-10603","10":"product_tag-54-13072r","11":"product_tag-advanced-flow-engineering","12":"product_tag-afe","13":"product_tag-afe-luftfilter","14":"product_tag-afe-power","15":"product_tag-baumwollgewebe","16":"product_tag-ersatzfilter","17":"product_tag-filtereinsatz","18":"product_tag-flow","19":"product_tag-kraftwerk","20":"product_tag-luftfilter","21":"product_tag-luftfilter-ersatz","22":"product_tag-luftfilter-ersatzteile","23":"product_tag-luftfilter-kaufen","24":"product_tag-luftfilter-upgrade","25":"product_tag-luftfilter-zubehoer","26":"product_tag-luftfiltereinsatz","27":"product_tag-magnum","28":"product_tag-magnum-flow","29":"product_tag-pro","30":"product_tag-pro-5r","31":"product_tag-sportluftfilter","32":"product_tag-tauschfilter","33":"product_tag-wiederverwendbar","35":"first","36":"instock","37":"taxable","38":"shipping-taxable","39":"purchasable","40":"product-type-simple"},"bundled_by":[],"bundle_stock_status":"instock","bundle_stock_quantity":1,"bundle_virtual":false,"bundle_layout":"","bundle_add_to_cart_form_location":"","bundle_editable_in_cart":false,"bundle_sold_individually_context":"","bundle_item_grouping":"","bundle_min_size":"","bundle_max_size":"","bundle_price":[],"bundled_items":[],"bundle_sell_ids":[],"exclude_global_add_ons":[],"addons":[],"acf":[],"_links":{"self":[{"href":"https:\/\/kraftwerk-shop.cc\/pl\/wp-json\/wp\/v2\/product\/68350444","targetHints":{"allow":["GET"]}}],"collection":[{"href":"https:\/\/kraftwerk-shop.cc\/pl\/wp-json\/wp\/v2\/product"}],"about":[{"href":"https:\/\/kraftwerk-shop.cc\/pl\/wp-json\/wp\/v2\/types\/product"}],"replies":[{"embeddable":true,"href":"https:\/\/kraftwerk-shop.cc\/pl\/wp-json\/wp\/v2\/comments?post=68350444"}],"version-history":[{"count":0,"href":"https:\/\/kraftwerk-shop.cc\/pl\/wp-json\/wp\/v2\/product\/68350444\/revisions"}],"wp:featuredmedia":[{"embeddable":true,"href":"https:\/\/kraftwerk-shop.cc\/pl\/wp-json\/wp\/v2\/media\/68350446"}],"wp:attachment":[{"href":"https:\/\/kraftwerk-shop.cc\/pl\/wp-json\/wp\/v2\/media?parent=68350444"}],"wp:term":[{"taxonomy":"product_brand","embeddable":true,"href":"https:\/\/kraftwerk-shop.cc\/pl\/wp-json\/wp\/v2\/product_brand?post=68350444"},{"taxonomy":"product_cat","embeddable":true,"href":"https:\/\/kraftwerk-shop.cc\/pl\/wp-json\/wp\/v2\/product_cat?post=68350444"},{"taxonomy":"product_tag","embeddable":true,"href":"https:\/\/kraftwerk-shop.cc\/pl\/wp-json\/wp\/v2\/product_tag?post=68350444"}],"curies":[{"name":"wp","href":"https:\/\/api.w.org\/{rel}","templated":true}]}}