{"id":68350614,"date":"2025-10-04T19:32:21","date_gmt":"2025-10-04T17:32:21","guid":{"rendered":"https:\/\/kraftwerk-shop.cc\/?post_type=product&#038;p=68350614"},"modified":"2026-02-23T14:36:48","modified_gmt":"2026-02-23T13:36:48","slug":"filtr-powietrza-afe-magnum-flow-24-91141","status":"publish","type":"product","link":"https:\/\/kraftwerk-shop.cc\/pl\/produkt\/afe-magnum-flow-luftfilter-24-91141\/","title":{"rendered":"aFe Magnum FLOW Wymienny filtr powietrza 24-91141"},"content":{"rendered":"<div class=\"description std\">\n<h1>aFe Magnum FLOW Pro 5R Wymienny filtr powietrza 24-91141 pasuj\u0105cy do aFe 50-70093R<\/h1>\n<\/div>\n<p>&nbsp;<\/p>\n<p>Dzi\u0119ki pi\u0119ciu warstwom coraz drobniejszej tkaniny bawe\u0142nianej mi\u0119dzy g\u00f3rn\u0105 powierzchni\u0105 a doln\u0105 powierzchni\u0105 z poliuretanu 100 %, ten \"naoliwiony\" odwr\u00f3cony sto\u017ckowy filtr o wysokiej wydajno\u015bci zapewnia doskona\u0142y przep\u0142yw powietrza dla maksymalnej mocy i momentu obrotowego.<br \/>\nWysokie, otwarte i r\u00f3wnomiernie rozmieszczone plisy nadaj\u0105 si\u0119 do prania i wielokrotnego u\u017cytku oraz zapewniaj\u0105 doskona\u0142\u0105 zdolno\u015b\u0107 zatrzymywania kurzu, co wyd\u0142u\u017ca okresy mi\u0119dzy kolejnymi czyszczeniami.<br \/>\nElastyczny ko\u0142nierz poliuretanowy ze zintegrowanymi ko\u0142kami zapewnia szczelne, wolne od wyciek\u00f3w uszczelnienie przez ca\u0142y okres eksploatacji filtra.<\/p>\n<p>&nbsp;<\/p>\n<p><strong>W\u0142a\u015bciwo\u015bci:<\/strong><\/p>\n<ul>\n<li class=\"value\">5\u2033F x 7\u2033B (mt2) x 5-1\/2\u2033T (INV) x 9\u2033H in<\/li>\n<\/ul>\n<p>&nbsp;<\/p>\n<p><strong>Zakres dostawy:<\/strong><\/p>\n<ul>\n<li>1 filtr powietrza aFe 24-91141<\/li>\n<\/ul>\n<p>&nbsp;<\/p>","protected":false},"excerpt":{"rendered":"<p>aFe Magnum FLOW Pro 5R Wymienny filtr powietrza 24-91141 pasuj\u0105cy do aFe 50-70093R Z pi\u0119cioma warstwami coraz cie\u0144szej tkaniny bawe\u0142nianej pomi\u0119dzy filtrem aFe 50-70093R.<\/p>","protected":false},"featured_media":68350616,"comment_status":"open","ping_status":"closed","template":"","meta":{"_acf_changed":false},"product_brand":[16879],"product_cat":[20061],"product_tag":[19201,4253,16880,498,9538,2441,9542,8515,502,2393,36,57,8665,9567,8653,9548,9558,503,55,9539,2394,9540,500,501,698],"class_list":{"0":"post-68350614","1":"product","2":"type-product","3":"status-publish","4":"has-post-thumbnail","6":"product_brand-afe-power","7":"product_cat-grand-cherokee-wl-57-ansaugung","8":"product_tag-24-91141","9":"product_tag-50-70093r","10":"product_tag-advanced-flow-engineering","11":"product_tag-afe","12":"product_tag-afe-luftfilter","13":"product_tag-afe-power","14":"product_tag-baumwollgewebe","15":"product_tag-ersatzfilter","16":"product_tag-filtereinsatz","17":"product_tag-flow","18":"product_tag-kraftwerk","19":"product_tag-luftfilter","20":"product_tag-luftfilter-ersatz","21":"product_tag-luftfilter-ersatzteile","22":"product_tag-luftfilter-kaufen","23":"product_tag-luftfilter-upgrade","24":"product_tag-luftfilter-zubehoer","25":"product_tag-luftfiltereinsatz","26":"product_tag-magnum","27":"product_tag-magnum-flow","28":"product_tag-pro","29":"product_tag-pro-5r","30":"product_tag-sportluftfilter","31":"product_tag-tauschfilter","32":"product_tag-wiederverwendbar","34":"first","35":"instock","36":"taxable","37":"shipping-taxable","38":"purchasable","39":"product-type-simple"},"bundled_by":[],"bundle_stock_status":"instock","bundle_stock_quantity":1,"bundle_virtual":false,"bundle_layout":"","bundle_add_to_cart_form_location":"","bundle_editable_in_cart":false,"bundle_sold_individually_context":"","bundle_item_grouping":"","bundle_min_size":"","bundle_max_size":"","bundle_price":[],"bundled_items":[],"bundle_sell_ids":[],"exclude_global_add_ons":[],"addons":[],"acf":[],"_links":{"self":[{"href":"https:\/\/kraftwerk-shop.cc\/pl\/wp-json\/wp\/v2\/product\/68350614","targetHints":{"allow":["GET"]}}],"collection":[{"href":"https:\/\/kraftwerk-shop.cc\/pl\/wp-json\/wp\/v2\/product"}],"about":[{"href":"https:\/\/kraftwerk-shop.cc\/pl\/wp-json\/wp\/v2\/types\/product"}],"replies":[{"embeddable":true,"href":"https:\/\/kraftwerk-shop.cc\/pl\/wp-json\/wp\/v2\/comments?post=68350614"}],"version-history":[{"count":0,"href":"https:\/\/kraftwerk-shop.cc\/pl\/wp-json\/wp\/v2\/product\/68350614\/revisions"}],"wp:featuredmedia":[{"embeddable":true,"href":"https:\/\/kraftwerk-shop.cc\/pl\/wp-json\/wp\/v2\/media\/68350616"}],"wp:attachment":[{"href":"https:\/\/kraftwerk-shop.cc\/pl\/wp-json\/wp\/v2\/media?parent=68350614"}],"wp:term":[{"taxonomy":"product_brand","embeddable":true,"href":"https:\/\/kraftwerk-shop.cc\/pl\/wp-json\/wp\/v2\/product_brand?post=68350614"},{"taxonomy":"product_cat","embeddable":true,"href":"https:\/\/kraftwerk-shop.cc\/pl\/wp-json\/wp\/v2\/product_cat?post=68350614"},{"taxonomy":"product_tag","embeddable":true,"href":"https:\/\/kraftwerk-shop.cc\/pl\/wp-json\/wp\/v2\/product_tag?post=68350614"}],"curies":[{"name":"wp","href":"https:\/\/api.w.org\/{rel}","templated":true}]}}