{"id":68350791,"date":"2025-10-05T18:03:51","date_gmt":"2025-10-05T16:03:51","guid":{"rendered":"https:\/\/kraftwerk-shop.cc\/?post_type=product&#038;p=68350791"},"modified":"2026-02-23T14:42:30","modified_gmt":"2026-02-23T13:42:30","slug":"oslona-filtra-zasilania-afe-28-10153","status":"publish","type":"product","link":"https:\/\/kraftwerk-shop.cc\/pl\/produkt\/afe-power-filter-guard-28-10153\/","title":{"rendered":"aFe POWER Filter GUARD Filtr wst\u0119pny 28-10153"},"content":{"rendered":"<div class=\"description std\">\n<h1>aFe Magnum SHIELD filtr wst\u0119pny 28-10153 pasuje do aFe 54-10712<\/h1>\n<\/div>\n<p>&nbsp;<\/p>\n<p>Filtr wst\u0119pny aFe Magnum SHIELD optymalnie chroni wysokowydajny filtr powietrza, zatrzymuj\u0105c w strumieniu powietrza gruboziarniste cz\u0105steczki, takie jak li\u015bcie, owady i kurz. Wyd\u0142u\u017ca to okresy czyszczenia g\u0142\u00f3wnego filtra i utrzymuje wydajno\u015b\u0107 uk\u0142adu wlotu powietrza w d\u0142u\u017cszej perspektywie.<\/p>\n<p>&nbsp;<\/p>\n<p><strong>Ochrona i trwa\u0142o\u015b\u0107<\/strong><br \/>\nFiltr wst\u0119pny wy\u0142apuje gruboziarniste cz\u0105stki obce przed filtrem g\u0142\u00f3wnym i odci\u0105\u017ca go. Wyd\u0142u\u017ca to okresy czyszczenia, a filtr pozostaje skuteczny przez d\u0142u\u017cszy czas.<\/p>\n<p><strong>Wysokiej jako\u015bci materia\u0142<\/strong><br \/>\nWykonana z poliestru tkanego na sucho (dry-weave), kt\u00f3ry nie przyci\u0105ga \u0142atwo wody ani brudu. Tkanina ma w\u0142a\u015bciwo\u015bci hydrofobowe i ogranicza gromadzenie si\u0119 osad\u00f3w.<\/p>\n<p><strong>\u0141atwe czyszczenie<\/strong><br \/>\nFiltr wst\u0119pny mo\u017cna \u0142atwo wyczy\u015bci\u0107 wod\u0105 z myd\u0142em - nie s\u0105 wymagane \u017cadne specjalne \u015brodki czyszcz\u0105ce.<\/p>\n<p><strong>Szybki monta\u017c<\/strong><br \/>\nDzi\u0119ki praktycznym zaczepom filtr wst\u0119pny mo\u017cna z \u0142atwo\u015bci\u0105 za\u0142o\u017cy\u0107 na oryginalny filtr. Jest produkowany tak, aby dok\u0142adnie pasowa\u0142 do odpowiedniego systemu filtr\u00f3w, dzi\u0119ki czemu mo\u017cna go dok\u0142adnie przymocowa\u0107.<\/p>\n<p><strong>Wydajno\u015b\u0107 neutralna<\/strong><br \/>\nFiltr wst\u0119pny praktycznie nie wp\u0142ywa na przep\u0142yw powietrza - tj. bez znacz\u0105cej utraty wydajno\u015bci.<\/p>\n<p>&nbsp;<\/p>\n<p><strong>Zakres dostawy:<\/strong><\/p>\n<ul>\n<li>1 filtr wst\u0119pny aFe 28-10153<\/li>\n<\/ul>\n<p>&nbsp;<\/p>","protected":false},"excerpt":{"rendered":"<p>aFe Magnum SHIELD Vorfilter 28-10153 passend f\u00fcr aFe 54-10712 &nbsp; Der aFe Magnum SHIELD Vorfilter sch\u00fctzt Ihren Hochleistungs-Luftfilter optimal, indem<\/p>","protected":false},"featured_media":68350793,"comment_status":"open","ping_status":"closed","template":"","meta":{"_acf_changed":false},"product_brand":[16879],"product_cat":[2506,2507,2501,2514,2502,2504,2503,2505],"product_tag":[19220,858,16880,498,9538,2441,19210,9542,8515,19211,502,2393,36,57,8665,9567,8653,19209,9548,9558,503,55,9539,19207,19208,2394,9540,500,7637,501,7823,698,673],"class_list":{"0":"post-68350791","1":"product","2":"type-product","3":"status-publish","4":"has-post-thumbnail","6":"product_brand-afe-power","7":"product_cat-300c-57-2005-2010-ansaugung","8":"product_cat-300c-61-ansaugung","9":"product_cat-challenger-57-ansaugung","10":"product_cat-challenger-61-ansaugung","11":"product_cat-charger-57-ansaugung","12":"product_cat-charger-61-ansaugung","13":"product_cat-magnum-57-ansaugung","14":"product_cat-magnum-61-ansaugung","15":"product_tag-28-10153","16":"product_tag-54-10712","17":"product_tag-advanced-flow-engineering","18":"product_tag-afe","19":"product_tag-afe-luftfilter","20":"product_tag-afe-power","21":"product_tag-ansaugsystem-zubehoer","22":"product_tag-baumwollgewebe","23":"product_tag-ersatzfilter","24":"product_tag-filterabdeckung-trockenvorfilter","25":"product_tag-filtereinsatz","26":"product_tag-flow","27":"product_tag-kraftwerk","28":"product_tag-luftfilter","29":"product_tag-luftfilter-ersatz","30":"product_tag-luftfilter-ersatzteile","31":"product_tag-luftfilter-kaufen","32":"product_tag-luftfilter-schmutzschutz","33":"product_tag-luftfilter-upgrade","34":"product_tag-luftfilter-zubehoer","35":"product_tag-luftfiltereinsatz","36":"product_tag-magnum","37":"product_tag-magnum-flow","38":"product_tag-magnum-shield","39":"product_tag-pre-filter","40":"product_tag-pro","41":"product_tag-pro-5r","42":"product_tag-sportluftfilter","43":"product_tag-staubschutz","44":"product_tag-tauschfilter","45":"product_tag-vorfilter","46":"product_tag-wiederverwendbar","47":"product_tag-zubehoer","49":"first","50":"instock","51":"taxable","52":"shipping-taxable","53":"purchasable","54":"product-type-simple"},"bundled_by":[],"bundle_stock_status":"instock","bundle_stock_quantity":2,"bundle_virtual":false,"bundle_layout":"","bundle_add_to_cart_form_location":"","bundle_editable_in_cart":false,"bundle_sold_individually_context":"","bundle_item_grouping":"","bundle_min_size":"","bundle_max_size":"","bundle_price":[],"bundled_items":[],"bundle_sell_ids":[],"exclude_global_add_ons":[],"addons":[],"acf":[],"_links":{"self":[{"href":"https:\/\/kraftwerk-shop.cc\/pl\/wp-json\/wp\/v2\/product\/68350791","targetHints":{"allow":["GET"]}}],"collection":[{"href":"https:\/\/kraftwerk-shop.cc\/pl\/wp-json\/wp\/v2\/product"}],"about":[{"href":"https:\/\/kraftwerk-shop.cc\/pl\/wp-json\/wp\/v2\/types\/product"}],"replies":[{"embeddable":true,"href":"https:\/\/kraftwerk-shop.cc\/pl\/wp-json\/wp\/v2\/comments?post=68350791"}],"version-history":[{"count":0,"href":"https:\/\/kraftwerk-shop.cc\/pl\/wp-json\/wp\/v2\/product\/68350791\/revisions"}],"wp:featuredmedia":[{"embeddable":true,"href":"https:\/\/kraftwerk-shop.cc\/pl\/wp-json\/wp\/v2\/media\/68350793"}],"wp:attachment":[{"href":"https:\/\/kraftwerk-shop.cc\/pl\/wp-json\/wp\/v2\/media?parent=68350791"}],"wp:term":[{"taxonomy":"product_brand","embeddable":true,"href":"https:\/\/kraftwerk-shop.cc\/pl\/wp-json\/wp\/v2\/product_brand?post=68350791"},{"taxonomy":"product_cat","embeddable":true,"href":"https:\/\/kraftwerk-shop.cc\/pl\/wp-json\/wp\/v2\/product_cat?post=68350791"},{"taxonomy":"product_tag","embeddable":true,"href":"https:\/\/kraftwerk-shop.cc\/pl\/wp-json\/wp\/v2\/product_tag?post=68350791"}],"curies":[{"name":"wp","href":"https:\/\/api.w.org\/{rel}","templated":true}]}}