{"id":68352222,"date":"2025-10-26T17:09:26","date_gmt":"2025-10-26T16:09:26","guid":{"rendered":"https:\/\/kraftwerk-shop.cc\/?post_type=product&#038;p=68352222"},"modified":"2026-02-15T01:26:15","modified_gmt":"2026-02-15T00:26:15","slug":"swiece-mopar-szfr5lp13g","status":"publish","type":"product","link":"https:\/\/kraftwerk-shop.cc\/pl\/produkt\/mopar-zuendkerzen-szfr5lp13g\/","title":{"rendered":"\u015awiece zap\u0142onowe Mopar SZFR5LP13G (6 sztuk)"},"content":{"rendered":"<h1>Oryginalne \u015bwiece zap\u0142onowe Mopar SZFR5LP13G (6 sztuk) do Chrysler, 300C, Dodge, Challenger, Charger i Magnum 3.5<\/h1>\n<p>&nbsp;<\/p>\n<p><span lang=\"DE\"><strong>Numer cz\u0119\u015bci Mopar:<\/strong>\u00a0SZFR5LP13G<br \/>\n<strong>Zast\u0105piony: <\/strong><span class=\"list-value\">\u2014<\/span><\/span><\/p>\n<p>&nbsp;<\/p>\n<p><strong>Odpowiedni dla:<\/strong><\/p>\n<table width=\"1042\">\n<tbody>\n<tr>\n<td width=\"138\"><strong>Rok<\/strong><\/td>\n<td width=\"168\"><strong>Marka<\/strong><\/td>\n<td width=\"144\"><strong>Model<\/strong><\/td>\n<td width=\"366\"><strong>Wersja<\/strong><\/td>\n<td width=\"226\"><strong>Silnik<\/strong><\/td>\n<\/tr>\n<tr>\n<td width=\"138\">2011<\/td>\n<td width=\"168\">Dodge<\/td>\n<td width=\"144\">Nitro<\/td>\n<td width=\"366\">Detonator, Heat, SXT, Shock<\/td>\n<td width=\"226\">4.0L<\/td>\n<\/tr>\n<tr>\n<td width=\"138\">2010<\/td>\n<td width=\"168\">Chrysler<\/td>\n<td width=\"144\">300<\/td>\n<td width=\"366\">Limited, S, Touring<\/td>\n<td width=\"226\">3.5L<\/td>\n<\/tr>\n<tr>\n<td width=\"138\">2010<\/td>\n<td width=\"168\">Chrysler<\/td>\n<td width=\"144\">Sebring<\/td>\n<td width=\"366\">Limited<\/td>\n<td width=\"226\">3.5L<\/td>\n<\/tr>\n<tr>\n<td width=\"138\">2010<\/td>\n<td width=\"168\">Chrysler<\/td>\n<td width=\"144\">Town &amp; Country<\/td>\n<td width=\"366\">Limited, Touring, Touring Plus<\/td>\n<td width=\"226\">4.0L<\/td>\n<\/tr>\n<tr>\n<td width=\"138\">2010<\/td>\n<td width=\"168\">Dodge<\/td>\n<td width=\"144\">Avenger<\/td>\n<td width=\"366\">R\/T<\/td>\n<td width=\"226\">3.5L<\/td>\n<\/tr>\n<tr>\n<td width=\"138\">2010<\/td>\n<td width=\"168\">Dodge<\/td>\n<td width=\"144\">Challenger<\/td>\n<td width=\"366\">SE<\/td>\n<td width=\"226\">3.5L<\/td>\n<\/tr>\n<tr>\n<td width=\"138\">2010<\/td>\n<td width=\"168\">Dodge<\/td>\n<td width=\"144\">Charger<\/td>\n<td width=\"366\">Pursuit, SE, SXT<\/td>\n<td width=\"226\">3.5L<\/td>\n<\/tr>\n<tr>\n<td width=\"138\">2010<\/td>\n<td width=\"168\">Dodge<\/td>\n<td width=\"144\">Grand Caravan<\/td>\n<td width=\"366\">SXT<\/td>\n<td width=\"226\">4.0L<\/td>\n<\/tr>\n<tr>\n<td width=\"138\">2010<\/td>\n<td width=\"168\">Dodge<\/td>\n<td width=\"144\">Journey<\/td>\n<td width=\"366\">Crew, R\/T, SXT<\/td>\n<td width=\"226\">3.5L<\/td>\n<\/tr>\n<tr>\n<td width=\"138\">2010<\/td>\n<td width=\"168\">Dodge<\/td>\n<td width=\"144\">Nitro<\/td>\n<td width=\"366\">Detonator, Heat, SXT, Shock<\/td>\n<td width=\"226\">4.0L<\/td>\n<\/tr>\n<tr>\n<td width=\"138\">2009<\/td>\n<td width=\"168\">Chrysler<\/td>\n<td width=\"144\">300<\/td>\n<td width=\"366\">Limited, Signature Series, Touring<\/td>\n<td width=\"226\">3.5L<\/td>\n<\/tr>\n<tr>\n<td width=\"138\">2009<\/td>\n<td width=\"168\">Chrysler<\/td>\n<td width=\"144\">Sebring<\/td>\n<td width=\"366\">Limited<\/td>\n<td width=\"226\">3.5L<\/td>\n<\/tr>\n<tr>\n<td width=\"138\">2009<\/td>\n<td width=\"168\">Chrysler<\/td>\n<td width=\"144\">Town &amp; Country<\/td>\n<td width=\"366\">Limited, Touring<\/td>\n<td width=\"226\">4.0L<\/td>\n<\/tr>\n<tr>\n<td width=\"138\">2009<\/td>\n<td width=\"168\">Dodge<\/td>\n<td width=\"144\">Avenger<\/td>\n<td width=\"366\">R\/T<\/td>\n<td width=\"226\">3.5L<\/td>\n<\/tr>\n<tr>\n<td width=\"138\">2009<\/td>\n<td width=\"168\">Dodge<\/td>\n<td width=\"144\">Challenger<\/td>\n<td width=\"366\">SE<\/td>\n<td width=\"226\">3.5L<\/td>\n<\/tr>\n<tr>\n<td width=\"138\">2009<\/td>\n<td width=\"168\">Dodge<\/td>\n<td width=\"144\">Charger<\/td>\n<td width=\"366\">Pursuit, SE, SXT<\/td>\n<td width=\"226\">3.5L<\/td>\n<\/tr>\n<tr>\n<td width=\"138\">2009<\/td>\n<td width=\"168\">Dodge<\/td>\n<td width=\"144\">Grand Caravan<\/td>\n<td width=\"366\">SXT<\/td>\n<td width=\"226\">4.0L<\/td>\n<\/tr>\n<tr>\n<td width=\"138\">2009<\/td>\n<td width=\"168\">Dodge<\/td>\n<td width=\"144\">Journey<\/td>\n<td width=\"366\">R\/T, SXT<\/td>\n<td width=\"226\">3.5L<\/td>\n<\/tr>\n<tr>\n<td width=\"138\">2009<\/td>\n<td width=\"168\">Dodge<\/td>\n<td width=\"144\">Nitro<\/td>\n<td width=\"366\">R\/T<\/td>\n<td width=\"226\">4.0L<\/td>\n<\/tr>\n<tr>\n<td width=\"138\">2008<\/td>\n<td width=\"168\">Chrysler<\/td>\n<td width=\"144\">300<\/td>\n<td width=\"366\">LX, Limited, Touring<\/td>\n<td width=\"226\">2.7L, 3.5L<\/td>\n<\/tr>\n<tr>\n<td width=\"138\">2008<\/td>\n<td width=\"168\">Chrysler<\/td>\n<td width=\"144\">Pacifica<\/td>\n<td width=\"366\">LX, Limited, Touring<\/td>\n<td width=\"226\">4.0L<\/td>\n<\/tr>\n<tr>\n<td width=\"138\">2008<\/td>\n<td width=\"168\">Chrysler<\/td>\n<td width=\"144\">Sebring<\/td>\n<td width=\"366\">Limited<\/td>\n<td width=\"226\">3.5L<\/td>\n<\/tr>\n<tr>\n<td width=\"138\">2008<\/td>\n<td width=\"168\">Chrysler<\/td>\n<td width=\"144\">Town &amp; Country<\/td>\n<td width=\"366\">Limited<\/td>\n<td width=\"226\">4.0L<\/td>\n<\/tr>\n<tr>\n<td width=\"138\">2008<\/td>\n<td width=\"168\">Dodge<\/td>\n<td width=\"144\">Avenger<\/td>\n<td width=\"366\">R\/T<\/td>\n<td width=\"226\">3.5L<\/td>\n<\/tr>\n<tr>\n<td width=\"138\">2008<\/td>\n<td width=\"168\">Dodge<\/td>\n<td width=\"144\">Charger<\/td>\n<td width=\"366\">Pursuit, SE, SXT<\/td>\n<td width=\"226\">2.7L, 3.5L<\/td>\n<\/tr>\n<tr>\n<td width=\"138\">2008<\/td>\n<td width=\"168\">Dodge<\/td>\n<td width=\"144\">Grand Caravan<\/td>\n<td width=\"366\">SXT<\/td>\n<td width=\"226\">4.0L<\/td>\n<\/tr>\n<tr>\n<td width=\"138\">2008<\/td>\n<td width=\"168\">Dodge<\/td>\n<td width=\"144\">Magnum<\/td>\n<td width=\"366\">SE, SXT<\/td>\n<td width=\"226\">2.7L, 3.5L<\/td>\n<\/tr>\n<tr>\n<td width=\"138\">2008<\/td>\n<td width=\"168\">Dodge<\/td>\n<td width=\"144\">Nitro<\/td>\n<td width=\"366\">R\/T<\/td>\n<td width=\"226\">4.0L<\/td>\n<\/tr>\n<tr>\n<td width=\"138\">2007<\/td>\n<td width=\"168\">Chrysler<\/td>\n<td width=\"144\">300<\/td>\n<td width=\"366\">Base, Limited, Touring<\/td>\n<td width=\"226\">2.7L, 3.5L<\/td>\n<\/tr>\n<tr>\n<td width=\"138\">2007<\/td>\n<td width=\"168\">Chrysler<\/td>\n<td width=\"144\">Pacifica<\/td>\n<td width=\"366\">Base, Limited, Touring<\/td>\n<td width=\"226\">4.0L<\/td>\n<\/tr>\n<tr>\n<td width=\"138\">2007<\/td>\n<td width=\"168\">Chrysler<\/td>\n<td width=\"144\">Sebring<\/td>\n<td width=\"366\">Limited<\/td>\n<td width=\"226\">3.5L<\/td>\n<\/tr>\n<tr>\n<td width=\"138\">2007<\/td>\n<td width=\"168\">Dodge<\/td>\n<td width=\"144\">Charger<\/td>\n<td width=\"366\">Pursuit, SE, SXT<\/td>\n<td width=\"226\">2.7L, 3.5L<\/td>\n<\/tr>\n<tr>\n<td width=\"138\">2007<\/td>\n<td width=\"168\">Dodge<\/td>\n<td width=\"144\">Magnum<\/td>\n<td width=\"366\">SE, SXT<\/td>\n<td width=\"226\">2.7L, 3.5L<\/td>\n<\/tr>\n<tr>\n<td width=\"138\">2007<\/td>\n<td width=\"168\">Dodge<\/td>\n<td width=\"144\">Nitro<\/td>\n<td width=\"366\">R\/T<\/td>\n<td width=\"226\">4.0L<\/td>\n<\/tr>\n<tr>\n<td width=\"138\">2006<\/td>\n<td width=\"168\">Chrysler<\/td>\n<td width=\"144\">300<\/td>\n<td width=\"366\">Base, Touring<\/td>\n<td width=\"226\">2.7L, 3.5L<\/td>\n<\/tr>\n<tr>\n<td width=\"138\">2006<\/td>\n<td width=\"168\">Chrysler<\/td>\n<td width=\"144\">Pacifica<\/td>\n<td width=\"366\">Base, Limited, Touring<\/td>\n<td width=\"226\">3.5L<\/td>\n<\/tr>\n<tr>\n<td width=\"138\">2006<\/td>\n<td width=\"168\">Dodge<\/td>\n<td width=\"144\">Charger<\/td>\n<td width=\"366\">SE<\/td>\n<td width=\"226\">3.5L<\/td>\n<\/tr>\n<tr>\n<td width=\"138\">2006<\/td>\n<td width=\"168\">Dodge<\/td>\n<td width=\"144\">Magnum<\/td>\n<td width=\"366\">SE, SXT<\/td>\n<td width=\"226\">2.7L, 3.5L<\/td>\n<\/tr>\n<tr>\n<td width=\"138\">2005<\/td>\n<td width=\"168\">Chrysler<\/td>\n<td width=\"144\">300<\/td>\n<td width=\"366\">Base, Touring<\/td>\n<td width=\"226\">2.7L, 3.5L<\/td>\n<\/tr>\n<tr>\n<td width=\"138\">2005<\/td>\n<td width=\"168\">Chrysler<\/td>\n<td width=\"144\">Pacifica<\/td>\n<td width=\"366\">Base, Limited, Touring<\/td>\n<td width=\"226\">3.5L<\/td>\n<\/tr>\n<tr>\n<td width=\"138\">2005<\/td>\n<td width=\"168\">Dodge<\/td>\n<td width=\"144\">Magnum<\/td>\n<td width=\"366\">SE, SXT<\/td>\n<td width=\"226\">2.7L, 3.5L<\/td>\n<\/tr>\n<tr>\n<td width=\"138\">2004<\/td>\n<td width=\"168\">Chrysler<\/td>\n<td width=\"144\">300M<\/td>\n<td width=\"366\">Base, Special<\/td>\n<td width=\"226\">3.5L<\/td>\n<\/tr>\n<tr>\n<td width=\"138\">2004<\/td>\n<td width=\"168\">Chrysler<\/td>\n<td width=\"144\">Concorde<\/td>\n<td width=\"366\">LX, LXi, Limited<\/td>\n<td width=\"226\">2.7L, 3.5L<\/td>\n<\/tr>\n<tr>\n<td width=\"138\">2004<\/td>\n<td width=\"168\">Chrysler<\/td>\n<td width=\"144\">Pacifica<\/td>\n<td width=\"366\">Base<\/td>\n<td width=\"226\">3.5L<\/td>\n<\/tr>\n<tr>\n<td width=\"138\">2004<\/td>\n<td width=\"168\">Dodge<\/td>\n<td width=\"144\">Intrepid<\/td>\n<td width=\"366\">ES, SE<\/td>\n<td width=\"226\">2.7L, 3.5L<\/td>\n<\/tr>\n<tr>\n<td width=\"138\">2003<\/td>\n<td width=\"168\">Chrysler<\/td>\n<td width=\"144\">300M<\/td>\n<td width=\"366\">Base, Special<\/td>\n<td width=\"226\">3.5L<\/td>\n<\/tr>\n<tr>\n<td width=\"138\">2003<\/td>\n<td width=\"168\">Chrysler<\/td>\n<td width=\"144\">Concorde<\/td>\n<td width=\"366\">LX, LXi, Limited<\/td>\n<td width=\"226\">2.7L, 3.5L<\/td>\n<\/tr>\n<tr>\n<td width=\"138\">2003<\/td>\n<td width=\"168\">Dodge<\/td>\n<td width=\"144\">Intrepid<\/td>\n<td width=\"366\">ES, SE<\/td>\n<td width=\"226\">2.7L, 3.5L<\/td>\n<\/tr>\n<tr>\n<td width=\"138\">2002<\/td>\n<td width=\"168\">Chrysler<\/td>\n<td width=\"144\">300M<\/td>\n<td width=\"366\">Base, Special<\/td>\n<td width=\"226\">3.5L<\/td>\n<\/tr>\n<tr>\n<td width=\"138\">2002<\/td>\n<td width=\"168\">Chrysler<\/td>\n<td width=\"144\">Concorde<\/td>\n<td width=\"366\">LXi, Limited<\/td>\n<td width=\"226\">3.5L<\/td>\n<\/tr>\n<tr>\n<td width=\"138\">2002<\/td>\n<td width=\"168\">Dodge<\/td>\n<td width=\"144\">Intrepid<\/td>\n<td width=\"366\">ES, R\/T, SE<\/td>\n<td width=\"226\">3.5L<\/td>\n<\/tr>\n<\/tbody>\n<\/table>\n<p>&nbsp;<\/p>\n<h4>Dlaczego warto wybra\u0107 oryginalne cz\u0119\u015bci zamienne Mopar?<\/h4>\n<p><strong>Idealne dopasowanie i najwy\u017csza jako\u015b\u0107:<\/strong> Oryginalne cz\u0119\u015bci zamienne Mopar s\u0105 produkowane zgodnie ze \u015bcis\u0142ymi specyfikacjami producenta, co oznacza, \u017ce idealnie pasuj\u0105 do Twojego pojazdu. Zapewnia to nie tylko \u0142atw\u0105 instalacj\u0119, ale tak\u017ce optymaln\u0105 funkcjonalno\u015b\u0107 i bezpiecze\u0144stwo.<\/p>\n<p><strong>Niezawodno\u015b\u0107 i trwa\u0142o\u015b\u0107:<\/strong> Dzi\u0119ki zastosowaniu wysokiej jako\u015bci materia\u0142\u00f3w i rygorystycznej kontroli jako\u015bci, cz\u0119\u015bci zamienne Mopar zapewniaj\u0105 niezawodne dzia\u0142anie pojazdu nawet w ekstremalnych warunkach. Zosta\u0142y zaprojektowane z my\u015bl\u0105 o trwa\u0142o\u015bci i maksymalizacji osi\u0105g\u00f3w pojazdu.<\/p>\n<p>&nbsp;<\/p>","protected":false},"excerpt":{"rendered":"<p>Oryginalna cz\u0119\u015b\u0107 Mopar<\/p>","protected":false},"featured_media":68352224,"comment_status":"open","ping_status":"closed","template":"","meta":{"_acf_changed":false},"product_brand":[16270],"product_cat":[10262,7267,19668,7281,7306,19825,7358],"product_tag":[88,52,54,53,48,49,55,31,8813,9424,16271,16273,16275,16272,16274,7221,19378,198,3574,1073],"class_list":{"0":"post-68352222","1":"product","2":"type-product","3":"status-publish","4":"has-post-thumbnail","6":"product_brand-mopar","7":"product_cat-alle-produkte","8":"product_cat-300c-35-zuendung","9":"product_cat-pacifica-zuendung","10":"product_cat-challenger-35-zuendung","11":"product_cat-charger-35-zuendung","12":"product_cat-journey-wartung","13":"product_cat-magnum-35-zuendung","14":"product_tag-3-5","15":"product_tag-300c","16":"product_tag-challenger","17":"product_tag-charger","18":"product_tag-chrysler","19":"product_tag-dodge","20":"product_tag-magnum","21":"product_tag-mopar","22":"product_tag-mopar-autoteile","23":"product_tag-mopar-ersatzteile","24":"product_tag-mopar-ersatzteile-kaufen","25":"product_tag-mopar-performance-teile","26":"product_tag-mopar-teile-katalog","27":"product_tag-mopar-teile-online","28":"product_tag-mopar-tuningteile","29":"product_tag-mopar10","30":"product_tag-szfr5lp13g","31":"product_tag-v6","32":"product_tag-zuendkerze","33":"product_tag-zuendkerzen","35":"first","36":"instock","37":"taxable","38":"shipping-taxable","39":"purchasable","40":"product-type-simple"},"bundled_by":[],"bundle_stock_status":"instock","bundle_stock_quantity":1,"bundle_virtual":false,"bundle_layout":"","bundle_add_to_cart_form_location":"","bundle_editable_in_cart":false,"bundle_sold_individually_context":"","bundle_item_grouping":"","bundle_min_size":"","bundle_max_size":"","bundle_price":[],"bundled_items":[],"bundle_sell_ids":[],"exclude_global_add_ons":[],"addons":[],"acf":[],"_links":{"self":[{"href":"https:\/\/kraftwerk-shop.cc\/pl\/wp-json\/wp\/v2\/product\/68352222","targetHints":{"allow":["GET"]}}],"collection":[{"href":"https:\/\/kraftwerk-shop.cc\/pl\/wp-json\/wp\/v2\/product"}],"about":[{"href":"https:\/\/kraftwerk-shop.cc\/pl\/wp-json\/wp\/v2\/types\/product"}],"replies":[{"embeddable":true,"href":"https:\/\/kraftwerk-shop.cc\/pl\/wp-json\/wp\/v2\/comments?post=68352222"}],"version-history":[{"count":0,"href":"https:\/\/kraftwerk-shop.cc\/pl\/wp-json\/wp\/v2\/product\/68352222\/revisions"}],"wp:featuredmedia":[{"embeddable":true,"href":"https:\/\/kraftwerk-shop.cc\/pl\/wp-json\/wp\/v2\/media\/68352224"}],"wp:attachment":[{"href":"https:\/\/kraftwerk-shop.cc\/pl\/wp-json\/wp\/v2\/media?parent=68352222"}],"wp:term":[{"taxonomy":"product_brand","embeddable":true,"href":"https:\/\/kraftwerk-shop.cc\/pl\/wp-json\/wp\/v2\/product_brand?post=68352222"},{"taxonomy":"product_cat","embeddable":true,"href":"https:\/\/kraftwerk-shop.cc\/pl\/wp-json\/wp\/v2\/product_cat?post=68352222"},{"taxonomy":"product_tag","embeddable":true,"href":"https:\/\/kraftwerk-shop.cc\/pl\/wp-json\/wp\/v2\/product_tag?post=68352222"}],"curies":[{"name":"wp","href":"https:\/\/api.w.org\/{rel}","templated":true}]}}