{"id":68352249,"date":"2025-10-26T23:42:54","date_gmt":"2025-10-26T22:42:54","guid":{"rendered":"https:\/\/kraftwerk-shop.cc\/?post_type=product&#038;p=68352249"},"modified":"2026-02-15T01:26:14","modified_gmt":"2026-02-15T00:26:14","slug":"borla-x-pipe-60607-camaro","status":"publish","type":"product","link":"https:\/\/kraftwerk-shop.cc\/pl\/produkt\/borla-x-pipe-60607-camaro\/","title":{"rendered":"Borla X-Pipe Camaro SS"},"content":{"rendered":"<h1>Borla X-Pipe 60607 dla Chevrolet Camaro SS od 2016 do 2024 roku<\/h1>\n<p>&nbsp;<\/p>\n<p>Rura wydechowa BORLA\u00ae X-pipe o \u015brednicy 2,75 cala z rurami \u015brodkowymi to <strong>TYLKO<\/strong> przeznaczone do u\u017cytku z systemami BORLA\u00ae Axle-Back.<br \/>\nW po\u0142\u0105czeniu z systemem Axle-Back powstaje system Cat-Back\u2122. Model 60607 zawiera rur\u0119 Merge X-Pipe, kt\u00f3ra uwalnia dodatkow\u0105 moc silnika i zapewnia indywidualny d\u017awi\u0119k.<br \/>\nModel 60607 usuwa zawory AFM. Jest przeznaczony do pojazd\u00f3w z manualn\u0105 skrzyni\u0105 bieg\u00f3w, kt\u00f3re nie s\u0105 wyposa\u017cone w zawory AFM, ale mo\u017ce by\u0107 r\u00f3wnie\u017c u\u017cywany do usuwania zawor\u00f3w AFM w pojazdach z automatyczn\u0105 skrzyni\u0105 bieg\u00f3w.<br \/>\nUsuni\u0119cie zawor\u00f3w AFM powoduje zapalenie si\u0119 lampki ostrzegawczej silnika. W przypadku pojazd\u00f3w z zaworami AFM nale\u017cy u\u017cy\u0107 rury X-pipe z rurami \u015brodkowymi 60610.<br \/>\nJe\u015bli chcesz wyt\u0142umi\u0107 d\u017awi\u0119k systemu z 60607, \u015brodkowe rury mo\u017cna zast\u0105pi\u0107 rezonatorem 60608.<br \/>\nWykonane z wysokiej jako\u015bci stali nierdzewnej T-304, kt\u00f3ra jest lepsza od serii T-400 (jak 409), aby zapewni\u0107 absolutnie najlepsz\u0105 wydajno\u015b\u0107 i trwa\u0142o\u015b\u0107.<br \/>\nNiezwykle g\u0142adkie zagi\u0119cia trzpienia maksymalizuj\u0105 przep\u0142yw i wydajno\u015b\u0107, a precyzyjna produkcja sterowana numerycznie (CNC) zapewnia dok\u0142adne dopasowanie.<\/p>\n<p>&nbsp;<\/p>\n<p><strong>Odpowiedni dla:<\/strong><\/p>\n<table width=\"1042\">\n<tbody>\n<tr>\n<td width=\"138\"><strong>Rok<\/strong><\/td>\n<td width=\"168\"><strong>Marka<\/strong><\/td>\n<td width=\"144\"><strong>Model<\/strong><\/td>\n<td width=\"366\"><strong>Wersja<\/strong><\/td>\n<td width=\"226\"><strong>Silnik<\/strong><\/td>\n<\/tr>\n<tr>\n<td width=\"138\">2016\u20132024<\/td>\n<td width=\"168\">Chevrolet<\/td>\n<td width=\"144\">Camaro<\/td>\n<td width=\"366\">Coupe<\/td>\n<td width=\"226\">6.2L<\/td>\n<\/tr>\n<\/tbody>\n<\/table>\n<p><strong>Nie<\/strong> nadaje si\u0119 do kabriolet\u00f3w!<\/p>","protected":false},"excerpt":{"rendered":"<p>2016\u20132024<\/p>","protected":false},"featured_media":68352251,"comment_status":"open","ping_status":"closed","template":"","meta":{"_acf_changed":false},"product_brand":[17170],"product_cat":[3073],"product_tag":[101,19385,1032,191,189,20273,4784],"class_list":{"0":"post-68352249","1":"product","2":"type-product","3":"status-publish","4":"has-post-thumbnail","6":"product_brand-borla","7":"product_cat-camaro-62-2016-abgasanlage","8":"product_tag-6-2","9":"product_tag-19385","10":"product_tag-borla","11":"product_tag-camaro","12":"product_tag-chevrolet","13":"product_tag-keintuev","14":"product_tag-x-pipe","15":"product_shipping_class-speditionsversand-1","17":"first","18":"onbackorder","19":"taxable","20":"shipping-taxable","21":"purchasable","22":"product-type-simple"},"bundled_by":[],"bundle_stock_status":"onbackorder","bundle_stock_quantity":0,"bundle_virtual":false,"bundle_layout":"","bundle_add_to_cart_form_location":"","bundle_editable_in_cart":false,"bundle_sold_individually_context":"","bundle_item_grouping":"","bundle_min_size":"","bundle_max_size":"","bundle_price":[],"bundled_items":[],"bundle_sell_ids":[],"exclude_global_add_ons":[],"addons":[],"acf":[],"_links":{"self":[{"href":"https:\/\/kraftwerk-shop.cc\/pl\/wp-json\/wp\/v2\/product\/68352249","targetHints":{"allow":["GET"]}}],"collection":[{"href":"https:\/\/kraftwerk-shop.cc\/pl\/wp-json\/wp\/v2\/product"}],"about":[{"href":"https:\/\/kraftwerk-shop.cc\/pl\/wp-json\/wp\/v2\/types\/product"}],"replies":[{"embeddable":true,"href":"https:\/\/kraftwerk-shop.cc\/pl\/wp-json\/wp\/v2\/comments?post=68352249"}],"version-history":[{"count":0,"href":"https:\/\/kraftwerk-shop.cc\/pl\/wp-json\/wp\/v2\/product\/68352249\/revisions"}],"wp:featuredmedia":[{"embeddable":true,"href":"https:\/\/kraftwerk-shop.cc\/pl\/wp-json\/wp\/v2\/media\/68352251"}],"wp:attachment":[{"href":"https:\/\/kraftwerk-shop.cc\/pl\/wp-json\/wp\/v2\/media?parent=68352249"}],"wp:term":[{"taxonomy":"product_brand","embeddable":true,"href":"https:\/\/kraftwerk-shop.cc\/pl\/wp-json\/wp\/v2\/product_brand?post=68352249"},{"taxonomy":"product_cat","embeddable":true,"href":"https:\/\/kraftwerk-shop.cc\/pl\/wp-json\/wp\/v2\/product_cat?post=68352249"},{"taxonomy":"product_tag","embeddable":true,"href":"https:\/\/kraftwerk-shop.cc\/pl\/wp-json\/wp\/v2\/product_tag?post=68352249"}],"curies":[{"name":"wp","href":"https:\/\/api.w.org\/{rel}","templated":true}]}}