{"id":68352355,"date":"2025-10-31T18:07:36","date_gmt":"2025-10-31T17:07:36","guid":{"rendered":"https:\/\/kraftwerk-shop.cc\/?post_type=product&#038;p=68352355"},"modified":"2026-03-12T10:39:32","modified_gmt":"2026-03-12T09:39:32","slug":"filtr-powietrza-mopar-challenger-shaker-68256672aa","status":"publish","type":"product","link":"https:\/\/kraftwerk-shop.cc\/pl\/produkt\/mopar-luftfilter-challenger-shaker-68256672aa\/","title":{"rendered":"Filtr powietrza Mopar Challenger Shaker (68256672AA)"},"content":{"rendered":"<h1>Oryginalny filtr powietrza Mopar (68256672AA) dla Dodge Challenger 5.7 &amp; 6.4 Shaker<\/h1>\n<p>&nbsp;<\/p>\n<p><span lang=\"DE\"><strong>Numer cz\u0119\u015bci Mopar:<\/strong>\u00a068256672AA<br \/>\n<strong>Zast\u0105piony: <\/strong><span class=\"list-value\">\u2014<\/span><\/span><\/p>\n<p>&nbsp;<\/p>\n<p><strong>Odpowiedni dla:<\/strong><\/p>\n<table width=\"904\">\n<tbody>\n<tr>\n<td width=\"81\"><strong>Rok<\/strong><\/td>\n<td width=\"199\"><strong>Marka<\/strong><\/td>\n<td width=\"174\"><strong>Model<\/strong><\/td>\n<td width=\"369\"><strong>Wariant<\/strong><\/td>\n<td width=\"81\"><strong>Silnik<\/strong><\/td>\n<\/tr>\n<tr>\n<td width=\"81\">2015-2023<\/td>\n<td width=\"199\">Dodge<\/td>\n<td width=\"174\">Challenger<\/td>\n<td width=\"369\">Shaker<\/td>\n<td width=\"81\">V8-5.7L<\/td>\n<\/tr>\n<tr>\n<td width=\"81\">2015-2023<\/td>\n<td width=\"199\">Dodge<\/td>\n<td width=\"174\">Challenger<\/td>\n<td width=\"369\">Shaker<\/td>\n<td width=\"81\">V8 6.4 L<\/td>\n<\/tr>\n<\/tbody>\n<\/table>\n<p>&nbsp;<\/p>\n<p>&nbsp;<\/p>\n<h4>Oryginalne cz\u0119\u015bci Mopar - jako\u015b\u0107 bezpo\u015brednio od producenta<\/h4>\n<p><strong>Precyzja zgodna z wymaganiami producenta:<\/strong> Jako producent oryginalnych cz\u0119\u015bci, Mopar dostarcza komponenty, kt\u00f3re dok\u0142adnie odpowiadaj\u0105 specyfikacjom Twojego pojazdu. Precyzyjna produkcja zapewnia bezproblemow\u0105 instalacj\u0119 i zgodno\u015b\u0107 ze wszystkimi wymogami bezpiecze\u0144stwa.<\/p>\n<p><strong>Trwa\u0142o\u015b\u0107 i niezawodno\u015b\u0107:<\/strong> Oryginalne cz\u0119\u015bci Mopar s\u0105 produkowane z wysokiej jako\u015bci materia\u0142\u00f3w i podlegaj\u0105 rygorystycznym testom jako\u015bci. Zosta\u0142y zaprojektowane z my\u015bl\u0105 o d\u0142ugiej \u017cywotno\u015bci i zapewniaj\u0105 sta\u0142\u0105 wydajno\u015b\u0107 nawet przy intensywnym u\u017cytkowaniu.<\/p>\n<p>&nbsp;<\/p>","protected":false},"excerpt":{"rendered":"<p>Oryginalna cz\u0119\u015b\u0107 Mopar, 2015 - 2023<\/p>","protected":false},"featured_media":68352350,"comment_status":"open","ping_status":"closed","template":"","meta":{"_acf_changed":false},"product_brand":[16270],"product_cat":[10262,2501,1679,2512,1703],"product_tag":[19359,19360,19361,19362,31,8813,9424,16271,16273,16275,16272,16274,7221],"class_list":{"0":"post-68352355","1":"product","2":"type-product","3":"status-publish","4":"has-post-thumbnail","6":"product_brand-mopar","7":"product_cat-alle-produkte","8":"product_cat-challenger-57-ansaugung","9":"product_cat-challenger-57-wartung","10":"product_cat-challenger-64-ansaugung","11":"product_cat-challenger-64-wartung","12":"product_tag-68256672aa","13":"product_tag-77070043ac","14":"product_tag-77070044ac","15":"product_tag-77070044ad","16":"product_tag-mopar","17":"product_tag-mopar-autoteile","18":"product_tag-mopar-ersatzteile","19":"product_tag-mopar-ersatzteile-kaufen","20":"product_tag-mopar-performance-teile","21":"product_tag-mopar-teile-katalog","22":"product_tag-mopar-teile-online","23":"product_tag-mopar-tuningteile","24":"product_tag-mopar10","26":"first","27":"instock","28":"taxable","29":"shipping-taxable","30":"purchasable","31":"product-type-simple"},"bundled_by":[],"bundle_stock_status":"instock","bundle_stock_quantity":5,"bundle_virtual":false,"bundle_layout":"","bundle_add_to_cart_form_location":"","bundle_editable_in_cart":false,"bundle_sold_individually_context":"","bundle_item_grouping":"","bundle_min_size":"","bundle_max_size":"","bundle_price":[],"bundled_items":[],"bundle_sell_ids":[],"exclude_global_add_ons":[],"addons":[],"acf":[],"_links":{"self":[{"href":"https:\/\/kraftwerk-shop.cc\/pl\/wp-json\/wp\/v2\/product\/68352355","targetHints":{"allow":["GET"]}}],"collection":[{"href":"https:\/\/kraftwerk-shop.cc\/pl\/wp-json\/wp\/v2\/product"}],"about":[{"href":"https:\/\/kraftwerk-shop.cc\/pl\/wp-json\/wp\/v2\/types\/product"}],"replies":[{"embeddable":true,"href":"https:\/\/kraftwerk-shop.cc\/pl\/wp-json\/wp\/v2\/comments?post=68352355"}],"version-history":[{"count":0,"href":"https:\/\/kraftwerk-shop.cc\/pl\/wp-json\/wp\/v2\/product\/68352355\/revisions"}],"wp:featuredmedia":[{"embeddable":true,"href":"https:\/\/kraftwerk-shop.cc\/pl\/wp-json\/wp\/v2\/media\/68352350"}],"wp:attachment":[{"href":"https:\/\/kraftwerk-shop.cc\/pl\/wp-json\/wp\/v2\/media?parent=68352355"}],"wp:term":[{"taxonomy":"product_brand","embeddable":true,"href":"https:\/\/kraftwerk-shop.cc\/pl\/wp-json\/wp\/v2\/product_brand?post=68352355"},{"taxonomy":"product_cat","embeddable":true,"href":"https:\/\/kraftwerk-shop.cc\/pl\/wp-json\/wp\/v2\/product_cat?post=68352355"},{"taxonomy":"product_tag","embeddable":true,"href":"https:\/\/kraftwerk-shop.cc\/pl\/wp-json\/wp\/v2\/product_tag?post=68352355"}],"curies":[{"name":"wp","href":"https:\/\/api.w.org\/{rel}","templated":true}]}}