{"id":68352435,"date":"2025-11-01T13:37:04","date_gmt":"2025-11-01T12:37:04","guid":{"rendered":"https:\/\/kraftwerk-shop.cc\/?post_type=product&#038;p=68352435"},"modified":"2026-04-01T16:39:43","modified_gmt":"2026-04-01T14:39:43","slug":"filtr-oleju-mopar-68466307ab","status":"publish","type":"product","link":"https:\/\/kraftwerk-shop.cc\/pl\/produkt\/mopar-oelfilter-68466307ab\/","title":{"rendered":"Filtr oleju Mopar (68466307AB)"},"content":{"rendered":"<h1>Filtr oleju Mopar 68466307AB - <span lang=\"DE\" style=\"display: inline;\">Oryginalna cz\u0119\u015b\u0107 zamienna<\/span><\/h1>\n<p>&nbsp;<\/p>\n<p><span lang=\"DE\"><strong>Numer cz\u0119\u015bci Mopar:<\/strong>\u00a068466307AB<br \/>\n<strong>Zast\u0105piony:<\/strong>\u00a0\u00a068466307AA<\/span><\/p>\n<p>&nbsp;<\/p>\n<p>Aby silnik dzia\u0142a\u0142 prawid\u0142owo, musi by\u0107 zasilany czystym olejem silnikowym. Rzecz w tym, \u017ce nawet nowy olej silnikowy mo\u017ce zawiera\u0107 zanieczyszczenia. Gdy przep\u0142ywaj\u0105 one przez silnik, gromadz\u0105 si\u0119 na r\u00f3\u017cnych cz\u0119\u015bciach i wp\u0142ywaj\u0105 na jego sprawne dzia\u0142anie.<br \/>\nWraz z innymi zanieczyszczeniami, kt\u00f3re olej silnikowy zbiera na swojej drodze przez silnik, mo\u017ce to prowadzi\u0107 do jego uszkodzenia.<br \/>\nW tym miejscu do gry wkracza oryginalny filtr oleju Mopar.<br \/>\nPrzechwytuje on te mikroskopijne zanieczyszczenia na drodze oleju, dzi\u0119ki czemu tylko czysty olej przep\u0142ywa z powrotem do silnika i smaruje r\u00f3\u017cne jego cz\u0119\u015bci. Z czasem jednak nawet wysokiej jako\u015bci filtr oleju ulega uszkodzeniu lub zatkaniu.<\/p>\n<p>Je\u015bli filtr oleju wymaga wymiany, upewnij si\u0119, \u017ce u\u017cywasz oryginalnego filtra oleju Mopar. S\u0105 to jedyne filtry, kt\u00f3re s\u0105 kompatybilne z silnikiem Twojego modelu, wi\u0119c mo\u017cesz polega\u0107 na ich dopasowaniu i wydajno\u015bci.<br \/>\nFiltr oleju od zewn\u0119trznego dostawcy mo\u017ce nie by\u0107 idealnie dopasowany, co mo\u017ce prowadzi\u0107 do wyciek\u00f3w lub nawet powa\u017cniejszych problem\u00f3w z silnikiem.<br \/>\nW naszym asortymencie online mo\u017cna znale\u017a\u0107 oryginalne filtry oleju Mopar, kt\u00f3re s\u0105 odpowiednie dla danego pojazdu.<\/p>\n<p>Ta oryginalna cz\u0119\u015b\u0107 Mopar spe\u0142nia wszystkie wymagania gwarancji fabrycznej.<\/p>\n<p>&nbsp;<\/p>\n<p><strong>Odpowiedni dla:<\/strong><\/p>\n<table width=\"910\">\n<tbody>\n<tr>\n<td width=\"138\"><strong>Rok<\/strong><\/td>\n<td width=\"168\"><strong>Marka<\/strong><\/td>\n<td width=\"144\"><strong>Model<\/strong><\/td>\n<td width=\"234\"><strong>Wersja<\/strong><\/td>\n<td width=\"226\"><strong>Silnik<\/strong><\/td>\n<\/tr>\n<tr>\n<td width=\"138\">2026<\/td>\n<td width=\"168\">Ram<\/td>\n<td width=\"144\">1500<\/td>\n<td width=\"234\">Big Horn, Express, Laramie, Limited, Limited Longhorn, Lone Star, RHO, Rebel, Tradesman, Tungsten, Warlock<\/td>\n<td width=\"226\">3.0L<\/td>\n<\/tr>\n<tr>\n<td width=\"138\">2025<\/td>\n<td width=\"168\">Ram<\/td>\n<td width=\"144\">1500<\/td>\n<td width=\"234\">Big Horn, Laramie, Limited, Limited Longhorn, Lone Star, RHO, Rebel, Tradesman, Tradesman HFE, Tungsten, Warlock<\/td>\n<td width=\"226\">3.0L<\/td>\n<\/tr>\n<tr>\n<td width=\"138\">2024<\/td>\n<td width=\"168\">Jeep<\/td>\n<td width=\"144\">Grand Wagoneer<\/td>\n<td width=\"234\">Base, Obsidian, Series II, Series III, Series III Obsidian<\/td>\n<td width=\"226\">3.0L<\/td>\n<\/tr>\n<tr>\n<td width=\"138\">2024<\/td>\n<td width=\"168\">Jeep<\/td>\n<td width=\"144\">Grand Wagoneer L<\/td>\n<td width=\"234\">Podstawa, Obsydian, Seria III, Seria III Obsydian<\/td>\n<td width=\"226\">3.0L<\/td>\n<\/tr>\n<tr>\n<td width=\"138\">2024<\/td>\n<td width=\"168\">Jeep<\/td>\n<td width=\"144\">Wagoneer<\/td>\n<td width=\"234\">Base, Carbide, Series II, Series III<\/td>\n<td width=\"226\">3.0L<\/td>\n<\/tr>\n<tr>\n<td width=\"138\">2024<\/td>\n<td width=\"168\">Jeep<\/td>\n<td width=\"144\">Wagoneer L<\/td>\n<td width=\"234\">Base, Carbide, Series II, Series III<\/td>\n<td width=\"226\">3.0L<\/td>\n<\/tr>\n<tr>\n<td width=\"138\">2023<\/td>\n<td width=\"168\">Jeep<\/td>\n<td width=\"144\">Grand Wagoneer<\/td>\n<td width=\"234\">Base, Obsidian, Series II, Series III, Series III Obsidian<\/td>\n<td width=\"226\">3.0L<\/td>\n<\/tr>\n<tr>\n<td width=\"138\">2023<\/td>\n<td width=\"168\">Jeep<\/td>\n<td width=\"144\">Grand Wagoneer L<\/td>\n<td width=\"234\">Base, Obsidian, Series II, Series III, Series III Obsidian<\/td>\n<td width=\"226\">3.0L<\/td>\n<\/tr>\n<tr>\n<td width=\"138\">2023<\/td>\n<td width=\"168\">Jeep<\/td>\n<td width=\"144\">Wagoneer<\/td>\n<td width=\"234\">Base, Carbide, Series II, Series III<\/td>\n<td width=\"226\">3.0L<\/td>\n<\/tr>\n<tr>\n<td width=\"138\">2023<\/td>\n<td width=\"168\">Jeep<\/td>\n<td width=\"144\">Wagoneer L<\/td>\n<td width=\"234\">Base, Carbide, Series II, Series III<\/td>\n<td width=\"226\">3.0L<\/td>\n<\/tr>\n<tr>\n<td width=\"138\">2022<\/td>\n<td width=\"168\">Jeep<\/td>\n<td width=\"144\">Grand Wagoneer<\/td>\n<td width=\"234\">Obsidian, Series I, Series II, Series III<\/td>\n<td width=\"226\">3.0L<\/td>\n<\/tr>\n<\/tbody>\n<\/table>\n<p>&nbsp;<\/p>","protected":false},"excerpt":{"rendered":"<p>Oryginalna cz\u0119\u015b\u0107 Mopar<\/p>","protected":false},"featured_media":68352654,"comment_status":"open","ping_status":"closed","template":"","meta":{"_acf_changed":false},"product_brand":[16270],"product_cat":[10262,17019,19391],"product_tag":[475,89,10815,19138,19395,19393,49,648,19394,15667,675,36,31,8813,9424,16271,16273,16275,16272,16274,7221,404,2320,647,2453,655,34,35,86,3507,6831,19136,674,19139,38,37,673],"class_list":{"0":"post-68352435","1":"product","2":"type-product","3":"status-publish","4":"has-post-thumbnail","6":"product_brand-mopar","7":"product_cat-alle-produkte","8":"product_cat-wagoneer-30-wartung","9":"product_cat-1500-30-wartung","10":"product_tag-475","11":"product_tag-3-0","12":"product_tag-30-tt-hurricane","13":"product_tag-3-0l-tt-hurricane","14":"product_tag-68466307aa","15":"product_tag-68466307ab","16":"product_tag-dodge","17":"product_tag-filter","18":"product_tag-ho","19":"product_tag-hurricane","20":"product_tag-inspektion","21":"product_tag-kraftwerk","22":"product_tag-mopar","23":"product_tag-mopar-autoteile","24":"product_tag-mopar-ersatzteile","25":"product_tag-mopar-ersatzteile-kaufen","26":"product_tag-mopar-performance-teile","27":"product_tag-mopar-teile-katalog","28":"product_tag-mopar-teile-online","29":"product_tag-mopar-tuningteile","30":"product_tag-mopar10","31":"product_tag-motoroel","32":"product_tag-motoroelfilter","33":"product_tag-oelfilter","34":"product_tag-oelfilter10","35":"product_tag-oelwechsel","36":"product_tag-original","37":"product_tag-originalersatzteil","38":"product_tag-ram","39":"product_tag-ram1500","40":"product_tag-ram-dt","41":"product_tag-rho","42":"product_tag-service","43":"product_tag-so","44":"product_tag-teile","45":"product_tag-wartung","46":"product_tag-zubehoer","48":"first","49":"instock","50":"taxable","51":"shipping-taxable","52":"purchasable","53":"product-type-simple"},"bundled_by":[],"bundle_stock_status":"instock","bundle_stock_quantity":12,"bundle_virtual":false,"bundle_layout":"","bundle_add_to_cart_form_location":"","bundle_editable_in_cart":false,"bundle_sold_individually_context":"","bundle_item_grouping":"","bundle_min_size":"","bundle_max_size":"","bundle_price":[],"bundled_items":[],"bundle_sell_ids":[],"exclude_global_add_ons":[],"addons":[],"acf":[],"_links":{"self":[{"href":"https:\/\/kraftwerk-shop.cc\/pl\/wp-json\/wp\/v2\/product\/68352435","targetHints":{"allow":["GET"]}}],"collection":[{"href":"https:\/\/kraftwerk-shop.cc\/pl\/wp-json\/wp\/v2\/product"}],"about":[{"href":"https:\/\/kraftwerk-shop.cc\/pl\/wp-json\/wp\/v2\/types\/product"}],"replies":[{"embeddable":true,"href":"https:\/\/kraftwerk-shop.cc\/pl\/wp-json\/wp\/v2\/comments?post=68352435"}],"version-history":[{"count":0,"href":"https:\/\/kraftwerk-shop.cc\/pl\/wp-json\/wp\/v2\/product\/68352435\/revisions"}],"wp:featuredmedia":[{"embeddable":true,"href":"https:\/\/kraftwerk-shop.cc\/pl\/wp-json\/wp\/v2\/media\/68352654"}],"wp:attachment":[{"href":"https:\/\/kraftwerk-shop.cc\/pl\/wp-json\/wp\/v2\/media?parent=68352435"}],"wp:term":[{"taxonomy":"product_brand","embeddable":true,"href":"https:\/\/kraftwerk-shop.cc\/pl\/wp-json\/wp\/v2\/product_brand?post=68352435"},{"taxonomy":"product_cat","embeddable":true,"href":"https:\/\/kraftwerk-shop.cc\/pl\/wp-json\/wp\/v2\/product_cat?post=68352435"},{"taxonomy":"product_tag","embeddable":true,"href":"https:\/\/kraftwerk-shop.cc\/pl\/wp-json\/wp\/v2\/product_tag?post=68352435"}],"curies":[{"name":"wp","href":"https:\/\/api.w.org\/{rel}","templated":true}]}}