{"id":68352441,"date":"2025-11-01T14:52:34","date_gmt":"2025-11-01T13:52:34","guid":{"rendered":"https:\/\/kraftwerk-shop.cc\/?post_type=product&#038;p=68352441"},"modified":"2026-02-15T01:26:20","modified_gmt":"2026-02-15T00:26:20","slug":"swiece-zaplonowe-mopar-68265438ab","status":"publish","type":"product","link":"https:\/\/kraftwerk-shop.cc\/pl\/produkt\/mopar-zuendkerzen-68265438ab\/","title":{"rendered":"\u015awiece zap\u0142onowe Mopar 68265438AB (6 sztuk)"},"content":{"rendered":"<h1>Oryginalne \u015bwiece zap\u0142onowe Mopar 68265438AB (6 sztuk) do Jeep, Wagoneer, Grand Wagoneer i RAM 3.0<\/h1>\n<p>&nbsp;<\/p>\n<p><span lang=\"DE\"><strong>Numer cz\u0119\u015bci Mopar:<\/strong>\u00a068265438AB<br \/>\n<strong>Zast\u0105piony: <\/strong>68265438AA<\/span><\/p>\n<p>&nbsp;<\/p>\n<p><strong>Odpowiedni dla:<\/strong><\/p>\n<table style=\"height: 739px;\" width=\"1035\">\n<tbody>\n<tr>\n<td style=\"width: 151.683px;\"><strong>Rok<\/strong><\/td>\n<td style=\"width: 184.567px;\"><strong>Marka<\/strong><\/td>\n<td style=\"width: 158.267px;\"><strong>Model<\/strong><\/td>\n<td style=\"width: 256.933px;\"><strong>Wersja<\/strong><\/td>\n<td style=\"width: 248.15px;\"><strong>Silnik<\/strong><\/td>\n<\/tr>\n<tr>\n<td style=\"width: 151.683px;\">2026<\/td>\n<td style=\"width: 184.567px;\">Ram<\/td>\n<td style=\"width: 158.267px;\">1500<\/td>\n<td style=\"width: 256.933px;\">Big Horn, Express, Laramie, Limited, Limited Longhorn, Lone Star, RHO, Rebel, Tradesman, Tungsten, Warlock<\/td>\n<td style=\"width: 248.15px;\">3.0L<\/td>\n<\/tr>\n<tr>\n<td style=\"width: 151.683px;\">2025<\/td>\n<td style=\"width: 184.567px;\">Ram<\/td>\n<td style=\"width: 158.267px;\">1500<\/td>\n<td style=\"width: 256.933px;\">Big Horn, Laramie, Limited, Limited Longhorn, Lone Star, RHO, Rebel, Tradesman, Tradesman HFE, Tungsten, Warlock<\/td>\n<td style=\"width: 248.15px;\">3.0L<\/td>\n<\/tr>\n<tr>\n<td style=\"width: 151.683px;\">2024<\/td>\n<td style=\"width: 184.567px;\">Jeep<\/td>\n<td style=\"width: 158.267px;\">Grand Wagoneer<\/td>\n<td style=\"width: 256.933px;\">Base, Obsidian, Series II, Series III, Series III Obsidian<\/td>\n<td style=\"width: 248.15px;\">3.0L<\/td>\n<\/tr>\n<tr>\n<td style=\"width: 151.683px;\">2024<\/td>\n<td style=\"width: 184.567px;\">Jeep<\/td>\n<td style=\"width: 158.267px;\">Grand Wagoneer L<\/td>\n<td style=\"width: 256.933px;\">Podstawa, Obsydian, Seria III, Seria III Obsydian<\/td>\n<td style=\"width: 248.15px;\">3.0L<\/td>\n<\/tr>\n<tr>\n<td style=\"width: 151.683px;\">2024<\/td>\n<td style=\"width: 184.567px;\">Jeep<\/td>\n<td style=\"width: 158.267px;\">Wagoneer<\/td>\n<td style=\"width: 256.933px;\">Base, Carbide, Series II, Series III<\/td>\n<td style=\"width: 248.15px;\">3.0L<\/td>\n<\/tr>\n<tr>\n<td style=\"width: 151.683px;\">2024<\/td>\n<td style=\"width: 184.567px;\">Jeep<\/td>\n<td style=\"width: 158.267px;\">Wagoneer L<\/td>\n<td style=\"width: 256.933px;\">Base, Carbide, Series II, Series III<\/td>\n<td style=\"width: 248.15px;\">3.0L<\/td>\n<\/tr>\n<tr>\n<td style=\"width: 151.683px;\">2023<\/td>\n<td style=\"width: 184.567px;\">Jeep<\/td>\n<td style=\"width: 158.267px;\">Grand Wagoneer<\/td>\n<td style=\"width: 256.933px;\">Base, Obsidian, Series II, Series III, Series III Obsidian<\/td>\n<td style=\"width: 248.15px;\">3.0L<\/td>\n<\/tr>\n<tr>\n<td style=\"width: 151.683px;\">2023<\/td>\n<td style=\"width: 184.567px;\">Jeep<\/td>\n<td style=\"width: 158.267px;\">Grand Wagoneer L<\/td>\n<td style=\"width: 256.933px;\">Base, Obsidian, Series II, Series III, Series III Obsidian<\/td>\n<td style=\"width: 248.15px;\">3.0L<\/td>\n<\/tr>\n<tr>\n<td style=\"width: 151.683px;\">2023<\/td>\n<td style=\"width: 184.567px;\">Jeep<\/td>\n<td style=\"width: 158.267px;\">Wagoneer<\/td>\n<td style=\"width: 256.933px;\">Base, Carbide, Series II, Series III<\/td>\n<td style=\"width: 248.15px;\">3.0L<\/td>\n<\/tr>\n<tr>\n<td style=\"width: 151.683px;\">2023<\/td>\n<td style=\"width: 184.567px;\">Jeep<\/td>\n<td style=\"width: 158.267px;\">Wagoneer L<\/td>\n<td style=\"width: 256.933px;\">Base, Carbide, Series II, Series III<\/td>\n<td style=\"width: 248.15px;\">3.0L<\/td>\n<\/tr>\n<tr>\n<td style=\"width: 151.683px;\">2022<\/td>\n<td style=\"width: 184.567px;\">Jeep<\/td>\n<td style=\"width: 158.267px;\">Grand Wagoneer<\/td>\n<td style=\"width: 256.933px;\">Obsidian, Series I, Series II, Series III<\/td>\n<td style=\"width: 248.15px;\">3.0L<\/td>\n<\/tr>\n<\/tbody>\n<\/table>\n<p>&nbsp;<\/p>\n<h4>Dlaczego warto wybra\u0107 oryginalne cz\u0119\u015bci zamienne Mopar?<\/h4>\n<p><strong>Idealne dopasowanie i najwy\u017csza jako\u015b\u0107:<\/strong> Oryginalne cz\u0119\u015bci zamienne Mopar s\u0105 produkowane zgodnie ze \u015bcis\u0142ymi specyfikacjami producenta, co oznacza, \u017ce idealnie pasuj\u0105 do Twojego pojazdu. Zapewnia to nie tylko \u0142atw\u0105 instalacj\u0119, ale tak\u017ce optymaln\u0105 funkcjonalno\u015b\u0107 i bezpiecze\u0144stwo.<\/p>\n<p><strong>Niezawodno\u015b\u0107 i trwa\u0142o\u015b\u0107:<\/strong> Dzi\u0119ki zastosowaniu wysokiej jako\u015bci materia\u0142\u00f3w i rygorystycznej kontroli jako\u015bci, cz\u0119\u015bci zamienne Mopar zapewniaj\u0105 niezawodne dzia\u0142anie pojazdu nawet w ekstremalnych warunkach. Zosta\u0142y zaprojektowane z my\u015bl\u0105 o trwa\u0142o\u015bci i maksymalizacji osi\u0105g\u00f3w pojazdu.<\/p>\n<p>&nbsp;<\/p>","protected":false},"excerpt":{"rendered":"<p>Oryginalna cz\u0119\u015b\u0107 Mopar<\/p>","protected":false},"featured_media":68353246,"comment_status":"open","ping_status":"closed","template":"","meta":{"_acf_changed":false},"product_brand":[16270],"product_cat":[10262,17019,17012,19391,19962],"product_tag":[475,89,10815,19138,19397,19396,49,476,6545,19394,15667,50,31,8813,9424,16271,16273,16275,16272,16274,7221,86,19136,19139,198,5276,3574,1073],"class_list":{"0":"post-68352441","1":"product","2":"type-product","3":"status-publish","4":"has-post-thumbnail","6":"product_brand-mopar","7":"product_cat-alle-produkte","8":"product_cat-wagoneer-30-wartung","9":"product_cat-wagoneer-30-zuendung","10":"product_cat-1500-30-wartung","11":"product_cat-1500-30-zuendung","12":"product_tag-475","13":"product_tag-3-0","14":"product_tag-30-tt-hurricane","15":"product_tag-3-0l-tt-hurricane","16":"product_tag-68265438aa","17":"product_tag-68265438ab","18":"product_tag-dodge","19":"product_tag-dt","20":"product_tag-grand-wagoneer","21":"product_tag-ho","22":"product_tag-hurricane","23":"product_tag-jeep","24":"product_tag-mopar","25":"product_tag-mopar-autoteile","26":"product_tag-mopar-ersatzteile","27":"product_tag-mopar-ersatzteile-kaufen","28":"product_tag-mopar-performance-teile","29":"product_tag-mopar-teile-katalog","30":"product_tag-mopar-teile-online","31":"product_tag-mopar-tuningteile","32":"product_tag-mopar10","33":"product_tag-ram","34":"product_tag-rho","35":"product_tag-so","36":"product_tag-v6","37":"product_tag-wagoneer","38":"product_tag-zuendkerze","39":"product_tag-zuendkerzen","41":"first","42":"instock","43":"taxable","44":"shipping-taxable","45":"purchasable","46":"product-type-simple"},"bundled_by":[],"bundle_stock_status":"instock","bundle_stock_quantity":2,"bundle_virtual":false,"bundle_layout":"","bundle_add_to_cart_form_location":"","bundle_editable_in_cart":false,"bundle_sold_individually_context":"","bundle_item_grouping":"","bundle_min_size":"","bundle_max_size":"","bundle_price":[],"bundled_items":[],"bundle_sell_ids":[],"exclude_global_add_ons":[],"addons":[],"acf":[],"_links":{"self":[{"href":"https:\/\/kraftwerk-shop.cc\/pl\/wp-json\/wp\/v2\/product\/68352441","targetHints":{"allow":["GET"]}}],"collection":[{"href":"https:\/\/kraftwerk-shop.cc\/pl\/wp-json\/wp\/v2\/product"}],"about":[{"href":"https:\/\/kraftwerk-shop.cc\/pl\/wp-json\/wp\/v2\/types\/product"}],"replies":[{"embeddable":true,"href":"https:\/\/kraftwerk-shop.cc\/pl\/wp-json\/wp\/v2\/comments?post=68352441"}],"version-history":[{"count":0,"href":"https:\/\/kraftwerk-shop.cc\/pl\/wp-json\/wp\/v2\/product\/68352441\/revisions"}],"wp:featuredmedia":[{"embeddable":true,"href":"https:\/\/kraftwerk-shop.cc\/pl\/wp-json\/wp\/v2\/media\/68353246"}],"wp:attachment":[{"href":"https:\/\/kraftwerk-shop.cc\/pl\/wp-json\/wp\/v2\/media?parent=68352441"}],"wp:term":[{"taxonomy":"product_brand","embeddable":true,"href":"https:\/\/kraftwerk-shop.cc\/pl\/wp-json\/wp\/v2\/product_brand?post=68352441"},{"taxonomy":"product_cat","embeddable":true,"href":"https:\/\/kraftwerk-shop.cc\/pl\/wp-json\/wp\/v2\/product_cat?post=68352441"},{"taxonomy":"product_tag","embeddable":true,"href":"https:\/\/kraftwerk-shop.cc\/pl\/wp-json\/wp\/v2\/product_tag?post=68352441"}],"curies":[{"name":"wp","href":"https:\/\/api.w.org\/{rel}","templated":true}]}}