{"id":68352454,"date":"2025-11-01T16:56:18","date_gmt":"2025-11-01T15:56:18","guid":{"rendered":"https:\/\/kraftwerk-shop.cc\/?post_type=product&#038;p=68352454"},"modified":"2026-02-15T01:26:19","modified_gmt":"2026-02-15T00:26:19","slug":"kolo-pasowe-hellcat-trackhawk-trx-3-17","status":"publish","type":"product","link":"https:\/\/kraftwerk-shop.cc\/pl\/produkt\/hellcat-trackhawk-trx-3-17-pulley\/","title":{"rendered":"Hellcat \/ Trackhawk \/ Ko\u0142o kompresora TRX 3,17\u2033 z wolnym ko\u0142em"},"content":{"rendered":"<h1>Ko\u0142o pasowe do\u0142adowania HellRaiser 3,17\u2033 dla wy\u017cszego ci\u015bnienia do\u0142adowania<\/h1>\n<p>&nbsp;<\/p>\n<p>Ko\u0142o spr\u0119\u017carki ma wolne ko\u0142o. Ci\u015bnienie do\u0142adowania wzrasta o oko\u0142o 1-2 PSI (0,07-0,14 bara).<\/p>\n<p>Ko\u0142o pasowe HellRaiser od Litens High Performance ma \u015brednic\u0119 3,17 cala i ma tak\u0105 sam\u0105 konstrukcj\u0119 jak standardowe ko\u0142a pasowe, kt\u00f3re maj\u0105 \u015brednic\u0119 3,43 cala.<\/p>\n<p>&nbsp;<\/p>\n<p><strong>Odpowiedni dla:<\/strong><\/p>\n<table width=\"449\">\n<tbody>\n<tr>\n<td width=\"115\"><strong>Marka<\/strong><\/td>\n<td width=\"145\"><strong>Model<\/strong><\/td>\n<td width=\"106\"><strong>Silnik<\/strong><\/td>\n<td width=\"83\"><strong>Rok<\/strong><\/td>\n<\/tr>\n<tr>\n<td width=\"115\">Dodge<\/td>\n<td width=\"145\">Charger<\/td>\n<td width=\"106\">6.2 Hellcat<\/td>\n<td width=\"83\">2015\u20132023<\/td>\n<\/tr>\n<tr>\n<td width=\"115\">Dodge<\/td>\n<td width=\"145\">Challenger<\/td>\n<td width=\"106\">6.2 Hellcat<\/td>\n<td width=\"83\">2015\u20132023<\/td>\n<\/tr>\n<tr>\n<td width=\"115\">Dodge<\/td>\n<td width=\"145\">Durango<\/td>\n<td width=\"106\">6.2 Hellcat<\/td>\n<td width=\"83\">2021\u20132025<\/td>\n<\/tr>\n<tr>\n<td width=\"115\">Jeep<\/td>\n<td width=\"145\">Grand Cherokee<\/td>\n<td width=\"106\">6.2 Trackhawk<\/td>\n<td width=\"83\">2018\u20132021<\/td>\n<\/tr>\n<tr>\n<td width=\"115\">RAM<\/td>\n<td width=\"145\">1500<\/td>\n<td width=\"106\">TRX<\/td>\n<td width=\"83\">2021\u20132024<\/td>\n<\/tr>\n<\/tbody>\n<\/table>\n<p>&nbsp;<\/p>\n<p><strong>Uwagi:<\/strong><\/p>\n<ul>\n<li>To ko\u0142o pasowe jest przeznaczone wy\u0142\u0105cznie do profesjonalnego monta\u017cu<\/li>\n<li>Do instalacji wymagane s\u0105 specjalne narz\u0119dzia<\/li>\n<li>Pasuj\u0105cy pasek wchodzi w zakres dostawy<\/li>\n<li>Niezale\u017cnie od indywidualnych \u017ar\u00f3de\u0142, kt\u00f3re wskazuj\u0105, \u017ce regulacja jednostki steruj\u0105cej silnika nie jest konieczna, nie ponosimy za to \u017cadnej gwarancji ani odpowiedzialno\u015bci. Wszelkie modyfikacje dokonywane s\u0105 wy\u0142\u0105cznie na w\u0142asne ryzyko u\u017cytkownika<\/li>\n<li>Do\u0142\u0105czona instrukcja instalacji<\/li>\n<\/ul>","protected":false},"excerpt":{"rendered":"<p>3.17&#8243; HellRaiser Supercharger Pulley f\u00fcr h\u00f6heren Ladedruck &nbsp; Das Kompressorrad verf\u00fcgt \u00fcber einen Freilauf. Der Ladedruck wird um ca. 1-2<\/p>","protected":false},"featured_media":68275451,"comment_status":"open","ping_status":"closed","template":"","meta":{"_acf_changed":false},"product_brand":[19062],"product_cat":[2585,2709,2708,2669,2701],"product_tag":[475,19402,101,19401,54,53,729,49,3853,3854,3415,728,56,2452,100,731,723,50,4425,4427,4426,722,242,394,36,382,730,397,86,721,246,102,2353,233],"class_list":{"0":"post-68352454","1":"product","2":"type-product","3":"status-publish","4":"has-post-thumbnail","6":"product_brand-litens","7":"product_cat-challenger-hellcat-kompressor","8":"product_cat-charger-hellcat-kompressor","9":"product_cat-durango-hellcat-kompressor","10":"product_cat-trackhawk-kompressor","11":"product_cat-trx-kompressor","12":"product_tag-475","13":"product_tag-3-17","14":"product_tag-6-2","15":"product_tag-920668k","16":"product_tag-challenger","17":"product_tag-charger","18":"product_tag-clutched","19":"product_tag-dodge","20":"product_tag-dodge-challenger","21":"product_tag-dodge-charger","22":"product_tag-erhoehen","23":"product_tag-freilauf","24":"product_tag-grand-cherokee","25":"product_tag-hcsc","26":"product_tag-hellcat","27":"product_tag-hellraiser","28":"product_tag-hoeher","29":"product_tag-jeep","30":"product_tag-jeep-grand-cherokee","31":"product_tag-jeep-grand-cherokee-trackhawk","32":"product_tag-jeep-trackhawk","33":"product_tag-kleiner","34":"product_tag-kompressor","35":"product_tag-kompressorrad","36":"product_tag-kraftwerk","37":"product_tag-ladedruck","38":"product_tag-litens","39":"product_tag-pulley","40":"product_tag-ram","41":"product_tag-riemenscheibe","42":"product_tag-supercharger","43":"product_tag-trackhawk","44":"product_tag-trx","45":"product_tag-tuning","47":"first","48":"onbackorder","49":"taxable","50":"shipping-taxable","51":"purchasable","52":"product-type-simple"},"bundled_by":[],"bundle_stock_status":"onbackorder","bundle_stock_quantity":0,"bundle_virtual":false,"bundle_layout":"","bundle_add_to_cart_form_location":"","bundle_editable_in_cart":false,"bundle_sold_individually_context":"","bundle_item_grouping":"","bundle_min_size":"","bundle_max_size":"","bundle_price":[],"bundled_items":[],"bundle_sell_ids":[],"exclude_global_add_ons":[],"addons":[],"acf":[],"_links":{"self":[{"href":"https:\/\/kraftwerk-shop.cc\/pl\/wp-json\/wp\/v2\/product\/68352454","targetHints":{"allow":["GET"]}}],"collection":[{"href":"https:\/\/kraftwerk-shop.cc\/pl\/wp-json\/wp\/v2\/product"}],"about":[{"href":"https:\/\/kraftwerk-shop.cc\/pl\/wp-json\/wp\/v2\/types\/product"}],"replies":[{"embeddable":true,"href":"https:\/\/kraftwerk-shop.cc\/pl\/wp-json\/wp\/v2\/comments?post=68352454"}],"version-history":[{"count":0,"href":"https:\/\/kraftwerk-shop.cc\/pl\/wp-json\/wp\/v2\/product\/68352454\/revisions"}],"wp:featuredmedia":[{"embeddable":true,"href":"https:\/\/kraftwerk-shop.cc\/pl\/wp-json\/wp\/v2\/media\/68275451"}],"wp:attachment":[{"href":"https:\/\/kraftwerk-shop.cc\/pl\/wp-json\/wp\/v2\/media?parent=68352454"}],"wp:term":[{"taxonomy":"product_brand","embeddable":true,"href":"https:\/\/kraftwerk-shop.cc\/pl\/wp-json\/wp\/v2\/product_brand?post=68352454"},{"taxonomy":"product_cat","embeddable":true,"href":"https:\/\/kraftwerk-shop.cc\/pl\/wp-json\/wp\/v2\/product_cat?post=68352454"},{"taxonomy":"product_tag","embeddable":true,"href":"https:\/\/kraftwerk-shop.cc\/pl\/wp-json\/wp\/v2\/product_tag?post=68352454"}],"curies":[{"name":"wp","href":"https:\/\/api.w.org\/{rel}","templated":true}]}}