{"id":68352468,"date":"2025-11-01T23:50:35","date_gmt":"2025-11-01T22:50:35","guid":{"rendered":"https:\/\/kraftwerk-shop.cc\/?post_type=product&#038;p=68352468"},"modified":"2026-04-04T16:06:21","modified_gmt":"2026-04-04T14:06:21","slug":"filtr-oleju-mopar-ram-36","status":"publish","type":"product","link":"https:\/\/kraftwerk-shop.cc\/pl\/produkt\/mopar-oelfilter-ram-36\/","title":{"rendered":"Filtr oleju Mopar RAM 3.6"},"content":{"rendered":"<h1>Filtr oleju Mopar RAM 3.6 - <span lang=\"DE\">Oryginalna cz\u0119\u015b\u0107 zamienna<\/span><\/h1>\n<p>&nbsp;<\/p>\n<p><strong>Liczby por\u00f3wnawcze Mopar:<\/strong> 68079744AA, 68079744AB, 68079744AC, 68079744AD, 68191349AA, <span class=\"list-value\">68191349AB, 68191349AC<\/span><\/p>\n<p><strong>Odpowiedni dla:<\/strong> RAM 3.6<\/p>\n<p>&nbsp;<\/p>\n<p>Aby zapewni\u0107 prawid\u0142owe dzia\u0142anie silnika Dodge RAM, musi on by\u0107 zasilany czystym olejem silnikowym.<br \/>\nProblem polega na tym, \u017ce nawet nowy olej silnikowy mo\u017ce zawiera\u0107 zanieczyszczenia. Kiedy przep\u0142ywaj\u0105 one przez silnik, zbieraj\u0105 si\u0119 na r\u00f3\u017cnych jego cz\u0119\u015bciach i pogarszaj\u0105 jego wydajno\u015b\u0107.<br \/>\nWraz z innymi zanieczyszczeniami, kt\u00f3re olej silnikowy zbiera na swojej drodze przez silnik, mo\u017ce to prowadzi\u0107 do jego uszkodzenia.<br \/>\nW tym miejscu do gry wkracza oryginalny filtr oleju Mopar.<br \/>\nPrzechwytuje on te mikroskopijne zanieczyszczenia na drodze oleju, dzi\u0119ki czemu tylko czysty olej przep\u0142ywa z powrotem do silnika i smaruje r\u00f3\u017cne jego cz\u0119\u015bci. Z czasem jednak nawet wysokiej jako\u015bci filtr oleju ulega uszkodzeniu lub zatkaniu.<\/p>\n<p>Je\u015bli filtr oleju wymaga wymiany, nale\u017cy upewni\u0107 si\u0119, \u017ce u\u017cywany jest oryginalny filtr oleju Mopar.<br \/>\nS\u0105 to jedyne filtry gwarantuj\u0105ce kompatybilno\u015b\u0107 z silnikiem Jeepa Wranglera, wi\u0119c mo\u017cesz polega\u0107 na ich dopasowaniu i wydajno\u015bci.<br \/>\nFiltr oleju od zewn\u0119trznego dostawcy mo\u017ce nie by\u0107 idealnie dopasowany, co mo\u017ce prowadzi\u0107 do wyciek\u00f3w lub nawet powa\u017cniejszych problem\u00f3w z silnikiem.<\/p>\n<p>W naszym sklepie internetowym znajdziesz oryginalne filtry oleju Mopar, kt\u00f3re pasuj\u0105 do Twojego Jeepa Wranglera.<\/p>\n<p>Ta oryginalna cz\u0119\u015b\u0107 Mopar spe\u0142nia wszystkie wymagania gwarancji fabrycznej.<\/p>\n<p>&nbsp;<\/p>\n<p><strong>Liczby por\u00f3wnawcze Mopar:<\/strong> 68079744AA, 68079744AB, 68079744AC, 68079744AD, 68191349AA, <span class=\"list-value\">68191349AB, 68191349AC<\/span><\/p>\n<p><strong>Odpowiedni dla:<\/strong> RAM 3.6<\/p>","protected":false},"excerpt":{"rendered":"<p>Oryginalna cz\u0119\u015b\u0107 Mopar<\/p>","protected":false},"featured_media":68352473,"comment_status":"open","ping_status":"closed","template":"","meta":{"_acf_changed":false},"product_brand":[16270],"product_cat":[4761,19691],"product_tag":[475,169,4423,8078,8079,8080,4424,8076,8077,31,7221,2320,647,2453,655,34,35,170,86],"class_list":{"0":"post-68352468","1":"product","2":"type-product","3":"status-publish","4":"has-post-thumbnail","6":"product_brand-mopar","7":"product_cat-1500-36-wartung","8":"product_cat-1500-36-dt-wartung","9":"product_tag-475","10":"product_tag-3-6","11":"product_tag-68079744aa","12":"product_tag-68079744ab","13":"product_tag-68079744ac","14":"product_tag-68079744ad","15":"product_tag-68191349aa","16":"product_tag-68191349ab","17":"product_tag-68191349ac","18":"product_tag-mopar","19":"product_tag-mopar10","20":"product_tag-motoroelfilter","21":"product_tag-oelfilter","22":"product_tag-oelfilter10","23":"product_tag-oelwechsel","24":"product_tag-original","25":"product_tag-originalersatzteil","26":"product_tag-pentastar","27":"product_tag-ram","29":"first","30":"instock","31":"taxable","32":"shipping-taxable","33":"purchasable","34":"product-type-variable"},"bundled_by":[],"bundle_stock_status":"instock","bundle_stock_quantity":62,"bundle_virtual":false,"bundle_layout":"","bundle_add_to_cart_form_location":"","bundle_editable_in_cart":false,"bundle_sold_individually_context":"","bundle_item_grouping":"","bundle_min_size":"","bundle_max_size":"","bundle_price":[],"bundled_items":[],"bundle_sell_ids":[],"exclude_global_add_ons":[],"addons":[],"acf":[],"_links":{"self":[{"href":"https:\/\/kraftwerk-shop.cc\/pl\/wp-json\/wp\/v2\/product\/68352468","targetHints":{"allow":["GET"]}}],"collection":[{"href":"https:\/\/kraftwerk-shop.cc\/pl\/wp-json\/wp\/v2\/product"}],"about":[{"href":"https:\/\/kraftwerk-shop.cc\/pl\/wp-json\/wp\/v2\/types\/product"}],"replies":[{"embeddable":true,"href":"https:\/\/kraftwerk-shop.cc\/pl\/wp-json\/wp\/v2\/comments?post=68352468"}],"version-history":[{"count":0,"href":"https:\/\/kraftwerk-shop.cc\/pl\/wp-json\/wp\/v2\/product\/68352468\/revisions"}],"wp:featuredmedia":[{"embeddable":true,"href":"https:\/\/kraftwerk-shop.cc\/pl\/wp-json\/wp\/v2\/media\/68352473"}],"wp:attachment":[{"href":"https:\/\/kraftwerk-shop.cc\/pl\/wp-json\/wp\/v2\/media?parent=68352468"}],"wp:term":[{"taxonomy":"product_brand","embeddable":true,"href":"https:\/\/kraftwerk-shop.cc\/pl\/wp-json\/wp\/v2\/product_brand?post=68352468"},{"taxonomy":"product_cat","embeddable":true,"href":"https:\/\/kraftwerk-shop.cc\/pl\/wp-json\/wp\/v2\/product_cat?post=68352468"},{"taxonomy":"product_tag","embeddable":true,"href":"https:\/\/kraftwerk-shop.cc\/pl\/wp-json\/wp\/v2\/product_tag?post=68352468"}],"curies":[{"name":"wp","href":"https:\/\/api.w.org\/{rel}","templated":true}]}}