{"id":68352749,"date":"2025-11-08T15:52:25","date_gmt":"2025-11-08T14:52:25","guid":{"rendered":"https:\/\/kraftwerk-shop.cc\/?post_type=product&#038;p=68352749"},"modified":"2026-02-15T01:26:26","modified_gmt":"2026-02-15T00:26:26","slug":"przepustnica-mopar-53032837ab","status":"publish","type":"product","link":"https:\/\/kraftwerk-shop.cc\/pl\/produkt\/mopar-drosselklappe-53032837ab\/","title":{"rendered":"Przepustnica Mopar (53032837AB)"},"content":{"rendered":"<h1>Oryginalna przepustnica Mopar (53032837AB) dla Chrysler, Dodge &amp; Jeep 4.7 i Dodge Viper 8.4<\/h1>\n<p>&nbsp;<\/p>\n<p><span lang=\"DE\"><strong>Numer cz\u0119\u015bci Mopar:<\/strong>\u00a053032837AB<br \/>\n<strong>Zast\u0105piony: <\/strong>53032837AA<\/span><\/p>\n<p>&nbsp;<\/p>\n<p><strong>Odpowiedni dla:<\/strong><\/p>\n<table width=\"968\">\n<tbody>\n<tr>\n<td width=\"138\"><strong>Rok<\/strong><\/td>\n<td width=\"168\"><strong>Marka<\/strong><\/td>\n<td width=\"144\"><strong>Model<\/strong><\/td>\n<td width=\"292\"><strong>Wersja<\/strong><\/td>\n<td width=\"226\"><strong>Silnik<\/strong><\/td>\n<\/tr>\n<tr>\n<td width=\"138\">2014<\/td>\n<td width=\"168\">SRT<\/td>\n<td width=\"144\">Viper<\/td>\n<td width=\"292\">Base, GTS<\/td>\n<td width=\"226\">8.4L<\/td>\n<\/tr>\n<tr>\n<td width=\"138\">2013<\/td>\n<td width=\"168\">Ram<\/td>\n<td width=\"144\">1500<\/td>\n<td width=\"292\">SLT, Tradesman<\/td>\n<td width=\"226\">4.7L<\/td>\n<\/tr>\n<tr>\n<td width=\"138\">2013<\/td>\n<td width=\"168\">SRT<\/td>\n<td width=\"144\">Viper<\/td>\n<td width=\"292\">Base, GTS<\/td>\n<td width=\"226\">8.4L<\/td>\n<\/tr>\n<tr>\n<td width=\"138\">2012<\/td>\n<td width=\"168\">Ram<\/td>\n<td width=\"144\">1500<\/td>\n<td width=\"292\">Outdoorsman, SLT, ST, Tradesman<\/td>\n<td width=\"226\">4.7L<\/td>\n<\/tr>\n<tr>\n<td width=\"138\">2011<\/td>\n<td width=\"168\">Ram<\/td>\n<td width=\"144\">1500<\/td>\n<td width=\"292\">Big Horn, Outdoorsman, SLT, ST<\/td>\n<td width=\"226\">4.7L<\/td>\n<\/tr>\n<tr>\n<td width=\"138\">2011<\/td>\n<td width=\"168\">Ram<\/td>\n<td width=\"144\">Dakota<\/td>\n<td width=\"292\">Big Horn, Laramie, TRX<\/td>\n<td width=\"226\">4.7L<\/td>\n<\/tr>\n<tr>\n<td width=\"138\">2010<\/td>\n<td width=\"168\">Dodge<\/td>\n<td width=\"144\">Dakota<\/td>\n<td width=\"292\">Big Horn, Laramie, Lone Star, ST, TRX4<\/td>\n<td width=\"226\">4.7L<\/td>\n<\/tr>\n<tr>\n<td width=\"138\">2010<\/td>\n<td width=\"168\">Dodge<\/td>\n<td width=\"144\">Ram 1500<\/td>\n<td width=\"292\">SLT, ST, TRX, TRX4<\/td>\n<td width=\"226\">4.7L<\/td>\n<\/tr>\n<tr>\n<td width=\"138\">2010<\/td>\n<td width=\"168\">Dodge<\/td>\n<td width=\"144\">Viper<\/td>\n<td width=\"292\">SRT-10, SRT-10 ACR<\/td>\n<td width=\"226\">8.4L<\/td>\n<\/tr>\n<tr>\n<td width=\"138\">2009<\/td>\n<td width=\"168\">Chrysler<\/td>\n<td width=\"144\">Aspen<\/td>\n<td width=\"292\">Limited<\/td>\n<td width=\"226\">4.7L<\/td>\n<\/tr>\n<tr>\n<td width=\"138\">2009<\/td>\n<td width=\"168\">Dodge<\/td>\n<td width=\"144\">Dakota<\/td>\n<td width=\"292\">Big Horn, Laramie, Lone Star, TRX4<\/td>\n<td width=\"226\">4.7L<\/td>\n<\/tr>\n<tr>\n<td width=\"138\">2009<\/td>\n<td width=\"168\">Dodge<\/td>\n<td width=\"144\">Durango<\/td>\n<td width=\"292\">Limited, SE, SLT<\/td>\n<td width=\"226\">4.7L<\/td>\n<\/tr>\n<tr>\n<td width=\"138\">2009<\/td>\n<td width=\"168\">Dodge<\/td>\n<td width=\"144\">Ram 1500<\/td>\n<td width=\"292\">SLT, ST, TRX, TRX4<\/td>\n<td width=\"226\">4.7L<\/td>\n<\/tr>\n<tr>\n<td width=\"138\">2009<\/td>\n<td width=\"168\">Dodge<\/td>\n<td width=\"144\">Viper<\/td>\n<td width=\"292\">SRT-10, SRT-10 ACR<\/td>\n<td width=\"226\">8.4L<\/td>\n<\/tr>\n<tr>\n<td width=\"138\">2009<\/td>\n<td width=\"168\">Jeep<\/td>\n<td width=\"144\">Commander<\/td>\n<td width=\"292\">Limited, Sport<\/td>\n<td width=\"226\">4.7L<\/td>\n<\/tr>\n<tr>\n<td width=\"138\">2009<\/td>\n<td width=\"168\">Jeep<\/td>\n<td width=\"144\">Grand Cherokee<\/td>\n<td width=\"292\">Laredo, Limited<\/td>\n<td width=\"226\">4.7L<\/td>\n<\/tr>\n<tr>\n<td width=\"138\">2008<\/td>\n<td width=\"168\">Chrysler<\/td>\n<td width=\"144\">Aspen<\/td>\n<td width=\"292\">Limited<\/td>\n<td width=\"226\">4.7L<\/td>\n<\/tr>\n<tr>\n<td width=\"138\">2008<\/td>\n<td width=\"168\">Dodge<\/td>\n<td width=\"144\">Dakota<\/td>\n<td width=\"292\">Laramie, SLT, SXT, Sport, TRX<\/td>\n<td width=\"226\">4.7L<\/td>\n<\/tr>\n<tr>\n<td width=\"138\">2008<\/td>\n<td width=\"168\">Dodge<\/td>\n<td width=\"144\">Durango<\/td>\n<td width=\"292\">Adventurer, Limited, SLT, SXT<\/td>\n<td width=\"226\">4.7L<\/td>\n<\/tr>\n<tr>\n<td width=\"138\">2008<\/td>\n<td width=\"168\">Dodge<\/td>\n<td width=\"144\">Ram 1500<\/td>\n<td width=\"292\">SLT, ST<\/td>\n<td width=\"226\">4.7L<\/td>\n<\/tr>\n<tr>\n<td width=\"138\">2008<\/td>\n<td width=\"168\">Dodge<\/td>\n<td width=\"144\">Viper<\/td>\n<td width=\"292\">SRT-10<\/td>\n<td width=\"226\">8.4L<\/td>\n<\/tr>\n<tr>\n<td width=\"138\">2008<\/td>\n<td width=\"168\">Jeep<\/td>\n<td width=\"144\">Commander<\/td>\n<td width=\"292\">Limited, Sport<\/td>\n<td width=\"226\">4.7L<\/td>\n<\/tr>\n<tr>\n<td width=\"138\">2008<\/td>\n<td width=\"168\">Jeep<\/td>\n<td width=\"144\">Grand Cherokee<\/td>\n<td width=\"292\">Laredo, Limited<\/td>\n<td width=\"226\">4.7L<\/td>\n<\/tr>\n<\/tbody>\n<\/table>\n<p>&nbsp;<\/p>\n<p>&nbsp;<\/p>\n<h4>Zaufaj oryginalnym cz\u0119\u015bciom Mopar<\/h4>\n<p><strong>Precyzyjne dopasowanie i sprawdzona jako\u015b\u0107 producenta:<\/strong> Mopar dostarcza oryginalne cz\u0119\u015bci, kt\u00f3re zosta\u0142y opracowane specjalnie dla Twojego pojazdu - nie na zam\u00f3wienie, ale oryginalne. Ka\u017cda cz\u0119\u015b\u0107 spe\u0142nia dok\u0142adne standardy fabryczne i dlatego gwarantuje bezproblemow\u0105 instalacj\u0119, pe\u0142n\u0105 funkcjonalno\u015b\u0107 i maksymalne bezpiecze\u0144stwo.<\/p>\n<p><strong>D\u0142ugowieczno\u015b\u0107, na kt\u00f3r\u0105 mo\u017cna liczy\u0107:<\/strong> Oryginalne cz\u0119\u015bci Mopar s\u0105 produkowane z trwa\u0142ych materia\u0142\u00f3w i poddawane rygorystycznym testom jako\u015bci. Rezultat: maksymalna niezawodno\u015b\u0107 nawet przy intensywnym u\u017cytkowaniu - dla d\u0142ugoterminowego utrzymania warto\u015bci i sta\u0142ej wydajno\u015bci pojazdu.<\/p>\n<p>&nbsp;<\/p>","protected":false},"excerpt":{"rendered":"<p>Oryginalna cz\u0119\u015b\u0107 Mopar<\/p>","protected":false},"featured_media":68352751,"comment_status":"open","ping_status":"closed","template":"","meta":{"_acf_changed":false},"product_brand":[16270],"product_cat":[10262,19531],"product_tag":[19530,19528,19529,19527,31,8813,9424,16271,16273,16275,16272,16274,7221],"class_list":{"0":"post-68352749","1":"product","2":"type-product","3":"status-publish","4":"has-post-thumbnail","6":"product_brand-mopar","7":"product_cat-alle-produkte","8":"product_cat-viper-84-ansaugung","9":"product_tag-053032837aa","10":"product_tag-053032837ab","11":"product_tag-53032837aa","12":"product_tag-53032837ab","13":"product_tag-mopar","14":"product_tag-mopar-autoteile","15":"product_tag-mopar-ersatzteile","16":"product_tag-mopar-ersatzteile-kaufen","17":"product_tag-mopar-performance-teile","18":"product_tag-mopar-teile-katalog","19":"product_tag-mopar-teile-online","20":"product_tag-mopar-tuningteile","21":"product_tag-mopar10","23":"first","24":"instock","25":"taxable","26":"shipping-taxable","27":"purchasable","28":"product-type-simple"},"bundled_by":[],"bundle_stock_status":"instock","bundle_stock_quantity":1,"bundle_virtual":false,"bundle_layout":"","bundle_add_to_cart_form_location":"","bundle_editable_in_cart":false,"bundle_sold_individually_context":"","bundle_item_grouping":"","bundle_min_size":"","bundle_max_size":"","bundle_price":[],"bundled_items":[],"bundle_sell_ids":[],"exclude_global_add_ons":[],"addons":[],"acf":[],"_links":{"self":[{"href":"https:\/\/kraftwerk-shop.cc\/pl\/wp-json\/wp\/v2\/product\/68352749","targetHints":{"allow":["GET"]}}],"collection":[{"href":"https:\/\/kraftwerk-shop.cc\/pl\/wp-json\/wp\/v2\/product"}],"about":[{"href":"https:\/\/kraftwerk-shop.cc\/pl\/wp-json\/wp\/v2\/types\/product"}],"replies":[{"embeddable":true,"href":"https:\/\/kraftwerk-shop.cc\/pl\/wp-json\/wp\/v2\/comments?post=68352749"}],"version-history":[{"count":0,"href":"https:\/\/kraftwerk-shop.cc\/pl\/wp-json\/wp\/v2\/product\/68352749\/revisions"}],"wp:featuredmedia":[{"embeddable":true,"href":"https:\/\/kraftwerk-shop.cc\/pl\/wp-json\/wp\/v2\/media\/68352751"}],"wp:attachment":[{"href":"https:\/\/kraftwerk-shop.cc\/pl\/wp-json\/wp\/v2\/media?parent=68352749"}],"wp:term":[{"taxonomy":"product_brand","embeddable":true,"href":"https:\/\/kraftwerk-shop.cc\/pl\/wp-json\/wp\/v2\/product_brand?post=68352749"},{"taxonomy":"product_cat","embeddable":true,"href":"https:\/\/kraftwerk-shop.cc\/pl\/wp-json\/wp\/v2\/product_cat?post=68352749"},{"taxonomy":"product_tag","embeddable":true,"href":"https:\/\/kraftwerk-shop.cc\/pl\/wp-json\/wp\/v2\/product_tag?post=68352749"}],"curies":[{"name":"wp","href":"https:\/\/api.w.org\/{rel}","templated":true}]}}