{"id":68352996,"date":"2025-11-16T02:00:29","date_gmt":"2025-11-16T01:00:29","guid":{"rendered":"https:\/\/kraftwerk-shop.cc\/?post_type=product&#038;p=68352996"},"modified":"2026-02-15T01:26:56","modified_gmt":"2026-02-15T00:26:56","slug":"mopar-filtr-wstepny-gladiator-wrangler-82216440aa","status":"publish","type":"product","link":"https:\/\/kraftwerk-shop.cc\/pl\/produkt\/mopar-vorfilter-gladiator-wrangler-82216440aa\/","title":{"rendered":"Filtr wst\u0119pny Mopar Gladiator i Wrangler (82216440AA)"},"content":{"rendered":"<h1>Oryginalny filtr wst\u0119pny Mopar (82216440AA) do Jeep, Gladiator i Wrangler 2.0 i 3.6<\/h1>\n<p>&nbsp;<\/p>\n<p>Filtr wst\u0119pny wykonany z nadaj\u0105cej si\u0119 do czyszczenia, wytrzyma\u0142ej siatki ze stali nierdzewnej z czarn\u0105 ramk\u0105.<br \/>\nZosta\u0142 zaprojektowany w celu przed\u0142u\u017cenia \u017cywotno\u015bci filtra powietrza, pomagaj\u0105c odfiltrowa\u0107 cz\u0105steczki brudu i piasku, zanim dotr\u0105 do filtra.<\/p>\n<p>&nbsp;<\/p>\n<p><span lang=\"DE\"><strong>Numer cz\u0119\u015bci Mopar:<\/strong>\u00a082216440AA<br \/>\n<strong>Zast\u0105piony: <\/strong><span class=\"list-value\">\u2014<\/span><\/span><\/p>\n<p>&nbsp;<\/p>\n<p><strong>Odpowiedni dla:<\/strong><\/p>\n<table width=\"1118\">\n<tbody>\n<tr>\n<td width=\"111\"><strong>Rok<\/strong><\/td>\n<td width=\"152\"><strong>Marka<\/strong><\/td>\n<td width=\"155\"><strong>Model<\/strong><\/td>\n<td width=\"545\"><strong>Wersja<\/strong><\/td>\n<td width=\"155\"><strong>Silnik<\/strong><\/td>\n<\/tr>\n<tr>\n<td width=\"111\">2026<\/td>\n<td width=\"152\">Jeep<\/td>\n<td width=\"155\">Wrangler<\/td>\n<td width=\"545\">Rubicon, Rubicon X, Sahara, Sport, Sport S, Willys<\/td>\n<td width=\"155\">2.0L, 3.6L<\/td>\n<\/tr>\n<tr>\n<td width=\"111\">2025<\/td>\n<td width=\"152\">Jeep<\/td>\n<td width=\"155\">Gladiator<\/td>\n<td width=\"545\">High Tide, Mojave, Mojave X, NightHawk, Rubicon, Rubicon X, Sport, Sport S, Texas Trail, Willys<\/td>\n<td width=\"155\">3.6L<\/td>\n<\/tr>\n<tr>\n<td width=\"111\">2025<\/td>\n<td width=\"152\">Jeep<\/td>\n<td width=\"155\">Wrangler<\/td>\n<td width=\"545\">High Altitude 4xe, Rubicon, Rubicon 4xe, Rubicon X, Rubicon X 4xe, Sahara, Sahara 4xe, Sport, Sport S, Sport S 4xe, Willys, Willys 4xe<\/td>\n<td width=\"155\">2.0L, 3.6L<\/td>\n<\/tr>\n<tr>\n<td width=\"111\">2024<\/td>\n<td width=\"152\">Jeep<\/td>\n<td width=\"155\">Gladiator<\/td>\n<td width=\"545\">Mojave, Mojave X, Rubicon, Rubicon X, Sport, Sport S, Willys<\/td>\n<td width=\"155\">3.6L<\/td>\n<\/tr>\n<tr>\n<td width=\"111\">2024<\/td>\n<td width=\"152\">Jeep<\/td>\n<td width=\"155\">Wrangler<\/td>\n<td width=\"545\">High Altitude 4xe, Rubicon, Rubicon 4xe, Rubicon X, Rubicon X 4xe, Sahara, Sahara 4xe, Sport, Sport S, Sport S 4xe, Willys, Willys 4xe<\/td>\n<td width=\"155\">2.0L, 3.6L<\/td>\n<\/tr>\n<tr>\n<td width=\"111\">2023<\/td>\n<td width=\"152\">Jeep<\/td>\n<td width=\"155\">Gladiator<\/td>\n<td width=\"545\">Freedom, High Altitude, Mojave, Overland, Rubicon, Sport, Sport S, Texas Trail, Willys, Willys Sport<\/td>\n<td width=\"155\">3.6L<\/td>\n<\/tr>\n<tr>\n<td width=\"111\">2023<\/td>\n<td width=\"152\">Jeep<\/td>\n<td width=\"155\">Wrangler<\/td>\n<td width=\"545\">Freedom, High Altitude, High Altitude 4xe, Rubicon, Rubicon 4xe, Sahara, Sahara 4xe, Sahara Altitude, Sport, Sport Altitude, Sport S, Willys, Willys 4xe, Willys Sport<\/td>\n<td width=\"155\">2.0L, 3.6L<\/td>\n<\/tr>\n<tr>\n<td width=\"111\">2022<\/td>\n<td width=\"152\">Jeep<\/td>\n<td width=\"155\">Gladiator<\/td>\n<td width=\"545\">Altitude, High Altitude, Mojave, Overland, Rubicon, Sport, Sport S, Texas Trail, Willys, Willys Sport<\/td>\n<td width=\"155\">3.6L<\/td>\n<\/tr>\n<tr>\n<td width=\"111\">2022<\/td>\n<td width=\"152\">Jeep<\/td>\n<td width=\"155\">Wrangler<\/td>\n<td width=\"545\">Rubicon, Sport, Sport S, Unlimited High Altitude, Unlimited High Altitude 4xe, Unlimited Rubicon, Unlimited Rubicon 4xe, Unlimited Sahara, Unlimited Sahara 4xe, Unlimited Sahara Altitude, Unlimited Sport, Unlimited Sport Altitude, Unlimited Sport S, Unlimited Willys, Unlimited Willys Sport, Willys, Willys Sport<\/td>\n<td width=\"155\">2.0L, 3.6L<\/td>\n<\/tr>\n<tr>\n<td width=\"111\">2021<\/td>\n<td width=\"152\">Jeep<\/td>\n<td width=\"155\">Gladiator<\/td>\n<td width=\"545\">80th Anniversary, High Altitude, Mojave, Overland, Rubicon, Sport, Sport S, Texas Trail, Willys, Willys Sport<\/td>\n<td width=\"155\">3.6L<\/td>\n<\/tr>\n<tr>\n<td width=\"111\">2021<\/td>\n<td width=\"152\">Jeep<\/td>\n<td width=\"155\">Wrangler<\/td>\n<td width=\"545\">80th Anniversary, Freedom, Islander, Rubicon, Sport, Sport S, Unlimited 80th Anniversary, Unlimited Freedom, Unlimited High Altitude, Unlimited High Altitude 4xe, Unlimited Islander, Unlimited Rubicon, Unlimited Rubicon 392, Unlimited Rubicon 4xe, Unlimited Sahara, Unlimited Sahara 4xe, Unlimited Sahara Altitude, Unlimited Sport, Unlimited Sport Altitude, Unlimited Sport S, Unlimited Willys, Unlimited Willys Sport, Willys, Willys Sport<\/td>\n<td width=\"155\">2.0L, 3.6L<\/td>\n<\/tr>\n<tr>\n<td width=\"111\">2020<\/td>\n<td width=\"152\">Jeep<\/td>\n<td width=\"155\">Gladiator<\/td>\n<td width=\"545\">Altitude, Launch Edition, Mojave, Overland, Rubicon, Sport, Sport S<\/td>\n<td width=\"155\">3.6L<\/td>\n<\/tr>\n<tr>\n<td width=\"111\">2020<\/td>\n<td width=\"152\">Jeep<\/td>\n<td width=\"155\">Wrangler<\/td>\n<td width=\"545\">Rubicon, Sport, Sport S, Unlimited Rubicon, Unlimited Sahara, Unlimited Sport, Unlimited Sport S<\/td>\n<td width=\"155\">2.0L, 3.6L<\/td>\n<\/tr>\n<tr>\n<td width=\"111\">2019<\/td>\n<td width=\"152\">Jeep<\/td>\n<td width=\"155\">Wrangler<\/td>\n<td width=\"545\">Rubicon, Sport, Sport S, Unlimited Moab, Unlimited Rubicon, Unlimited Sahara, Unlimited Sport, Unlimited Sport S<\/td>\n<td width=\"155\">2.0L, 3.6L<\/td>\n<\/tr>\n<tr>\n<td width=\"111\">2018<\/td>\n<td width=\"152\">Jeep<\/td>\n<td width=\"155\">Wrangler<\/td>\n<td width=\"545\">Rubicon, Sport, Sport S, Unlimited Moab, Unlimited Rubicon, Unlimited Sahara, Unlimited Sport, Unlimited Sport S<\/td>\n<td width=\"155\">2.0L, 3.6L<\/td>\n<\/tr>\n<\/tbody>\n<\/table>\n<p>&nbsp;<\/p>\n<p>&nbsp;<\/p>\n<h4>Oryginalne cz\u0119\u015bci Mopar - jako\u015b\u0107 bezpo\u015brednio od producenta<\/h4>\n<p><strong>Precyzja zgodna z wymaganiami producenta:<\/strong> Jako producent oryginalnych cz\u0119\u015bci, Mopar dostarcza komponenty, kt\u00f3re dok\u0142adnie odpowiadaj\u0105 specyfikacjom Twojego pojazdu. Precyzyjna produkcja zapewnia bezproblemow\u0105 instalacj\u0119 i zgodno\u015b\u0107 ze wszystkimi wymogami bezpiecze\u0144stwa.<\/p>\n<p><strong>Trwa\u0142o\u015b\u0107 i niezawodno\u015b\u0107:<\/strong> Oryginalne cz\u0119\u015bci Mopar s\u0105 produkowane z wysokiej jako\u015bci materia\u0142\u00f3w i podlegaj\u0105 rygorystycznym testom jako\u015bci. Zosta\u0142y zaprojektowane z my\u015bl\u0105 o d\u0142ugiej \u017cywotno\u015bci i zapewniaj\u0105 sta\u0142\u0105 wydajno\u015b\u0107 nawet przy intensywnym u\u017cytkowaniu.<\/p>\n<p>&nbsp;<\/p>","protected":false},"excerpt":{"rendered":"<p>Oryginalna cz\u0119\u015b\u0107 Mopar<\/p>","protected":false},"featured_media":68354342,"comment_status":"open","ping_status":"closed","template":"","meta":{"_acf_changed":false},"product_brand":[16270],"product_cat":[3008,3015,2939,2942,2946,2952],"product_tag":[619,4375,169,19532,19588,648,19616,2217,50,57,503,8517,31,8813,9424,16271,16273,16275,16272,16274,7221,35,7823,175],"class_list":{"0":"post-68352996","1":"product","2":"type-product","3":"status-publish","4":"has-post-thumbnail","6":"product_brand-mopar","7":"product_cat-gladiator-36-ansaugung","8":"product_cat-gladiator-36-wartung","9":"product_cat-wrangler-20-turbo-ansaugung","10":"product_cat-wrangler-20-turbo-wartung","11":"product_cat-wrangler-36-ansaugung","12":"product_cat-wrangler-36-wartung","13":"product_tag-2-0","14":"product_tag-2-0-turbo","15":"product_tag-3-6","16":"product_tag-68257030aa","17":"product_tag-82216440aa","18":"product_tag-filter","19":"product_tag-filterelement","20":"product_tag-gladiator","21":"product_tag-jeep","22":"product_tag-luftfilter","23":"product_tag-luftfiltereinsatz","24":"product_tag-luftfilterelement","25":"product_tag-mopar","26":"product_tag-mopar-autoteile","27":"product_tag-mopar-ersatzteile","28":"product_tag-mopar-ersatzteile-kaufen","29":"product_tag-mopar-performance-teile","30":"product_tag-mopar-teile-katalog","31":"product_tag-mopar-teile-online","32":"product_tag-mopar-tuningteile","33":"product_tag-mopar10","34":"product_tag-originalersatzteil","35":"product_tag-vorfilter","36":"product_tag-wrangler","38":"first","39":"instock","40":"taxable","41":"shipping-taxable","42":"purchasable","43":"product-type-simple"},"bundled_by":[],"bundle_stock_status":"instock","bundle_stock_quantity":1,"bundle_virtual":false,"bundle_layout":"","bundle_add_to_cart_form_location":"","bundle_editable_in_cart":false,"bundle_sold_individually_context":"","bundle_item_grouping":"","bundle_min_size":"","bundle_max_size":"","bundle_price":[],"bundled_items":[],"bundle_sell_ids":[],"exclude_global_add_ons":[],"addons":[],"acf":[],"_links":{"self":[{"href":"https:\/\/kraftwerk-shop.cc\/pl\/wp-json\/wp\/v2\/product\/68352996","targetHints":{"allow":["GET"]}}],"collection":[{"href":"https:\/\/kraftwerk-shop.cc\/pl\/wp-json\/wp\/v2\/product"}],"about":[{"href":"https:\/\/kraftwerk-shop.cc\/pl\/wp-json\/wp\/v2\/types\/product"}],"replies":[{"embeddable":true,"href":"https:\/\/kraftwerk-shop.cc\/pl\/wp-json\/wp\/v2\/comments?post=68352996"}],"version-history":[{"count":0,"href":"https:\/\/kraftwerk-shop.cc\/pl\/wp-json\/wp\/v2\/product\/68352996\/revisions"}],"wp:featuredmedia":[{"embeddable":true,"href":"https:\/\/kraftwerk-shop.cc\/pl\/wp-json\/wp\/v2\/media\/68354342"}],"wp:attachment":[{"href":"https:\/\/kraftwerk-shop.cc\/pl\/wp-json\/wp\/v2\/media?parent=68352996"}],"wp:term":[{"taxonomy":"product_brand","embeddable":true,"href":"https:\/\/kraftwerk-shop.cc\/pl\/wp-json\/wp\/v2\/product_brand?post=68352996"},{"taxonomy":"product_cat","embeddable":true,"href":"https:\/\/kraftwerk-shop.cc\/pl\/wp-json\/wp\/v2\/product_cat?post=68352996"},{"taxonomy":"product_tag","embeddable":true,"href":"https:\/\/kraftwerk-shop.cc\/pl\/wp-json\/wp\/v2\/product_tag?post=68352996"}],"curies":[{"name":"wp","href":"https:\/\/api.w.org\/{rel}","templated":true}]}}