{"id":68353036,"date":"2025-11-16T23:04:05","date_gmt":"2025-11-16T22:04:05","guid":{"rendered":"https:\/\/kraftwerk-shop.cc\/?post_type=product&#038;p=68353036"},"modified":"2026-02-15T01:26:57","modified_gmt":"2026-02-15T00:26:57","slug":"kabinowy-filtr-powietrza-mopar-68608193aa","status":"publish","type":"product","link":"https:\/\/kraftwerk-shop.cc\/pl\/produkt\/mopar-innenraumfilter-68608193aa\/","title":{"rendered":"Kabinowy filtr powietrza Mopar (68608193AA)"},"content":{"rendered":"<h1>Oryginalny kabinowy filtr powietrza \/ filtr py\u0142kowy Mopar (68608193AA) do Jeep Grand Cherokee 2.0, 3.6 i 5.7 od 2021 do 2025 roku<\/h1>\n<p>&nbsp;<\/p>\n<p><span lang=\"DE\"><strong>Numer cz\u0119\u015bci Mopar:<\/strong>\u00a068608193AA<br \/>\n<strong>Zast\u0105piony: <\/strong>68542125AA<\/span><\/p>\n<p>&nbsp;<\/p>\n<p><strong>Odpowiedni dla:<\/strong><\/p>\n<table width=\"1100\">\n<tbody>\n<tr>\n<td width=\"138\"><strong>Rok<\/strong><\/td>\n<td width=\"168\"><strong>Marka<\/strong><\/td>\n<td width=\"144\"><strong>Model<\/strong><\/td>\n<td width=\"394\"><strong>Wersja<\/strong><\/td>\n<td width=\"256\"><strong>Silnik<\/strong><\/td>\n<\/tr>\n<tr>\n<td width=\"138\">2025<\/td>\n<td width=\"168\">Jeep<\/td>\n<td width=\"144\">Grand Cherokee<\/td>\n<td width=\"394\">4xe, Anniversary Edition 4xe, Overland 4xe, Summit 4xe, Summit Reserve 4xe, Trailhawk 4xe<\/td>\n<td width=\"256\">2.0L<\/td>\n<\/tr>\n<tr>\n<td width=\"138\">2024<\/td>\n<td width=\"168\">Jeep<\/td>\n<td width=\"144\">Grand Cherokee<\/td>\n<td width=\"394\">4xe, Altitude, Altitude X, Laredo, Laredo A, Laredo X, Limited, Overland, Overland 4xe, Summit, Summit 4xe, Summit Reserve, Summit Reserve 4xe, Trailhawk 4xe<\/td>\n<td width=\"256\">2.0L, 3.6L, 3.6L<\/td>\n<\/tr>\n<tr>\n<td width=\"138\">2024<\/td>\n<td width=\"168\">Jeep<\/td>\n<td width=\"144\">Grand Cherokee L<\/td>\n<td width=\"394\">Altitude, Altitude X, Laredo, Laredo X, Limited, Overland, Summit, Summit Reserve<\/td>\n<td width=\"256\">3.6L, 5.7L<\/td>\n<\/tr>\n<tr>\n<td width=\"138\">2023<\/td>\n<td width=\"168\">Jeep<\/td>\n<td width=\"144\">Grand Cherokee<\/td>\n<td width=\"394\">30th Anniversary 4xe, 4xe, Altitude, Laredo, Limited, Overland, Overland 4xe, Summit, Summit 4xe, Summit Reserve, Summit Reserve 4xe, Trailhawk 4xe<\/td>\n<td width=\"256\">2.0L, 3.6L, 5.7L<\/td>\n<\/tr>\n<tr>\n<td width=\"138\">2023<\/td>\n<td width=\"168\">Jeep<\/td>\n<td width=\"144\">Grand Cherokee L<\/td>\n<td width=\"394\">Altitude, Laredo, Limited, Overland, Summit, Summit Reserve<\/td>\n<td width=\"256\">3.6L, 5.7L<\/td>\n<\/tr>\n<tr>\n<td width=\"138\">2022<\/td>\n<td width=\"168\">Jeep<\/td>\n<td width=\"144\">Grand Cherokee<\/td>\n<td width=\"394\">Altitude, Laredo, Limited, Overland, Overland 4xe, Summit, Summit 4xe, Summit Reserve, Summit Reserve 4xe, Trailhawk, Trailhawk 4xe<\/td>\n<td width=\"256\">2.0L, 3.6L, 5.7L<\/td>\n<\/tr>\n<tr>\n<td width=\"138\">2022<\/td>\n<td width=\"168\">Jeep<\/td>\n<td width=\"144\">Grand Cherokee L<\/td>\n<td width=\"394\">Altitude, Laredo, Limited, Overland, Summit, Summit Reserve<\/td>\n<td width=\"256\">3.6L, 5.7L<\/td>\n<\/tr>\n<tr>\n<td width=\"138\">2021<\/td>\n<td width=\"168\">Jeep<\/td>\n<td width=\"144\">Grand Cherokee L<\/td>\n<td width=\"394\">Altitude, Laredo, Limited, Overland, Summit, Summit Reserve<\/td>\n<td width=\"256\">3.6L, 5.7L<\/td>\n<\/tr>\n<\/tbody>\n<\/table>\n<p>&nbsp;<\/p>\n<p>&nbsp;<\/p>\n<h4>Dlaczego warto wybra\u0107 oryginalne cz\u0119\u015bci zamienne Mopar?<\/h4>\n<p><strong>Idealne dopasowanie i najwy\u017csza jako\u015b\u0107:<\/strong> Oryginalne cz\u0119\u015bci zamienne Mopar s\u0105 produkowane zgodnie ze \u015bcis\u0142ymi specyfikacjami producenta, co oznacza, \u017ce idealnie pasuj\u0105 do Twojego pojazdu. Zapewnia to nie tylko \u0142atw\u0105 instalacj\u0119, ale tak\u017ce optymaln\u0105 funkcjonalno\u015b\u0107 i bezpiecze\u0144stwo.<\/p>\n<p><strong>Niezawodno\u015b\u0107 i trwa\u0142o\u015b\u0107:<\/strong> Dzi\u0119ki zastosowaniu wysokiej jako\u015bci materia\u0142\u00f3w i rygorystycznej kontroli jako\u015bci, cz\u0119\u015bci zamienne Mopar zapewniaj\u0105 niezawodne dzia\u0142anie pojazdu nawet w ekstremalnych warunkach. Zosta\u0142y zaprojektowane z my\u015bl\u0105 o trwa\u0142o\u015bci i maksymalizacji osi\u0105g\u00f3w pojazdu.<\/p>","protected":false},"excerpt":{"rendered":"<p>Oryginalna cz\u0119\u015b\u0107 Mopar<\/p>","protected":false},"featured_media":68353621,"comment_status":"open","ping_status":"closed","template":"","meta":{"_acf_changed":false},"product_brand":[16270],"product_cat":[20085],"product_tag":[619,169,91,19633,19603,19637,56,32,50,31,8813,9424,16271,16273,16275,16272,16274,7221,691],"class_list":{"0":"post-68353036","1":"product","2":"type-product","3":"status-publish","4":"has-post-thumbnail","6":"product_brand-mopar","7":"product_cat-grand-cherokee-wl-57-wartung","8":"product_tag-2-0","9":"product_tag-3-6","10":"product_tag-5-7","11":"product_tag-68542125aa","12":"product_tag-68608193aa","13":"product_tag-geruchsfilter","14":"product_tag-grand-cherokee","15":"product_tag-innenraumfilter","16":"product_tag-jeep","17":"product_tag-mopar","18":"product_tag-mopar-autoteile","19":"product_tag-mopar-ersatzteile","20":"product_tag-mopar-ersatzteile-kaufen","21":"product_tag-mopar-performance-teile","22":"product_tag-mopar-teile-katalog","23":"product_tag-mopar-teile-online","24":"product_tag-mopar-tuningteile","25":"product_tag-mopar10","26":"product_tag-pollenfilter","27":"product_shipping_class-deutschlandohne","29":"first","30":"instock","31":"taxable","32":"shipping-taxable","33":"purchasable","34":"product-type-simple"},"bundled_by":[],"bundle_stock_status":"instock","bundle_stock_quantity":1,"bundle_virtual":false,"bundle_layout":"","bundle_add_to_cart_form_location":"","bundle_editable_in_cart":false,"bundle_sold_individually_context":"","bundle_item_grouping":"","bundle_min_size":"","bundle_max_size":"","bundle_price":[],"bundled_items":[],"bundle_sell_ids":[],"exclude_global_add_ons":[],"addons":[],"acf":[],"_links":{"self":[{"href":"https:\/\/kraftwerk-shop.cc\/pl\/wp-json\/wp\/v2\/product\/68353036","targetHints":{"allow":["GET"]}}],"collection":[{"href":"https:\/\/kraftwerk-shop.cc\/pl\/wp-json\/wp\/v2\/product"}],"about":[{"href":"https:\/\/kraftwerk-shop.cc\/pl\/wp-json\/wp\/v2\/types\/product"}],"replies":[{"embeddable":true,"href":"https:\/\/kraftwerk-shop.cc\/pl\/wp-json\/wp\/v2\/comments?post=68353036"}],"version-history":[{"count":0,"href":"https:\/\/kraftwerk-shop.cc\/pl\/wp-json\/wp\/v2\/product\/68353036\/revisions"}],"wp:featuredmedia":[{"embeddable":true,"href":"https:\/\/kraftwerk-shop.cc\/pl\/wp-json\/wp\/v2\/media\/68353621"}],"wp:attachment":[{"href":"https:\/\/kraftwerk-shop.cc\/pl\/wp-json\/wp\/v2\/media?parent=68353036"}],"wp:term":[{"taxonomy":"product_brand","embeddable":true,"href":"https:\/\/kraftwerk-shop.cc\/pl\/wp-json\/wp\/v2\/product_brand?post=68353036"},{"taxonomy":"product_cat","embeddable":true,"href":"https:\/\/kraftwerk-shop.cc\/pl\/wp-json\/wp\/v2\/product_cat?post=68353036"},{"taxonomy":"product_tag","embeddable":true,"href":"https:\/\/kraftwerk-shop.cc\/pl\/wp-json\/wp\/v2\/product_tag?post=68353036"}],"curies":[{"name":"wp","href":"https:\/\/api.w.org\/{rel}","templated":true}]}}