{"id":68353042,"date":"2025-11-16T23:04:21","date_gmt":"2025-11-16T22:04:21","guid":{"rendered":"https:\/\/kraftwerk-shop.cc\/?post_type=product&#038;p=68353042"},"modified":"2026-02-15T01:26:58","modified_gmt":"2026-02-15T00:26:58","slug":"filtr-oleju-mopar-68507598aa","status":"publish","type":"product","link":"https:\/\/kraftwerk-shop.cc\/pl\/produkt\/mopar-oelfilter-68507598aa\/","title":{"rendered":"Filtr oleju Mopar (68507598AA)"},"content":{"rendered":"<h1>Oryginalny filtr oleju Mopar (68507598AA) do silnik\u00f3w Jeep, Wrangler i Gladiator 3.0 Diesel od 2020 do 2023 r.<\/h1>\n<p>&nbsp;<\/p>\n<p><span lang=\"DE\"><strong>Numer cz\u0119\u015bci Mopar:<\/strong>\u00a068507598AA<br \/>\n<strong>Zast\u0105piony: <\/strong>68498720AA<\/span><\/p>\n<p>&nbsp;<\/p>\n<p><strong>Odpowiedni dla:<\/strong><\/p>\n<table width=\"1100\">\n<tbody>\n<tr>\n<td width=\"138\"><strong>Rok<\/strong><\/td>\n<td width=\"168\"><strong>Marka<\/strong><\/td>\n<td width=\"144\"><strong>Model<\/strong><\/td>\n<td width=\"394\"><strong>Wersja<\/strong><\/td>\n<td width=\"256\"><strong>Silnik<\/strong><\/td>\n<\/tr>\n<tr>\n<td width=\"138\">2023<\/td>\n<td width=\"168\">Jeep<\/td>\n<td width=\"144\">Gladiator<\/td>\n<td width=\"394\">High Altitude, Overland, Rubicon, Sport S, Willys, Willys Sport<\/td>\n<td width=\"256\">3.0L Diesel<\/td>\n<\/tr>\n<tr>\n<td width=\"138\">2023<\/td>\n<td width=\"168\">Jeep<\/td>\n<td width=\"144\">Wrangler<\/td>\n<td width=\"394\">High Altitude, Rubicon, Sahara, Sahara Altitude, Sport, Sport Altitude, Sport S, Willys, Willys Sport<\/td>\n<td width=\"256\">3.0L Diesel<\/td>\n<\/tr>\n<tr>\n<td width=\"138\">2023<\/td>\n<td width=\"168\">Ram<\/td>\n<td width=\"144\">1500<\/td>\n<td width=\"394\">Big Horn, Laramie, Limited, Limited Longhorn, Lone Star, Rebel, Tradesman<\/td>\n<td width=\"256\">3.0L Diesel<\/td>\n<\/tr>\n<tr>\n<td width=\"138\">2022<\/td>\n<td width=\"168\">Jeep<\/td>\n<td width=\"144\">Gladiator<\/td>\n<td width=\"394\">Altitude, High Altitude, Overland, Rubicon, Sport, Sport S, Willys, Willys Sport<\/td>\n<td width=\"256\">3.0L Diesel<\/td>\n<\/tr>\n<tr>\n<td width=\"138\">2022<\/td>\n<td width=\"168\">Jeep<\/td>\n<td width=\"144\">Wrangler<\/td>\n<td width=\"394\">Unlimited High Altitude, Unlimited Rubicon, Unlimited Sahara, Unlimited Sahara Altitude, Unlimited Sport, Unlimited Sport Altitude, Unlimited Sport S, Unlimited Willys, Unlimited Willys Sport<\/td>\n<td width=\"256\">3.0L Diesel<\/td>\n<\/tr>\n<tr>\n<td width=\"138\">2022<\/td>\n<td width=\"168\">Ram<\/td>\n<td width=\"144\">1500<\/td>\n<td width=\"394\">Big Horn, Laramie, Limited, Limited Longhorn, Lone Star, Rebel, Tradesman<\/td>\n<td width=\"256\">3.0L Diesel<\/td>\n<\/tr>\n<tr>\n<td width=\"138\">2021<\/td>\n<td width=\"168\">Jeep<\/td>\n<td width=\"144\">Gladiator<\/td>\n<td width=\"394\">80th Anniversary, High Altitude, Overland, Rubicon, Sport, Sport S, Texas Trail, Willys, Willys Sport<\/td>\n<td width=\"256\">3.0L Diesel<\/td>\n<\/tr>\n<tr>\n<td width=\"138\">2021<\/td>\n<td width=\"168\">Jeep<\/td>\n<td width=\"144\">Wrangler<\/td>\n<td width=\"394\">Unlimited 80th Anniversary, Unlimited Freedom, Unlimited High Altitude, Unlimited Islander, Unlimited Rubicon, Unlimited Sahara, Unlimited Sahara Altitude, Unlimited Sport, Unlimited Sport Altitude, Unlimited Sport S, Unlimited Willys, Unlimited Willys Sport<\/td>\n<td width=\"256\">3.0L Diesel<\/td>\n<\/tr>\n<tr>\n<td width=\"138\">2021<\/td>\n<td width=\"168\">Ram<\/td>\n<td width=\"144\">1500<\/td>\n<td width=\"394\">Big Horn, Laramie, Limited, Limited Longhorn, Lone Star, Rebel, Tradesman<\/td>\n<td width=\"256\">3.0L Diesel<\/td>\n<\/tr>\n<tr>\n<td width=\"138\">2020<\/td>\n<td width=\"168\">Jeep<\/td>\n<td width=\"144\">Wrangler<\/td>\n<td width=\"394\">Unlimited Rubicon, Unlimited Sahara, Unlimited Sport, Unlimited Sport S<\/td>\n<td width=\"256\">3.0L Diesel<\/td>\n<\/tr>\n<tr>\n<td width=\"138\">2020<\/td>\n<td width=\"168\">Ram<\/td>\n<td width=\"144\">1500<\/td>\n<td width=\"394\">Big Horn, Laramie, Laramie Longhorn, Limited, Lone Star, Rebel, Tradesman<\/td>\n<td width=\"256\">3.0L Diesel<\/td>\n<\/tr>\n<\/tbody>\n<\/table>\n<p>&nbsp;<\/p>\n<p>&nbsp;<\/p>\n<p>&nbsp;<\/p>\n<h4>Dlaczego oryginalne cz\u0119\u015bci Mopar to najlepszy wyb\u00f3r<\/h4>\n<p><strong>Bezpo\u015brednio od producenta - idealnie dopasowane<\/strong>Jako oryginalny producent, Mopar dostarcza dok\u0142adnie te cz\u0119\u015bci, kt\u00f3re zosta\u0142y ju\u017c fabrycznie zamontowane w Twoim poje\u017adzie. Ka\u017cda cz\u0119\u015b\u0107 jest specjalnie opracowana dla danego modelu i odpowiada specyfikacji technicznej 100 % - dla idealnego dopasowania, optymalnej wydajno\u015bci i maksymalnego bezpiecze\u0144stwa.<\/p>\n<p><strong>Jako\u015b\u0107, kt\u00f3rej mo\u017cna zaufa\u0107:<\/strong> Mopar polega na rygorystycznie testowanych materia\u0142ach i najwy\u017cszych standardach produkcji. Rezultatem s\u0105 trwa\u0142e i niezawodne komponenty, kt\u00f3re sprawdzaj\u0105 si\u0119 nawet w ekstremalnych warunkach - dzi\u0119ki czemu pojazd dzia\u0142a tak, jak powinien przez d\u0142ugi czas.<\/p>","protected":false},"excerpt":{"rendered":"<p>Oryginalna cz\u0119\u015b\u0107 Mopar<\/p>","protected":false},"featured_media":68353658,"comment_status":"open","ping_status":"closed","template":"","meta":{"_acf_changed":false},"product_brand":[16270],"product_cat":[10262,19694,19768],"product_tag":[19638,19632,19600,875,504,2217,50,31,8813,9424,16271,16273,16275,16272,16274,7221,877,647,175],"class_list":{"0":"post-68353042","1":"product","2":"type-product","3":"status-publish","4":"has-post-thumbnail","6":"product_brand-mopar","7":"product_cat-alle-produkte","8":"product_cat-gladiator-ecodiesel-wartung","9":"product_cat-wrangler-30-ecodiesel-wartung","10":"product_tag-3-0-diesel","11":"product_tag-68498720aa","12":"product_tag-68507598aa","13":"product_tag-diesel","14":"product_tag-ecodiesel","15":"product_tag-gladiator","16":"product_tag-jeep","17":"product_tag-mopar","18":"product_tag-mopar-autoteile","19":"product_tag-mopar-ersatzteile","20":"product_tag-mopar-ersatzteile-kaufen","21":"product_tag-mopar-performance-teile","22":"product_tag-mopar-teile-katalog","23":"product_tag-mopar-teile-online","24":"product_tag-mopar-tuningteile","25":"product_tag-mopar10","26":"product_tag-multijet","27":"product_tag-oelfilter","28":"product_tag-wrangler","30":"first","31":"instock","32":"taxable","33":"shipping-taxable","34":"purchasable","35":"product-type-simple"},"bundled_by":[],"bundle_stock_status":"instock","bundle_stock_quantity":1,"bundle_virtual":false,"bundle_layout":"","bundle_add_to_cart_form_location":"","bundle_editable_in_cart":false,"bundle_sold_individually_context":"","bundle_item_grouping":"","bundle_min_size":"","bundle_max_size":"","bundle_price":[],"bundled_items":[],"bundle_sell_ids":[],"exclude_global_add_ons":[],"addons":[],"acf":[],"_links":{"self":[{"href":"https:\/\/kraftwerk-shop.cc\/pl\/wp-json\/wp\/v2\/product\/68353042","targetHints":{"allow":["GET"]}}],"collection":[{"href":"https:\/\/kraftwerk-shop.cc\/pl\/wp-json\/wp\/v2\/product"}],"about":[{"href":"https:\/\/kraftwerk-shop.cc\/pl\/wp-json\/wp\/v2\/types\/product"}],"replies":[{"embeddable":true,"href":"https:\/\/kraftwerk-shop.cc\/pl\/wp-json\/wp\/v2\/comments?post=68353042"}],"version-history":[{"count":0,"href":"https:\/\/kraftwerk-shop.cc\/pl\/wp-json\/wp\/v2\/product\/68353042\/revisions"}],"wp:featuredmedia":[{"embeddable":true,"href":"https:\/\/kraftwerk-shop.cc\/pl\/wp-json\/wp\/v2\/media\/68353658"}],"wp:attachment":[{"href":"https:\/\/kraftwerk-shop.cc\/pl\/wp-json\/wp\/v2\/media?parent=68353042"}],"wp:term":[{"taxonomy":"product_brand","embeddable":true,"href":"https:\/\/kraftwerk-shop.cc\/pl\/wp-json\/wp\/v2\/product_brand?post=68353042"},{"taxonomy":"product_cat","embeddable":true,"href":"https:\/\/kraftwerk-shop.cc\/pl\/wp-json\/wp\/v2\/product_cat?post=68353042"},{"taxonomy":"product_tag","embeddable":true,"href":"https:\/\/kraftwerk-shop.cc\/pl\/wp-json\/wp\/v2\/product_tag?post=68353042"}],"curies":[{"name":"wp","href":"https:\/\/api.w.org\/{rel}","templated":true}]}}